{"id":1641,"date":"2015-09-18T21:50:06","date_gmt":"2015-09-18T21:50:06","guid":{"rendered":"http:\/\/www.ffyh.unc.edu.ar\/materiales-educativos-abiertos\/?page_id=1641"},"modified":"2017-12-19T19:43:32","modified_gmt":"2017-12-19T19:43:32","slug":"que-otras-fuentes-protege-el-dominio-publico","status":"publish","type":"page","link":"https:\/\/ffyh.unc.edu.ar\/materiales-educativos-abiertos\/slider\/recursos-para-elaborar-material-educativo-abierto\/dominio-publico-licencias-gplu\/que-otras-fuentes-protege-el-dominio-publico\/","title":{"rendered":"\u00bfQu\u00e9 otras fuentes protege el dominio p\u00fablico?"},"content":{"rendered":"<span class=\"su-dropcap su-dropcap-style-flat\" style=\"font-size:2.5em\">E<\/span> l Manifiesto de Dominio P\u00fablico, indica adem\u00e1s, que existen otras fuentes que posibilitan a los individuos interaccionar libremente con las obras protegidas por el derecho de autor. Algunas de estas fuentes mejoran el acceso a las obras protegidas, y otras lo condicionan pautando formas de uso o restringen el acceso a determinados tipos de usuarios:<\/p>\n<div id=\"su_carousel_69fafc6a2d3b1\" class=\"su-carousel su-carousel-centered su-carousel-pages-no su-carousel-responsive-no\" style=\"width:350px;height:260px\" data-autoplay=\"3000\" data-speed=\"600\" data-mousewheel=\"true\" data-items=\"1\" data-scroll=\"1\"><div class=\"su-carousel-slides\"><div class=\"su-carousel-slide\"><a><img decoding=\"async\" src=\"https:\/\/ffyh.unc.edu.ar\/materiales-educativos-abiertos\/wp-content\/uploads\/sites\/27\/2015\/07\/copyright-free-37799_1280.png\" alt=\"copyright-free-37799_1280\" \/><\/a><\/div><div class=\"su-carousel-slide\"><a><img decoding=\"async\" src=\"https:\/\/ffyh.unc.edu.ar\/materiales-educativos-abiertos\/wp-content\/uploads\/sites\/27\/2015\/07\/public-domain-logo-streamlined.png\" alt=\"public-domain-logo-streamlined\" \/><\/a><\/div><\/div><div class=\"su-carousel-nav\"><div class=\"su-carousel-direction\"><span class=\"su-carousel-prev\"><\/span><span class=\"su-carousel-next\"><\/span><\/div><div class=\"su-carousel-pagination\"><\/div><\/div><\/div>\n<div class=\"su-spoiler su-spoiler-style-simple su-spoiler-icon-plus su-spoiler-closed\" data-scroll-offset=\"0\" data-anchor-in-url=\"no\"><div class=\"su-spoiler-title\" tabindex=\"0\" role=\"button\"><span class=\"su-spoiler-icon\"><\/span>1. <strong>Obras que son compartidas voluntariamente por sus titulares de derechos.<\/strong><\/div><div class=\"su-spoiler-content su-u-clearfix su-u-trim\">\u00a0Los autores pueden\u00a0liberar el\u00a0uso de sus obras a trav\u00e9s de la implementaci\u00f3n de \u00a0licencias libres o \u00a0instrumentos legales que concedan a terceros permisos para utilizar sus obras sin restricciones o bien cediendo las obras al dominio p\u00fablico. <\/div><\/div>\n<div class=\"su-spoiler su-spoiler-style-simple su-spoiler-icon-plus su-spoiler-closed\" data-scroll-offset=\"0\" data-anchor-in-url=\"no\"><div class=\"su-spoiler-title\" tabindex=\"0\" role=\"button\"><span class=\"su-spoiler-icon\"><\/span>2. <strong>Los derechos de los usuarios creados por las excepciones y los l\u00edmites a los derechos de autor, el uso y el trato leg\u00edtimos<\/strong><\/div><div class=\"su-spoiler-content su-u-clearfix su-u-trim\">\u00a0Garantizan que exista un acceso suficiente a la cultura y el conocimiento comunes, permitiendo el funcionamiento de instituciones sociales esenciales y permitiendo la participaci\u00f3n social de individuos con necesidades especiales. <\/div><\/div>\n<div class=\"su-button-center\"><a href=\"http:\/\/www.ffyh.unc.edu.ar\/materiales-educativos-abiertos\/?page_id=438\" class=\"su-button su-button-style-3d\" style=\"color:#fff;background-color:#006EC1;border-color:#00589b;border-radius:5px\" target=\"_self\"><span style=\"color:#fff;padding:0px 16px;font-size:13px;line-height:26px;border-color:#4d9ad4;border-radius:5px;text-shadow:none\"> <strong>Volver a p\u00e1gina \u00abEl Dominio P\u00fablico\u00bb<\/strong><\/span><\/a><\/div>\n<p>&nbsp;<\/p>\n","protected":false},"excerpt":{"rendered":"<p>l Manifiesto de Dominio P\u00fablico, indica adem\u00e1s, que existen otras fuentes que posibilitan a los individuos interaccionar libremente con las obras protegidas por el derecho de autor. Algunas de estas fuentes mejoran el acceso a las obras protegidas, y otras lo condicionan pautando formas de uso o restringen el acceso a determinados tipos de usuarios: &nbsp;<a class=\"more-link\" href=\"https:\/\/ffyh.unc.edu.ar\/materiales-educativos-abiertos\/slider\/recursos-para-elaborar-material-educativo-abierto\/dominio-publico-licencias-gplu\/que-otras-fuentes-protege-el-dominio-publico\/\">Read More &rarr;<\/a><\/p>\n","protected":false},"author":22,"featured_media":0,"parent":438,"menu_order":0,"comment_status":"closed","ping_status":"closed","template":"","meta":{"_acf_changed":false,"_bbp_topic_count":0,"_bbp_reply_count":0,"_bbp_total_topic_count":0,"_bbp_total_reply_count":0,"_bbp_voice_count":0,"_bbp_anonymous_reply_count":0,"_bbp_topic_count_hidden":0,"_bbp_reply_count_hidden":0,"_bbp_forum_subforum_count":0,"footnotes":""},"class_list":["entry","page","publish","author-florencia","post-1641"],"acf":[],"yoast_head":"<!-- This site is optimized with the Yoast SEO plugin v27.1.1 - https:\/\/yoast.com\/product\/yoast-seo-wordpress\/ -->\n<title>\u00bfQu\u00e9 otras fuentes protege el dominio p\u00fablico? - Materiales Educativos Abiertos<\/title>\n<meta name=\"robots\" content=\"index, follow, max-snippet:-1, max-image-preview:large, max-video-preview:-1\" \/>\n<link rel=\"canonical\" href=\"https:\/\/ffyh.unc.edu.ar\/materiales-educativos-abiertos\/slider\/recursos-para-elaborar-material-educativo-abierto\/dominio-publico-licencias-gplu\/que-otras-fuentes-protege-el-dominio-publico\/\" \/>\n<meta property=\"og:locale\" content=\"es_ES\" \/>\n<meta property=\"og:type\" content=\"article\" \/>\n<meta property=\"og:title\" content=\"\u00bfQu\u00e9 otras fuentes protege el dominio p\u00fablico? - Materiales Educativos Abiertos\" \/>\n<meta property=\"og:description\" content=\"l Manifiesto de Dominio P\u00fablico, indica adem\u00e1s, que existen otras fuentes que posibilitan a los individuos interaccionar libremente con las obras protegidas por el derecho de autor. Algunas de estas fuentes mejoran el acceso a las obras protegidas, y otras lo condicionan pautando formas de uso o restringen el acceso a determinados tipos de usuarios: &nbsp;Read More &rarr;\" \/>\n<meta property=\"og:url\" content=\"https:\/\/ffyh.unc.edu.ar\/materiales-educativos-abiertos\/slider\/recursos-para-elaborar-material-educativo-abierto\/dominio-publico-licencias-gplu\/que-otras-fuentes-protege-el-dominio-publico\/\" \/>\n<meta property=\"og:site_name\" content=\"Materiales Educativos Abiertos\" \/>\n<meta property=\"article:modified_time\" content=\"2017-12-19T19:43:32+00:00\" \/>\n<meta name=\"twitter:card\" content=\"summary_large_image\" \/>\n<meta name=\"twitter:label1\" content=\"Tiempo de lectura\" \/>\n\t<meta name=\"twitter:data1\" content=\"1 minuto\" \/>\n<script type=\"application\/ld+json\" class=\"yoast-schema-graph\">{\"@context\":\"https:\/\/schema.org\",\"@graph\":[{\"@type\":\"WebPage\",\"@id\":\"https:\/\/ffyh.unc.edu.ar\/materiales-educativos-abiertos\/slider\/recursos-para-elaborar-material-educativo-abierto\/dominio-publico-licencias-gplu\/que-otras-fuentes-protege-el-dominio-publico\/\",\"url\":\"https:\/\/ffyh.unc.edu.ar\/materiales-educativos-abiertos\/slider\/recursos-para-elaborar-material-educativo-abierto\/dominio-publico-licencias-gplu\/que-otras-fuentes-protege-el-dominio-publico\/\",\"name\":\"\u00bfQu\u00e9 otras fuentes protege el dominio p\u00fablico? - Materiales Educativos Abiertos\",\"isPartOf\":{\"@id\":\"https:\/\/ffyh.unc.edu.ar\/materiales-educativos-abiertos\/#website\"},\"datePublished\":\"2015-09-18T21:50:06+00:00\",\"dateModified\":\"2017-12-19T19:43:32+00:00\",\"breadcrumb\":{\"@id\":\"https:\/\/ffyh.unc.edu.ar\/materiales-educativos-abiertos\/slider\/recursos-para-elaborar-material-educativo-abierto\/dominio-publico-licencias-gplu\/que-otras-fuentes-protege-el-dominio-publico\/#breadcrumb\"},\"inLanguage\":\"es\",\"potentialAction\":[{\"@type\":\"ReadAction\",\"target\":[\"https:\/\/ffyh.unc.edu.ar\/materiales-educativos-abiertos\/slider\/recursos-para-elaborar-material-educativo-abierto\/dominio-publico-licencias-gplu\/que-otras-fuentes-protege-el-dominio-publico\/\"]}]},{\"@type\":\"BreadcrumbList\",\"@id\":\"https:\/\/ffyh.unc.edu.ar\/materiales-educativos-abiertos\/slider\/recursos-para-elaborar-material-educativo-abierto\/dominio-publico-licencias-gplu\/que-otras-fuentes-protege-el-dominio-publico\/#breadcrumb\",\"itemListElement\":[{\"@type\":\"ListItem\",\"position\":1,\"name\":\"Portada\",\"item\":\"https:\/\/ffyh.unc.edu.ar\/materiales-educativos-abiertos\/\"},{\"@type\":\"ListItem\",\"position\":2,\"name\":\"Inicio\",\"item\":\"https:\/\/ffyh.unc.edu.ar\/materiales-educativos-abiertos\/\"},{\"@type\":\"ListItem\",\"position\":3,\"name\":\"\u00bfQu\u00e9 aspectos considerar cuando se dise\u00f1a un material educativo abierto?\",\"item\":\"https:\/\/ffyh.unc.edu.ar\/materiales-educativos-abiertos\/slider\/recursos-para-elaborar-material-educativo-abierto\/\"},{\"@type\":\"ListItem\",\"position\":4,\"name\":\"El Dominio P\u00fablico\",\"item\":\"https:\/\/ffyh.unc.edu.ar\/materiales-educativos-abiertos\/slider\/recursos-para-elaborar-material-educativo-abierto\/dominio-publico-licencias-gplu\/\"},{\"@type\":\"ListItem\",\"position\":5,\"name\":\"\u00bfQu\u00e9 otras fuentes protege el dominio p\u00fablico?\"}]},{\"@type\":\"WebSite\",\"@id\":\"https:\/\/ffyh.unc.edu.ar\/materiales-educativos-abiertos\/#website\",\"url\":\"https:\/\/ffyh.unc.edu.ar\/materiales-educativos-abiertos\/\",\"name\":\"Materiales Educativos Abiertos\",\"description\":\"\",\"potentialAction\":[{\"@type\":\"SearchAction\",\"target\":{\"@type\":\"EntryPoint\",\"urlTemplate\":\"https:\/\/ffyh.unc.edu.ar\/materiales-educativos-abiertos\/?s={search_term_string}\"},\"query-input\":{\"@type\":\"PropertyValueSpecification\",\"valueRequired\":true,\"valueName\":\"search_term_string\"}}],\"inLanguage\":\"es\"}]}<\/script>\n<!-- \/ Yoast SEO plugin. -->","yoast_head_json":{"title":"\u00bfQu\u00e9 otras fuentes protege el dominio p\u00fablico? - Materiales Educativos Abiertos","robots":{"index":"index","follow":"follow","max-snippet":"max-snippet:-1","max-image-preview":"max-image-preview:large","max-video-preview":"max-video-preview:-1"},"canonical":"https:\/\/ffyh.unc.edu.ar\/materiales-educativos-abiertos\/slider\/recursos-para-elaborar-material-educativo-abierto\/dominio-publico-licencias-gplu\/que-otras-fuentes-protege-el-dominio-publico\/","og_locale":"es_ES","og_type":"article","og_title":"\u00bfQu\u00e9 otras fuentes protege el dominio p\u00fablico? - Materiales Educativos Abiertos","og_description":"l Manifiesto de Dominio P\u00fablico, indica adem\u00e1s, que existen otras fuentes que posibilitan a los individuos interaccionar libremente con las obras protegidas por el derecho de autor. Algunas de estas fuentes mejoran el acceso a las obras protegidas, y otras lo condicionan pautando formas de uso o restringen el acceso a determinados tipos de usuarios: &nbsp;Read More &rarr;","og_url":"https:\/\/ffyh.unc.edu.ar\/materiales-educativos-abiertos\/slider\/recursos-para-elaborar-material-educativo-abierto\/dominio-publico-licencias-gplu\/que-otras-fuentes-protege-el-dominio-publico\/","og_site_name":"Materiales Educativos Abiertos","article_modified_time":"2017-12-19T19:43:32+00:00","twitter_card":"summary_large_image","twitter_misc":{"Tiempo de lectura":"1 minuto"},"schema":{"@context":"https:\/\/schema.org","@graph":[{"@type":"WebPage","@id":"https:\/\/ffyh.unc.edu.ar\/materiales-educativos-abiertos\/slider\/recursos-para-elaborar-material-educativo-abierto\/dominio-publico-licencias-gplu\/que-otras-fuentes-protege-el-dominio-publico\/","url":"https:\/\/ffyh.unc.edu.ar\/materiales-educativos-abiertos\/slider\/recursos-para-elaborar-material-educativo-abierto\/dominio-publico-licencias-gplu\/que-otras-fuentes-protege-el-dominio-publico\/","name":"\u00bfQu\u00e9 otras fuentes protege el dominio p\u00fablico? - Materiales Educativos Abiertos","isPartOf":{"@id":"https:\/\/ffyh.unc.edu.ar\/materiales-educativos-abiertos\/#website"},"datePublished":"2015-09-18T21:50:06+00:00","dateModified":"2017-12-19T19:43:32+00:00","breadcrumb":{"@id":"https:\/\/ffyh.unc.edu.ar\/materiales-educativos-abiertos\/slider\/recursos-para-elaborar-material-educativo-abierto\/dominio-publico-licencias-gplu\/que-otras-fuentes-protege-el-dominio-publico\/#breadcrumb"},"inLanguage":"es","potentialAction":[{"@type":"ReadAction","target":["https:\/\/ffyh.unc.edu.ar\/materiales-educativos-abiertos\/slider\/recursos-para-elaborar-material-educativo-abierto\/dominio-publico-licencias-gplu\/que-otras-fuentes-protege-el-dominio-publico\/"]}]},{"@type":"BreadcrumbList","@id":"https:\/\/ffyh.unc.edu.ar\/materiales-educativos-abiertos\/slider\/recursos-para-elaborar-material-educativo-abierto\/dominio-publico-licencias-gplu\/que-otras-fuentes-protege-el-dominio-publico\/#breadcrumb","itemListElement":[{"@type":"ListItem","position":1,"name":"Portada","item":"https:\/\/ffyh.unc.edu.ar\/materiales-educativos-abiertos\/"},{"@type":"ListItem","position":2,"name":"Inicio","item":"https:\/\/ffyh.unc.edu.ar\/materiales-educativos-abiertos\/"},{"@type":"ListItem","position":3,"name":"\u00bfQu\u00e9 aspectos considerar cuando se dise\u00f1a un material educativo abierto?","item":"https:\/\/ffyh.unc.edu.ar\/materiales-educativos-abiertos\/slider\/recursos-para-elaborar-material-educativo-abierto\/"},{"@type":"ListItem","position":4,"name":"El Dominio P\u00fablico","item":"https:\/\/ffyh.unc.edu.ar\/materiales-educativos-abiertos\/slider\/recursos-para-elaborar-material-educativo-abierto\/dominio-publico-licencias-gplu\/"},{"@type":"ListItem","position":5,"name":"\u00bfQu\u00e9 otras fuentes protege el dominio p\u00fablico?"}]},{"@type":"WebSite","@id":"https:\/\/ffyh.unc.edu.ar\/materiales-educativos-abiertos\/#website","url":"https:\/\/ffyh.unc.edu.ar\/materiales-educativos-abiertos\/","name":"Materiales Educativos Abiertos","description":"","potentialAction":[{"@type":"SearchAction","target":{"@type":"EntryPoint","urlTemplate":"https:\/\/ffyh.unc.edu.ar\/materiales-educativos-abiertos\/?s={search_term_string}"},"query-input":{"@type":"PropertyValueSpecification","valueRequired":true,"valueName":"search_term_string"}}],"inLanguage":"es"}]}},"_links":{"self":[{"href":"https:\/\/ffyh.unc.edu.ar\/materiales-educativos-abiertos\/wp-json\/wp\/v2\/pages\/1641","targetHints":{"allow":["GET"]}}],"collection":[{"href":"https:\/\/ffyh.unc.edu.ar\/materiales-educativos-abiertos\/wp-json\/wp\/v2\/pages"}],"about":[{"href":"https:\/\/ffyh.unc.edu.ar\/materiales-educativos-abiertos\/wp-json\/wp\/v2\/types\/page"}],"author":[{"embeddable":true,"href":"https:\/\/ffyh.unc.edu.ar\/materiales-educativos-abiertos\/wp-json\/wp\/v2\/users\/22"}],"replies":[{"embeddable":true,"href":"https:\/\/ffyh.unc.edu.ar\/materiales-educativos-abiertos\/wp-json\/wp\/v2\/comments?post=1641"}],"version-history":[{"count":2,"href":"https:\/\/ffyh.unc.edu.ar\/materiales-educativos-abiertos\/wp-json\/wp\/v2\/pages\/1641\/revisions"}],"predecessor-version":[{"id":3110,"href":"https:\/\/ffyh.unc.edu.ar\/materiales-educativos-abiertos\/wp-json\/wp\/v2\/pages\/1641\/revisions\/3110"}],"up":[{"embeddable":true,"href":"https:\/\/ffyh.unc.edu.ar\/materiales-educativos-abiertos\/wp-json\/wp\/v2\/pages\/438"}],"wp:attachment":[{"href":"https:\/\/ffyh.unc.edu.ar\/materiales-educativos-abiertos\/wp-json\/wp\/v2\/media?parent=1641"}],"curies":[{"name":"wp","href":"https:\/\/api.w.org\/{rel}","templated":true}]}}