{"id":3040,"date":"2014-11-10T13:12:08","date_gmt":"2014-11-10T13:12:08","guid":{"rendered":"http:\/\/www.ffyh.unc.edu.ar\/materiales-educativos-abiertos\/?page_id=2"},"modified":"2018-11-21T14:12:05","modified_gmt":"2018-11-21T14:12:05","slug":"pagina-ejemplo-2","status":"publish","type":"page","link":"https:\/\/ffyh.unc.edu.ar\/materiales-educativos-abiertos\/slider\/que-es-un-material-educativo\/pagina-ejemplo-2\/","title":{"rendered":"\u00bfQu\u00e9 es un material educativo abierto?"},"content":{"rendered":"<p style=\"text-align: justify\"><span class=\"su-dropcap su-dropcap-style-flat\" style=\"font-size:2.5em\">E<\/span>l t\u00e9rmino \u201crecursos educativos abiertos\u201d refiere a aquellos recursos digitales que permiten la modificaci\u00f3n y reutilizaci\u00f3n y que propician beneficios sin limitar las posibilidades de otros\u00a0<em> (OCDE, 2008)<\/em><\/p>\n<div align=\"center\"><strong><a id=\"69d69f80efbfa\" rel=\"wp-video-lightbox\" href=\"https:\/\/www.youtube.com\/watch?v=y4goZPxsYZM&#038;width=640&#038;height=480\" title=\"\"><div class=\"wpvl_auto_thumb_box_wrapper\"><div class=\"wpvl_auto_thumb_box\"><img decoding=\"async\" src=\"https:\/\/img.youtube.com\/vi\/y4goZPxsYZM\/0.jpg\" class=\"video_lightbox_auto_anchor_image\" alt=\"\" \/><div class=\"wpvl_auto_thumb_play\"><img decoding=\"async\" src=\"https:\/\/ffyh.unc.edu.ar\/materiales-educativos-abiertos\/wp-content\/plugins\/wp-video-lightbox\/images\/play.png\" class=\"wpvl_playbutton\" \/><\/div><\/div><\/div><\/a>    <script>\r\n    \/* <![CDATA[ *\/\r\n    jQuery(document).ready(function($){\r\n        $(function(){\r\n            var width = $(window).innerWidth();\r\n            var setwidth = parseFloat(640);\r\n            var ratio = parseFloat(0.75);\r\n            var height = parseFloat(480);\r\n            var link = 'https:\/\/www.youtube.com\/watch?v=y4goZPxsYZM&amp;width=640&amp;height=480';\r\n            if(width < setwidth)\r\n            {\r\n                height = Math.floor(width * 0.75);\r\n                \/\/console.log(\"device width \"+width+\", set width \"+640+\", ratio \"+0.75+\", new height \"+ height);\r\n                var new_url = wpvl_paramReplace('width', link, width);\r\n                var new_url = wpvl_paramReplace('height', new_url, height);\r\n                $(\"a#69d69f80efbfa\").attr('href', new_url);\r\n                \/\/console.log(new_url);\r\n            }\r\n        });\r\n    });\r\n    \/* ]]> *\/\r\n    <\/script><\/strong><\/div>\n<p style=\"text-align: justify\"><div class=\"su-spoiler su-spoiler-style-simple su-spoiler-icon-arrow-circle-1 su-spoiler-closed\" data-scroll-offset=\"0\" data-anchor-in-url=\"no\"><div class=\"su-spoiler-title\" tabindex=\"0\" role=\"button\"><span class=\"su-spoiler-icon\"><\/span> <strong>\u00bfQu\u00e9 es un Recurso Educativo Abierto? <\/strong><\/div><div class=\"su-spoiler-content su-u-clearfix su-u-trim\"> \u00abLos REA son materiales de ense\u00f1anza, aprendizaje e investigaci\u00f3n en cualquier medio,\u00a0 ya sea digital o de otro tipo, que residen en el dominio p\u00fablico o hayan sido publicados bajo una licencia abierta que permite el acceso, uso, reformulaci\u00f3n, reutilizaci\u00f3n y redistribuci\u00f3n por terceros con restricciones m\u00ednimas o inexistentes. \u00a0El uso de est\u00e1ndares t\u00e9cnicos abiertos mejora el acceso y el potencial de reutilizaci\u00f3n\u00bb. \u00a0(Atkins, Brown y Hammond 2007)<\/p>\n<p style=\"text-align: justify\">\u00abMateriales de ense\u00f1anza, aprendizaje e investigaci\u00f3n en cualquier soporte, digital o de otro tipo, que sean de dominio p\u00fablico o que hayan sido publicados con una licencia abierta que permita el acceso gratuito a esos materiales\u00a0para ser utilizados, adaptados y distribuidos gratuitamente\u00bb\u00a0(UNESCO, 2012)<\/p>\n<p style=\"text-align: justify\">\u00abSon recursos destinados para la ense\u00f1anza, el aprendizaje y la investigaci\u00f3n que residen en el dominio p\u00fablico o que han sido liberados bajo un esquema de licenciamiento que protege la propiedad intelectual y permite su uso de forma p\u00fablica y gratuita o permite la generaci\u00f3n de obras derivadas por otros. Los Recursos Educativos Abiertos se identifican como cursos completos, materiales de cursos, m\u00f3dulos, libros, video, ex\u00e1menes, software y cualquier otra herramienta, materiales o t\u00e9cnicas empleadas para dar soporte al acceso de conocimiento\u00bb.\u00a0The William and Flora Hewlett Foundation<\/p>\n<\/div><\/div>\n<p>&nbsp;<\/p>\n<h2><span style=\"color: #3366ff\">Los beneficios de utilizar un material educativo abierto<\/span><\/h2>\n<p>Como los materiales educativos abiertos se producen bajo licencias abiertas, ofrecen algunas ventajas ya que no hay que pedir permisos para su uso porque fueron concedidos de antemano:<\/p>\n<div id=\"su_carousel_69d69f80f0684\" class=\"su-carousel su-carousel-centered su-carousel-pages-no su-carousel-responsive-no\" style=\"width:440px;height:160px\" data-autoplay=\"3000\" data-speed=\"600\" data-mousewheel=\"true\" data-items=\"2\" data-scroll=\"1\"><div class=\"su-carousel-slides\"><div class=\"su-carousel-slide\"><a><img decoding=\"async\" src=\"https:\/\/ffyh.unc.edu.ar\/materiales-educativos-abiertos\/wp-content\/uploads\/sites\/27\/2015\/08\/2985192607_b475ba4604_b.jpg\" alt=\"Lawrence Lessig Remix Party\" \/><span class=\"su-carousel-slide-title\">Lawrence Lessig Remix Party<\/span><\/a><\/div><div class=\"su-carousel-slide\"><a><img decoding=\"async\" src=\"https:\/\/ffyh.unc.edu.ar\/materiales-educativos-abiertos\/wp-content\/uploads\/sites\/27\/2015\/08\/3032678489_40f66c9741_b.jpg\" alt=\"Reduce, Re-Use, Recyle\" \/><span class=\"su-carousel-slide-title\">Reduce, Re-Use, Recyle<\/span><\/a><\/div><div class=\"su-carousel-slide\"><a><img decoding=\"async\" src=\"https:\/\/ffyh.unc.edu.ar\/materiales-educativos-abiertos\/wp-content\/uploads\/sites\/27\/2014\/11\/16639834358_6942fc41fa_z.jpg\" alt=\"Share\" \/><span class=\"su-carousel-slide-title\">Share<\/span><\/a><\/div><\/div><div class=\"su-carousel-nav\"><div class=\"su-carousel-direction\"><span class=\"su-carousel-prev\"><\/span><span class=\"su-carousel-next\"><\/span><\/div><div class=\"su-carousel-pagination\"><\/div><\/div><\/div>\n<div class=\"su-spoiler su-spoiler-style-simple su-spoiler-icon-plus su-spoiler-closed\" data-scroll-offset=\"0\" data-anchor-in-url=\"no\"><div class=\"su-spoiler-title\" tabindex=\"0\" role=\"button\"><span class=\"su-spoiler-icon\"><\/span><strong><em>Redistribuir<\/em> <\/strong><\/div><div class=\"su-spoiler-content su-u-clearfix su-u-trim\"> Distribuir los materiales pero sin barreras del copyright, para compartir con otros o\u00a0 generar copias de un recurso o su nueva versi\u00f3n.<\/div><\/div>\n<div class=\"su-spoiler su-spoiler-style-simple su-spoiler-icon-plus su-spoiler-closed\" data-scroll-offset=\"0\" data-anchor-in-url=\"no\"><div class=\"su-spoiler-title\" tabindex=\"0\" role=\"button\"><span class=\"su-spoiler-icon\"><\/span><strong><em>Reutilizar<\/em> <\/strong><\/div><div class=\"su-spoiler-content su-u-clearfix su-u-trim\"> Es decir, volver a utilizar el contenido del recurso original o de su nueva versi\u00f3n en m\u00faltiples contextos\u00a0<\/div><\/div>\n<div class=\"su-spoiler su-spoiler-style-simple su-spoiler-icon-plus su-spoiler-closed\" data-scroll-offset=\"0\" data-anchor-in-url=\"no\"><div class=\"su-spoiler-title\" tabindex=\"0\" role=\"button\"><span class=\"su-spoiler-icon\"><\/span><em>Revisar<\/em><\/div><div class=\"su-spoiler-content su-u-clearfix su-u-trim\"> Uno de los mayores beneficios es la oportunidad de poder adaptar, \u00a0modificar, o ajustar, de acuerdo a tus necesidades, \u00a0el contenido de un recurso educativo abierto. \u00a0 Por ejemplo, \u00a0como explica Uanini (2013), abordar un eje tem\u00e1tico desde una \u00a0mirada \u00a0local, cubriendo la vacancia editorial y curricular que sobre ellos puede existir.<\/div><\/div>\n<div class=\"su-spoiler su-spoiler-style-simple su-spoiler-icon-plus su-spoiler-closed\" data-scroll-offset=\"0\" data-anchor-in-url=\"no\"><div class=\"su-spoiler-title\" tabindex=\"0\" role=\"button\"><span class=\"su-spoiler-icon\"><\/span><em>Remix<\/em><\/div><div class=\"su-spoiler-content su-u-clearfix su-u-trim\">\u00a0Tal como explican Knobel &amp; Lankshear, (2011) <i>\u201cel remix implica adoptar artefactos culturales, combinarlos y manipularlos hasta convertirlos en mezclas nuevas y productos creativos\u201d.<\/i> Esto es la posibilidad de combinar o mezclar el contenido de un material educativo abierto con el otro u otras fuentes para producir nuevos recursos. <\/div><\/div>\n<h5 style=\"text-align: center\">\u00a0<div class=\"su-button-center\"><a href=\"http:\/\/www.ffyh.unc.edu.ar\/materiales-educativos-abiertos\/?page_id=81\" class=\"su-button su-button-style-3d\" style=\"color:#fff;background-color:#006EC1;border-color:#00589b;border-radius:5px\" target=\"_self\"><span style=\"color:#fff;padding:0px 16px;font-size:13px;line-height:26px;border-color:#4d9ad4;border-radius:5px;text-shadow:none\"> \u00bf<strong>Qu\u00e9 otras cualidades nos ofrece un Recurso educativo Abierto?<\/strong><\/span><\/a><\/div><\/h5>\n<h4 style=\"text-align: justify\"><\/h4>\n<h6><\/h6>\n<h6><span class=\"su-label su-label-type-info\">Ejemplos <\/span><\/h6>\n<div class=\"su-note\"  style=\"border-color:#F8F8F8 ;border-radius:5px;-moz-border-radius:5px;-webkit-border-radius:5px;\"><div class=\"su-note-inner su-u-clearfix su-u-trim\" style=\"background-color:#F8F8F8 ;border-color:#F8F8F8 ;color:#333333;border-radius:5px;-moz-border-radius:5px;-webkit-border-radius:5px;\"><img loading=\"lazy\" decoding=\"async\" class=\"wp-image-2110 alignleft\" src=\"http:\/\/ffyh.unc.edu.ar\/materiales-educativos-abiertos\/wp-content\/uploads\/sites\/27\/2015\/07\/iconito-3.png\" alt=\"iconito-3\" width=\"91\" height=\"91\" srcset=\"https:\/\/ffyh.unc.edu.ar\/materiales-educativos-abiertos\/wp-content\/uploads\/sites\/27\/2015\/07\/iconito-3.png 300w, https:\/\/ffyh.unc.edu.ar\/materiales-educativos-abiertos\/wp-content\/uploads\/sites\/27\/2015\/07\/iconito-3-150x150.png 150w\" sizes=\"auto, (max-width: 91px) 100vw, 91px\" \/><\/p>\n<p>Te acercamos ejemplos de materiales educativos abiertos<\/p>\n<p>&nbsp;<\/p>\n<p style=\"text-align: center\"><a href=\"https:\/\/ocw.mit.edu\/courses\/architecture\/4-111-introduction-to-architecture-environmental-design-spring-2014\/#\"><img loading=\"lazy\" decoding=\"async\" class=\"alignleft wp-image-2969\" src=\"http:\/\/ffyh.unc.edu.ar\/materiales-educativos-abiertos\/wp-content\/uploads\/sites\/27\/2014\/11\/MIT.png\" alt=\"MIT\" width=\"225\" height=\"153\" srcset=\"https:\/\/ffyh.unc.edu.ar\/materiales-educativos-abiertos\/wp-content\/uploads\/sites\/27\/2014\/11\/MIT.png 763w, https:\/\/ffyh.unc.edu.ar\/materiales-educativos-abiertos\/wp-content\/uploads\/sites\/27\/2014\/11\/MIT-300x204.png 300w, https:\/\/ffyh.unc.edu.ar\/materiales-educativos-abiertos\/wp-content\/uploads\/sites\/27\/2014\/11\/MIT-425x289.png 425w\" sizes=\"auto, (max-width: 225px) 100vw, 225px\" \/><\/a><\/p>\n<p style=\"text-align: center\"><strong>Introduction to Architecture &amp; Environmental Design<\/strong><\/p>\n<p>&nbsp;<\/p>\n<p>&nbsp;<\/p>\n<p>&nbsp;<\/p>\n<p style=\"padding-left: 30px\"><a href=\"http:\/\/catedra.ruv.itesm.mx\/bitstream\/987654321\/745\/1\/eBook%20Mov%20abierto%20en%20educ%20distancia%20%28Ramirez%202013%29.pdf\" target=\"_blank\" rel=\"noopener\"><img loading=\"lazy\" decoding=\"async\" class=\"wp-image-2958 alignleft\" src=\"http:\/\/ffyh.unc.edu.ar\/materiales-educativos-abiertos\/wp-content\/uploads\/sites\/27\/2014\/11\/clareice-e1445785928503.png\" alt=\"clareice\" width=\"137\" height=\"191\" srcset=\"https:\/\/ffyh.unc.edu.ar\/materiales-educativos-abiertos\/wp-content\/uploads\/sites\/27\/2014\/11\/clareice-e1445785928503.png 330w, https:\/\/ffyh.unc.edu.ar\/materiales-educativos-abiertos\/wp-content\/uploads\/sites\/27\/2014\/11\/clareice-e1445785928503-216x300.png 216w\" sizes=\"auto, (max-width: 137px) 100vw, 137px\" \/><\/a><\/p>\n<p>&nbsp;<\/p>\n<p style=\"padding-left: 60px;text-align: center\"><strong>Competencias Docentes y Pr\u00e1cticas Educativas Abiertas en Educaci\u00f3n a Distancia<\/strong><\/p>\n<p>&nbsp;<\/p>\n<p>&nbsp;<\/p>\n<p>&nbsp;<\/p>\n<p style=\"padding-left: 30px\"><a href=\"https:\/\/ansenuza.unc.edu.ar\/comunidades\/handle\/11086.1\/861\"><img loading=\"lazy\" decoding=\"async\" class=\"alignleft wp-image-2956\" src=\"http:\/\/ffyh.unc.edu.ar\/materiales-educativos-abiertos\/wp-content\/uploads\/sites\/27\/2014\/11\/Opinar-y-decir-lo-propio.png\" alt=\"Opinar y decir lo propio\" width=\"133\" height=\"159\" srcset=\"https:\/\/ffyh.unc.edu.ar\/materiales-educativos-abiertos\/wp-content\/uploads\/sites\/27\/2014\/11\/Opinar-y-decir-lo-propio.png 530w, https:\/\/ffyh.unc.edu.ar\/materiales-educativos-abiertos\/wp-content\/uploads\/sites\/27\/2014\/11\/Opinar-y-decir-lo-propio-250x300.png 250w, https:\/\/ffyh.unc.edu.ar\/materiales-educativos-abiertos\/wp-content\/uploads\/sites\/27\/2014\/11\/Opinar-y-decir-lo-propio-425x511.png 425w\" sizes=\"auto, (max-width: 133px) 100vw, 133px\" \/><\/a><\/p>\n<p>&nbsp;<\/p>\n<p style=\"text-align: center\"><strong>Opinar y decir lo propio. Estrategias para ense\u00f1ar a argumentar en la Escuela.<\/strong><\/p>\n<p>&nbsp;<\/p>\n<p>&nbsp;<\/p>\n<p>&nbsp;<\/p>\n<\/div><\/div>\n<p>&nbsp;<\/p>\n<p>&nbsp;<\/p>\n<h6><span class=\"su-label su-label-type-info\">Lectura Sugerida <\/span><\/h6>\n<div class=\"su-note\"  style=\"border-color:#F8F8F8 ;border-radius:5px;-moz-border-radius:5px;-webkit-border-radius:5px;\"><div class=\"su-note-inner su-u-clearfix su-u-trim\" style=\"background-color:#F8F8F8 ;border-color:#F8F8F8 ;color:#333333;border-radius:5px;-moz-border-radius:5px;-webkit-border-radius:5px;\"> <a href=\"http:\/\/ffyh.unc.edu.ar\/materiales-educativos-abiertos\/wp-content\/uploads\/sites\/27\/2015\/07\/iconito-6.png\"><img loading=\"lazy\" decoding=\"async\" class=\"wp-image-2121 alignleft\" src=\"http:\/\/ffyh.unc.edu.ar\/materiales-educativos-abiertos\/wp-content\/uploads\/sites\/27\/2015\/07\/iconito-6.png\" alt=\"iconito-6\" width=\"92\" height=\"92\" srcset=\"https:\/\/ffyh.unc.edu.ar\/materiales-educativos-abiertos\/wp-content\/uploads\/sites\/27\/2015\/07\/iconito-6.png 300w, https:\/\/ffyh.unc.edu.ar\/materiales-educativos-abiertos\/wp-content\/uploads\/sites\/27\/2015\/07\/iconito-6-150x150.png 150w\" sizes=\"auto, (max-width: 92px) 100vw, 92px\" \/><\/a>Les sugerimos las siguientes lecturas sobre Recursos Educativo Abiertos<\/p>\n<p><a href=\"http:\/\/unesdoc.unesco.org\/images\/0023\/002328\/232855s.pdf\u00a0[Consultado: 27\/08\/2015]\" target=\"_blank\" rel=\"noopener\">UNESCO \u00a0Directrices para los Recursos Educativos Abiertos (REA) en la Educaci\u00f3n Superior.\u00a0<\/a><\/p>\n<\/div><\/div>\n<p>&nbsp;<\/p>\n","protected":false},"excerpt":{"rendered":"<p>l t\u00e9rmino \u201crecursos educativos abiertos\u201d refiere a aquellos recursos digitales que permiten la modificaci\u00f3n y reutilizaci\u00f3n y que propician beneficios sin limitar las posibilidades de otros\u00a0 (OCDE, 2008) &nbsp; Los beneficios de utilizar un material educativo abierto Como los materiales educativos abiertos se producen bajo licencias abiertas, ofrecen algunas ventajas ya que no hay que pedir permisos para su uso porque fueron concedidos de antemano: \u00a0 &nbsp; &nbsp; &nbsp;<a class=\"more-link\" href=\"https:\/\/ffyh.unc.edu.ar\/materiales-educativos-abiertos\/slider\/que-es-un-material-educativo\/pagina-ejemplo-2\/\">Read More &rarr;<\/a><\/p>\n","protected":false},"author":1,"featured_media":0,"parent":615,"menu_order":0,"comment_status":"open","ping_status":"open","template":"","meta":{"_acf_changed":false,"_bbp_topic_count":0,"_bbp_reply_count":0,"_bbp_total_topic_count":0,"_bbp_total_reply_count":0,"_bbp_voice_count":0,"_bbp_anonymous_reply_count":0,"_bbp_topic_count_hidden":0,"_bbp_reply_count_hidden":0,"_bbp_forum_subforum_count":0,"footnotes":""},"class_list":["entry","page","publish","author-admin","post-3040"],"acf":[],"yoast_head":"<!-- This site is optimized with the Yoast SEO plugin v27.1.1 - https:\/\/yoast.com\/product\/yoast-seo-wordpress\/ -->\n<title>\u00bfQu\u00e9 es un material educativo abierto? - Materiales Educativos Abiertos<\/title>\n<meta name=\"robots\" content=\"index, follow, max-snippet:-1, max-image-preview:large, max-video-preview:-1\" \/>\n<link rel=\"canonical\" href=\"https:\/\/ffyh.unc.edu.ar\/materiales-educativos-abiertos\/slider\/que-es-un-material-educativo\/pagina-ejemplo-2\/\" \/>\n<meta property=\"og:locale\" content=\"es_ES\" \/>\n<meta property=\"og:type\" content=\"article\" \/>\n<meta property=\"og:title\" content=\"\u00bfQu\u00e9 es un material educativo abierto? - Materiales Educativos Abiertos\" \/>\n<meta property=\"og:description\" content=\"l t\u00e9rmino \u201crecursos educativos abiertos\u201d refiere a aquellos recursos digitales que permiten la modificaci\u00f3n y reutilizaci\u00f3n y que propician beneficios sin limitar las posibilidades de otros\u00a0 (OCDE, 2008) &nbsp; Los beneficios de utilizar un material educativo abierto Como los materiales educativos abiertos se producen bajo licencias abiertas, ofrecen algunas ventajas ya que no hay que pedir permisos para su uso porque fueron concedidos de antemano: \u00a0 &nbsp; &nbsp; &nbsp;Read More &rarr;\" \/>\n<meta property=\"og:url\" content=\"https:\/\/ffyh.unc.edu.ar\/materiales-educativos-abiertos\/slider\/que-es-un-material-educativo\/pagina-ejemplo-2\/\" \/>\n<meta property=\"og:site_name\" content=\"Materiales Educativos Abiertos\" \/>\n<meta property=\"article:modified_time\" content=\"2018-11-21T14:12:05+00:00\" \/>\n<meta property=\"og:image\" content=\"http:\/\/ffyh.unc.edu.ar\/materiales-educativos-abiertos\/wp-content\/uploads\/sites\/27\/2015\/07\/iconito-3.png\" \/>\n<meta name=\"twitter:card\" content=\"summary_large_image\" \/>\n<meta name=\"twitter:label1\" content=\"Tiempo de lectura\" \/>\n\t<meta name=\"twitter:data1\" content=\"3 minutos\" \/>\n<script type=\"application\/ld+json\" class=\"yoast-schema-graph\">{\"@context\":\"https:\/\/schema.org\",\"@graph\":[{\"@type\":\"WebPage\",\"@id\":\"https:\/\/ffyh.unc.edu.ar\/materiales-educativos-abiertos\/slider\/que-es-un-material-educativo\/pagina-ejemplo-2\/\",\"url\":\"https:\/\/ffyh.unc.edu.ar\/materiales-educativos-abiertos\/slider\/que-es-un-material-educativo\/pagina-ejemplo-2\/\",\"name\":\"\u00bfQu\u00e9 es un material educativo abierto? - Materiales Educativos Abiertos\",\"isPartOf\":{\"@id\":\"https:\/\/ffyh.unc.edu.ar\/materiales-educativos-abiertos\/#website\"},\"primaryImageOfPage\":{\"@id\":\"https:\/\/ffyh.unc.edu.ar\/materiales-educativos-abiertos\/slider\/que-es-un-material-educativo\/pagina-ejemplo-2\/#primaryimage\"},\"image\":{\"@id\":\"https:\/\/ffyh.unc.edu.ar\/materiales-educativos-abiertos\/slider\/que-es-un-material-educativo\/pagina-ejemplo-2\/#primaryimage\"},\"thumbnailUrl\":\"http:\/\/ffyh.unc.edu.ar\/materiales-educativos-abiertos\/wp-content\/uploads\/sites\/27\/2015\/07\/iconito-3.png\",\"datePublished\":\"2014-11-10T13:12:08+00:00\",\"dateModified\":\"2018-11-21T14:12:05+00:00\",\"breadcrumb\":{\"@id\":\"https:\/\/ffyh.unc.edu.ar\/materiales-educativos-abiertos\/slider\/que-es-un-material-educativo\/pagina-ejemplo-2\/#breadcrumb\"},\"inLanguage\":\"es\",\"potentialAction\":[{\"@type\":\"ReadAction\",\"target\":[\"https:\/\/ffyh.unc.edu.ar\/materiales-educativos-abiertos\/slider\/que-es-un-material-educativo\/pagina-ejemplo-2\/\"]}]},{\"@type\":\"ImageObject\",\"inLanguage\":\"es\",\"@id\":\"https:\/\/ffyh.unc.edu.ar\/materiales-educativos-abiertos\/slider\/que-es-un-material-educativo\/pagina-ejemplo-2\/#primaryimage\",\"url\":\"https:\/\/ffyh.unc.edu.ar\/materiales-educativos-abiertos\/wp-content\/uploads\/sites\/27\/2015\/07\/iconito-3.png\",\"contentUrl\":\"https:\/\/ffyh.unc.edu.ar\/materiales-educativos-abiertos\/wp-content\/uploads\/sites\/27\/2015\/07\/iconito-3.png\",\"width\":300,\"height\":300},{\"@type\":\"BreadcrumbList\",\"@id\":\"https:\/\/ffyh.unc.edu.ar\/materiales-educativos-abiertos\/slider\/que-es-un-material-educativo\/pagina-ejemplo-2\/#breadcrumb\",\"itemListElement\":[{\"@type\":\"ListItem\",\"position\":1,\"name\":\"Portada\",\"item\":\"https:\/\/ffyh.unc.edu.ar\/materiales-educativos-abiertos\/\"},{\"@type\":\"ListItem\",\"position\":2,\"name\":\"Inicio\",\"item\":\"https:\/\/ffyh.unc.edu.ar\/materiales-educativos-abiertos\/\"},{\"@type\":\"ListItem\",\"position\":3,\"name\":\"\u00bfQu\u00e9 es un material educativo?\",\"item\":\"https:\/\/ffyh.unc.edu.ar\/materiales-educativos-abiertos\/slider\/que-es-un-material-educativo\/\"},{\"@type\":\"ListItem\",\"position\":4,\"name\":\"\u00bfQu\u00e9 es un material educativo abierto?\"}]},{\"@type\":\"WebSite\",\"@id\":\"https:\/\/ffyh.unc.edu.ar\/materiales-educativos-abiertos\/#website\",\"url\":\"https:\/\/ffyh.unc.edu.ar\/materiales-educativos-abiertos\/\",\"name\":\"Materiales Educativos Abiertos\",\"description\":\"\",\"potentialAction\":[{\"@type\":\"SearchAction\",\"target\":{\"@type\":\"EntryPoint\",\"urlTemplate\":\"https:\/\/ffyh.unc.edu.ar\/materiales-educativos-abiertos\/?s={search_term_string}\"},\"query-input\":{\"@type\":\"PropertyValueSpecification\",\"valueRequired\":true,\"valueName\":\"search_term_string\"}}],\"inLanguage\":\"es\"}]}<\/script>\n<!-- \/ Yoast SEO plugin. -->","yoast_head_json":{"title":"\u00bfQu\u00e9 es un material educativo abierto? - Materiales Educativos Abiertos","robots":{"index":"index","follow":"follow","max-snippet":"max-snippet:-1","max-image-preview":"max-image-preview:large","max-video-preview":"max-video-preview:-1"},"canonical":"https:\/\/ffyh.unc.edu.ar\/materiales-educativos-abiertos\/slider\/que-es-un-material-educativo\/pagina-ejemplo-2\/","og_locale":"es_ES","og_type":"article","og_title":"\u00bfQu\u00e9 es un material educativo abierto? - Materiales Educativos Abiertos","og_description":"l t\u00e9rmino \u201crecursos educativos abiertos\u201d refiere a aquellos recursos digitales que permiten la modificaci\u00f3n y reutilizaci\u00f3n y que propician beneficios sin limitar las posibilidades de otros\u00a0 (OCDE, 2008) &nbsp; Los beneficios de utilizar un material educativo abierto Como los materiales educativos abiertos se producen bajo licencias abiertas, ofrecen algunas ventajas ya que no hay que pedir permisos para su uso porque fueron concedidos de antemano: \u00a0 &nbsp; &nbsp; &nbsp;Read More &rarr;","og_url":"https:\/\/ffyh.unc.edu.ar\/materiales-educativos-abiertos\/slider\/que-es-un-material-educativo\/pagina-ejemplo-2\/","og_site_name":"Materiales Educativos Abiertos","article_modified_time":"2018-11-21T14:12:05+00:00","og_image":[{"url":"http:\/\/ffyh.unc.edu.ar\/materiales-educativos-abiertos\/wp-content\/uploads\/sites\/27\/2015\/07\/iconito-3.png","type":"","width":"","height":""}],"twitter_card":"summary_large_image","twitter_misc":{"Tiempo de lectura":"3 minutos"},"schema":{"@context":"https:\/\/schema.org","@graph":[{"@type":"WebPage","@id":"https:\/\/ffyh.unc.edu.ar\/materiales-educativos-abiertos\/slider\/que-es-un-material-educativo\/pagina-ejemplo-2\/","url":"https:\/\/ffyh.unc.edu.ar\/materiales-educativos-abiertos\/slider\/que-es-un-material-educativo\/pagina-ejemplo-2\/","name":"\u00bfQu\u00e9 es un material educativo abierto? - Materiales Educativos Abiertos","isPartOf":{"@id":"https:\/\/ffyh.unc.edu.ar\/materiales-educativos-abiertos\/#website"},"primaryImageOfPage":{"@id":"https:\/\/ffyh.unc.edu.ar\/materiales-educativos-abiertos\/slider\/que-es-un-material-educativo\/pagina-ejemplo-2\/#primaryimage"},"image":{"@id":"https:\/\/ffyh.unc.edu.ar\/materiales-educativos-abiertos\/slider\/que-es-un-material-educativo\/pagina-ejemplo-2\/#primaryimage"},"thumbnailUrl":"http:\/\/ffyh.unc.edu.ar\/materiales-educativos-abiertos\/wp-content\/uploads\/sites\/27\/2015\/07\/iconito-3.png","datePublished":"2014-11-10T13:12:08+00:00","dateModified":"2018-11-21T14:12:05+00:00","breadcrumb":{"@id":"https:\/\/ffyh.unc.edu.ar\/materiales-educativos-abiertos\/slider\/que-es-un-material-educativo\/pagina-ejemplo-2\/#breadcrumb"},"inLanguage":"es","potentialAction":[{"@type":"ReadAction","target":["https:\/\/ffyh.unc.edu.ar\/materiales-educativos-abiertos\/slider\/que-es-un-material-educativo\/pagina-ejemplo-2\/"]}]},{"@type":"ImageObject","inLanguage":"es","@id":"https:\/\/ffyh.unc.edu.ar\/materiales-educativos-abiertos\/slider\/que-es-un-material-educativo\/pagina-ejemplo-2\/#primaryimage","url":"https:\/\/ffyh.unc.edu.ar\/materiales-educativos-abiertos\/wp-content\/uploads\/sites\/27\/2015\/07\/iconito-3.png","contentUrl":"https:\/\/ffyh.unc.edu.ar\/materiales-educativos-abiertos\/wp-content\/uploads\/sites\/27\/2015\/07\/iconito-3.png","width":300,"height":300},{"@type":"BreadcrumbList","@id":"https:\/\/ffyh.unc.edu.ar\/materiales-educativos-abiertos\/slider\/que-es-un-material-educativo\/pagina-ejemplo-2\/#breadcrumb","itemListElement":[{"@type":"ListItem","position":1,"name":"Portada","item":"https:\/\/ffyh.unc.edu.ar\/materiales-educativos-abiertos\/"},{"@type":"ListItem","position":2,"name":"Inicio","item":"https:\/\/ffyh.unc.edu.ar\/materiales-educativos-abiertos\/"},{"@type":"ListItem","position":3,"name":"\u00bfQu\u00e9 es un material educativo?","item":"https:\/\/ffyh.unc.edu.ar\/materiales-educativos-abiertos\/slider\/que-es-un-material-educativo\/"},{"@type":"ListItem","position":4,"name":"\u00bfQu\u00e9 es un material educativo abierto?"}]},{"@type":"WebSite","@id":"https:\/\/ffyh.unc.edu.ar\/materiales-educativos-abiertos\/#website","url":"https:\/\/ffyh.unc.edu.ar\/materiales-educativos-abiertos\/","name":"Materiales Educativos Abiertos","description":"","potentialAction":[{"@type":"SearchAction","target":{"@type":"EntryPoint","urlTemplate":"https:\/\/ffyh.unc.edu.ar\/materiales-educativos-abiertos\/?s={search_term_string}"},"query-input":{"@type":"PropertyValueSpecification","valueRequired":true,"valueName":"search_term_string"}}],"inLanguage":"es"}]}},"_links":{"self":[{"href":"https:\/\/ffyh.unc.edu.ar\/materiales-educativos-abiertos\/wp-json\/wp\/v2\/pages\/3040","targetHints":{"allow":["GET"]}}],"collection":[{"href":"https:\/\/ffyh.unc.edu.ar\/materiales-educativos-abiertos\/wp-json\/wp\/v2\/pages"}],"about":[{"href":"https:\/\/ffyh.unc.edu.ar\/materiales-educativos-abiertos\/wp-json\/wp\/v2\/types\/page"}],"author":[{"embeddable":true,"href":"https:\/\/ffyh.unc.edu.ar\/materiales-educativos-abiertos\/wp-json\/wp\/v2\/users\/1"}],"replies":[{"embeddable":true,"href":"https:\/\/ffyh.unc.edu.ar\/materiales-educativos-abiertos\/wp-json\/wp\/v2\/comments?post=3040"}],"version-history":[{"count":6,"href":"https:\/\/ffyh.unc.edu.ar\/materiales-educativos-abiertos\/wp-json\/wp\/v2\/pages\/3040\/revisions"}],"predecessor-version":[{"id":3179,"href":"https:\/\/ffyh.unc.edu.ar\/materiales-educativos-abiertos\/wp-json\/wp\/v2\/pages\/3040\/revisions\/3179"}],"up":[{"embeddable":true,"href":"https:\/\/ffyh.unc.edu.ar\/materiales-educativos-abiertos\/wp-json\/wp\/v2\/pages\/615"}],"wp:attachment":[{"href":"https:\/\/ffyh.unc.edu.ar\/materiales-educativos-abiertos\/wp-json\/wp\/v2\/media?parent=3040"}],"curies":[{"name":"wp","href":"https:\/\/api.w.org\/{rel}","templated":true}]}}