{"id":402,"date":"2015-07-14T19:44:07","date_gmt":"2015-07-14T19:44:07","guid":{"rendered":"http:\/\/www.ffyh.unc.edu.ar\/materiales-educativos-abiertos\/?page_id=402"},"modified":"2015-07-14T19:44:07","modified_gmt":"2015-07-14T19:44:07","slug":"tips-para-crear-un-material-educativo-abierto","status":"publish","type":"page","link":"https:\/\/ffyh.unc.edu.ar\/materiales-educativos-abiertos\/tips-para-crear-un-material-educativo-abierto\/","title":{"rendered":"Consejos para el dise\u00f1o de un material educativo"},"content":{"rendered":"<h6><a href=\"http:\/\/ffyh.unc.edu.ar\/materiales-educativos-abiertos\/wp-content\/uploads\/sites\/27\/2015\/07\/iconito-2.png\"><img loading=\"lazy\" decoding=\"async\" class=\"wp-image-2109 alignleft\" src=\"http:\/\/ffyh.unc.edu.ar\/materiales-educativos-abiertos\/wp-content\/uploads\/sites\/27\/2015\/07\/iconito-2.png\" alt=\"iconito-2\" width=\"120\" height=\"120\" srcset=\"https:\/\/ffyh.unc.edu.ar\/materiales-educativos-abiertos\/wp-content\/uploads\/sites\/27\/2015\/07\/iconito-2.png 300w, https:\/\/ffyh.unc.edu.ar\/materiales-educativos-abiertos\/wp-content\/uploads\/sites\/27\/2015\/07\/iconito-2-150x150.png 150w\" sizes=\"auto, (max-width: 120px) 100vw, 120px\" \/><\/a><span style=\"color: #3366ff\"><strong><span class=\"su-label su-label-type-info\">Consejos para el dise\u00f1o de un material educativo.\u00a0<\/strong><\/span><\/span><\/h6>\n<p style=\"text-align: justify\">Te aconsejamos una serie de materiales educativos que te proponen algunos lineamientos para la producci\u00f3n de tus propios materiales.<\/p>\n<p>&nbsp;<\/p>\n<p>&nbsp;<\/p>\n<p style=\"text-align: justify\"><div class=\"su-note\"  style=\"border-color:#dedede;border-radius:5px;-moz-border-radius:5px;-webkit-border-radius:5px;\"><div class=\"su-note-inner su-u-clearfix su-u-trim\" style=\"background-color:#f8f8f8;border-color:#ffffff;color:#333333;border-radius:5px;-moz-border-radius:5px;-webkit-border-radius:5px;\">\n<h2><span style=\"color: #3366ff\">Producci\u00f3n de materiales para la ense\u00f1anza<\/span><\/h2>\n<div class=\"simple-item-view-authors\"><strong>Becerra, Pablo; Chervin, Valeria; Uanini, Mar\u00eda Bel\u00e9n; Pereyra, Florencia<\/strong><\/div>\n<p style=\"text-align: justify\">Desde es<a href=\"http:\/\/hdl.handle.net\/11086.1\/751\" target=\"_blank\"><img loading=\"lazy\" decoding=\"async\" class=\"alignright wp-image-2735\" src=\"http:\/\/ffyh.unc.edu.ar\/materiales-educativos-abiertos\/wp-content\/uploads\/sites\/27\/2015\/07\/Guia-ate-e1445034655217.jpg\" alt=\"Guia ate\" width=\"154\" height=\"212\" srcset=\"https:\/\/ffyh.unc.edu.ar\/materiales-educativos-abiertos\/wp-content\/uploads\/sites\/27\/2015\/07\/Guia-ate-e1445034655217.jpg 366w, https:\/\/ffyh.unc.edu.ar\/materiales-educativos-abiertos\/wp-content\/uploads\/sites\/27\/2015\/07\/Guia-ate-e1445034655217-217x300.jpg 217w\" sizes=\"auto, (max-width: 154px) 100vw, 154px\" \/><\/a>ta propuesta, esperamos construir y reflexionar colectivamente sobre los criterios y herramientas para la selecci\u00f3n y producci\u00f3n de materiales educativos adecuados a las propuestas de ense\u00f1anza de\u00a0cada disciplina. En este sentido, abordaremos los materiales atendiendo espec\u00edficamente:<\/p>\n<ul style=\"list-style-type: square\">\n<li>Al reconocimiento de la importancia de diferentes modos de presentaci\u00f3n del contenido en los procesos de comprensi\u00f3n de los estudiantes.<\/li>\n<li>A la comprensi\u00f3n de las limitaciones y potencialidades de los diferentes lenguajes para la producci\u00f3n de materiales.<\/li>\n<li>Al an\u00e1lisis de los materiales educativos propios y producidos por otros, centr\u00e1ndonos en la relaci\u00f3n entre el uso que se realiza de ellos, los contenidos a ense\u00f1ar y los destinatarios de la propuesta.<\/li>\n<li>A la elaboraci\u00f3n de criterios para la selecci\u00f3n y producci\u00f3n de materiales educativos en el marco de la disciplina en la cual se trabaja.<\/li>\n<\/ul>\n<\/div><\/div>\n<p>&nbsp;<\/p>\n<p style=\"text-align: justify\"><div class=\"su-note\"  style=\"border-color:#dedede;border-radius:5px;-moz-border-radius:5px;-webkit-border-radius:5px;\"><div class=\"su-note-inner su-u-clearfix su-u-trim\" style=\"background-color:#f8f8f8;border-color:#ffffff;color:#333333;border-radius:5px;-moz-border-radius:5px;-webkit-border-radius:5px;\">\n<h2 id=\"parent-fieldname-title\" class=\"documentFirstHeading\"><span style=\"color: #3366ff\"><br \/>\nProducci\u00f3n de materiales educativos para la ense\u00f1anza universitaria<\/span><\/h2>\n<p><strong>Prof. Joel Armando;\u00a0<\/strong><strong>Prof. Ver\u00f3nica Pacheco<a href=\"http:\/\/www.ocw.unc.edu.ar\/proed\/produccion-de-materiales-educativos-para-la\" target=\"_blank\"><img loading=\"lazy\" decoding=\"async\" class=\"alignright wp-image-2743\" src=\"http:\/\/www.ffyh.unc.edu.ar\/materiales-educativos-abiertos\/wp-content\/uploads\/2015\/07\/joel-e1445035748273.jpg\" alt=\"joel\" width=\"363\" height=\"164\" \/><\/a><\/strong><\/p>\n<p style=\"text-align: justify\">Este curso tiene como objetivo ofrecer herramientas para que los profesores puedan elaborar materiales para sus c\u00e1tedras acordes con los objetivos de la ense\u00f1anza, los contenidos a\u00a0trabajar y los destinatarios de los mismos. Fundamentalmente se pretende generar un espacio para que profesores de nivel superior puedan reflexionar sobre sus pr\u00e1cticas de ense\u00f1anza en el marco de procesos de producci\u00f3n de materiales para sus asignaturas y producir recursos en ese sentido.<\/p>\n<p style=\"text-align: justify\">La mirada sobre los materiales es fundamentalmente did\u00e1ctica y se recupera a partir de all\u00ed aportes de la psicolog\u00eda y las ciencias de la comunicaci\u00f3n para analizar y elaborar recursos para la ense\u00f1anza.<\/p>\n<p style=\"text-align: justify\">En este sentido propone revisar algunas investigaciones recientes sobre el papel de los diversos lenguajes en los modos de presentar los contenidos, en los procesos de comprensi\u00f3n de los estudiantes y el lugar de las narrativas en la ense\u00f1anza. Sin embargo, la estructura del curso est\u00e1 dada por el proceso de producci\u00f3n de un material educativo y los problemas que desaf\u00edan al profesor en este marco. Por ello, se incorporan tambi\u00e9n algunas discusiones sobre cuestiones t\u00e9cnicas como posibles herramientas para la elaboraci\u00f3n de contenidos, formatos en los que se produce y licencias que se utilizan.\u00a0<\/div><\/div>\n","protected":false},"excerpt":{"rendered":"<p>Te aconsejamos una serie de materiales educativos que te proponen algunos lineamientos para la producci\u00f3n de tus propios materiales. &nbsp; &nbsp; &nbsp;<a class=\"more-link\" href=\"https:\/\/ffyh.unc.edu.ar\/materiales-educativos-abiertos\/tips-para-crear-un-material-educativo-abierto\/\">Read More &rarr;<\/a><\/p>\n","protected":false},"author":22,"featured_media":0,"parent":0,"menu_order":0,"comment_status":"closed","ping_status":"closed","template":"","meta":{"_acf_changed":false,"_bbp_topic_count":0,"_bbp_reply_count":0,"_bbp_total_topic_count":0,"_bbp_total_reply_count":0,"_bbp_voice_count":0,"_bbp_anonymous_reply_count":0,"_bbp_topic_count_hidden":0,"_bbp_reply_count_hidden":0,"_bbp_forum_subforum_count":0,"footnotes":""},"class_list":["entry","page","publish","author-florencia","post-402"],"acf":[],"yoast_head":"<!-- This site is optimized with the Yoast SEO plugin v27.1.1 - https:\/\/yoast.com\/product\/yoast-seo-wordpress\/ -->\n<title>Consejos para el dise\u00f1o de un material educativo - Materiales Educativos Abiertos<\/title>\n<meta name=\"robots\" content=\"index, follow, max-snippet:-1, max-image-preview:large, max-video-preview:-1\" \/>\n<link rel=\"canonical\" href=\"https:\/\/ffyh.unc.edu.ar\/materiales-educativos-abiertos\/tips-para-crear-un-material-educativo-abierto\/\" \/>\n<meta property=\"og:locale\" content=\"es_ES\" \/>\n<meta property=\"og:type\" content=\"article\" \/>\n<meta property=\"og:title\" content=\"Consejos para el dise\u00f1o de un material educativo - Materiales Educativos Abiertos\" \/>\n<meta property=\"og:description\" content=\"Te aconsejamos una serie de materiales educativos que te proponen algunos lineamientos para la producci\u00f3n de tus propios materiales. &nbsp; &nbsp; &nbsp;Read More &rarr;\" \/>\n<meta property=\"og:url\" content=\"https:\/\/ffyh.unc.edu.ar\/materiales-educativos-abiertos\/tips-para-crear-un-material-educativo-abierto\/\" \/>\n<meta property=\"og:site_name\" content=\"Materiales Educativos Abiertos\" \/>\n<meta property=\"og:image\" content=\"http:\/\/ffyh.unc.edu.ar\/materiales-educativos-abiertos\/wp-content\/uploads\/sites\/27\/2015\/07\/iconito-2.png\" \/>\n<meta name=\"twitter:card\" content=\"summary_large_image\" \/>\n<meta name=\"twitter:label1\" content=\"Tiempo de lectura\" \/>\n\t<meta name=\"twitter:data1\" content=\"2 minutos\" \/>\n<script type=\"application\/ld+json\" class=\"yoast-schema-graph\">{\"@context\":\"https:\/\/schema.org\",\"@graph\":[{\"@type\":\"WebPage\",\"@id\":\"https:\/\/ffyh.unc.edu.ar\/materiales-educativos-abiertos\/tips-para-crear-un-material-educativo-abierto\/\",\"url\":\"https:\/\/ffyh.unc.edu.ar\/materiales-educativos-abiertos\/tips-para-crear-un-material-educativo-abierto\/\",\"name\":\"Consejos para el dise\u00f1o de un material educativo - Materiales Educativos Abiertos\",\"isPartOf\":{\"@id\":\"https:\/\/ffyh.unc.edu.ar\/materiales-educativos-abiertos\/#website\"},\"primaryImageOfPage\":{\"@id\":\"https:\/\/ffyh.unc.edu.ar\/materiales-educativos-abiertos\/tips-para-crear-un-material-educativo-abierto\/#primaryimage\"},\"image\":{\"@id\":\"https:\/\/ffyh.unc.edu.ar\/materiales-educativos-abiertos\/tips-para-crear-un-material-educativo-abierto\/#primaryimage\"},\"thumbnailUrl\":\"http:\/\/ffyh.unc.edu.ar\/materiales-educativos-abiertos\/wp-content\/uploads\/sites\/27\/2015\/07\/iconito-2.png\",\"datePublished\":\"2015-07-14T19:44:07+00:00\",\"breadcrumb\":{\"@id\":\"https:\/\/ffyh.unc.edu.ar\/materiales-educativos-abiertos\/tips-para-crear-un-material-educativo-abierto\/#breadcrumb\"},\"inLanguage\":\"es\",\"potentialAction\":[{\"@type\":\"ReadAction\",\"target\":[\"https:\/\/ffyh.unc.edu.ar\/materiales-educativos-abiertos\/tips-para-crear-un-material-educativo-abierto\/\"]}]},{\"@type\":\"ImageObject\",\"inLanguage\":\"es\",\"@id\":\"https:\/\/ffyh.unc.edu.ar\/materiales-educativos-abiertos\/tips-para-crear-un-material-educativo-abierto\/#primaryimage\",\"url\":\"http:\/\/ffyh.unc.edu.ar\/materiales-educativos-abiertos\/wp-content\/uploads\/sites\/27\/2015\/07\/iconito-2.png\",\"contentUrl\":\"http:\/\/ffyh.unc.edu.ar\/materiales-educativos-abiertos\/wp-content\/uploads\/sites\/27\/2015\/07\/iconito-2.png\"},{\"@type\":\"BreadcrumbList\",\"@id\":\"https:\/\/ffyh.unc.edu.ar\/materiales-educativos-abiertos\/tips-para-crear-un-material-educativo-abierto\/#breadcrumb\",\"itemListElement\":[{\"@type\":\"ListItem\",\"position\":1,\"name\":\"Portada\",\"item\":\"https:\/\/ffyh.unc.edu.ar\/materiales-educativos-abiertos\/\"},{\"@type\":\"ListItem\",\"position\":2,\"name\":\"Consejos para el dise\u00f1o de un material educativo\"}]},{\"@type\":\"WebSite\",\"@id\":\"https:\/\/ffyh.unc.edu.ar\/materiales-educativos-abiertos\/#website\",\"url\":\"https:\/\/ffyh.unc.edu.ar\/materiales-educativos-abiertos\/\",\"name\":\"Materiales Educativos Abiertos\",\"description\":\"\",\"potentialAction\":[{\"@type\":\"SearchAction\",\"target\":{\"@type\":\"EntryPoint\",\"urlTemplate\":\"https:\/\/ffyh.unc.edu.ar\/materiales-educativos-abiertos\/?s={search_term_string}\"},\"query-input\":{\"@type\":\"PropertyValueSpecification\",\"valueRequired\":true,\"valueName\":\"search_term_string\"}}],\"inLanguage\":\"es\"}]}<\/script>\n<!-- \/ Yoast SEO plugin. -->","yoast_head_json":{"title":"Consejos para el dise\u00f1o de un material educativo - Materiales Educativos Abiertos","robots":{"index":"index","follow":"follow","max-snippet":"max-snippet:-1","max-image-preview":"max-image-preview:large","max-video-preview":"max-video-preview:-1"},"canonical":"https:\/\/ffyh.unc.edu.ar\/materiales-educativos-abiertos\/tips-para-crear-un-material-educativo-abierto\/","og_locale":"es_ES","og_type":"article","og_title":"Consejos para el dise\u00f1o de un material educativo - Materiales Educativos Abiertos","og_description":"Te aconsejamos una serie de materiales educativos que te proponen algunos lineamientos para la producci\u00f3n de tus propios materiales. &nbsp; &nbsp; &nbsp;Read More &rarr;","og_url":"https:\/\/ffyh.unc.edu.ar\/materiales-educativos-abiertos\/tips-para-crear-un-material-educativo-abierto\/","og_site_name":"Materiales Educativos Abiertos","og_image":[{"url":"http:\/\/ffyh.unc.edu.ar\/materiales-educativos-abiertos\/wp-content\/uploads\/sites\/27\/2015\/07\/iconito-2.png","type":"","width":"","height":""}],"twitter_card":"summary_large_image","twitter_misc":{"Tiempo de lectura":"2 minutos"},"schema":{"@context":"https:\/\/schema.org","@graph":[{"@type":"WebPage","@id":"https:\/\/ffyh.unc.edu.ar\/materiales-educativos-abiertos\/tips-para-crear-un-material-educativo-abierto\/","url":"https:\/\/ffyh.unc.edu.ar\/materiales-educativos-abiertos\/tips-para-crear-un-material-educativo-abierto\/","name":"Consejos para el dise\u00f1o de un material educativo - Materiales Educativos Abiertos","isPartOf":{"@id":"https:\/\/ffyh.unc.edu.ar\/materiales-educativos-abiertos\/#website"},"primaryImageOfPage":{"@id":"https:\/\/ffyh.unc.edu.ar\/materiales-educativos-abiertos\/tips-para-crear-un-material-educativo-abierto\/#primaryimage"},"image":{"@id":"https:\/\/ffyh.unc.edu.ar\/materiales-educativos-abiertos\/tips-para-crear-un-material-educativo-abierto\/#primaryimage"},"thumbnailUrl":"http:\/\/ffyh.unc.edu.ar\/materiales-educativos-abiertos\/wp-content\/uploads\/sites\/27\/2015\/07\/iconito-2.png","datePublished":"2015-07-14T19:44:07+00:00","breadcrumb":{"@id":"https:\/\/ffyh.unc.edu.ar\/materiales-educativos-abiertos\/tips-para-crear-un-material-educativo-abierto\/#breadcrumb"},"inLanguage":"es","potentialAction":[{"@type":"ReadAction","target":["https:\/\/ffyh.unc.edu.ar\/materiales-educativos-abiertos\/tips-para-crear-un-material-educativo-abierto\/"]}]},{"@type":"ImageObject","inLanguage":"es","@id":"https:\/\/ffyh.unc.edu.ar\/materiales-educativos-abiertos\/tips-para-crear-un-material-educativo-abierto\/#primaryimage","url":"http:\/\/ffyh.unc.edu.ar\/materiales-educativos-abiertos\/wp-content\/uploads\/sites\/27\/2015\/07\/iconito-2.png","contentUrl":"http:\/\/ffyh.unc.edu.ar\/materiales-educativos-abiertos\/wp-content\/uploads\/sites\/27\/2015\/07\/iconito-2.png"},{"@type":"BreadcrumbList","@id":"https:\/\/ffyh.unc.edu.ar\/materiales-educativos-abiertos\/tips-para-crear-un-material-educativo-abierto\/#breadcrumb","itemListElement":[{"@type":"ListItem","position":1,"name":"Portada","item":"https:\/\/ffyh.unc.edu.ar\/materiales-educativos-abiertos\/"},{"@type":"ListItem","position":2,"name":"Consejos para el dise\u00f1o de un material educativo"}]},{"@type":"WebSite","@id":"https:\/\/ffyh.unc.edu.ar\/materiales-educativos-abiertos\/#website","url":"https:\/\/ffyh.unc.edu.ar\/materiales-educativos-abiertos\/","name":"Materiales Educativos Abiertos","description":"","potentialAction":[{"@type":"SearchAction","target":{"@type":"EntryPoint","urlTemplate":"https:\/\/ffyh.unc.edu.ar\/materiales-educativos-abiertos\/?s={search_term_string}"},"query-input":{"@type":"PropertyValueSpecification","valueRequired":true,"valueName":"search_term_string"}}],"inLanguage":"es"}]}},"_links":{"self":[{"href":"https:\/\/ffyh.unc.edu.ar\/materiales-educativos-abiertos\/wp-json\/wp\/v2\/pages\/402","targetHints":{"allow":["GET"]}}],"collection":[{"href":"https:\/\/ffyh.unc.edu.ar\/materiales-educativos-abiertos\/wp-json\/wp\/v2\/pages"}],"about":[{"href":"https:\/\/ffyh.unc.edu.ar\/materiales-educativos-abiertos\/wp-json\/wp\/v2\/types\/page"}],"author":[{"embeddable":true,"href":"https:\/\/ffyh.unc.edu.ar\/materiales-educativos-abiertos\/wp-json\/wp\/v2\/users\/22"}],"replies":[{"embeddable":true,"href":"https:\/\/ffyh.unc.edu.ar\/materiales-educativos-abiertos\/wp-json\/wp\/v2\/comments?post=402"}],"version-history":[{"count":0,"href":"https:\/\/ffyh.unc.edu.ar\/materiales-educativos-abiertos\/wp-json\/wp\/v2\/pages\/402\/revisions"}],"wp:attachment":[{"href":"https:\/\/ffyh.unc.edu.ar\/materiales-educativos-abiertos\/wp-json\/wp\/v2\/media?parent=402"}],"curies":[{"name":"wp","href":"https:\/\/api.w.org\/{rel}","templated":true}]}}