{"id":438,"date":"2015-07-19T17:10:22","date_gmt":"2015-07-19T17:10:22","guid":{"rendered":"http:\/\/www.ffyh.unc.edu.ar\/materiales-educativos-abiertos\/?page_id=438"},"modified":"2018-11-13T13:55:29","modified_gmt":"2018-11-13T13:55:29","slug":"dominio-publico-licencias-gplu","status":"publish","type":"page","link":"https:\/\/ffyh.unc.edu.ar\/materiales-educativos-abiertos\/slider\/recursos-para-elaborar-material-educativo-abierto\/dominio-publico-licencias-gplu\/","title":{"rendered":"El Dominio P\u00fablico"},"content":{"rendered":"<h1 style=\"text-align: center\"><span style=\"color: #3366ff\">El Dominio P\u00fablico<\/span><\/h1>\n<span class=\"su-dropcap su-dropcap-style-flat\" style=\"font-size:2.5em\">\u00a0D<\/span><strong>e qui\u00e9n son tus ideas?\u00a0\u00bfSe han hecho esta pregunta?\u00a0<\/strong><\/p>\n<p>Los invitamos escuchar los que nos propone Beatriz Busaniche..<\/p>\n<div align=\"center\"><strong><a id=\"69facfaf3fe75\" rel=\"wp-video-lightbox\" href=\"https:\/\/www.youtube.com\/watch?v=c-0tEvw1i4s&#038;width=640&#038;height=480\" title=\"\"><div class=\"wpvl_auto_thumb_box_wrapper\"><div class=\"wpvl_auto_thumb_box\"><img decoding=\"async\" src=\"https:\/\/img.youtube.com\/vi\/c-0tEvw1i4s\/0.jpg\" class=\"video_lightbox_auto_anchor_image\" alt=\"\" \/><div class=\"wpvl_auto_thumb_play\"><img decoding=\"async\" src=\"https:\/\/ffyh.unc.edu.ar\/materiales-educativos-abiertos\/wp-content\/plugins\/wp-video-lightbox\/images\/play.png\" class=\"wpvl_playbutton\" \/><\/div><\/div><\/div><\/a>    <script>\r\n    \/* <![CDATA[ *\/\r\n    jQuery(document).ready(function($){\r\n        $(function(){\r\n            var width = $(window).innerWidth();\r\n            var setwidth = parseFloat(640);\r\n            var ratio = parseFloat(0.75);\r\n            var height = parseFloat(480);\r\n            var link = 'https:\/\/www.youtube.com\/watch?v=c-0tEvw1i4s&amp;width=640&amp;height=480';\r\n            if(width < setwidth)\r\n            {\r\n                height = Math.floor(width * 0.75);\r\n                \/\/console.log(\"device width \"+width+\", set width \"+640+\", ratio \"+0.75+\", new height \"+ height);\r\n                var new_url = wpvl_paramReplace('width', link, width);\r\n                var new_url = wpvl_paramReplace('height', new_url, height);\r\n                $(\"a#69facfaf3fe75\").attr('href', new_url);\r\n                \/\/console.log(new_url);\r\n            }\r\n        });\r\n    });\r\n    \/* ]]> *\/\r\n    <\/script><\/strong><\/div>\n<div align=\"center\"><\/div>\n<div align=\"center\"><\/div>\n<p>&nbsp;<\/p>\n<p style=\"text-align: justify\"><strong>Dominio P\u00fablico<\/strong> se entiende, de acuerdo a su manifiesto, como: <em>\u00abla riqueza de informaci\u00f3n que est\u00e1 libre de barreras de acceso o de reutilizaci\u00f3n usualmente asociada a la protecci\u00f3n de la propiedad intelectual, ya sea porque est\u00e1 libre de cualquier protecci\u00f3n de derechos o porque los titulares de derechos han decidido eliminar dichas barreras\u00bb.<\/em> \u00c9ste se considera en relaci\u00f3n al derecho de autor, excluyendo el derecho de propiedad industrial. (Manifiesto de Dominio P\u00fablico, 2009).\u00a0<span style=\"line-height: 1.5\">En el \u00a0dominio p\u00fablico se distinguen dos tipos \u00a0de contenidos:<\/span><\/p>\n<p style=\"text-align: justify\"><div class=\"su-spoiler su-spoiler-style-simple su-spoiler-icon-plus su-spoiler-closed\" data-scroll-offset=\"0\" data-anchor-in-url=\"no\"><div class=\"su-spoiler-title\" tabindex=\"0\" role=\"button\"><span class=\"su-spoiler-icon\"><\/span>1. <strong>Obras de autor\u00eda donde el plazo de protecci\u00f3n de los derechos de autor ha expirado<\/strong>.<\/div><div class=\"su-spoiler-content su-u-clearfix su-u-trim\"> La propiedad intelectual establece derechos temporales a los autores. Como explica Pagola (2013), las obras retornan al dominio p\u00fablico una vez que se vence el plazo de cobertura del copyright o derechos patrimoniales. Es otras palabras, cuando la protecci\u00f3n del copyright termina, todas las restricciones legales pierden efecto, sin perjuicio que en algunos pa\u00edses existan derechos morales perpetuos para los autores. <\/div><\/div>\n<p style=\"text-align: justify\"><div class=\"su-spoiler su-spoiler-style-simple su-spoiler-icon-plus su-spoiler-closed\" data-scroll-offset=\"0\" data-anchor-in-url=\"no\"><div class=\"su-spoiler-title\" tabindex=\"0\" role=\"button\"><span class=\"su-spoiler-icon\"><\/span>2. <strong>El procom\u00fan esencial de la informaci\u00f3n que no est\u00e1 cubierto por la propiedad intelectual<\/strong>.<\/div><div class=\"su-spoiler-content su-u-clearfix su-u-trim\">Esto ocurre con los datos, los hechos, las ideas, los procedimientos, los procesos, los sistemas, los m\u00e9todos de operaci\u00f3n, los conceptos, los principios o los descubrimientos, independientemente de la forma c\u00f3mo son descritos, explicados, ilustrados o incrustados en una obra, as\u00ed como las leyes y las decisiones judiciales y administrativas. Este procom\u00fan esencial es muy importante para el funcionamiento de nuestras sociedades. Por ello, no tienen restricciones legales.<\/div><\/div>\n<div class=\"su-button-center\"><a href=\"http:\/\/www.dominiopublico.es\/enlaces.htm\" class=\"su-button su-button-style-3d\" style=\"color:#fff;background-color:#006EC1;border-color:#00589b;border-radius:5px\" target=\"_blank\" rel=\"noopener noreferrer\"><span style=\"color:#fff;padding:0px 16px;font-size:13px;line-height:26px;border-color:#4d9ad4;border-radius:5px;text-shadow:none\"> <strong>Sitios con obras en\u00a0dominio p\u00fablico<\/strong><\/span><\/a><\/div>\n<p style=\"text-align: justify\"><div class=\"su-button-center\"><a href=\"http:\/\/www.ffyh.unc.edu.ar\/materiales-educativos-abiertos\/?page_id=1641\" class=\"su-button su-button-style-3d\" style=\"color:#fff;background-color:#006EC1;border-color:#00589b;border-radius:5px\" target=\"_blank\" rel=\"noopener noreferrer\"><span style=\"color:#fff;padding:0px 16px;font-size:13px;line-height:26px;border-color:#4d9ad4;border-radius:5px;text-shadow:none\"> <strong>\u00bfQu\u00e9 otras fuentes protege el dominio p\u00fablico?<\/strong><\/span><\/a><\/div>\n<p style=\"text-align: justify\"><div class=\"su-button-center\"><a href=\"http:\/\/www.ffyh.unc.edu.ar\/materiales-educativos-abiertos\/?page_id=1645\" class=\"su-button su-button-style-3d\" style=\"color:#fff;background-color:#006EC1;border-color:#00589b;border-radius:5px\" target=\"_blank\" rel=\"noopener noreferrer\"><span style=\"color:#fff;padding:0px 16px;font-size:13px;line-height:26px;border-color:#4d9ad4;border-radius:5px;text-shadow:none\"> <strong>\u00bfC\u00f3mo sabemos si una obra esta en dominio p\u00fablico?<\/strong><\/span><\/a><\/div>\n<p style=\"text-align: justify\"><div class=\"su-button-center\"><a href=\"http:\/\/espaciodetrabajo.com.ar\/autores\/derechos-de-autor\/marco-legal-vigente-en-argentina\/dominio-publico-pagante\/\" class=\"su-button su-button-style-3d\" style=\"color:#fff;background-color:#006EC1;border-color:#00589b;border-radius:5px\" target=\"_blank\" rel=\"noopener noreferrer\"><span style=\"color:#fff;padding:0px 16px;font-size:13px;line-height:26px;border-color:#4d9ad4;border-radius:5px;text-shadow:none\">  <strong>\u00bfCu\u00e1l es las situaci\u00f3n de Argentina respecto del Dominio P\u00fablico?<\/strong><\/span><\/a><\/div>\n<p>&nbsp;<\/p>\n<h6><span class=\"su-label su-label-type-info\">Lectura Sugerida<\/span><\/h6>\n<div class=\"su-note\"  style=\"border-color:#F8F8F8 ;border-radius:5px;-moz-border-radius:5px;-webkit-border-radius:5px;\"><div class=\"su-note-inner su-u-clearfix su-u-trim\" style=\"background-color:#F8F8F8 ;border-color:#F8F8F8 ;color:#333333;border-radius:5px;-moz-border-radius:5px;-webkit-border-radius:5px;\"><a href=\"http:\/\/ffyh.unc.edu.ar\/materiales-educativos-abiertos\/wp-content\/uploads\/sites\/27\/2015\/07\/iconito-6.png\"><img loading=\"lazy\" decoding=\"async\" class=\"wp-image-2121 alignleft\" src=\"http:\/\/ffyh.unc.edu.ar\/materiales-educativos-abiertos\/wp-content\/uploads\/sites\/27\/2015\/07\/iconito-6.png\" alt=\"iconito-6\" width=\"68\" height=\"68\" srcset=\"https:\/\/ffyh.unc.edu.ar\/materiales-educativos-abiertos\/wp-content\/uploads\/sites\/27\/2015\/07\/iconito-6.png 300w, https:\/\/ffyh.unc.edu.ar\/materiales-educativos-abiertos\/wp-content\/uploads\/sites\/27\/2015\/07\/iconito-6-150x150.png 150w\" sizes=\"auto, (max-width: 68px) 100vw, 68px\" \/><\/a><\/p>\n<p>Ampliamos la informaci\u00f3n respecto del Dominio P\u00fablico<a href=\"http:\/\/www.publicdomainmanifesto.org\/spanish\" target=\"_blank\" rel=\"noopener\"><br \/>\nManifiesto del Dominio P\u00fablico<\/a><\/div><\/div>\n<p>&nbsp;<\/p>\n","protected":false},"excerpt":{"rendered":"<p>El Dominio P\u00fablico e qui\u00e9n son tus ideas?\u00a0\u00bfSe han hecho esta pregunta?\u00a0 Los invitamos escuchar los que nos propone Beatriz Busaniche.. &nbsp; Dominio P\u00fablico se entiende, de acuerdo a su manifiesto, como: \u00abla riqueza de informaci\u00f3n que est\u00e1 libre de barreras de acceso o de reutilizaci\u00f3n usualmente asociada a la protecci\u00f3n de la propiedad intelectual, ya sea porque est\u00e1 libre de cualquier protecci\u00f3n de derechos o porque los titulares de derechos han decidido eliminar dichas barreras\u00bb. \u00c9ste se considera en relaci\u00f3n al derecho de autor, excluyendo el derecho de propiedad industrial. (Manifiesto de Dominio P\u00fablico, 2009).\u00a0En el \u00a0dominio p\u00fablico se distinguen dos tipos \u00a0de contenidos:<a class=\"more-link\" href=\"https:\/\/ffyh.unc.edu.ar\/materiales-educativos-abiertos\/slider\/recursos-para-elaborar-material-educativo-abierto\/dominio-publico-licencias-gplu\/\">Read More &rarr;<\/a><\/p>\n","protected":false},"author":22,"featured_media":0,"parent":619,"menu_order":0,"comment_status":"closed","ping_status":"closed","template":"","meta":{"_acf_changed":false,"_bbp_topic_count":0,"_bbp_reply_count":0,"_bbp_total_topic_count":0,"_bbp_total_reply_count":0,"_bbp_voice_count":0,"_bbp_anonymous_reply_count":0,"_bbp_topic_count_hidden":0,"_bbp_reply_count_hidden":0,"_bbp_forum_subforum_count":0,"footnotes":""},"class_list":["entry","page","publish","author-florencia","post-438"],"acf":[],"yoast_head":"<!-- This site is optimized with the Yoast SEO plugin v27.1.1 - https:\/\/yoast.com\/product\/yoast-seo-wordpress\/ -->\n<title>El Dominio P\u00fablico - Materiales Educativos Abiertos<\/title>\n<meta name=\"robots\" content=\"index, follow, max-snippet:-1, max-image-preview:large, max-video-preview:-1\" \/>\n<link rel=\"canonical\" href=\"https:\/\/ffyh.unc.edu.ar\/materiales-educativos-abiertos\/slider\/recursos-para-elaborar-material-educativo-abierto\/dominio-publico-licencias-gplu\/\" \/>\n<meta property=\"og:locale\" content=\"es_ES\" \/>\n<meta property=\"og:type\" content=\"article\" \/>\n<meta property=\"og:title\" content=\"El Dominio P\u00fablico - Materiales Educativos Abiertos\" \/>\n<meta property=\"og:description\" content=\"El Dominio P\u00fablico e qui\u00e9n son tus ideas?\u00a0\u00bfSe han hecho esta pregunta?\u00a0 Los invitamos escuchar los que nos propone Beatriz Busaniche.. &nbsp; Dominio P\u00fablico se entiende, de acuerdo a su manifiesto, como: \u00abla riqueza de informaci\u00f3n que est\u00e1 libre de barreras de acceso o de reutilizaci\u00f3n usualmente asociada a la protecci\u00f3n de la propiedad intelectual, ya sea porque est\u00e1 libre de cualquier protecci\u00f3n de derechos o porque los titulares de derechos han decidido eliminar dichas barreras\u00bb. \u00c9ste se considera en relaci\u00f3n al derecho de autor, excluyendo el derecho de propiedad industrial. (Manifiesto de Dominio P\u00fablico, 2009).\u00a0En el \u00a0dominio p\u00fablico se distinguen dos tipos \u00a0de contenidos:Read More &rarr;\" \/>\n<meta property=\"og:url\" content=\"https:\/\/ffyh.unc.edu.ar\/materiales-educativos-abiertos\/slider\/recursos-para-elaborar-material-educativo-abierto\/dominio-publico-licencias-gplu\/\" \/>\n<meta property=\"og:site_name\" content=\"Materiales Educativos Abiertos\" \/>\n<meta property=\"article:modified_time\" content=\"2018-11-13T13:55:29+00:00\" \/>\n<meta property=\"og:image\" content=\"http:\/\/ffyh.unc.edu.ar\/materiales-educativos-abiertos\/wp-content\/uploads\/sites\/27\/2015\/07\/iconito-6.png\" \/>\n<meta name=\"twitter:card\" content=\"summary_large_image\" \/>\n<meta name=\"twitter:label1\" content=\"Tiempo de lectura\" \/>\n\t<meta name=\"twitter:data1\" content=\"2 minutos\" \/>\n<script type=\"application\/ld+json\" class=\"yoast-schema-graph\">{\"@context\":\"https:\/\/schema.org\",\"@graph\":[{\"@type\":\"WebPage\",\"@id\":\"https:\/\/ffyh.unc.edu.ar\/materiales-educativos-abiertos\/slider\/recursos-para-elaborar-material-educativo-abierto\/dominio-publico-licencias-gplu\/\",\"url\":\"https:\/\/ffyh.unc.edu.ar\/materiales-educativos-abiertos\/slider\/recursos-para-elaborar-material-educativo-abierto\/dominio-publico-licencias-gplu\/\",\"name\":\"El Dominio P\u00fablico - Materiales Educativos Abiertos\",\"isPartOf\":{\"@id\":\"https:\/\/ffyh.unc.edu.ar\/materiales-educativos-abiertos\/#website\"},\"primaryImageOfPage\":{\"@id\":\"https:\/\/ffyh.unc.edu.ar\/materiales-educativos-abiertos\/slider\/recursos-para-elaborar-material-educativo-abierto\/dominio-publico-licencias-gplu\/#primaryimage\"},\"image\":{\"@id\":\"https:\/\/ffyh.unc.edu.ar\/materiales-educativos-abiertos\/slider\/recursos-para-elaborar-material-educativo-abierto\/dominio-publico-licencias-gplu\/#primaryimage\"},\"thumbnailUrl\":\"http:\/\/ffyh.unc.edu.ar\/materiales-educativos-abiertos\/wp-content\/uploads\/sites\/27\/2015\/07\/iconito-6.png\",\"datePublished\":\"2015-07-19T17:10:22+00:00\",\"dateModified\":\"2018-11-13T13:55:29+00:00\",\"breadcrumb\":{\"@id\":\"https:\/\/ffyh.unc.edu.ar\/materiales-educativos-abiertos\/slider\/recursos-para-elaborar-material-educativo-abierto\/dominio-publico-licencias-gplu\/#breadcrumb\"},\"inLanguage\":\"es\",\"potentialAction\":[{\"@type\":\"ReadAction\",\"target\":[\"https:\/\/ffyh.unc.edu.ar\/materiales-educativos-abiertos\/slider\/recursos-para-elaborar-material-educativo-abierto\/dominio-publico-licencias-gplu\/\"]}]},{\"@type\":\"ImageObject\",\"inLanguage\":\"es\",\"@id\":\"https:\/\/ffyh.unc.edu.ar\/materiales-educativos-abiertos\/slider\/recursos-para-elaborar-material-educativo-abierto\/dominio-publico-licencias-gplu\/#primaryimage\",\"url\":\"http:\/\/ffyh.unc.edu.ar\/materiales-educativos-abiertos\/wp-content\/uploads\/sites\/27\/2015\/07\/iconito-6.png\",\"contentUrl\":\"http:\/\/ffyh.unc.edu.ar\/materiales-educativos-abiertos\/wp-content\/uploads\/sites\/27\/2015\/07\/iconito-6.png\"},{\"@type\":\"BreadcrumbList\",\"@id\":\"https:\/\/ffyh.unc.edu.ar\/materiales-educativos-abiertos\/slider\/recursos-para-elaborar-material-educativo-abierto\/dominio-publico-licencias-gplu\/#breadcrumb\",\"itemListElement\":[{\"@type\":\"ListItem\",\"position\":1,\"name\":\"Portada\",\"item\":\"https:\/\/ffyh.unc.edu.ar\/materiales-educativos-abiertos\/\"},{\"@type\":\"ListItem\",\"position\":2,\"name\":\"Inicio\",\"item\":\"https:\/\/ffyh.unc.edu.ar\/materiales-educativos-abiertos\/\"},{\"@type\":\"ListItem\",\"position\":3,\"name\":\"\u00bfQu\u00e9 aspectos considerar cuando se dise\u00f1a un material educativo abierto?\",\"item\":\"https:\/\/ffyh.unc.edu.ar\/materiales-educativos-abiertos\/slider\/recursos-para-elaborar-material-educativo-abierto\/\"},{\"@type\":\"ListItem\",\"position\":4,\"name\":\"El Dominio P\u00fablico\"}]},{\"@type\":\"WebSite\",\"@id\":\"https:\/\/ffyh.unc.edu.ar\/materiales-educativos-abiertos\/#website\",\"url\":\"https:\/\/ffyh.unc.edu.ar\/materiales-educativos-abiertos\/\",\"name\":\"Materiales Educativos Abiertos\",\"description\":\"\",\"potentialAction\":[{\"@type\":\"SearchAction\",\"target\":{\"@type\":\"EntryPoint\",\"urlTemplate\":\"https:\/\/ffyh.unc.edu.ar\/materiales-educativos-abiertos\/?s={search_term_string}\"},\"query-input\":{\"@type\":\"PropertyValueSpecification\",\"valueRequired\":true,\"valueName\":\"search_term_string\"}}],\"inLanguage\":\"es\"}]}<\/script>\n<!-- \/ Yoast SEO plugin. -->","yoast_head_json":{"title":"El Dominio P\u00fablico - Materiales Educativos Abiertos","robots":{"index":"index","follow":"follow","max-snippet":"max-snippet:-1","max-image-preview":"max-image-preview:large","max-video-preview":"max-video-preview:-1"},"canonical":"https:\/\/ffyh.unc.edu.ar\/materiales-educativos-abiertos\/slider\/recursos-para-elaborar-material-educativo-abierto\/dominio-publico-licencias-gplu\/","og_locale":"es_ES","og_type":"article","og_title":"El Dominio P\u00fablico - Materiales Educativos Abiertos","og_description":"El Dominio P\u00fablico e qui\u00e9n son tus ideas?\u00a0\u00bfSe han hecho esta pregunta?\u00a0 Los invitamos escuchar los que nos propone Beatriz Busaniche.. &nbsp; Dominio P\u00fablico se entiende, de acuerdo a su manifiesto, como: \u00abla riqueza de informaci\u00f3n que est\u00e1 libre de barreras de acceso o de reutilizaci\u00f3n usualmente asociada a la protecci\u00f3n de la propiedad intelectual, ya sea porque est\u00e1 libre de cualquier protecci\u00f3n de derechos o porque los titulares de derechos han decidido eliminar dichas barreras\u00bb. \u00c9ste se considera en relaci\u00f3n al derecho de autor, excluyendo el derecho de propiedad industrial. (Manifiesto de Dominio P\u00fablico, 2009).\u00a0En el \u00a0dominio p\u00fablico se distinguen dos tipos \u00a0de contenidos:Read More &rarr;","og_url":"https:\/\/ffyh.unc.edu.ar\/materiales-educativos-abiertos\/slider\/recursos-para-elaborar-material-educativo-abierto\/dominio-publico-licencias-gplu\/","og_site_name":"Materiales Educativos Abiertos","article_modified_time":"2018-11-13T13:55:29+00:00","og_image":[{"url":"http:\/\/ffyh.unc.edu.ar\/materiales-educativos-abiertos\/wp-content\/uploads\/sites\/27\/2015\/07\/iconito-6.png","type":"","width":"","height":""}],"twitter_card":"summary_large_image","twitter_misc":{"Tiempo de lectura":"2 minutos"},"schema":{"@context":"https:\/\/schema.org","@graph":[{"@type":"WebPage","@id":"https:\/\/ffyh.unc.edu.ar\/materiales-educativos-abiertos\/slider\/recursos-para-elaborar-material-educativo-abierto\/dominio-publico-licencias-gplu\/","url":"https:\/\/ffyh.unc.edu.ar\/materiales-educativos-abiertos\/slider\/recursos-para-elaborar-material-educativo-abierto\/dominio-publico-licencias-gplu\/","name":"El Dominio P\u00fablico - Materiales Educativos Abiertos","isPartOf":{"@id":"https:\/\/ffyh.unc.edu.ar\/materiales-educativos-abiertos\/#website"},"primaryImageOfPage":{"@id":"https:\/\/ffyh.unc.edu.ar\/materiales-educativos-abiertos\/slider\/recursos-para-elaborar-material-educativo-abierto\/dominio-publico-licencias-gplu\/#primaryimage"},"image":{"@id":"https:\/\/ffyh.unc.edu.ar\/materiales-educativos-abiertos\/slider\/recursos-para-elaborar-material-educativo-abierto\/dominio-publico-licencias-gplu\/#primaryimage"},"thumbnailUrl":"http:\/\/ffyh.unc.edu.ar\/materiales-educativos-abiertos\/wp-content\/uploads\/sites\/27\/2015\/07\/iconito-6.png","datePublished":"2015-07-19T17:10:22+00:00","dateModified":"2018-11-13T13:55:29+00:00","breadcrumb":{"@id":"https:\/\/ffyh.unc.edu.ar\/materiales-educativos-abiertos\/slider\/recursos-para-elaborar-material-educativo-abierto\/dominio-publico-licencias-gplu\/#breadcrumb"},"inLanguage":"es","potentialAction":[{"@type":"ReadAction","target":["https:\/\/ffyh.unc.edu.ar\/materiales-educativos-abiertos\/slider\/recursos-para-elaborar-material-educativo-abierto\/dominio-publico-licencias-gplu\/"]}]},{"@type":"ImageObject","inLanguage":"es","@id":"https:\/\/ffyh.unc.edu.ar\/materiales-educativos-abiertos\/slider\/recursos-para-elaborar-material-educativo-abierto\/dominio-publico-licencias-gplu\/#primaryimage","url":"http:\/\/ffyh.unc.edu.ar\/materiales-educativos-abiertos\/wp-content\/uploads\/sites\/27\/2015\/07\/iconito-6.png","contentUrl":"http:\/\/ffyh.unc.edu.ar\/materiales-educativos-abiertos\/wp-content\/uploads\/sites\/27\/2015\/07\/iconito-6.png"},{"@type":"BreadcrumbList","@id":"https:\/\/ffyh.unc.edu.ar\/materiales-educativos-abiertos\/slider\/recursos-para-elaborar-material-educativo-abierto\/dominio-publico-licencias-gplu\/#breadcrumb","itemListElement":[{"@type":"ListItem","position":1,"name":"Portada","item":"https:\/\/ffyh.unc.edu.ar\/materiales-educativos-abiertos\/"},{"@type":"ListItem","position":2,"name":"Inicio","item":"https:\/\/ffyh.unc.edu.ar\/materiales-educativos-abiertos\/"},{"@type":"ListItem","position":3,"name":"\u00bfQu\u00e9 aspectos considerar cuando se dise\u00f1a un material educativo abierto?","item":"https:\/\/ffyh.unc.edu.ar\/materiales-educativos-abiertos\/slider\/recursos-para-elaborar-material-educativo-abierto\/"},{"@type":"ListItem","position":4,"name":"El Dominio P\u00fablico"}]},{"@type":"WebSite","@id":"https:\/\/ffyh.unc.edu.ar\/materiales-educativos-abiertos\/#website","url":"https:\/\/ffyh.unc.edu.ar\/materiales-educativos-abiertos\/","name":"Materiales Educativos Abiertos","description":"","potentialAction":[{"@type":"SearchAction","target":{"@type":"EntryPoint","urlTemplate":"https:\/\/ffyh.unc.edu.ar\/materiales-educativos-abiertos\/?s={search_term_string}"},"query-input":{"@type":"PropertyValueSpecification","valueRequired":true,"valueName":"search_term_string"}}],"inLanguage":"es"}]}},"_links":{"self":[{"href":"https:\/\/ffyh.unc.edu.ar\/materiales-educativos-abiertos\/wp-json\/wp\/v2\/pages\/438","targetHints":{"allow":["GET"]}}],"collection":[{"href":"https:\/\/ffyh.unc.edu.ar\/materiales-educativos-abiertos\/wp-json\/wp\/v2\/pages"}],"about":[{"href":"https:\/\/ffyh.unc.edu.ar\/materiales-educativos-abiertos\/wp-json\/wp\/v2\/types\/page"}],"author":[{"embeddable":true,"href":"https:\/\/ffyh.unc.edu.ar\/materiales-educativos-abiertos\/wp-json\/wp\/v2\/users\/22"}],"replies":[{"embeddable":true,"href":"https:\/\/ffyh.unc.edu.ar\/materiales-educativos-abiertos\/wp-json\/wp\/v2\/comments?post=438"}],"version-history":[{"count":15,"href":"https:\/\/ffyh.unc.edu.ar\/materiales-educativos-abiertos\/wp-json\/wp\/v2\/pages\/438\/revisions"}],"predecessor-version":[{"id":3170,"href":"https:\/\/ffyh.unc.edu.ar\/materiales-educativos-abiertos\/wp-json\/wp\/v2\/pages\/438\/revisions\/3170"}],"up":[{"embeddable":true,"href":"https:\/\/ffyh.unc.edu.ar\/materiales-educativos-abiertos\/wp-json\/wp\/v2\/pages\/619"}],"wp:attachment":[{"href":"https:\/\/ffyh.unc.edu.ar\/materiales-educativos-abiertos\/wp-json\/wp\/v2\/media?parent=438"}],"curies":[{"name":"wp","href":"https:\/\/api.w.org\/{rel}","templated":true}]}}