{"id":467,"date":"2015-07-19T21:58:15","date_gmt":"2015-07-19T21:58:15","guid":{"rendered":"http:\/\/www.ffyh.unc.edu.ar\/materiales-educativos-abiertos\/?page_id=467"},"modified":"2017-12-19T19:45:59","modified_gmt":"2017-12-19T19:45:59","slug":"las-licencias-creative-commons","status":"publish","type":"page","link":"https:\/\/ffyh.unc.edu.ar\/materiales-educativos-abiertos\/slider\/recursos-para-elaborar-material-educativo-abierto\/las-licencias-creative-commons\/","title":{"rendered":"Las \u00ablicencias libres\u00bb como alternativa"},"content":{"rendered":"<h1 style=\"text-align: center\"><span style=\"color: #0000ff\">Las \u00ablicencias libres\u00bb como alternativa<\/span><\/h1>\n<p style=\"text-align: right\"><em>\u201cCompartir es bueno y debe ser legal\u201d <\/em><\/p>\n<p style=\"text-align: right\">\u00a0Richard Stallman.<\/p>\n<p style=\"text-align: justify\"><span class=\"su-dropcap su-dropcap-style-flat\" style=\"font-size:2.5em\">L<\/span>as licencias libres son herramientas que permiten construir y contribuir con\u00a0<span style=\"line-height: 1.5\">una cultura m\u00e1s libre ya que flexibilizan la legislaci\u00f3n de derecho de autor actual.\u00a0<\/span><span style=\"line-height: 1.5\">De todas maneras, las licencias libres, no son una soluci\u00f3n definitiva, sino un camino de transici\u00f3n a los desaf\u00edos y tensiones que implica el derecho de autor. <\/span><span style=\"line-height: 1.5\">Si podemos decir, que difundir y fomentar su uso es un gran paso. (Fossatti, 2013)<\/span><\/p>\n<div align=\"center\"><strong><a id=\"69f8cb0eaa7e8\" rel=\"wp-video-lightbox\" href=\"https:\/\/www.youtube.com\/watch?v=2LyXQSkszOI&#038;width=640&#038;height=480\" title=\"\"><div class=\"wpvl_auto_thumb_box_wrapper\"><div class=\"wpvl_auto_thumb_box\"><img decoding=\"async\" src=\"https:\/\/img.youtube.com\/vi\/2LyXQSkszOI\/0.jpg\" class=\"video_lightbox_auto_anchor_image\" alt=\"\" \/><div class=\"wpvl_auto_thumb_play\"><img decoding=\"async\" src=\"https:\/\/ffyh.unc.edu.ar\/materiales-educativos-abiertos\/wp-content\/plugins\/wp-video-lightbox\/images\/play.png\" class=\"wpvl_playbutton\" \/><\/div><\/div><\/div><\/a>    <script>\r\n    \/* <![CDATA[ *\/\r\n    jQuery(document).ready(function($){\r\n        $(function(){\r\n            var width = $(window).innerWidth();\r\n            var setwidth = parseFloat(640);\r\n            var ratio = parseFloat(0.75);\r\n            var height = parseFloat(480);\r\n            var link = 'https:\/\/www.youtube.com\/watch?v=2LyXQSkszOI&amp;width=640&amp;height=480';\r\n            if(width < setwidth)\r\n            {\r\n                height = Math.floor(width * 0.75);\r\n                \/\/console.log(\"device width \"+width+\", set width \"+640+\", ratio \"+0.75+\", new height \"+ height);\r\n                var new_url = wpvl_paramReplace('width', link, width);\r\n                var new_url = wpvl_paramReplace('height', new_url, height);\r\n                $(\"a#69f8cb0eaa7e8\").attr('href', new_url);\r\n                \/\/console.log(new_url);\r\n            }\r\n        });\r\n    });\r\n    \/* ]]> *\/\r\n    <\/script><\/strong><\/div>\n<p style=\"text-align: justify\"><span style=\"line-height: 1.5\">P<\/span>ara que compartir sea legal, seg\u00fan Stallman, activista de Software libre, es necesario reformar la legislaci\u00f3n del derecho de autor, que permita, entre otras cosas, una reducci\u00f3n del tiempo de monopolio exclusivo para que una obra pase al dominio p\u00fablico y que se legalice el compartir, \u00a0lo cual incluye sacar fotocopias o enviar archivos por Internet. Asimismo, legalizar la remezcla, siempre y cuando la combinaci\u00f3n de diversos obras de origen \u00a0una obra totalmente nueva.<\/p>\n<p style=\"text-align: justify\"><div class=\"su-spoiler su-spoiler-style-simple su-spoiler-icon-plus su-spoiler-closed\" data-scroll-offset=\"0\" data-anchor-in-url=\"no\"><div class=\"su-spoiler-title\" tabindex=\"0\" role=\"button\"><span class=\"su-spoiler-icon\"><\/span><strong> \u00bfQu\u00e9 son las Licencias Libres?<\/strong><\/div><div class=\"su-spoiler-content su-u-clearfix su-u-trim\"> Son instrumentos legales estandarizados que permiten al autor conceder permisos. \u00c9stos indican las condiciones de acceso, uso, modificaci\u00f3n, reutilizaci\u00f3n o distribuci\u00f3n de la obra creativa; aplicables a sonido, texto, imagen, multimedia etc.<a href=\"http:\/\/ffyh.unc.edu.ar\/materiales-educativos-abiertos\/wp-content\/uploads\/sites\/27\/2015\/07\/5056548159_72d04cab18_m.jpg\"><img loading=\"lazy\" decoding=\"async\" class=\"size-full wp-image-2065 alignright\" src=\"http:\/\/ffyh.unc.edu.ar\/materiales-educativos-abiertos\/wp-content\/uploads\/sites\/27\/2015\/07\/5056548159_72d04cab18_m.jpg\" alt=\"5056548159_72d04cab18_m\" width=\"240\" height=\"180\" \/><\/a><\/p>\n<p style=\"text-align: justify\"><span style=\"color: #3366ff;font-size: 16px\"><strong>Algunas licencias libres:<\/strong><\/span><\/p>\n<p style=\"text-align: justify\"><div class=\"su-button-center\"><a href=\"http:\/\/www.ffyh.unc.edu.ar\/materiales-educativos-abiertos\/?page_id=1238\" class=\"su-button su-button-style-3d\" style=\"color:#fff;background-color:#006EC1;border-color:#00589b;border-radius:5px\" target=\"_blank\" rel=\"noopener noreferrer\"><span style=\"color:#fff;padding:0px 16px;font-size:13px;line-height:26px;border-color:#4d9ad4;border-radius:5px;text-shadow:none\"> <b>Copyleft<\/b><\/span><\/a><\/div>\n<p style=\"text-align: justify\"><div class=\"su-button-center\"><a href=\"http:\/\/www.ffyh.unc.edu.ar\/materiales-educativos-abiertos\/?page_id=99\" class=\"su-button su-button-style-3d\" style=\"color:#fff;background-color:#006EC1;border-color:#00589b;border-radius:5px\" target=\"_blank\" rel=\"noopener noreferrer\"><span style=\"color:#fff;padding:0px 16px;font-size:13px;line-height:26px;border-color:#4d9ad4;border-radius:5px;text-shadow:none\"> <strong>Las Licencias de Creative Commons<\/strong><\/span><\/a><\/div>\n<\/div><\/div>\n<p>&nbsp;<\/p>\n<h6><span class=\"su-label su-label-type-info\">Investiga en la web<\/span><\/h6>\n<p style=\"text-align: justify\"><div class=\"su-note\"  style=\"border-color:#F8F8F8 ;border-radius:5px;-moz-border-radius:5px;-webkit-border-radius:5px;\"><div class=\"su-note-inner su-u-clearfix su-u-trim\" style=\"background-color:#F8F8F8 ;border-color:#F8F8F8 ;color:#333333;border-radius:5px;-moz-border-radius:5px;-webkit-border-radius:5px;\"> <a href=\"http:\/\/ffyh.unc.edu.ar\/materiales-educativos-abiertos\/wp-content\/uploads\/sites\/27\/2015\/07\/iconito-5.png\"><img loading=\"lazy\" decoding=\"async\" class=\"wp-image-2112 alignleft\" src=\"http:\/\/ffyh.unc.edu.ar\/materiales-educativos-abiertos\/wp-content\/uploads\/sites\/27\/2015\/07\/iconito-5.png\" alt=\"iconito-5\" width=\"78\" height=\"78\" srcset=\"https:\/\/ffyh.unc.edu.ar\/materiales-educativos-abiertos\/wp-content\/uploads\/sites\/27\/2015\/07\/iconito-5.png 300w, https:\/\/ffyh.unc.edu.ar\/materiales-educativos-abiertos\/wp-content\/uploads\/sites\/27\/2015\/07\/iconito-5-150x150.png 150w\" sizes=\"auto, (max-width: 78px) 100vw, 78px\" \/><\/a>En este apartado te mencionamos dos de las licencias libres, pero existen m\u00e1s opciones. Los invitamos a que indaguen sobre ellas y qu\u00e9 \u00e1reas de conocimiento atienden&#8230;<\/div><\/div>\n<p style=\"text-align: justify\"><div class=\"su-expand su-expand-collapsed su-expand-link-style-dashed\" data-height=\"20\"><div class=\"su-expand-content su-u-trim\" style=\"color:#333333;max-height:20px;overflow:hidden\"> <span style=\"font-size: 16px\"><strong><span style=\"color: #3366ff;font-family: georgia, palatino, serif\"><em>Sab\u00edas qu\u00e9? <\/em><\/span><\/strong><\/span><\/p>\n<p style=\"text-align: justify\">El Internet se creo como una red libre, abierta y distribuida en su dise\u00f1o t\u00e9cnico original, convirti\u00e9ndose en un medio interactivo de comunicaci\u00f3n de \u201cmuchos a muchos\u201d. Esto implica nuevas din\u00e1micas de producci\u00f3n y distribuci\u00f3n de conocimiento y cultura.(Fossatti, 2013)<\/p>\n<p style=\"text-align: justify\">La l\u00f3gica de funcionamiento de la web posibilita un intercambio, en donde no son necesarios los intermediarios de la industria cultural o entidad de gesti\u00f3n de derechos de autor. Esto ocurre porque Internet es un dispositivo de la copia m\u00e1s grande del mundo. Como explica Fossatti (2013), con el simple hecho de compartir un enlace ya estamos copiando y distribuyendo una informaci\u00f3n, sin el permiso del autor del contenido. Este h\u00e1bito naturalizado es ilegal en el mundo anal\u00f3gico y en la industria cultural tradicional, mientras que en la web para poder leer estamos obligados a hacer una copia.<\/p>\n<p style=\"text-align: justify\">El copyright esta basado en el control de las copias, \u00a0donde se determina cuantas copias se hacen, quien y cu\u00e1ndo puedo hacerlas. Claramente el copyright, en la l\u00f3gica del Internet,\u00a0es imposible, pues permanentemente estamos infringiendo la ley.<\/div><div class=\"su-expand-link su-expand-link-more\" style=\"text-align:left\"><a href=\"javascript:;\" style=\"color:#0088FF;border-color:#0088FF\"><i class=\"sui sui-arrow-circle-o-right\" style=\"\" aria-label=\"\"><\/i><span style=\"border-color:#0088FF\">Leer m\u00e1s<\/span><\/a><\/div><div class=\"su-expand-link su-expand-link-less\" style=\"text-align:left\"><a href=\"javascript:;\" style=\"color:#0088FF;border-color:#0088FF\"><span style=\"border-color:#0088FF\">Menos texto<\/span><\/a><\/div><\/div>\n","protected":false},"excerpt":{"rendered":"<p>Las \u00ablicencias libres\u00bb como alternativa \u201cCompartir es bueno y debe ser legal\u201d \u00a0Richard Stallman. as licencias libres son herramientas que permiten construir y contribuir con\u00a0una cultura m\u00e1s libre ya que flexibilizan la legislaci\u00f3n de derecho de autor actual.\u00a0De todas maneras, las licencias libres, no son una soluci\u00f3n definitiva, sino un camino de transici\u00f3n a los desaf\u00edos y tensiones que implica el derecho de autor. Si podemos decir, que difundir y fomentar su uso es un gran paso. (Fossatti, 2013) Para que compartir sea legal, seg\u00fan Stallman, activista de Software libre, es necesario reformar la legislaci\u00f3n del derecho de autor, que permita, entre otras cosas, una<a class=\"more-link\" href=\"https:\/\/ffyh.unc.edu.ar\/materiales-educativos-abiertos\/slider\/recursos-para-elaborar-material-educativo-abierto\/las-licencias-creative-commons\/\">Read More &rarr;<\/a><\/p>\n","protected":false},"author":22,"featured_media":0,"parent":619,"menu_order":0,"comment_status":"closed","ping_status":"closed","template":"","meta":{"_acf_changed":false,"_bbp_topic_count":0,"_bbp_reply_count":0,"_bbp_total_topic_count":0,"_bbp_total_reply_count":0,"_bbp_voice_count":0,"_bbp_anonymous_reply_count":0,"_bbp_topic_count_hidden":0,"_bbp_reply_count_hidden":0,"_bbp_forum_subforum_count":0,"footnotes":""},"class_list":["entry","page","publish","author-florencia","post-467"],"acf":[],"yoast_head":"<!-- This site is optimized with the Yoast SEO plugin v27.1.1 - https:\/\/yoast.com\/product\/yoast-seo-wordpress\/ -->\n<title>Las &quot;licencias libres&quot; como alternativa - Materiales Educativos Abiertos<\/title>\n<meta name=\"robots\" content=\"index, follow, max-snippet:-1, max-image-preview:large, max-video-preview:-1\" \/>\n<link rel=\"canonical\" href=\"https:\/\/ffyh.unc.edu.ar\/materiales-educativos-abiertos\/slider\/recursos-para-elaborar-material-educativo-abierto\/las-licencias-creative-commons\/\" \/>\n<meta property=\"og:locale\" content=\"es_ES\" \/>\n<meta property=\"og:type\" content=\"article\" \/>\n<meta property=\"og:title\" content=\"Las &quot;licencias libres&quot; como alternativa - Materiales Educativos Abiertos\" \/>\n<meta property=\"og:description\" content=\"Las \u00ablicencias libres\u00bb como alternativa \u201cCompartir es bueno y debe ser legal\u201d \u00a0Richard Stallman. as licencias libres son herramientas que permiten construir y contribuir con\u00a0una cultura m\u00e1s libre ya que flexibilizan la legislaci\u00f3n de derecho de autor actual.\u00a0De todas maneras, las licencias libres, no son una soluci\u00f3n definitiva, sino un camino de transici\u00f3n a los desaf\u00edos y tensiones que implica el derecho de autor. Si podemos decir, que difundir y fomentar su uso es un gran paso. (Fossatti, 2013) Para que compartir sea legal, seg\u00fan Stallman, activista de Software libre, es necesario reformar la legislaci\u00f3n del derecho de autor, que permita, entre otras cosas, unaRead More &rarr;\" \/>\n<meta property=\"og:url\" content=\"https:\/\/ffyh.unc.edu.ar\/materiales-educativos-abiertos\/slider\/recursos-para-elaborar-material-educativo-abierto\/las-licencias-creative-commons\/\" \/>\n<meta property=\"og:site_name\" content=\"Materiales Educativos Abiertos\" \/>\n<meta property=\"article:modified_time\" content=\"2017-12-19T19:45:59+00:00\" \/>\n<meta property=\"og:image\" content=\"http:\/\/ffyh.unc.edu.ar\/materiales-educativos-abiertos\/wp-content\/uploads\/sites\/27\/2015\/07\/5056548159_72d04cab18_m.jpg\" \/>\n<meta name=\"twitter:card\" content=\"summary_large_image\" \/>\n<meta name=\"twitter:label1\" content=\"Tiempo de lectura\" \/>\n\t<meta name=\"twitter:data1\" content=\"3 minutos\" \/>\n<script type=\"application\/ld+json\" class=\"yoast-schema-graph\">{\"@context\":\"https:\/\/schema.org\",\"@graph\":[{\"@type\":\"WebPage\",\"@id\":\"https:\/\/ffyh.unc.edu.ar\/materiales-educativos-abiertos\/slider\/recursos-para-elaborar-material-educativo-abierto\/las-licencias-creative-commons\/\",\"url\":\"https:\/\/ffyh.unc.edu.ar\/materiales-educativos-abiertos\/slider\/recursos-para-elaborar-material-educativo-abierto\/las-licencias-creative-commons\/\",\"name\":\"Las \\\"licencias libres\\\" como alternativa - Materiales Educativos Abiertos\",\"isPartOf\":{\"@id\":\"https:\/\/ffyh.unc.edu.ar\/materiales-educativos-abiertos\/#website\"},\"primaryImageOfPage\":{\"@id\":\"https:\/\/ffyh.unc.edu.ar\/materiales-educativos-abiertos\/slider\/recursos-para-elaborar-material-educativo-abierto\/las-licencias-creative-commons\/#primaryimage\"},\"image\":{\"@id\":\"https:\/\/ffyh.unc.edu.ar\/materiales-educativos-abiertos\/slider\/recursos-para-elaborar-material-educativo-abierto\/las-licencias-creative-commons\/#primaryimage\"},\"thumbnailUrl\":\"http:\/\/ffyh.unc.edu.ar\/materiales-educativos-abiertos\/wp-content\/uploads\/sites\/27\/2015\/07\/5056548159_72d04cab18_m.jpg\",\"datePublished\":\"2015-07-19T21:58:15+00:00\",\"dateModified\":\"2017-12-19T19:45:59+00:00\",\"breadcrumb\":{\"@id\":\"https:\/\/ffyh.unc.edu.ar\/materiales-educativos-abiertos\/slider\/recursos-para-elaborar-material-educativo-abierto\/las-licencias-creative-commons\/#breadcrumb\"},\"inLanguage\":\"es\",\"potentialAction\":[{\"@type\":\"ReadAction\",\"target\":[\"https:\/\/ffyh.unc.edu.ar\/materiales-educativos-abiertos\/slider\/recursos-para-elaborar-material-educativo-abierto\/las-licencias-creative-commons\/\"]}]},{\"@type\":\"ImageObject\",\"inLanguage\":\"es\",\"@id\":\"https:\/\/ffyh.unc.edu.ar\/materiales-educativos-abiertos\/slider\/recursos-para-elaborar-material-educativo-abierto\/las-licencias-creative-commons\/#primaryimage\",\"url\":\"http:\/\/ffyh.unc.edu.ar\/materiales-educativos-abiertos\/wp-content\/uploads\/sites\/27\/2015\/07\/5056548159_72d04cab18_m.jpg\",\"contentUrl\":\"http:\/\/ffyh.unc.edu.ar\/materiales-educativos-abiertos\/wp-content\/uploads\/sites\/27\/2015\/07\/5056548159_72d04cab18_m.jpg\"},{\"@type\":\"BreadcrumbList\",\"@id\":\"https:\/\/ffyh.unc.edu.ar\/materiales-educativos-abiertos\/slider\/recursos-para-elaborar-material-educativo-abierto\/las-licencias-creative-commons\/#breadcrumb\",\"itemListElement\":[{\"@type\":\"ListItem\",\"position\":1,\"name\":\"Portada\",\"item\":\"https:\/\/ffyh.unc.edu.ar\/materiales-educativos-abiertos\/\"},{\"@type\":\"ListItem\",\"position\":2,\"name\":\"Inicio\",\"item\":\"https:\/\/ffyh.unc.edu.ar\/materiales-educativos-abiertos\/\"},{\"@type\":\"ListItem\",\"position\":3,\"name\":\"\u00bfQu\u00e9 aspectos considerar cuando se dise\u00f1a un material educativo abierto?\",\"item\":\"https:\/\/ffyh.unc.edu.ar\/materiales-educativos-abiertos\/slider\/recursos-para-elaborar-material-educativo-abierto\/\"},{\"@type\":\"ListItem\",\"position\":4,\"name\":\"Las \u00ablicencias libres\u00bb como alternativa\"}]},{\"@type\":\"WebSite\",\"@id\":\"https:\/\/ffyh.unc.edu.ar\/materiales-educativos-abiertos\/#website\",\"url\":\"https:\/\/ffyh.unc.edu.ar\/materiales-educativos-abiertos\/\",\"name\":\"Materiales Educativos Abiertos\",\"description\":\"\",\"potentialAction\":[{\"@type\":\"SearchAction\",\"target\":{\"@type\":\"EntryPoint\",\"urlTemplate\":\"https:\/\/ffyh.unc.edu.ar\/materiales-educativos-abiertos\/?s={search_term_string}\"},\"query-input\":{\"@type\":\"PropertyValueSpecification\",\"valueRequired\":true,\"valueName\":\"search_term_string\"}}],\"inLanguage\":\"es\"}]}<\/script>\n<!-- \/ Yoast SEO plugin. -->","yoast_head_json":{"title":"Las \"licencias libres\" como alternativa - Materiales Educativos Abiertos","robots":{"index":"index","follow":"follow","max-snippet":"max-snippet:-1","max-image-preview":"max-image-preview:large","max-video-preview":"max-video-preview:-1"},"canonical":"https:\/\/ffyh.unc.edu.ar\/materiales-educativos-abiertos\/slider\/recursos-para-elaborar-material-educativo-abierto\/las-licencias-creative-commons\/","og_locale":"es_ES","og_type":"article","og_title":"Las \"licencias libres\" como alternativa - Materiales Educativos Abiertos","og_description":"Las \u00ablicencias libres\u00bb como alternativa \u201cCompartir es bueno y debe ser legal\u201d \u00a0Richard Stallman. as licencias libres son herramientas que permiten construir y contribuir con\u00a0una cultura m\u00e1s libre ya que flexibilizan la legislaci\u00f3n de derecho de autor actual.\u00a0De todas maneras, las licencias libres, no son una soluci\u00f3n definitiva, sino un camino de transici\u00f3n a los desaf\u00edos y tensiones que implica el derecho de autor. Si podemos decir, que difundir y fomentar su uso es un gran paso. (Fossatti, 2013) Para que compartir sea legal, seg\u00fan Stallman, activista de Software libre, es necesario reformar la legislaci\u00f3n del derecho de autor, que permita, entre otras cosas, unaRead More &rarr;","og_url":"https:\/\/ffyh.unc.edu.ar\/materiales-educativos-abiertos\/slider\/recursos-para-elaborar-material-educativo-abierto\/las-licencias-creative-commons\/","og_site_name":"Materiales Educativos Abiertos","article_modified_time":"2017-12-19T19:45:59+00:00","og_image":[{"url":"http:\/\/ffyh.unc.edu.ar\/materiales-educativos-abiertos\/wp-content\/uploads\/sites\/27\/2015\/07\/5056548159_72d04cab18_m.jpg","type":"","width":"","height":""}],"twitter_card":"summary_large_image","twitter_misc":{"Tiempo de lectura":"3 minutos"},"schema":{"@context":"https:\/\/schema.org","@graph":[{"@type":"WebPage","@id":"https:\/\/ffyh.unc.edu.ar\/materiales-educativos-abiertos\/slider\/recursos-para-elaborar-material-educativo-abierto\/las-licencias-creative-commons\/","url":"https:\/\/ffyh.unc.edu.ar\/materiales-educativos-abiertos\/slider\/recursos-para-elaborar-material-educativo-abierto\/las-licencias-creative-commons\/","name":"Las \"licencias libres\" como alternativa - Materiales Educativos Abiertos","isPartOf":{"@id":"https:\/\/ffyh.unc.edu.ar\/materiales-educativos-abiertos\/#website"},"primaryImageOfPage":{"@id":"https:\/\/ffyh.unc.edu.ar\/materiales-educativos-abiertos\/slider\/recursos-para-elaborar-material-educativo-abierto\/las-licencias-creative-commons\/#primaryimage"},"image":{"@id":"https:\/\/ffyh.unc.edu.ar\/materiales-educativos-abiertos\/slider\/recursos-para-elaborar-material-educativo-abierto\/las-licencias-creative-commons\/#primaryimage"},"thumbnailUrl":"http:\/\/ffyh.unc.edu.ar\/materiales-educativos-abiertos\/wp-content\/uploads\/sites\/27\/2015\/07\/5056548159_72d04cab18_m.jpg","datePublished":"2015-07-19T21:58:15+00:00","dateModified":"2017-12-19T19:45:59+00:00","breadcrumb":{"@id":"https:\/\/ffyh.unc.edu.ar\/materiales-educativos-abiertos\/slider\/recursos-para-elaborar-material-educativo-abierto\/las-licencias-creative-commons\/#breadcrumb"},"inLanguage":"es","potentialAction":[{"@type":"ReadAction","target":["https:\/\/ffyh.unc.edu.ar\/materiales-educativos-abiertos\/slider\/recursos-para-elaborar-material-educativo-abierto\/las-licencias-creative-commons\/"]}]},{"@type":"ImageObject","inLanguage":"es","@id":"https:\/\/ffyh.unc.edu.ar\/materiales-educativos-abiertos\/slider\/recursos-para-elaborar-material-educativo-abierto\/las-licencias-creative-commons\/#primaryimage","url":"http:\/\/ffyh.unc.edu.ar\/materiales-educativos-abiertos\/wp-content\/uploads\/sites\/27\/2015\/07\/5056548159_72d04cab18_m.jpg","contentUrl":"http:\/\/ffyh.unc.edu.ar\/materiales-educativos-abiertos\/wp-content\/uploads\/sites\/27\/2015\/07\/5056548159_72d04cab18_m.jpg"},{"@type":"BreadcrumbList","@id":"https:\/\/ffyh.unc.edu.ar\/materiales-educativos-abiertos\/slider\/recursos-para-elaborar-material-educativo-abierto\/las-licencias-creative-commons\/#breadcrumb","itemListElement":[{"@type":"ListItem","position":1,"name":"Portada","item":"https:\/\/ffyh.unc.edu.ar\/materiales-educativos-abiertos\/"},{"@type":"ListItem","position":2,"name":"Inicio","item":"https:\/\/ffyh.unc.edu.ar\/materiales-educativos-abiertos\/"},{"@type":"ListItem","position":3,"name":"\u00bfQu\u00e9 aspectos considerar cuando se dise\u00f1a un material educativo abierto?","item":"https:\/\/ffyh.unc.edu.ar\/materiales-educativos-abiertos\/slider\/recursos-para-elaborar-material-educativo-abierto\/"},{"@type":"ListItem","position":4,"name":"Las \u00ablicencias libres\u00bb como alternativa"}]},{"@type":"WebSite","@id":"https:\/\/ffyh.unc.edu.ar\/materiales-educativos-abiertos\/#website","url":"https:\/\/ffyh.unc.edu.ar\/materiales-educativos-abiertos\/","name":"Materiales Educativos Abiertos","description":"","potentialAction":[{"@type":"SearchAction","target":{"@type":"EntryPoint","urlTemplate":"https:\/\/ffyh.unc.edu.ar\/materiales-educativos-abiertos\/?s={search_term_string}"},"query-input":{"@type":"PropertyValueSpecification","valueRequired":true,"valueName":"search_term_string"}}],"inLanguage":"es"}]}},"_links":{"self":[{"href":"https:\/\/ffyh.unc.edu.ar\/materiales-educativos-abiertos\/wp-json\/wp\/v2\/pages\/467","targetHints":{"allow":["GET"]}}],"collection":[{"href":"https:\/\/ffyh.unc.edu.ar\/materiales-educativos-abiertos\/wp-json\/wp\/v2\/pages"}],"about":[{"href":"https:\/\/ffyh.unc.edu.ar\/materiales-educativos-abiertos\/wp-json\/wp\/v2\/types\/page"}],"author":[{"embeddable":true,"href":"https:\/\/ffyh.unc.edu.ar\/materiales-educativos-abiertos\/wp-json\/wp\/v2\/users\/22"}],"replies":[{"embeddable":true,"href":"https:\/\/ffyh.unc.edu.ar\/materiales-educativos-abiertos\/wp-json\/wp\/v2\/comments?post=467"}],"version-history":[{"count":2,"href":"https:\/\/ffyh.unc.edu.ar\/materiales-educativos-abiertos\/wp-json\/wp\/v2\/pages\/467\/revisions"}],"predecessor-version":[{"id":3112,"href":"https:\/\/ffyh.unc.edu.ar\/materiales-educativos-abiertos\/wp-json\/wp\/v2\/pages\/467\/revisions\/3112"}],"up":[{"embeddable":true,"href":"https:\/\/ffyh.unc.edu.ar\/materiales-educativos-abiertos\/wp-json\/wp\/v2\/pages\/619"}],"wp:attachment":[{"href":"https:\/\/ffyh.unc.edu.ar\/materiales-educativos-abiertos\/wp-json\/wp\/v2\/media?parent=467"}],"curies":[{"name":"wp","href":"https:\/\/api.w.org\/{rel}","templated":true}]}}