{"id":493,"date":"2015-07-20T00:32:04","date_gmt":"2015-07-20T00:32:04","guid":{"rendered":"http:\/\/www.ffyh.unc.edu.ar\/materiales-educativos-abiertos\/?page_id=493"},"modified":"2017-12-21T14:18:16","modified_gmt":"2017-12-21T14:18:16","slug":"condiciones-de-uso-de-las-licencias-cc","status":"publish","type":"page","link":"https:\/\/ffyh.unc.edu.ar\/materiales-educativos-abiertos\/slider\/recursos-para-elaborar-material-educativo-abierto\/las-licencias-creative-commons\/condiciones-de-las-licencias-cc\/condiciones-de-uso-de-las-licencias-cc\/","title":{"rendered":"Condiciones de uso de las licencias Creative Commons"},"content":{"rendered":"<h1 class=\"font_0\" style=\"text-align: center\"><span style=\"color: #3366ff\">Condiciones de uso de las licencias <\/span><\/h1>\n<h1 class=\"font_0\" style=\"text-align: center\"><span style=\"color: #3366ff\">Creative Commons\u00a0<\/span><\/h1>\n<p style=\"text-align: justify\"><span class=\"su-dropcap su-dropcap-style-flat\" style=\"font-size:2.5em\">E<\/span>l autor escoge los tipos de usos que permitir\u00e1\u00a0realizar l\u00edcitamente a los usuarios de su obra. Las licencias Creative Commons, en su configuraci\u00f3n son similares al derecho de autor. \u00c9stas cuentan con un m\u00f3dulo fijo que se corresponde con los derechos morales y otros m\u00f3dulos variables que tienen relaci\u00f3n con los derechos patrimoniales. A continuaci\u00f3n les presentamos las cuatro condiciones de uso de las licencias creative commons<a href=\"http:\/\/ffyh.unc.edu.ar\/materiales-educativos-abiertos\/wp-content\/uploads\/sites\/27\/2015\/07\/autor.gif\"><img loading=\"lazy\" decoding=\"async\" class=\"wp-image-497 aligncenter\" src=\"http:\/\/ffyh.unc.edu.ar\/materiales-educativos-abiertos\/wp-content\/uploads\/sites\/27\/2015\/07\/autor.gif\" alt=\"autor\" width=\"127\" height=\"127\" \/><\/a><\/p>\n<h3><\/h3>\n<h4 style=\"text-align: left\"><\/h4>\n<h2 style=\"text-align: left\"><span style=\"color: #3366ff\">M\u00f3dulo Fijo: <\/span><\/h2>\n<p>Est\u00e1 condici\u00f3n esta presente en todas las licencias creative commons, puesto que representa el reconocimiento de la autor\u00eda de la obra. En el derecho de autor, \u00e9ste m\u00f3dulo, se corresponde con el derecho moral.<\/p>\n<p>&nbsp;<\/p>\n<h4 style=\"text-align: left\"><span style=\"color: #0000ff\">\u00a0<\/span><\/h4>\n<p style=\"text-align: left\"><img loading=\"lazy\" decoding=\"async\" class=\"wp-image-1613 alignleft\" src=\"http:\/\/ffyh.unc.edu.ar\/materiales-educativos-abiertos\/wp-content\/uploads\/sites\/27\/2015\/08\/BY.png\" alt=\"BY\" width=\"150\" height=\"150\" srcset=\"https:\/\/ffyh.unc.edu.ar\/materiales-educativos-abiertos\/wp-content\/uploads\/sites\/27\/2015\/08\/BY.png 300w, https:\/\/ffyh.unc.edu.ar\/materiales-educativos-abiertos\/wp-content\/uploads\/sites\/27\/2015\/08\/BY-150x150.png 150w\" sizes=\"auto, (max-width: 150px) 100vw, 150px\" \/><\/p>\n<div class=\"su-note\"  style=\"border-color:#dedede;border-radius:5px;-moz-border-radius:5px;-webkit-border-radius:5px;\"><div class=\"su-note-inner su-u-clearfix su-u-trim\" style=\"background-color:#f8f8f8;border-color:#ffffff;color:#333333;border-radius:5px;-moz-border-radius:5px;-webkit-border-radius:5px;\"> <strong>Atribuci\u00f3n:<\/strong> El reconocimiento de la autor\u00eda de una obra, es un derecho moral irrenunciable para el autor. Esta condici\u00f3n se aplica en todas las licencias CC.<\/div><\/div>\n<div align=\"center\"><\/div>\n<div align=\"center\"><\/div>\n<h2 align=\"center\"><\/h2>\n<p>&nbsp;<\/p>\n<h2 style=\"text-align: left\" align=\"center\"><span style=\"color: #3366ff\">M\u00f3dulos Variables:<\/span><\/h2>\n<p>Estos m\u00f3dulos son intercambiables de acuerdo a los permisos que cada autor desee conceder sobre su obra. \u00c9stos, en el derecho de autor, representan los derechos patrimoniales o copyright<\/p>\n<div align=\"center\"><\/div>\n<div class=\"alignnone\" style=\"text-align: justify\" align=\"center\">\n<p><img loading=\"lazy\" decoding=\"async\" class=\"wp-image-1610 alignleft\" src=\"http:\/\/ffyh.unc.edu.ar\/materiales-educativos-abiertos\/wp-content\/uploads\/sites\/27\/2015\/08\/NC.png\" alt=\"NC\" width=\"150\" height=\"150\" srcset=\"https:\/\/ffyh.unc.edu.ar\/materiales-educativos-abiertos\/wp-content\/uploads\/sites\/27\/2015\/08\/NC.png 300w, https:\/\/ffyh.unc.edu.ar\/materiales-educativos-abiertos\/wp-content\/uploads\/sites\/27\/2015\/08\/NC-150x150.png 150w\" sizes=\"auto, (max-width: 150px) 100vw, 150px\" \/><\/p>\n<div class=\"su-note\"  style=\"border-color:#dedede;border-radius:5px;-moz-border-radius:5px;-webkit-border-radius:5px;\"><div class=\"su-note-inner su-u-clearfix su-u-trim\" style=\"background-color:#f8f8f8;border-color:#ffffff;color:#333333;border-radius:5px;-moz-border-radius:5px;-webkit-border-radius:5px;\"> <strong>No Comercial:<\/strong> Se proh\u00edbe la utilizaci\u00f3n de la obra con fines comerciales. Esta condici\u00f3n se corresponde a los derechos econ\u00f3micos que otorga el copyright. \u00a0<\/div><\/div>\n<h4><\/h4>\n<h4 style=\"text-align: left\"><\/h4>\n<\/div>\n<p>&nbsp;<\/p>\n<div class=\"alignnone\" style=\"text-align: justify\" align=\"center\">\n<p><img loading=\"lazy\" decoding=\"async\" class=\"wp-image-1611 alignleft\" src=\"http:\/\/ffyh.unc.edu.ar\/materiales-educativos-abiertos\/wp-content\/uploads\/sites\/27\/2015\/08\/ND.png\" alt=\"ND\" width=\"150\" height=\"150\" srcset=\"https:\/\/ffyh.unc.edu.ar\/materiales-educativos-abiertos\/wp-content\/uploads\/sites\/27\/2015\/08\/ND.png 300w, https:\/\/ffyh.unc.edu.ar\/materiales-educativos-abiertos\/wp-content\/uploads\/sites\/27\/2015\/08\/ND-150x150.png 150w\" sizes=\"auto, (max-width: 150px) 100vw, 150px\" \/><\/p>\n<\/div>\n<div class=\"su-note\"  style=\"border-color:#dedede;border-radius:5px;-moz-border-radius:5px;-webkit-border-radius:5px;\"><div class=\"su-note-inner su-u-clearfix su-u-trim\" style=\"background-color:#f8f8f8;border-color:#ffffff;color:#333333;border-radius:5px;-moz-border-radius:5px;-webkit-border-radius:5px;\"> <strong>No derivadas:<\/strong> Esta condici\u00f3n no permite la modificaci\u00f3n de la obra , es decir, no se pueden producir obras derivadas.<\/div><\/div>\n<p>&nbsp;<\/p>\n<div class=\"alignnone\" align=\"center\">\n<p class=\"western\" style=\"text-align: left\"><img loading=\"lazy\" decoding=\"async\" class=\"wp-image-1612 alignleft\" src=\"http:\/\/ffyh.unc.edu.ar\/materiales-educativos-abiertos\/wp-content\/uploads\/sites\/27\/2015\/08\/SA.png\" alt=\"SA\" width=\"150\" height=\"150\" srcset=\"https:\/\/ffyh.unc.edu.ar\/materiales-educativos-abiertos\/wp-content\/uploads\/sites\/27\/2015\/08\/SA.png 300w, https:\/\/ffyh.unc.edu.ar\/materiales-educativos-abiertos\/wp-content\/uploads\/sites\/27\/2015\/08\/SA-150x150.png 150w\" sizes=\"auto, (max-width: 150px) 100vw, 150px\" \/><\/p>\n<p class=\"western\" style=\"padding-left: 150px;text-align: justify\"><div class=\"su-note\"  style=\"border-color:#dedede;border-radius:5px;-moz-border-radius:5px;-webkit-border-radius:5px;\"><div class=\"su-note-inner su-u-clearfix su-u-trim\" style=\"background-color:#f8f8f8;border-color:#ffffff;color:#333333;border-radius:5px;-moz-border-radius:5px;-webkit-border-radius:5px;\"> <strong>Compartir Igual:<\/strong> Es un licenciamiento rec\u00edproco, es decir, que s\u00ed generas una obra derivada partir de esta obra, el resultado solo lo podr\u00e1s distribuir bajo una licencia igual a \u00e9sta.<\/div><\/div>\n<\/div>\n","protected":false},"excerpt":{"rendered":"<p>Condiciones de uso de las licencias Creative Commons\u00a0 l autor escoge los tipos de usos que permitir\u00e1\u00a0realizar l\u00edcitamente a los usuarios de su obra. Las licencias Creative Commons, en su configuraci\u00f3n son similares al derecho de autor. \u00c9stas cuentan con un m\u00f3dulo fijo que se corresponde con los derechos morales y otros m\u00f3dulos variables que tienen relaci\u00f3n con los derechos patrimoniales. A continuaci\u00f3n les presentamos las cuatro condiciones de uso de las licencias creative commons M\u00f3dulo Fijo: Est\u00e1 condici\u00f3n esta presente en todas las licencias creative commons, puesto que representa el reconocimiento de la autor\u00eda de la obra. En el derecho de autor, \u00e9ste m\u00f3dulo,<a class=\"more-link\" href=\"https:\/\/ffyh.unc.edu.ar\/materiales-educativos-abiertos\/slider\/recursos-para-elaborar-material-educativo-abierto\/las-licencias-creative-commons\/condiciones-de-las-licencias-cc\/condiciones-de-uso-de-las-licencias-cc\/\">Read More &rarr;<\/a><\/p>\n","protected":false},"author":22,"featured_media":0,"parent":99,"menu_order":0,"comment_status":"closed","ping_status":"closed","template":"","meta":{"_acf_changed":false,"_bbp_topic_count":0,"_bbp_reply_count":0,"_bbp_total_topic_count":0,"_bbp_total_reply_count":0,"_bbp_voice_count":0,"_bbp_anonymous_reply_count":0,"_bbp_topic_count_hidden":0,"_bbp_reply_count_hidden":0,"_bbp_forum_subforum_count":0,"footnotes":""},"class_list":["entry","page","publish","author-florencia","post-493"],"acf":[],"yoast_head":"<!-- This site is optimized with the Yoast SEO plugin v27.1.1 - https:\/\/yoast.com\/product\/yoast-seo-wordpress\/ -->\n<title>Condiciones de uso de las licencias Creative Commons - Materiales Educativos Abiertos<\/title>\n<meta name=\"robots\" content=\"index, follow, max-snippet:-1, max-image-preview:large, max-video-preview:-1\" \/>\n<link rel=\"canonical\" href=\"https:\/\/ffyh.unc.edu.ar\/materiales-educativos-abiertos\/slider\/recursos-para-elaborar-material-educativo-abierto\/las-licencias-creative-commons\/condiciones-de-las-licencias-cc\/condiciones-de-uso-de-las-licencias-cc\/\" \/>\n<meta property=\"og:locale\" content=\"es_ES\" \/>\n<meta property=\"og:type\" content=\"article\" \/>\n<meta property=\"og:title\" content=\"Condiciones de uso de las licencias Creative Commons - Materiales Educativos Abiertos\" \/>\n<meta property=\"og:description\" content=\"Condiciones de uso de las licencias Creative Commons\u00a0 l autor escoge los tipos de usos que permitir\u00e1\u00a0realizar l\u00edcitamente a los usuarios de su obra. Las licencias Creative Commons, en su configuraci\u00f3n son similares al derecho de autor. \u00c9stas cuentan con un m\u00f3dulo fijo que se corresponde con los derechos morales y otros m\u00f3dulos variables que tienen relaci\u00f3n con los derechos patrimoniales. A continuaci\u00f3n les presentamos las cuatro condiciones de uso de las licencias creative commons M\u00f3dulo Fijo: Est\u00e1 condici\u00f3n esta presente en todas las licencias creative commons, puesto que representa el reconocimiento de la autor\u00eda de la obra. En el derecho de autor, \u00e9ste m\u00f3dulo,Read More &rarr;\" \/>\n<meta property=\"og:url\" content=\"https:\/\/ffyh.unc.edu.ar\/materiales-educativos-abiertos\/slider\/recursos-para-elaborar-material-educativo-abierto\/las-licencias-creative-commons\/condiciones-de-las-licencias-cc\/condiciones-de-uso-de-las-licencias-cc\/\" \/>\n<meta property=\"og:site_name\" content=\"Materiales Educativos Abiertos\" \/>\n<meta property=\"article:modified_time\" content=\"2017-12-21T14:18:16+00:00\" \/>\n<meta property=\"og:image\" content=\"http:\/\/ffyh.unc.edu.ar\/materiales-educativos-abiertos\/wp-content\/uploads\/sites\/27\/2015\/07\/autor.gif\" \/>\n<meta name=\"twitter:card\" content=\"summary_large_image\" \/>\n<meta name=\"twitter:label1\" content=\"Tiempo de lectura\" \/>\n\t<meta name=\"twitter:data1\" content=\"2 minutos\" \/>\n<script type=\"application\/ld+json\" class=\"yoast-schema-graph\">{\"@context\":\"https:\/\/schema.org\",\"@graph\":[{\"@type\":\"WebPage\",\"@id\":\"https:\/\/ffyh.unc.edu.ar\/materiales-educativos-abiertos\/slider\/recursos-para-elaborar-material-educativo-abierto\/las-licencias-creative-commons\/condiciones-de-las-licencias-cc\/condiciones-de-uso-de-las-licencias-cc\/\",\"url\":\"https:\/\/ffyh.unc.edu.ar\/materiales-educativos-abiertos\/slider\/recursos-para-elaborar-material-educativo-abierto\/las-licencias-creative-commons\/condiciones-de-las-licencias-cc\/condiciones-de-uso-de-las-licencias-cc\/\",\"name\":\"Condiciones de uso de las licencias Creative Commons - Materiales Educativos Abiertos\",\"isPartOf\":{\"@id\":\"https:\/\/ffyh.unc.edu.ar\/materiales-educativos-abiertos\/#website\"},\"primaryImageOfPage\":{\"@id\":\"https:\/\/ffyh.unc.edu.ar\/materiales-educativos-abiertos\/slider\/recursos-para-elaborar-material-educativo-abierto\/las-licencias-creative-commons\/condiciones-de-las-licencias-cc\/condiciones-de-uso-de-las-licencias-cc\/#primaryimage\"},\"image\":{\"@id\":\"https:\/\/ffyh.unc.edu.ar\/materiales-educativos-abiertos\/slider\/recursos-para-elaborar-material-educativo-abierto\/las-licencias-creative-commons\/condiciones-de-las-licencias-cc\/condiciones-de-uso-de-las-licencias-cc\/#primaryimage\"},\"thumbnailUrl\":\"http:\/\/ffyh.unc.edu.ar\/materiales-educativos-abiertos\/wp-content\/uploads\/sites\/27\/2015\/07\/autor.gif\",\"datePublished\":\"2015-07-20T00:32:04+00:00\",\"dateModified\":\"2017-12-21T14:18:16+00:00\",\"breadcrumb\":{\"@id\":\"https:\/\/ffyh.unc.edu.ar\/materiales-educativos-abiertos\/slider\/recursos-para-elaborar-material-educativo-abierto\/las-licencias-creative-commons\/condiciones-de-las-licencias-cc\/condiciones-de-uso-de-las-licencias-cc\/#breadcrumb\"},\"inLanguage\":\"es\",\"potentialAction\":[{\"@type\":\"ReadAction\",\"target\":[\"https:\/\/ffyh.unc.edu.ar\/materiales-educativos-abiertos\/slider\/recursos-para-elaborar-material-educativo-abierto\/las-licencias-creative-commons\/condiciones-de-las-licencias-cc\/condiciones-de-uso-de-las-licencias-cc\/\"]}]},{\"@type\":\"ImageObject\",\"inLanguage\":\"es\",\"@id\":\"https:\/\/ffyh.unc.edu.ar\/materiales-educativos-abiertos\/slider\/recursos-para-elaborar-material-educativo-abierto\/las-licencias-creative-commons\/condiciones-de-las-licencias-cc\/condiciones-de-uso-de-las-licencias-cc\/#primaryimage\",\"url\":\"http:\/\/ffyh.unc.edu.ar\/materiales-educativos-abiertos\/wp-content\/uploads\/sites\/27\/2015\/07\/autor.gif\",\"contentUrl\":\"http:\/\/ffyh.unc.edu.ar\/materiales-educativos-abiertos\/wp-content\/uploads\/sites\/27\/2015\/07\/autor.gif\"},{\"@type\":\"BreadcrumbList\",\"@id\":\"https:\/\/ffyh.unc.edu.ar\/materiales-educativos-abiertos\/slider\/recursos-para-elaborar-material-educativo-abierto\/las-licencias-creative-commons\/condiciones-de-las-licencias-cc\/condiciones-de-uso-de-las-licencias-cc\/#breadcrumb\",\"itemListElement\":[{\"@type\":\"ListItem\",\"position\":1,\"name\":\"Portada\",\"item\":\"https:\/\/ffyh.unc.edu.ar\/materiales-educativos-abiertos\/\"},{\"@type\":\"ListItem\",\"position\":2,\"name\":\"Inicio\",\"item\":\"https:\/\/ffyh.unc.edu.ar\/materiales-educativos-abiertos\/\"},{\"@type\":\"ListItem\",\"position\":3,\"name\":\"\u00bfQu\u00e9 aspectos considerar cuando se dise\u00f1a un material educativo abierto?\",\"item\":\"https:\/\/ffyh.unc.edu.ar\/materiales-educativos-abiertos\/slider\/recursos-para-elaborar-material-educativo-abierto\/\"},{\"@type\":\"ListItem\",\"position\":4,\"name\":\"Las \u00ablicencias libres\u00bb como alternativa\",\"item\":\"https:\/\/ffyh.unc.edu.ar\/materiales-educativos-abiertos\/slider\/recursos-para-elaborar-material-educativo-abierto\/las-licencias-creative-commons\/\"},{\"@type\":\"ListItem\",\"position\":5,\"name\":\"Las licencias de Creative Commons\",\"item\":\"https:\/\/ffyh.unc.edu.ar\/materiales-educativos-abiertos\/slider\/recursos-para-elaborar-material-educativo-abierto\/las-licencias-creative-commons\/condiciones-de-las-licencias-cc\/\"},{\"@type\":\"ListItem\",\"position\":6,\"name\":\"Condiciones de uso de las licencias Creative Commons\"}]},{\"@type\":\"WebSite\",\"@id\":\"https:\/\/ffyh.unc.edu.ar\/materiales-educativos-abiertos\/#website\",\"url\":\"https:\/\/ffyh.unc.edu.ar\/materiales-educativos-abiertos\/\",\"name\":\"Materiales Educativos Abiertos\",\"description\":\"\",\"potentialAction\":[{\"@type\":\"SearchAction\",\"target\":{\"@type\":\"EntryPoint\",\"urlTemplate\":\"https:\/\/ffyh.unc.edu.ar\/materiales-educativos-abiertos\/?s={search_term_string}\"},\"query-input\":{\"@type\":\"PropertyValueSpecification\",\"valueRequired\":true,\"valueName\":\"search_term_string\"}}],\"inLanguage\":\"es\"}]}<\/script>\n<!-- \/ Yoast SEO plugin. -->","yoast_head_json":{"title":"Condiciones de uso de las licencias Creative Commons - Materiales Educativos Abiertos","robots":{"index":"index","follow":"follow","max-snippet":"max-snippet:-1","max-image-preview":"max-image-preview:large","max-video-preview":"max-video-preview:-1"},"canonical":"https:\/\/ffyh.unc.edu.ar\/materiales-educativos-abiertos\/slider\/recursos-para-elaborar-material-educativo-abierto\/las-licencias-creative-commons\/condiciones-de-las-licencias-cc\/condiciones-de-uso-de-las-licencias-cc\/","og_locale":"es_ES","og_type":"article","og_title":"Condiciones de uso de las licencias Creative Commons - Materiales Educativos Abiertos","og_description":"Condiciones de uso de las licencias Creative Commons\u00a0 l autor escoge los tipos de usos que permitir\u00e1\u00a0realizar l\u00edcitamente a los usuarios de su obra. Las licencias Creative Commons, en su configuraci\u00f3n son similares al derecho de autor. \u00c9stas cuentan con un m\u00f3dulo fijo que se corresponde con los derechos morales y otros m\u00f3dulos variables que tienen relaci\u00f3n con los derechos patrimoniales. A continuaci\u00f3n les presentamos las cuatro condiciones de uso de las licencias creative commons M\u00f3dulo Fijo: Est\u00e1 condici\u00f3n esta presente en todas las licencias creative commons, puesto que representa el reconocimiento de la autor\u00eda de la obra. En el derecho de autor, \u00e9ste m\u00f3dulo,Read More &rarr;","og_url":"https:\/\/ffyh.unc.edu.ar\/materiales-educativos-abiertos\/slider\/recursos-para-elaborar-material-educativo-abierto\/las-licencias-creative-commons\/condiciones-de-las-licencias-cc\/condiciones-de-uso-de-las-licencias-cc\/","og_site_name":"Materiales Educativos Abiertos","article_modified_time":"2017-12-21T14:18:16+00:00","og_image":[{"url":"http:\/\/ffyh.unc.edu.ar\/materiales-educativos-abiertos\/wp-content\/uploads\/sites\/27\/2015\/07\/autor.gif","type":"","width":"","height":""}],"twitter_card":"summary_large_image","twitter_misc":{"Tiempo de lectura":"2 minutos"},"schema":{"@context":"https:\/\/schema.org","@graph":[{"@type":"WebPage","@id":"https:\/\/ffyh.unc.edu.ar\/materiales-educativos-abiertos\/slider\/recursos-para-elaborar-material-educativo-abierto\/las-licencias-creative-commons\/condiciones-de-las-licencias-cc\/condiciones-de-uso-de-las-licencias-cc\/","url":"https:\/\/ffyh.unc.edu.ar\/materiales-educativos-abiertos\/slider\/recursos-para-elaborar-material-educativo-abierto\/las-licencias-creative-commons\/condiciones-de-las-licencias-cc\/condiciones-de-uso-de-las-licencias-cc\/","name":"Condiciones de uso de las licencias Creative Commons - Materiales Educativos Abiertos","isPartOf":{"@id":"https:\/\/ffyh.unc.edu.ar\/materiales-educativos-abiertos\/#website"},"primaryImageOfPage":{"@id":"https:\/\/ffyh.unc.edu.ar\/materiales-educativos-abiertos\/slider\/recursos-para-elaborar-material-educativo-abierto\/las-licencias-creative-commons\/condiciones-de-las-licencias-cc\/condiciones-de-uso-de-las-licencias-cc\/#primaryimage"},"image":{"@id":"https:\/\/ffyh.unc.edu.ar\/materiales-educativos-abiertos\/slider\/recursos-para-elaborar-material-educativo-abierto\/las-licencias-creative-commons\/condiciones-de-las-licencias-cc\/condiciones-de-uso-de-las-licencias-cc\/#primaryimage"},"thumbnailUrl":"http:\/\/ffyh.unc.edu.ar\/materiales-educativos-abiertos\/wp-content\/uploads\/sites\/27\/2015\/07\/autor.gif","datePublished":"2015-07-20T00:32:04+00:00","dateModified":"2017-12-21T14:18:16+00:00","breadcrumb":{"@id":"https:\/\/ffyh.unc.edu.ar\/materiales-educativos-abiertos\/slider\/recursos-para-elaborar-material-educativo-abierto\/las-licencias-creative-commons\/condiciones-de-las-licencias-cc\/condiciones-de-uso-de-las-licencias-cc\/#breadcrumb"},"inLanguage":"es","potentialAction":[{"@type":"ReadAction","target":["https:\/\/ffyh.unc.edu.ar\/materiales-educativos-abiertos\/slider\/recursos-para-elaborar-material-educativo-abierto\/las-licencias-creative-commons\/condiciones-de-las-licencias-cc\/condiciones-de-uso-de-las-licencias-cc\/"]}]},{"@type":"ImageObject","inLanguage":"es","@id":"https:\/\/ffyh.unc.edu.ar\/materiales-educativos-abiertos\/slider\/recursos-para-elaborar-material-educativo-abierto\/las-licencias-creative-commons\/condiciones-de-las-licencias-cc\/condiciones-de-uso-de-las-licencias-cc\/#primaryimage","url":"http:\/\/ffyh.unc.edu.ar\/materiales-educativos-abiertos\/wp-content\/uploads\/sites\/27\/2015\/07\/autor.gif","contentUrl":"http:\/\/ffyh.unc.edu.ar\/materiales-educativos-abiertos\/wp-content\/uploads\/sites\/27\/2015\/07\/autor.gif"},{"@type":"BreadcrumbList","@id":"https:\/\/ffyh.unc.edu.ar\/materiales-educativos-abiertos\/slider\/recursos-para-elaborar-material-educativo-abierto\/las-licencias-creative-commons\/condiciones-de-las-licencias-cc\/condiciones-de-uso-de-las-licencias-cc\/#breadcrumb","itemListElement":[{"@type":"ListItem","position":1,"name":"Portada","item":"https:\/\/ffyh.unc.edu.ar\/materiales-educativos-abiertos\/"},{"@type":"ListItem","position":2,"name":"Inicio","item":"https:\/\/ffyh.unc.edu.ar\/materiales-educativos-abiertos\/"},{"@type":"ListItem","position":3,"name":"\u00bfQu\u00e9 aspectos considerar cuando se dise\u00f1a un material educativo abierto?","item":"https:\/\/ffyh.unc.edu.ar\/materiales-educativos-abiertos\/slider\/recursos-para-elaborar-material-educativo-abierto\/"},{"@type":"ListItem","position":4,"name":"Las \u00ablicencias libres\u00bb como alternativa","item":"https:\/\/ffyh.unc.edu.ar\/materiales-educativos-abiertos\/slider\/recursos-para-elaborar-material-educativo-abierto\/las-licencias-creative-commons\/"},{"@type":"ListItem","position":5,"name":"Las licencias de Creative Commons","item":"https:\/\/ffyh.unc.edu.ar\/materiales-educativos-abiertos\/slider\/recursos-para-elaborar-material-educativo-abierto\/las-licencias-creative-commons\/condiciones-de-las-licencias-cc\/"},{"@type":"ListItem","position":6,"name":"Condiciones de uso de las licencias Creative Commons"}]},{"@type":"WebSite","@id":"https:\/\/ffyh.unc.edu.ar\/materiales-educativos-abiertos\/#website","url":"https:\/\/ffyh.unc.edu.ar\/materiales-educativos-abiertos\/","name":"Materiales Educativos Abiertos","description":"","potentialAction":[{"@type":"SearchAction","target":{"@type":"EntryPoint","urlTemplate":"https:\/\/ffyh.unc.edu.ar\/materiales-educativos-abiertos\/?s={search_term_string}"},"query-input":{"@type":"PropertyValueSpecification","valueRequired":true,"valueName":"search_term_string"}}],"inLanguage":"es"}]}},"_links":{"self":[{"href":"https:\/\/ffyh.unc.edu.ar\/materiales-educativos-abiertos\/wp-json\/wp\/v2\/pages\/493","targetHints":{"allow":["GET"]}}],"collection":[{"href":"https:\/\/ffyh.unc.edu.ar\/materiales-educativos-abiertos\/wp-json\/wp\/v2\/pages"}],"about":[{"href":"https:\/\/ffyh.unc.edu.ar\/materiales-educativos-abiertos\/wp-json\/wp\/v2\/types\/page"}],"author":[{"embeddable":true,"href":"https:\/\/ffyh.unc.edu.ar\/materiales-educativos-abiertos\/wp-json\/wp\/v2\/users\/22"}],"replies":[{"embeddable":true,"href":"https:\/\/ffyh.unc.edu.ar\/materiales-educativos-abiertos\/wp-json\/wp\/v2\/comments?post=493"}],"version-history":[{"count":1,"href":"https:\/\/ffyh.unc.edu.ar\/materiales-educativos-abiertos\/wp-json\/wp\/v2\/pages\/493\/revisions"}],"predecessor-version":[{"id":3116,"href":"https:\/\/ffyh.unc.edu.ar\/materiales-educativos-abiertos\/wp-json\/wp\/v2\/pages\/493\/revisions\/3116"}],"up":[{"embeddable":true,"href":"https:\/\/ffyh.unc.edu.ar\/materiales-educativos-abiertos\/wp-json\/wp\/v2\/pages\/99"}],"wp:attachment":[{"href":"https:\/\/ffyh.unc.edu.ar\/materiales-educativos-abiertos\/wp-json\/wp\/v2\/media?parent=493"}],"curies":[{"name":"wp","href":"https:\/\/api.w.org\/{rel}","templated":true}]}}