{"id":615,"date":"2015-07-23T21:04:22","date_gmt":"2015-07-23T21:04:22","guid":{"rendered":"http:\/\/www.ffyh.unc.edu.ar\/materiales-educativos-abiertos\/?page_id=615"},"modified":"2015-07-23T21:04:22","modified_gmt":"2015-07-23T21:04:22","slug":"que-es-un-material-educativo","status":"publish","type":"page","link":"https:\/\/ffyh.unc.edu.ar\/materiales-educativos-abiertos\/slider\/que-es-un-material-educativo\/","title":{"rendered":"\u00bfQu\u00e9 es un material educativo?"},"content":{"rendered":"<h1 style=\"text-align: center\"><span style=\"color: #0000ff\">\u00bfQu\u00e9 es un material educativo?<\/span><\/h1>\n<p style=\"text-align: justify\"><span class=\"su-dropcap su-dropcap-style-flat\" style=\"font-size:2.5em\">L<\/span>as pr\u00e1cticas docentes conllevan desaf\u00edos y oportunidades. Una de ellas, es la posibilidad de elaborar materiales para\u00a0la\u00a0ense\u00f1anza, en lo que inclu\u00edmos diversos recursos. La construcci\u00f3n de materiales ha sido\u00a0un tema relevante en el quehacer docente, sumado al contexto socio-educativo actual, en donde las nuevas tecnolog\u00edas aplicadas a la ense\u00f1anza, plantean nuevos interrogantes pedag\u00f3gicos y did\u00e1cticos en la tarea docente. (Becerra y otros, 2011)<\/p>\n<div id=\"metaslider-id-1948\" style=\"max-width: 350px; margin: 0 auto;\" class=\"ml-slider-3-106-0 metaslider metaslider-nivo metaslider-1948 ml-slider has-dots-nav ms-theme-default\" role=\"region\" aria-label=\"Materiales\" data-height=\"350\" data-width=\"350\">\n    <div id=\"metaslider_container_1948\">\n        <div class='slider-wrapper theme-default'><div class='ribbon'><\/div><div id='metaslider_1948' class='nivoSlider'><img loading=\"lazy\" decoding=\"async\" src=\"https:\/\/ffyh.unc.edu.ar\/materiales-educativos-abiertos\/wp-content\/uploads\/sites\/27\/2015\/08\/owl-books.png\" height=\"350\" width=\"350\" data-caption=\"Owl with books. Extraida de Open Clipart por Bocian\" alt=\"\" class=\"slider-1948 slide-1953 msDefaultImage\" \/><img loading=\"lazy\" decoding=\"async\" src=\"https:\/\/ffyh.unc.edu.ar\/materiales-educativos-abiertos\/wp-content\/uploads\/sites\/27\/2015\/08\/owl-ebook.png\" height=\"350\" width=\"350\" data-caption=\"Owl with books. Extraida de Open Clipart por Bocian\" alt=\"\" class=\"slider-1948 slide-1956 msDefaultImage\" \/><img loading=\"lazy\" decoding=\"async\" src=\"https:\/\/ffyh.unc.edu.ar\/materiales-educativos-abiertos\/wp-content\/uploads\/sites\/27\/2015\/08\/owl-notebook.png\" height=\"350\" width=\"350\" data-caption=\"Owl with notebook. Extraida de Open Clipart por Bocian\" alt=\"\" class=\"slider-1948 slide-1954 msDefaultImage\" \/><\/div><\/div>\n        \n    <\/div>\n<\/div>\n<h2><span style=\"font-size: 20px\">\u00a0<span style=\"color: #3366ff\">Comencemos definiendo lo que es un material educativo&#8230;<\/span><\/span><\/h2>\n<p style=\"text-align: justify\"><span style=\"font-size: 16px\"><div class=\"su-spoiler su-spoiler-style-simple su-spoiler-icon-plus su-spoiler-closed\" data-scroll-offset=\"0\" data-anchor-in-url=\"no\"><div class=\"su-spoiler-title\" tabindex=\"0\" role=\"button\"><span class=\"su-spoiler-icon\"><\/span> <strong>\u00bfQu\u00e9 es un material educativo o para la ense\u00f1anza?<\/strong><\/div><div class=\"su-spoiler-content su-u-clearfix su-u-trim\"> Son todas aquellas producciones elaboradas concretamente para ser incorporadas a una propuesta de ense\u00f1anza. Su estructuraci\u00f3n atiende a modelos pedag\u00f3gicos particulares y a las condiciones y tiempos de aprendizajes del grupo de estudiantes puesto que su prop\u00f3sito fundamental es favorecer aprendizajes, a partir de ellos.\u00a0<\/span><\/p>\n<p style=\"text-align: justify\">Recordemos que los materiales, como se\u00f1ala Becerra y otros (2011), \u00ab<em>son herramientas mediadoras en los procesos de ense\u00f1anza y aprendizaje, en tanto posibilitan la trasmisi\u00f3n de saberes as\u00ed como instancias de comunicaci\u00f3n entre los diversos agentes educativos.\u00bb\u00a0<\/em><\/div><\/div>\n<div class=\"su-spoiler su-spoiler-style-simple su-spoiler-icon-plus su-spoiler-closed\" data-scroll-offset=\"0\" data-anchor-in-url=\"no\"><div class=\"su-spoiler-title\" tabindex=\"0\" role=\"button\"><span class=\"su-spoiler-icon\"><\/span> <strong>Repasemos las posibilidades de los materiales para la ense\u00f1anza<\/strong><\/div><div class=\"su-spoiler-content su-u-clearfix su-u-trim\">\u00a0[wee animation=\u00bblightSpeedIn\u00bb duration=\u00bb3&#8243; repeats=\u00bb1&#8243; delay=\u00bb0&#8243; offset=\u00bb0&#8243;]\n<ul>\n<li>Producciones espec\u00edficamente creadas para ser incorporadas a una propuesta docente;<\/li>\n<li>Suponen representaciones sobre el mundo, sobre los conocimientos, sobre el ense\u00f1ar y el aprender;<\/li>\n<li>Se constituyen herramientas mediadoras en la comunicaci\u00f3n pedag\u00f3gica;<\/li>\n<li>Son estructurados para y por los alumnos;<\/li>\n<li>Existe una relaci\u00f3n con los contenidos y su evaluaci\u00f3n\u00a0 (criterios de selecci\u00f3n\/ caracter\u00edsticas);<\/li>\n<li>Poseen una coherencia con la propuesta docente;<\/li>\n<li>Influidos por las trayectorias educativas y profesionales;<\/li>\n<li>Articulan \u00a0dimensiones disciplinares, epistemol\u00f3gicas, institucionales y did\u00e1cticas;<\/li>\n<li>Construcciones socio hist\u00f3ricas, legitimadas en un contexto espec\u00edfico. [\/wee]<\/div><\/div><\/li>\n<\/ul>\n<p>&nbsp;<\/p>\n<p style=\"text-align: justify\"><div class=\"su-note\"  style=\"border-color:#e5e5e5;border-radius:5px;-moz-border-radius:5px;-webkit-border-radius:5px;\"><div class=\"su-note-inner su-u-clearfix su-u-trim\" style=\"background-color:#ffffff;border-color:#ffffff;color:#333333;border-radius:5px;-moz-border-radius:5px;-webkit-border-radius:5px;\"><a href=\"http:\/\/ffyh.unc.edu.ar\/materiales-educativos-abiertos\/wp-content\/uploads\/sites\/27\/2015\/07\/reflexionemos-21.png\"><img loading=\"lazy\" decoding=\"async\" class=\"wp-image-2125 alignright\" src=\"http:\/\/ffyh.unc.edu.ar\/materiales-educativos-abiertos\/wp-content\/uploads\/sites\/27\/2015\/07\/reflexionemos-21.png\" alt=\"Imagen editada en Open clipArt: Empty-Box-Thinking por bsanto \u00a0\" width=\"108\" height=\"155\" srcset=\"https:\/\/ffyh.unc.edu.ar\/materiales-educativos-abiertos\/wp-content\/uploads\/sites\/27\/2015\/07\/reflexionemos-21.png 307w, https:\/\/ffyh.unc.edu.ar\/materiales-educativos-abiertos\/wp-content\/uploads\/sites\/27\/2015\/07\/reflexionemos-21-210x300.png 210w\" sizes=\"(max-width: 108px) 100vw, 108px\" \/><\/a><strong>Los materiales para la ense\u00f1anza est\u00e1n presentes en cada momento de las pr\u00e1cticas docentes. Los encontramos en las gu\u00edas de trabajos pr\u00e1cticos, los CD interactivos que trabajamos con los alumnos, un blog, un sitio web que creamos, entre otras propuestas. Creamos recursos educativos los utilizamos, evaluamos y recreamos.<\/strong><\/p>\n<p style=\"text-align: center\"><span style=\"font-size: 16px\"><strong><a href=\"http:\/\/www.ffyh.unc.edu.ar\/materiales-educativos-abiertos\/?page_id=1079\" target=\"_blank\">\u00bfHas pensado en la\u00a0din\u00e1mica que adquieren de los materiales educativos?<\/a>\u00a0<\/strong><\/span><\/p>\n<\/div><\/div>\n<p>&nbsp;<\/p>\n<p>&nbsp;<\/p>\n","protected":false},"excerpt":{"rendered":"<p>\u00bfQu\u00e9 es un material educativo? as pr\u00e1cticas docentes conllevan desaf\u00edos y oportunidades. Una de ellas, es la posibilidad de elaborar materiales para\u00a0la\u00a0ense\u00f1anza, en lo que inclu\u00edmos diversos recursos. La construcci\u00f3n de materiales ha sido\u00a0un tema relevante en el quehacer docente, sumado al contexto socio-educativo actual, en donde las nuevas tecnolog\u00edas aplicadas a la ense\u00f1anza, plantean nuevos interrogantes pedag\u00f3gicos y did\u00e1cticos en la tarea docente. (Becerra y otros, 2011) \u00a0Comencemos definiendo lo que es un material educativo&#8230; &nbsp; &nbsp; &nbsp;<a class=\"more-link\" href=\"https:\/\/ffyh.unc.edu.ar\/materiales-educativos-abiertos\/slider\/que-es-un-material-educativo\/\">Read More &rarr;<\/a><\/p>\n","protected":false},"author":22,"featured_media":0,"parent":297,"menu_order":0,"comment_status":"closed","ping_status":"closed","template":"","meta":{"_acf_changed":false,"saved_in_kubio":false,"_bbp_topic_count":0,"_bbp_reply_count":0,"_bbp_total_topic_count":0,"_bbp_total_reply_count":0,"_bbp_voice_count":0,"_bbp_anonymous_reply_count":0,"_bbp_topic_count_hidden":0,"_bbp_reply_count_hidden":0,"_bbp_forum_subforum_count":0,"footnotes":""},"class_list":["entry","page","publish","author-florencia","post-615"],"acf":[],"kubio_ai_page_context":{"short_desc":"","purpose":"general"},"yoast_head":"<!-- This site is optimized with the Yoast SEO plugin v27.1.1 - https:\/\/yoast.com\/product\/yoast-seo-wordpress\/ -->\n<title>\u00bfQu\u00e9 es un material educativo? - Materiales Educativos Abiertos<\/title>\n<meta name=\"robots\" content=\"index, follow, max-snippet:-1, max-image-preview:large, max-video-preview:-1\" \/>\n<link rel=\"canonical\" href=\"https:\/\/ffyh.unc.edu.ar\/materiales-educativos-abiertos\/slider\/que-es-un-material-educativo\/\" \/>\n<meta property=\"og:locale\" content=\"es_ES\" \/>\n<meta property=\"og:type\" content=\"article\" \/>\n<meta property=\"og:title\" content=\"\u00bfQu\u00e9 es un material educativo? - Materiales Educativos Abiertos\" \/>\n<meta property=\"og:description\" content=\"\u00bfQu\u00e9 es un material educativo? as pr\u00e1cticas docentes conllevan desaf\u00edos y oportunidades. Una de ellas, es la posibilidad de elaborar materiales para\u00a0la\u00a0ense\u00f1anza, en lo que inclu\u00edmos diversos recursos. La construcci\u00f3n de materiales ha sido\u00a0un tema relevante en el quehacer docente, sumado al contexto socio-educativo actual, en donde las nuevas tecnolog\u00edas aplicadas a la ense\u00f1anza, plantean nuevos interrogantes pedag\u00f3gicos y did\u00e1cticos en la tarea docente. (Becerra y otros, 2011) \u00a0Comencemos definiendo lo que es un material educativo&#8230; &nbsp; &nbsp; &nbsp;Read More &rarr;\" \/>\n<meta property=\"og:url\" content=\"https:\/\/ffyh.unc.edu.ar\/materiales-educativos-abiertos\/slider\/que-es-un-material-educativo\/\" \/>\n<meta property=\"og:site_name\" content=\"Materiales Educativos Abiertos\" \/>\n<meta property=\"og:image\" content=\"http:\/\/ffyh.unc.edu.ar\/materiales-educativos-abiertos\/wp-content\/uploads\/sites\/27\/2015\/07\/reflexionemos-21.png\" \/>\n<meta name=\"twitter:card\" content=\"summary_large_image\" \/>\n<meta name=\"twitter:label1\" content=\"Tiempo de lectura\" \/>\n\t<meta name=\"twitter:data1\" content=\"2 minutos\" \/>\n<script type=\"application\/ld+json\" class=\"yoast-schema-graph\">{\"@context\":\"https:\/\/schema.org\",\"@graph\":[{\"@type\":\"WebPage\",\"@id\":\"https:\/\/ffyh.unc.edu.ar\/materiales-educativos-abiertos\/slider\/que-es-un-material-educativo\/\",\"url\":\"https:\/\/ffyh.unc.edu.ar\/materiales-educativos-abiertos\/slider\/que-es-un-material-educativo\/\",\"name\":\"\u00bfQu\u00e9 es un material educativo? - Materiales Educativos Abiertos\",\"isPartOf\":{\"@id\":\"https:\/\/ffyh.unc.edu.ar\/materiales-educativos-abiertos\/#website\"},\"primaryImageOfPage\":{\"@id\":\"https:\/\/ffyh.unc.edu.ar\/materiales-educativos-abiertos\/slider\/que-es-un-material-educativo\/#primaryimage\"},\"image\":{\"@id\":\"https:\/\/ffyh.unc.edu.ar\/materiales-educativos-abiertos\/slider\/que-es-un-material-educativo\/#primaryimage\"},\"thumbnailUrl\":\"http:\/\/ffyh.unc.edu.ar\/materiales-educativos-abiertos\/wp-content\/uploads\/sites\/27\/2015\/07\/reflexionemos-21.png\",\"datePublished\":\"2015-07-23T21:04:22+00:00\",\"breadcrumb\":{\"@id\":\"https:\/\/ffyh.unc.edu.ar\/materiales-educativos-abiertos\/slider\/que-es-un-material-educativo\/#breadcrumb\"},\"inLanguage\":\"es\",\"potentialAction\":[{\"@type\":\"ReadAction\",\"target\":[\"https:\/\/ffyh.unc.edu.ar\/materiales-educativos-abiertos\/slider\/que-es-un-material-educativo\/\"]}]},{\"@type\":\"ImageObject\",\"inLanguage\":\"es\",\"@id\":\"https:\/\/ffyh.unc.edu.ar\/materiales-educativos-abiertos\/slider\/que-es-un-material-educativo\/#primaryimage\",\"url\":\"http:\/\/ffyh.unc.edu.ar\/materiales-educativos-abiertos\/wp-content\/uploads\/sites\/27\/2015\/07\/reflexionemos-21.png\",\"contentUrl\":\"http:\/\/ffyh.unc.edu.ar\/materiales-educativos-abiertos\/wp-content\/uploads\/sites\/27\/2015\/07\/reflexionemos-21.png\"},{\"@type\":\"BreadcrumbList\",\"@id\":\"https:\/\/ffyh.unc.edu.ar\/materiales-educativos-abiertos\/slider\/que-es-un-material-educativo\/#breadcrumb\",\"itemListElement\":[{\"@type\":\"ListItem\",\"position\":1,\"name\":\"Portada\",\"item\":\"https:\/\/ffyh.unc.edu.ar\/materiales-educativos-abiertos\/\"},{\"@type\":\"ListItem\",\"position\":2,\"name\":\"Inicio\",\"item\":\"https:\/\/ffyh.unc.edu.ar\/materiales-educativos-abiertos\/\"},{\"@type\":\"ListItem\",\"position\":3,\"name\":\"\u00bfQu\u00e9 es un material educativo?\"}]},{\"@type\":\"WebSite\",\"@id\":\"https:\/\/ffyh.unc.edu.ar\/materiales-educativos-abiertos\/#website\",\"url\":\"https:\/\/ffyh.unc.edu.ar\/materiales-educativos-abiertos\/\",\"name\":\"Materiales Educativos Abiertos\",\"description\":\"\",\"potentialAction\":[{\"@type\":\"SearchAction\",\"target\":{\"@type\":\"EntryPoint\",\"urlTemplate\":\"https:\/\/ffyh.unc.edu.ar\/materiales-educativos-abiertos\/?s={search_term_string}\"},\"query-input\":{\"@type\":\"PropertyValueSpecification\",\"valueRequired\":true,\"valueName\":\"search_term_string\"}}],\"inLanguage\":\"es\"}]}<\/script>\n<!-- \/ Yoast SEO plugin. -->","yoast_head_json":{"title":"\u00bfQu\u00e9 es un material educativo? - Materiales Educativos Abiertos","robots":{"index":"index","follow":"follow","max-snippet":"max-snippet:-1","max-image-preview":"max-image-preview:large","max-video-preview":"max-video-preview:-1"},"canonical":"https:\/\/ffyh.unc.edu.ar\/materiales-educativos-abiertos\/slider\/que-es-un-material-educativo\/","og_locale":"es_ES","og_type":"article","og_title":"\u00bfQu\u00e9 es un material educativo? - Materiales Educativos Abiertos","og_description":"\u00bfQu\u00e9 es un material educativo? as pr\u00e1cticas docentes conllevan desaf\u00edos y oportunidades. Una de ellas, es la posibilidad de elaborar materiales para\u00a0la\u00a0ense\u00f1anza, en lo que inclu\u00edmos diversos recursos. La construcci\u00f3n de materiales ha sido\u00a0un tema relevante en el quehacer docente, sumado al contexto socio-educativo actual, en donde las nuevas tecnolog\u00edas aplicadas a la ense\u00f1anza, plantean nuevos interrogantes pedag\u00f3gicos y did\u00e1cticos en la tarea docente. (Becerra y otros, 2011) \u00a0Comencemos definiendo lo que es un material educativo&#8230; &nbsp; &nbsp; &nbsp;Read More &rarr;","og_url":"https:\/\/ffyh.unc.edu.ar\/materiales-educativos-abiertos\/slider\/que-es-un-material-educativo\/","og_site_name":"Materiales Educativos Abiertos","og_image":[{"url":"http:\/\/ffyh.unc.edu.ar\/materiales-educativos-abiertos\/wp-content\/uploads\/sites\/27\/2015\/07\/reflexionemos-21.png","type":"","width":"","height":""}],"twitter_card":"summary_large_image","twitter_misc":{"Tiempo de lectura":"2 minutos"},"schema":{"@context":"https:\/\/schema.org","@graph":[{"@type":"WebPage","@id":"https:\/\/ffyh.unc.edu.ar\/materiales-educativos-abiertos\/slider\/que-es-un-material-educativo\/","url":"https:\/\/ffyh.unc.edu.ar\/materiales-educativos-abiertos\/slider\/que-es-un-material-educativo\/","name":"\u00bfQu\u00e9 es un material educativo? - Materiales Educativos Abiertos","isPartOf":{"@id":"https:\/\/ffyh.unc.edu.ar\/materiales-educativos-abiertos\/#website"},"primaryImageOfPage":{"@id":"https:\/\/ffyh.unc.edu.ar\/materiales-educativos-abiertos\/slider\/que-es-un-material-educativo\/#primaryimage"},"image":{"@id":"https:\/\/ffyh.unc.edu.ar\/materiales-educativos-abiertos\/slider\/que-es-un-material-educativo\/#primaryimage"},"thumbnailUrl":"http:\/\/ffyh.unc.edu.ar\/materiales-educativos-abiertos\/wp-content\/uploads\/sites\/27\/2015\/07\/reflexionemos-21.png","datePublished":"2015-07-23T21:04:22+00:00","breadcrumb":{"@id":"https:\/\/ffyh.unc.edu.ar\/materiales-educativos-abiertos\/slider\/que-es-un-material-educativo\/#breadcrumb"},"inLanguage":"es","potentialAction":[{"@type":"ReadAction","target":["https:\/\/ffyh.unc.edu.ar\/materiales-educativos-abiertos\/slider\/que-es-un-material-educativo\/"]}]},{"@type":"ImageObject","inLanguage":"es","@id":"https:\/\/ffyh.unc.edu.ar\/materiales-educativos-abiertos\/slider\/que-es-un-material-educativo\/#primaryimage","url":"http:\/\/ffyh.unc.edu.ar\/materiales-educativos-abiertos\/wp-content\/uploads\/sites\/27\/2015\/07\/reflexionemos-21.png","contentUrl":"http:\/\/ffyh.unc.edu.ar\/materiales-educativos-abiertos\/wp-content\/uploads\/sites\/27\/2015\/07\/reflexionemos-21.png"},{"@type":"BreadcrumbList","@id":"https:\/\/ffyh.unc.edu.ar\/materiales-educativos-abiertos\/slider\/que-es-un-material-educativo\/#breadcrumb","itemListElement":[{"@type":"ListItem","position":1,"name":"Portada","item":"https:\/\/ffyh.unc.edu.ar\/materiales-educativos-abiertos\/"},{"@type":"ListItem","position":2,"name":"Inicio","item":"https:\/\/ffyh.unc.edu.ar\/materiales-educativos-abiertos\/"},{"@type":"ListItem","position":3,"name":"\u00bfQu\u00e9 es un material educativo?"}]},{"@type":"WebSite","@id":"https:\/\/ffyh.unc.edu.ar\/materiales-educativos-abiertos\/#website","url":"https:\/\/ffyh.unc.edu.ar\/materiales-educativos-abiertos\/","name":"Materiales Educativos Abiertos","description":"","potentialAction":[{"@type":"SearchAction","target":{"@type":"EntryPoint","urlTemplate":"https:\/\/ffyh.unc.edu.ar\/materiales-educativos-abiertos\/?s={search_term_string}"},"query-input":{"@type":"PropertyValueSpecification","valueRequired":true,"valueName":"search_term_string"}}],"inLanguage":"es"}]}},"_links":{"self":[{"href":"https:\/\/ffyh.unc.edu.ar\/materiales-educativos-abiertos\/wp-json\/wp\/v2\/pages\/615","targetHints":{"allow":["GET"]}}],"collection":[{"href":"https:\/\/ffyh.unc.edu.ar\/materiales-educativos-abiertos\/wp-json\/wp\/v2\/pages"}],"about":[{"href":"https:\/\/ffyh.unc.edu.ar\/materiales-educativos-abiertos\/wp-json\/wp\/v2\/types\/page"}],"author":[{"embeddable":true,"href":"https:\/\/ffyh.unc.edu.ar\/materiales-educativos-abiertos\/wp-json\/wp\/v2\/users\/22"}],"replies":[{"embeddable":true,"href":"https:\/\/ffyh.unc.edu.ar\/materiales-educativos-abiertos\/wp-json\/wp\/v2\/comments?post=615"}],"version-history":[{"count":0,"href":"https:\/\/ffyh.unc.edu.ar\/materiales-educativos-abiertos\/wp-json\/wp\/v2\/pages\/615\/revisions"}],"up":[{"embeddable":true,"href":"https:\/\/ffyh.unc.edu.ar\/materiales-educativos-abiertos\/wp-json\/wp\/v2\/pages\/297"}],"wp:attachment":[{"href":"https:\/\/ffyh.unc.edu.ar\/materiales-educativos-abiertos\/wp-json\/wp\/v2\/media?parent=615"}],"curies":[{"name":"wp","href":"https:\/\/api.w.org\/{rel}","templated":true}]}}