{"id":97,"date":"2015-04-01T17:18:14","date_gmt":"2015-04-01T17:18:14","guid":{"rendered":"http:\/\/www.ffyh.unc.edu.ar\/materiales-educativos-abiertos\/?page_id=97"},"modified":"2018-11-13T14:52:06","modified_gmt":"2018-11-13T14:52:06","slug":"que-es-cc","status":"publish","type":"page","link":"https:\/\/ffyh.unc.edu.ar\/materiales-educativos-abiertos\/slider\/recursos-para-elaborar-material-educativo-abierto\/que-es-cc\/","title":{"rendered":"El derecho de autor"},"content":{"rendered":"<h1 style=\"text-align: center\"><span style=\"color: #3366ff\">El derecho de autor<\/span><\/h1>\n<p style=\"text-align: justify\"><span class=\"su-dropcap su-dropcap-style-flat\" style=\"font-size:2.5em\">E<\/span>l <strong>derecho de autor<\/strong> es\u00a0el reconocimiento que el Estado\u00a0adjudica al\u00a0autor o creador de una obra literaria y\/o art\u00edstica \u00a0concedi\u00e9ndole ciertos derechos para disponer de manera exclusiva de \u00e9sta. \u00a0Por ello, si se desea hacer cualquier uso de una obra que posea copyright, es necesario pedir autorizaci\u00f3n al autor. (Pagola, 2012)<\/p>\n<p style=\"text-align: justify\"><div id=\"su_carousel_69ec32c8602c2\" class=\"su-carousel su-carousel-centered su-carousel-pages-no su-carousel-responsive-no\" style=\"width:700px;height:180px\" data-autoplay=\"3000\" data-speed=\"600\" data-mousewheel=\"true\" data-items=\"2\" data-scroll=\"1\"><div class=\"su-carousel-slides\"><div class=\"su-carousel-slide\"><a><img decoding=\"async\" src=\"https:\/\/ffyh.unc.edu.ar\/materiales-educativos-abiertos\/wp-content\/uploads\/sites\/27\/2015\/07\/The-battle-of-Copyright.png\" alt=\"The battle of Copyright\" \/><span class=\"su-carousel-slide-title\">The battle of Copyright<\/span><\/a><\/div><div class=\"su-carousel-slide\"><a><img decoding=\"async\" src=\"https:\/\/ffyh.unc.edu.ar\/materiales-educativos-abiertos\/wp-content\/uploads\/sites\/27\/2015\/07\/4839454263_a44b447652_b.jpg\" alt=\"Large copyright sign made of jigsaw puzzle pieces\" \/><span class=\"su-carousel-slide-title\">Large copyright sign made of jigsaw puzzle pieces<\/span><\/a><\/div><div class=\"su-carousel-slide\"><a><img decoding=\"async\" src=\"https:\/\/ffyh.unc.edu.ar\/materiales-educativos-abiertos\/wp-content\/uploads\/sites\/27\/2015\/09\/Copyright1.png\" alt=\"Copyright1\" \/><span class=\"su-carousel-slide-title\">Copyright1<\/span><\/a><\/div><div class=\"su-carousel-slide\"><a><img decoding=\"async\" src=\"https:\/\/ffyh.unc.edu.ar\/materiales-educativos-abiertos\/wp-content\/uploads\/sites\/27\/2015\/09\/Copyright.png\" alt=\"Copyright\" \/><span class=\"su-carousel-slide-title\">Copyright<\/span><\/a><\/div><\/div><div class=\"su-carousel-nav\"><div class=\"su-carousel-direction\"><span class=\"su-carousel-prev\"><\/span><span class=\"su-carousel-next\"><\/span><\/div><div class=\"su-carousel-pagination\"><\/div><\/div><\/div>\n<h2 style=\"text-align: justify\"><span style=\"color: #3366ff\">\u00bfQu\u00e9 facultades concede el derecho de autor?<\/span><\/h2>\n<p>El derecho de autor esta conformado por:<\/p>\n<div class=\"su-tabs su-tabs-style-default su-tabs-mobile-stack\" data-active=\"1\" data-scroll-offset=\"0\" data-anchor-in-url=\"no\"><div class=\"su-tabs-nav\"><span class=\"\" data-url=\"\" data-target=\"blank\" tabindex=\"0\" role=\"button\"><strong>Derechos morales:<\/strong><\/span><span class=\"\" data-url=\"\" data-target=\"blank\" tabindex=\"0\" role=\"button\"><strong>Derechos  patrimoniales:<\/strong><\/span><\/div><div class=\"su-tabs-panes\"><div class=\"su-tabs-pane su-u-clearfix su-u-trim\" data-title=\"&lt;strong&gt;Derechos morales:&lt;\/strong&gt;\"> <div class=\"su-animate\" style=\"opacity:0;-webkit-animation-duration:1s;-webkit-animation-delay:0s;animation-duration:1s;animation-delay:0s;\" data-animation=\"fadeInUp\" data-duration=\"1\" data-delay=\"0\"> Vinculan al autor con la obra que ha creado como resultado de su esfuerzo intelectual y material. Se distinguen los siguientes:<\/p>\n<ul>\n<li>derecho de <strong>atribuci\u00f3n:<\/strong> implica el reconocimiento de autor\u00eda sobre la obra;<\/li>\n<li>derecho a la <strong>integridad:\u00a0<\/strong>faculta objetar cualquier modificaci\u00f3n de la obra;<\/li>\n<li>derecho de<strong> divulgaci\u00f3n:<\/strong>\u00a0posibilita preservar la obra in\u00e9dita decidiendo cuando ser\u00e1 publicada;<\/li>\n<\/ul>\n<\/div> <\/div>\n<div class=\"su-tabs-pane su-u-clearfix su-u-trim\" data-title=\"&lt;strong&gt;Derechos  patrimoniales:&lt;\/strong&gt;\"> <div class=\"su-animate\" style=\"opacity:0;-webkit-animation-duration:1s;-webkit-animation-delay:0s;animation-duration:1s;animation-delay:0s;\" data-animation=\"fadeInUp\" data-duration=\"1\" data-delay=\"0\"> Su\u00a0objeto es el provecho econ\u00f3mico que pueda hacer el autor en relaci\u00f3n a la explotaci\u00f3n de la obra. Los conocemos como \u00abCopyright\u00bb y entre ellos mencionamos:<\/p>\n<ul>\n<li>derecho de <strong>reproducci\u00f3n<\/strong>: indica que el titular de estos derechos, es quien puede generar o autorizar la producci\u00f3n de copias o ejemplares de una obra en cualquier medio o soporte;<\/li>\n<li>derecho de <strong>modificaci\u00f3n, adaptaci\u00f3n o transformaci\u00f3n<\/strong>:\u00a0 faculta la modificaci\u00f3n, la adaptaci\u00f3n, la traducci\u00f3n, etc., que d\u00e9 como resultado una obra derivada;<\/li>\n<li>derecho de <strong>publicaci\u00f3n<\/strong>: faculta la divulgaci\u00f3n de la obra en cualquier medio;<\/li>\n<li>derecho de <strong>distribuci\u00f3n<\/strong>: facultad\u00a0 la circulaci\u00f3n de una obra, \u00a0a trav\u00e9s de cualquier medio o soporte;\u00a0<\/div> <\/div><\/div><\/div><\/li>\n<\/ul>\n<p style=\"text-align: justify\">En Argentina, el derecho de autor esta regulado por la ley 11.723 de Propiedad Intelectual que le otorga derechos totales y exclusivos al autor respecto de la copia y distribuci\u00f3n de sus obras. \u00a0\u00c9stos se aplican desde el momento en que un autor plasma sus expresiones sobre cualquier soporte y los publica. Por ello, no es obligatorio registrar la obra en ninguna instituci\u00f3n,\u00a0salvo para el caso de los libros. Adem\u00e1s, la ley establece los t\u00e9rminos y las condiciones a partir de las cuales una persona f\u00edsica o jur\u00eddica puede disponer de sus obras. \u00a0Esto quiere decir, que quien haga un uso de la obra sin autorizaci\u00f3n previa del autor, en los t\u00e9rminos de la ley, esta cometiendo un delito.<\/p>\n<h2><span style=\"color: #3366ff\">Una mirada distinta sobre el derecho de autor<\/span><\/h2>\n<div align=\"center\">\n<p><strong><a id=\"69ec32c860a6d\" rel=\"wp-video-lightbox\" href=\"https:\/\/www.youtube.com\/watch?v=LbKshC9M6zc&#038;width=640&#038;height=480\" title=\"\"><div class=\"wpvl_auto_thumb_box_wrapper\"><div class=\"wpvl_auto_thumb_box\"><img decoding=\"async\" src=\"https:\/\/img.youtube.com\/vi\/LbKshC9M6zc\/0.jpg\" class=\"video_lightbox_auto_anchor_image\" alt=\"\" \/><div class=\"wpvl_auto_thumb_play\"><img decoding=\"async\" src=\"https:\/\/ffyh.unc.edu.ar\/materiales-educativos-abiertos\/wp-content\/plugins\/wp-video-lightbox\/images\/play.png\" class=\"wpvl_playbutton\" \/><\/div><\/div><\/div><\/a>    <script>\r\n    \/* <![CDATA[ *\/\r\n    jQuery(document).ready(function($){\r\n        $(function(){\r\n            var width = $(window).innerWidth();\r\n            var setwidth = parseFloat(640);\r\n            var ratio = parseFloat(0.75);\r\n            var height = parseFloat(480);\r\n            var link = 'https:\/\/www.youtube.com\/watch?v=LbKshC9M6zc&amp;width=640&amp;height=480';\r\n            if(width < setwidth)\r\n            {\r\n                height = Math.floor(width * 0.75);\r\n                \/\/console.log(\"device width \"+width+\", set width \"+640+\", ratio \"+0.75+\", new height \"+ height);\r\n                var new_url = wpvl_paramReplace('width', link, width);\r\n                var new_url = wpvl_paramReplace('height', new_url, height);\r\n                $(\"a#69ec32c860a6d\").attr('href', new_url);\r\n                \/\/console.log(new_url);\r\n            }\r\n        });\r\n    });\r\n    \/* ]]> *\/\r\n    <\/script><\/strong><\/p>\n<\/div>\n<h6><span class=\"su-label su-label-type-info\">Actividad<\/span><\/h6>\n<p style=\"text-align: justify\"><div class=\"su-note\"  style=\"border-color:#F8F8F8 ;border-radius:5px;-moz-border-radius:5px;-webkit-border-radius:5px;\"><div class=\"su-note-inner su-u-clearfix su-u-trim\" style=\"background-color:#F8F8F8 ;border-color:#F8F8F8 ;color:#333333;border-radius:5px;-moz-border-radius:5px;-webkit-border-radius:5px;\"> <a href=\"http:\/\/ffyh.unc.edu.ar\/materiales-educativos-abiertos\/wp-content\/uploads\/sites\/27\/2015\/07\/iconito-1.png\"><img loading=\"lazy\" decoding=\"async\" class=\"wp-image-2108 alignleft\" src=\"http:\/\/ffyh.unc.edu.ar\/materiales-educativos-abiertos\/wp-content\/uploads\/sites\/27\/2015\/07\/iconito-1.png\" alt=\"iconito-1\" width=\"107\" height=\"107\" srcset=\"https:\/\/ffyh.unc.edu.ar\/materiales-educativos-abiertos\/wp-content\/uploads\/sites\/27\/2015\/07\/iconito-1.png 300w, https:\/\/ffyh.unc.edu.ar\/materiales-educativos-abiertos\/wp-content\/uploads\/sites\/27\/2015\/07\/iconito-1-150x150.png 150w\" sizes=\"auto, (max-width: 107px) 100vw, 107px\" \/><\/a>Para interiorizarnos acerca de ley de propiedad intelectual argentina, les proponemos que la busquen en Internet y realicen\u00a0una lectura de ella\u00a0 identificando los aspectos relevantes en cuanto al uso legal y \u00e9tico de las fuentes. Asimismo identifiquen las restricciones de la ley que afectan la tarea en la producci\u00f3n y circulaci\u00f3n de un \u00a0material. <\/div><\/div>\n<h6><span class=\"su-label su-label-type-info\">Lecturas sugeridas<\/span><\/h6>\n<div class=\"su-note\"  style=\"border-color:#F8F8F8 ;border-radius:5px;-moz-border-radius:5px;-webkit-border-radius:5px;\"><div class=\"su-note-inner su-u-clearfix su-u-trim\" style=\"background-color:#F8F8F8 ;border-color:#F8F8F8 ;color:#333333;border-radius:5px;-moz-border-radius:5px;-webkit-border-radius:5px;\"><a href=\"http:\/\/ffyh.unc.edu.ar\/materiales-educativos-abiertos\/wp-content\/uploads\/sites\/27\/2015\/07\/iconito-6.png\"><img loading=\"lazy\" decoding=\"async\" class=\"wp-image-2121 alignleft\" src=\"http:\/\/ffyh.unc.edu.ar\/materiales-educativos-abiertos\/wp-content\/uploads\/sites\/27\/2015\/07\/iconito-6.png\" alt=\"iconito-6\" width=\"101\" height=\"101\" srcset=\"https:\/\/ffyh.unc.edu.ar\/materiales-educativos-abiertos\/wp-content\/uploads\/sites\/27\/2015\/07\/iconito-6.png 300w, https:\/\/ffyh.unc.edu.ar\/materiales-educativos-abiertos\/wp-content\/uploads\/sites\/27\/2015\/07\/iconito-6-150x150.png 150w\" sizes=\"auto, (max-width: 101px) 100vw, 101px\" \/><\/a><\/p>\n<ul>\n<li style=\"list-style-type: none\">\n<ul>\n<li><a href=\"http:\/\/espaciodetrabajo.com.ar\/autores\/receptores\/\" target=\"_blank\" rel=\"noopener\">Espacio de trabajo:\u00a0La construcci\u00f3n de una mirada cr\u00edtica sobre derechos de autor y derecho a la cultura en entornos digitales. por Pagola, Lila.<\/a><\/li>\n<\/ul>\n<\/li>\n<li><a href=\"http:\/\/www.vialibre.org.ar\/wp-content\/uploads\/2010\/07\/guia.dominio.publico.pdf\" target=\"_blank\" rel=\"noopener\">Breve\u00a0gu\u00eda\u00a0hacia\u00a0el\u00a0dominio\u00a0p\u00fablico\u00a0en\u00a0Argentina por\u00a0Beatriz\u00a0Busaniche<\/a><\/li>\n<li><a href=\"http:\/\/www.derecho.uba.ar\/derechoaldia\/tapa\/conferencia-de-lawrence-lessig-leyes-que-limitan-la-creatividad\/+4884\" target=\"_blank\" rel=\"noopener\">Conferencia de Lawrence Lessig: \u201cLeyes que limitan la creatividad\u201d<\/a>\u00a0<\/div><\/div><\/li>\n<\/ul>\n<p>&nbsp;<\/p>\n<p>&nbsp;<\/p>\n<h6 style=\"text-align: center\"><div class=\"su-button-center\"><a href=\"http:\/\/www.ffyh.unc.edu.ar\/materiales-educativos-abiertos\/?page_id=467\" class=\"su-button su-button-style-3d\" style=\"color:#fff;background-color:#006EC1;border-color:#00589b;border-radius:5px\" target=\"_self\"><span style=\"color:#fff;padding:0px 16px;font-size:13px;line-height:26px;border-color:#4d9ad4;border-radius:5px;text-shadow:none\"> \u00bfC\u00f3mo pueden hacer que sus trabajos circulen en la web sin restricciones ?\u00a0<\/span><\/a><\/div><\/h6>\n","protected":false},"excerpt":{"rendered":"<p>El derecho de autor l derecho de autor es\u00a0el reconocimiento que el Estado\u00a0adjudica al\u00a0autor o creador de una obra literaria y\/o art\u00edstica \u00a0concedi\u00e9ndole ciertos derechos para disponer de manera exclusiva de \u00e9sta. \u00a0Por ello, si se desea hacer cualquier uso de una obra que posea copyright, es necesario pedir autorizaci\u00f3n al autor. (Pagola, 2012) \u00bfQu\u00e9 facultades concede el derecho de autor? El derecho de autor esta conformado por: En Argentina, el derecho de autor esta regulado por la ley 11.723 de Propiedad Intelectual que le otorga derechos totales y exclusivos al autor respecto de la copia y distribuci\u00f3n de sus obras. \u00a0\u00c9stos se aplican desde<a class=\"more-link\" href=\"https:\/\/ffyh.unc.edu.ar\/materiales-educativos-abiertos\/slider\/recursos-para-elaborar-material-educativo-abierto\/que-es-cc\/\">Read More &rarr;<\/a><\/p>\n","protected":false},"author":22,"featured_media":0,"parent":619,"menu_order":0,"comment_status":"closed","ping_status":"closed","template":"","meta":{"_acf_changed":false,"_bbp_topic_count":0,"_bbp_reply_count":0,"_bbp_total_topic_count":0,"_bbp_total_reply_count":0,"_bbp_voice_count":0,"_bbp_anonymous_reply_count":0,"_bbp_topic_count_hidden":0,"_bbp_reply_count_hidden":0,"_bbp_forum_subforum_count":0,"footnotes":""},"class_list":["entry","page","publish","author-florencia","post-97"],"acf":[],"yoast_head":"<!-- This site is optimized with the Yoast SEO plugin v27.1.1 - https:\/\/yoast.com\/product\/yoast-seo-wordpress\/ -->\n<title>El derecho de autor - Materiales Educativos Abiertos<\/title>\n<meta name=\"robots\" content=\"index, follow, max-snippet:-1, max-image-preview:large, max-video-preview:-1\" \/>\n<link rel=\"canonical\" href=\"https:\/\/ffyh.unc.edu.ar\/materiales-educativos-abiertos\/slider\/recursos-para-elaborar-material-educativo-abierto\/que-es-cc\/\" \/>\n<meta property=\"og:locale\" content=\"es_ES\" \/>\n<meta property=\"og:type\" content=\"article\" \/>\n<meta property=\"og:title\" content=\"El derecho de autor - Materiales Educativos Abiertos\" \/>\n<meta property=\"og:description\" content=\"El derecho de autor l derecho de autor es\u00a0el reconocimiento que el Estado\u00a0adjudica al\u00a0autor o creador de una obra literaria y\/o art\u00edstica \u00a0concedi\u00e9ndole ciertos derechos para disponer de manera exclusiva de \u00e9sta. \u00a0Por ello, si se desea hacer cualquier uso de una obra que posea copyright, es necesario pedir autorizaci\u00f3n al autor. (Pagola, 2012) \u00bfQu\u00e9 facultades concede el derecho de autor? El derecho de autor esta conformado por: En Argentina, el derecho de autor esta regulado por la ley 11.723 de Propiedad Intelectual que le otorga derechos totales y exclusivos al autor respecto de la copia y distribuci\u00f3n de sus obras. \u00a0\u00c9stos se aplican desdeRead More &rarr;\" \/>\n<meta property=\"og:url\" content=\"https:\/\/ffyh.unc.edu.ar\/materiales-educativos-abiertos\/slider\/recursos-para-elaborar-material-educativo-abierto\/que-es-cc\/\" \/>\n<meta property=\"og:site_name\" content=\"Materiales Educativos Abiertos\" \/>\n<meta property=\"article:modified_time\" content=\"2018-11-13T14:52:06+00:00\" \/>\n<meta property=\"og:image\" content=\"http:\/\/ffyh.unc.edu.ar\/materiales-educativos-abiertos\/wp-content\/uploads\/sites\/27\/2015\/07\/iconito-1.png\" \/>\n<meta name=\"twitter:card\" content=\"summary_large_image\" \/>\n<meta name=\"twitter:label1\" content=\"Tiempo de lectura\" \/>\n\t<meta name=\"twitter:data1\" content=\"3 minutos\" \/>\n<script type=\"application\/ld+json\" class=\"yoast-schema-graph\">{\"@context\":\"https:\/\/schema.org\",\"@graph\":[{\"@type\":\"WebPage\",\"@id\":\"https:\/\/ffyh.unc.edu.ar\/materiales-educativos-abiertos\/slider\/recursos-para-elaborar-material-educativo-abierto\/que-es-cc\/\",\"url\":\"https:\/\/ffyh.unc.edu.ar\/materiales-educativos-abiertos\/slider\/recursos-para-elaborar-material-educativo-abierto\/que-es-cc\/\",\"name\":\"El derecho de autor - Materiales Educativos Abiertos\",\"isPartOf\":{\"@id\":\"https:\/\/ffyh.unc.edu.ar\/materiales-educativos-abiertos\/#website\"},\"primaryImageOfPage\":{\"@id\":\"https:\/\/ffyh.unc.edu.ar\/materiales-educativos-abiertos\/slider\/recursos-para-elaborar-material-educativo-abierto\/que-es-cc\/#primaryimage\"},\"image\":{\"@id\":\"https:\/\/ffyh.unc.edu.ar\/materiales-educativos-abiertos\/slider\/recursos-para-elaborar-material-educativo-abierto\/que-es-cc\/#primaryimage\"},\"thumbnailUrl\":\"http:\/\/ffyh.unc.edu.ar\/materiales-educativos-abiertos\/wp-content\/uploads\/sites\/27\/2015\/07\/iconito-1.png\",\"datePublished\":\"2015-04-01T17:18:14+00:00\",\"dateModified\":\"2018-11-13T14:52:06+00:00\",\"breadcrumb\":{\"@id\":\"https:\/\/ffyh.unc.edu.ar\/materiales-educativos-abiertos\/slider\/recursos-para-elaborar-material-educativo-abierto\/que-es-cc\/#breadcrumb\"},\"inLanguage\":\"es\",\"potentialAction\":[{\"@type\":\"ReadAction\",\"target\":[\"https:\/\/ffyh.unc.edu.ar\/materiales-educativos-abiertos\/slider\/recursos-para-elaborar-material-educativo-abierto\/que-es-cc\/\"]}]},{\"@type\":\"ImageObject\",\"inLanguage\":\"es\",\"@id\":\"https:\/\/ffyh.unc.edu.ar\/materiales-educativos-abiertos\/slider\/recursos-para-elaborar-material-educativo-abierto\/que-es-cc\/#primaryimage\",\"url\":\"http:\/\/ffyh.unc.edu.ar\/materiales-educativos-abiertos\/wp-content\/uploads\/sites\/27\/2015\/07\/iconito-1.png\",\"contentUrl\":\"http:\/\/ffyh.unc.edu.ar\/materiales-educativos-abiertos\/wp-content\/uploads\/sites\/27\/2015\/07\/iconito-1.png\"},{\"@type\":\"BreadcrumbList\",\"@id\":\"https:\/\/ffyh.unc.edu.ar\/materiales-educativos-abiertos\/slider\/recursos-para-elaborar-material-educativo-abierto\/que-es-cc\/#breadcrumb\",\"itemListElement\":[{\"@type\":\"ListItem\",\"position\":1,\"name\":\"Portada\",\"item\":\"https:\/\/ffyh.unc.edu.ar\/materiales-educativos-abiertos\/\"},{\"@type\":\"ListItem\",\"position\":2,\"name\":\"Inicio\",\"item\":\"https:\/\/ffyh.unc.edu.ar\/materiales-educativos-abiertos\/\"},{\"@type\":\"ListItem\",\"position\":3,\"name\":\"\u00bfQu\u00e9 aspectos considerar cuando se dise\u00f1a un material educativo abierto?\",\"item\":\"https:\/\/ffyh.unc.edu.ar\/materiales-educativos-abiertos\/slider\/recursos-para-elaborar-material-educativo-abierto\/\"},{\"@type\":\"ListItem\",\"position\":4,\"name\":\"El derecho de autor\"}]},{\"@type\":\"WebSite\",\"@id\":\"https:\/\/ffyh.unc.edu.ar\/materiales-educativos-abiertos\/#website\",\"url\":\"https:\/\/ffyh.unc.edu.ar\/materiales-educativos-abiertos\/\",\"name\":\"Materiales Educativos Abiertos\",\"description\":\"\",\"potentialAction\":[{\"@type\":\"SearchAction\",\"target\":{\"@type\":\"EntryPoint\",\"urlTemplate\":\"https:\/\/ffyh.unc.edu.ar\/materiales-educativos-abiertos\/?s={search_term_string}\"},\"query-input\":{\"@type\":\"PropertyValueSpecification\",\"valueRequired\":true,\"valueName\":\"search_term_string\"}}],\"inLanguage\":\"es\"}]}<\/script>\n<!-- \/ Yoast SEO plugin. -->","yoast_head_json":{"title":"El derecho de autor - Materiales Educativos Abiertos","robots":{"index":"index","follow":"follow","max-snippet":"max-snippet:-1","max-image-preview":"max-image-preview:large","max-video-preview":"max-video-preview:-1"},"canonical":"https:\/\/ffyh.unc.edu.ar\/materiales-educativos-abiertos\/slider\/recursos-para-elaborar-material-educativo-abierto\/que-es-cc\/","og_locale":"es_ES","og_type":"article","og_title":"El derecho de autor - Materiales Educativos Abiertos","og_description":"El derecho de autor l derecho de autor es\u00a0el reconocimiento que el Estado\u00a0adjudica al\u00a0autor o creador de una obra literaria y\/o art\u00edstica \u00a0concedi\u00e9ndole ciertos derechos para disponer de manera exclusiva de \u00e9sta. \u00a0Por ello, si se desea hacer cualquier uso de una obra que posea copyright, es necesario pedir autorizaci\u00f3n al autor. (Pagola, 2012) \u00bfQu\u00e9 facultades concede el derecho de autor? El derecho de autor esta conformado por: En Argentina, el derecho de autor esta regulado por la ley 11.723 de Propiedad Intelectual que le otorga derechos totales y exclusivos al autor respecto de la copia y distribuci\u00f3n de sus obras. \u00a0\u00c9stos se aplican desdeRead More &rarr;","og_url":"https:\/\/ffyh.unc.edu.ar\/materiales-educativos-abiertos\/slider\/recursos-para-elaborar-material-educativo-abierto\/que-es-cc\/","og_site_name":"Materiales Educativos Abiertos","article_modified_time":"2018-11-13T14:52:06+00:00","og_image":[{"url":"http:\/\/ffyh.unc.edu.ar\/materiales-educativos-abiertos\/wp-content\/uploads\/sites\/27\/2015\/07\/iconito-1.png","type":"","width":"","height":""}],"twitter_card":"summary_large_image","twitter_misc":{"Tiempo de lectura":"3 minutos"},"schema":{"@context":"https:\/\/schema.org","@graph":[{"@type":"WebPage","@id":"https:\/\/ffyh.unc.edu.ar\/materiales-educativos-abiertos\/slider\/recursos-para-elaborar-material-educativo-abierto\/que-es-cc\/","url":"https:\/\/ffyh.unc.edu.ar\/materiales-educativos-abiertos\/slider\/recursos-para-elaborar-material-educativo-abierto\/que-es-cc\/","name":"El derecho de autor - Materiales Educativos Abiertos","isPartOf":{"@id":"https:\/\/ffyh.unc.edu.ar\/materiales-educativos-abiertos\/#website"},"primaryImageOfPage":{"@id":"https:\/\/ffyh.unc.edu.ar\/materiales-educativos-abiertos\/slider\/recursos-para-elaborar-material-educativo-abierto\/que-es-cc\/#primaryimage"},"image":{"@id":"https:\/\/ffyh.unc.edu.ar\/materiales-educativos-abiertos\/slider\/recursos-para-elaborar-material-educativo-abierto\/que-es-cc\/#primaryimage"},"thumbnailUrl":"http:\/\/ffyh.unc.edu.ar\/materiales-educativos-abiertos\/wp-content\/uploads\/sites\/27\/2015\/07\/iconito-1.png","datePublished":"2015-04-01T17:18:14+00:00","dateModified":"2018-11-13T14:52:06+00:00","breadcrumb":{"@id":"https:\/\/ffyh.unc.edu.ar\/materiales-educativos-abiertos\/slider\/recursos-para-elaborar-material-educativo-abierto\/que-es-cc\/#breadcrumb"},"inLanguage":"es","potentialAction":[{"@type":"ReadAction","target":["https:\/\/ffyh.unc.edu.ar\/materiales-educativos-abiertos\/slider\/recursos-para-elaborar-material-educativo-abierto\/que-es-cc\/"]}]},{"@type":"ImageObject","inLanguage":"es","@id":"https:\/\/ffyh.unc.edu.ar\/materiales-educativos-abiertos\/slider\/recursos-para-elaborar-material-educativo-abierto\/que-es-cc\/#primaryimage","url":"http:\/\/ffyh.unc.edu.ar\/materiales-educativos-abiertos\/wp-content\/uploads\/sites\/27\/2015\/07\/iconito-1.png","contentUrl":"http:\/\/ffyh.unc.edu.ar\/materiales-educativos-abiertos\/wp-content\/uploads\/sites\/27\/2015\/07\/iconito-1.png"},{"@type":"BreadcrumbList","@id":"https:\/\/ffyh.unc.edu.ar\/materiales-educativos-abiertos\/slider\/recursos-para-elaborar-material-educativo-abierto\/que-es-cc\/#breadcrumb","itemListElement":[{"@type":"ListItem","position":1,"name":"Portada","item":"https:\/\/ffyh.unc.edu.ar\/materiales-educativos-abiertos\/"},{"@type":"ListItem","position":2,"name":"Inicio","item":"https:\/\/ffyh.unc.edu.ar\/materiales-educativos-abiertos\/"},{"@type":"ListItem","position":3,"name":"\u00bfQu\u00e9 aspectos considerar cuando se dise\u00f1a un material educativo abierto?","item":"https:\/\/ffyh.unc.edu.ar\/materiales-educativos-abiertos\/slider\/recursos-para-elaborar-material-educativo-abierto\/"},{"@type":"ListItem","position":4,"name":"El derecho de autor"}]},{"@type":"WebSite","@id":"https:\/\/ffyh.unc.edu.ar\/materiales-educativos-abiertos\/#website","url":"https:\/\/ffyh.unc.edu.ar\/materiales-educativos-abiertos\/","name":"Materiales Educativos Abiertos","description":"","potentialAction":[{"@type":"SearchAction","target":{"@type":"EntryPoint","urlTemplate":"https:\/\/ffyh.unc.edu.ar\/materiales-educativos-abiertos\/?s={search_term_string}"},"query-input":{"@type":"PropertyValueSpecification","valueRequired":true,"valueName":"search_term_string"}}],"inLanguage":"es"}]}},"_links":{"self":[{"href":"https:\/\/ffyh.unc.edu.ar\/materiales-educativos-abiertos\/wp-json\/wp\/v2\/pages\/97","targetHints":{"allow":["GET"]}}],"collection":[{"href":"https:\/\/ffyh.unc.edu.ar\/materiales-educativos-abiertos\/wp-json\/wp\/v2\/pages"}],"about":[{"href":"https:\/\/ffyh.unc.edu.ar\/materiales-educativos-abiertos\/wp-json\/wp\/v2\/types\/page"}],"author":[{"embeddable":true,"href":"https:\/\/ffyh.unc.edu.ar\/materiales-educativos-abiertos\/wp-json\/wp\/v2\/users\/22"}],"replies":[{"embeddable":true,"href":"https:\/\/ffyh.unc.edu.ar\/materiales-educativos-abiertos\/wp-json\/wp\/v2\/comments?post=97"}],"version-history":[{"count":5,"href":"https:\/\/ffyh.unc.edu.ar\/materiales-educativos-abiertos\/wp-json\/wp\/v2\/pages\/97\/revisions"}],"predecessor-version":[{"id":3175,"href":"https:\/\/ffyh.unc.edu.ar\/materiales-educativos-abiertos\/wp-json\/wp\/v2\/pages\/97\/revisions\/3175"}],"up":[{"embeddable":true,"href":"https:\/\/ffyh.unc.edu.ar\/materiales-educativos-abiertos\/wp-json\/wp\/v2\/pages\/619"}],"wp:attachment":[{"href":"https:\/\/ffyh.unc.edu.ar\/materiales-educativos-abiertos\/wp-json\/wp\/v2\/media?parent=97"}],"curies":[{"name":"wp","href":"https:\/\/api.w.org\/{rel}","templated":true}]}}