{"id":11,"date":"2010-07-13T19:11:52","date_gmt":"2010-07-13T19:11:52","guid":{"rendered":"http:\/\/www.ffyh.unc.edu.ar\/modernidades\/?page_id=11"},"modified":"2010-07-13T19:11:52","modified_gmt":"2010-07-13T19:11:52","slug":"nuestro-proposito","status":"publish","type":"page","link":"https:\/\/ffyh.unc.edu.ar\/modernidades\/nuestro-proposito\/","title":{"rendered":"Nuestro prop\u00f3sito"},"content":{"rendered":"<div>\n<div><strong>NUESTRO           PROP\u00d3SITO: RAZONES PARA EL PLURAL<br \/>\n<\/strong><\/div>\n<p>En          abril de 2005  constituimos un Grupo de Estudios sobre la Modernidad dentro           del Area de Historia del Centro de Investigaciones de la Facultad de  Filosof\u00eda          y Humanidades \u201cMar\u00eda Saleme de Burnich\u00f3n\u201d, de           la Universidad Nacional de C\u00f3rdoba (CIFFyH &#8211; UNC). Se trata de           un conjunto de investigadores (historiadores en general, de diversas  edades          y trayectoria) movilizados por construir un punto de  encuentro para la          lectura, el debate y el desarrollo de una  propuesta en torno a un eje          de inter\u00e9s com\u00fan, como es el  an\u00e1lisis y la exploraci\u00f3n          de ese complejo estructurado y  estructurante que llamamos Modernidad.<\/p>\n<p>Una          idea que impulsamos  en la primera reuni\u00f3n fue la de propiciar colectivamente          un  medio que sirviera para dar a conocer perspectivas necesariamente  divergentes,          tanto por la contenci\u00f3n disciplinaria como por los  n\u00facleos          que interesaba indagar y la interpretaci\u00f3n que se da  sobre los          mismos. Nos pareci\u00f3 importante hacerlo desde una  plataforma poco          utilizada todav\u00eda en el \u00e1mbito acad\u00e9mico, como  lo          es la revista electr\u00f3nica. Definimos criterios editoriales, y  pusimos          manos a la obra; en pocos meses logramos concretarlo,  gracias al apoyo          incondicional e inmediato de los colegas que  publican sus art\u00edculos          y apoyan desde el Consejo Asesor.<\/p>\n<p>Aspiramos          a que esta  empresa despierte el inter\u00e9s de los acad\u00e9micos          mediante la  difusi\u00f3n y participaci\u00f3n activa en la revista.          De ese modo  podremos lograr el objetivo esencial que nos propusimos: contribuir           a conocer mejor \u2013y ponerlo al alcance de todos- esa pluralidad de           realidades que configura la negociaci\u00f3n permanente y heterog\u00e9nea           entre el proyecto moderno, lo que vino a desplazar, en grado  variable          pero nunca del todo, y aquello que pretende  suplantarlo, de manera vers\u00e1til          tambi\u00e9n.<\/p>\n<p>En          s\u00edntesis: queremos  indagar en profundidad la modernidad como etapa          hist\u00f3rica, como  propuesta y, en definitiva, como concepto hist\u00f3rico          clave para  la comprensi\u00f3n de nuestro presente.<\/p>\n<p><strong>&#8211;          Grupo de Estudios sobre la  Modernidad &#8211;<\/strong><\/p>\n<\/div>\n","protected":false},"excerpt":{"rendered":"<p>NUESTRO PROP\u00d3SITO: RAZONES PARA EL PLURAL En abril de 2005 constituimos un Grupo de Estudios sobre la Modernidad dentro del Area de Historia del Centro de Investigaciones de la Facultad de Filosof\u00eda y Humanidades \u201cMar\u00eda Saleme de Burnich\u00f3n\u201d, de la Universidad Nacional de C\u00f3rdoba (CIFFyH &#8211; UNC). Se trata de un conjunto de investigadores (historiadores &hellip; <a href=\"https:\/\/ffyh.unc.edu.ar\/modernidades\/nuestro-proposito\/\" class=\"more-link\">Continuar leyendo<span class=\"screen-reader-text\"> \u00abNuestro prop\u00f3sito\u00bb<\/span><\/a><\/p>\n","protected":false},"author":1,"featured_media":0,"parent":0,"menu_order":3,"comment_status":"closed","ping_status":"open","template":"","meta":{"_acf_changed":false,"footnotes":""},"class_list":["post-11","page","type-page","status-publish","hentry"],"acf":[],"_links":{"self":[{"href":"https:\/\/ffyh.unc.edu.ar\/modernidades\/wp-json\/wp\/v2\/pages\/11","targetHints":{"allow":["GET"]}}],"collection":[{"href":"https:\/\/ffyh.unc.edu.ar\/modernidades\/wp-json\/wp\/v2\/pages"}],"about":[{"href":"https:\/\/ffyh.unc.edu.ar\/modernidades\/wp-json\/wp\/v2\/types\/page"}],"author":[{"embeddable":true,"href":"https:\/\/ffyh.unc.edu.ar\/modernidades\/wp-json\/wp\/v2\/users\/1"}],"replies":[{"embeddable":true,"href":"https:\/\/ffyh.unc.edu.ar\/modernidades\/wp-json\/wp\/v2\/comments?post=11"}],"version-history":[{"count":0,"href":"https:\/\/ffyh.unc.edu.ar\/modernidades\/wp-json\/wp\/v2\/pages\/11\/revisions"}],"wp:attachment":[{"href":"https:\/\/ffyh.unc.edu.ar\/modernidades\/wp-json\/wp\/v2\/media?parent=11"}],"curies":[{"name":"wp","href":"https:\/\/api.w.org\/{rel}","templated":true}]}}