{"id":128,"date":"2011-08-20T19:24:34","date_gmt":"2011-08-20T19:24:34","guid":{"rendered":"http:\/\/www.ffyh.unc.edu.ar\/modernidades\/?page_id=128"},"modified":"2011-08-20T19:24:34","modified_gmt":"2011-08-20T19:24:34","slug":"xi","status":"publish","type":"page","link":"https:\/\/ffyh.unc.edu.ar\/modernidades\/","title":{"rendered":"Indice"},"content":{"rendered":"<div>\n<h3><strong>Modernidades N\u00ba 11<\/strong><\/h3>\n<p><strong>Art\u00edculos:<\/strong><\/p>\n<ul>\n<li><a title=\"Permalink to Panamericanismo y conservacionismo en torno al viaje de Theodore Roosevelt a la Argentina (1913)\" href=\"http:\/\/www.ffyh.unc.edu.ar\/modernidades\/2011\/08\/panamericanismo-y-conservacionismo-en-torno-al-viaje-de-theodore-roosevelt-a-la-argentina-1913\/\" rel=\"bookmark\">Panamericanismo y conservacionismo en torno al viaje de Theodore Roosevelt a la Argentina (1913)<\/a>, Perla Zusman \u2013 (CONICET\/Instituto de Geograf\u00eda (UBA)<\/li>\n<\/ul>\n<ul>\n<li><a title=\"Permalink to El accionar del estudiantado cat\u00f3lico en la UNC durante la Reforma Universitaria de 1918\" href=\"http:\/\/www.ffyh.unc.edu.ar\/modernidades\/2011\/08\/el-accionar-del-estudiantado-catolico-en-la-unc-durante-la-reforma-universitaria-de-1918\/\" rel=\"bookmark\">El accionar del estudiantado cat\u00f3lico en la UNC durante la Reforma Universitaria de 1918<\/a>, Gabriela Schenone &#8211; (Becaria Conicet -CIFFyH-UNC)<\/li>\n<\/ul>\n<ul>\n<li><a title=\"Permalink to FILOSOFIA, LETTERATURA E VITA CIVILE: GIOVAN BATTISTA GELLI E IL VOLGARE\" href=\"http:\/\/www.ffyh.unc.edu.ar\/modernidades\/2011\/08\/filosofia-letteratura-e-vita-civile-giovan-battista-gelli-e-il-volgare\/\" rel=\"bookmark\">FILOSOFIA, LETTERATURA E VITA CIVILE: GIOVAN BATTISTA GELLI E IL VOLGARE<\/a>, Anna Laura Puliafito \u2013 (Universidad de Basilea, Suiza)<\/li>\n<\/ul>\n<p><strong>La Cocina<\/strong><strong> del investigador<\/strong><\/p>\n<ul>\n<li><a href=\"http:\/\/www.ffyh.unc.edu.ar\/modernidades\/2011\/08\/entre-la-formacion-academica-y-la-proyeccion-nacional-raul-orgaz-y-los-avatares-de-la-sociologia-en-cordoba-1910-1930\/\">Entre la formaci\u00f3n acad\u00e9mica y la proyecci\u00f3n nacional: Ra\u00fal Orgaz y los avatares de la sociolog\u00eda en C\u00f3rdoba (1910-1930)<\/a>, Ezequiel Grisendi &#8211; (UNC- CEMICI-Museo de Antropolog\u00eda\/ CONICET)<\/li>\n<\/ul>\n<p><strong>Rese\u00f1as<\/strong><\/p>\n<ul>\n<li><a title=\"Permalink to El\u00edas Jos\u00e9 Palti  El momento rom\u00e1ntico. Naci\u00f3n, historia y lenguajes pol\u00edticos en la Argentina del siglo XIX.\" href=\"http:\/\/www.ffyh.unc.edu.ar\/modernidades\/2011\/08\/elias-jose-palti-el-momento-romantico-nacion-historia-y-lenguajes-politicos-en-la-argentina-del-siglo-xix\/\" rel=\"bookmark\">El\u00edas Jos\u00e9 Palti: \u201cEl momento rom\u00e1ntico. Naci\u00f3n, historia y lenguajes pol\u00edticos en la Argentina del siglo XIX\u201d.<\/a> Mart\u00edn Vicente \u2013 (CONICET-UNGS\/USAL)<\/li>\n<\/ul>\n<\/div>\n","protected":false},"excerpt":{"rendered":"<p>Modernidades N\u00ba 11 Art\u00edculos: Panamericanismo y conservacionismo en torno al viaje de Theodore Roosevelt a la Argentina (1913), Perla Zusman \u2013 (CONICET\/Instituto de Geograf\u00eda (UBA) El accionar del estudiantado cat\u00f3lico en la UNC durante la Reforma Universitaria de 1918, Gabriela Schenone &#8211; (Becaria Conicet -CIFFyH-UNC) FILOSOFIA, LETTERATURA E VITA CIVILE: GIOVAN BATTISTA GELLI E IL &hellip; <a href=\"https:\/\/ffyh.unc.edu.ar\/modernidades\/\" class=\"more-link\">Continuar leyendo<span class=\"screen-reader-text\"> \u00abIndice\u00bb<\/span><\/a><\/p>\n","protected":false},"author":1,"featured_media":0,"parent":8,"menu_order":0,"comment_status":"closed","ping_status":"closed","template":"","meta":{"_acf_changed":false,"saved_in_kubio":false,"footnotes":""},"class_list":["post-128","page","type-page","status-publish","hentry"],"acf":[],"kubio_ai_page_context":{"short_desc":"","purpose":"general"},"_links":{"self":[{"href":"https:\/\/ffyh.unc.edu.ar\/modernidades\/wp-json\/wp\/v2\/pages\/128","targetHints":{"allow":["GET"]}}],"collection":[{"href":"https:\/\/ffyh.unc.edu.ar\/modernidades\/wp-json\/wp\/v2\/pages"}],"about":[{"href":"https:\/\/ffyh.unc.edu.ar\/modernidades\/wp-json\/wp\/v2\/types\/page"}],"author":[{"embeddable":true,"href":"https:\/\/ffyh.unc.edu.ar\/modernidades\/wp-json\/wp\/v2\/users\/1"}],"replies":[{"embeddable":true,"href":"https:\/\/ffyh.unc.edu.ar\/modernidades\/wp-json\/wp\/v2\/comments?post=128"}],"version-history":[{"count":0,"href":"https:\/\/ffyh.unc.edu.ar\/modernidades\/wp-json\/wp\/v2\/pages\/128\/revisions"}],"up":[{"embeddable":true,"href":"https:\/\/ffyh.unc.edu.ar\/modernidades\/wp-json\/wp\/v2\/pages\/8"}],"wp:attachment":[{"href":"https:\/\/ffyh.unc.edu.ar\/modernidades\/wp-json\/wp\/v2\/media?parent=128"}],"curies":[{"name":"wp","href":"https:\/\/api.w.org\/{rel}","templated":true}]}}