{"id":13,"date":"2010-07-13T19:12:45","date_gmt":"2010-07-13T19:12:45","guid":{"rendered":"http:\/\/www.ffyh.unc.edu.ar\/modernidades\/?page_id=13"},"modified":"2010-07-13T19:12:45","modified_gmt":"2010-07-13T19:12:45","slug":"consejo-asesor-consejo-editor","status":"publish","type":"page","link":"https:\/\/ffyh.unc.edu.ar\/modernidades\/consejo-asesor-consejo-editor\/","title":{"rendered":"Consejo Asesor | Consejo Editor"},"content":{"rendered":"<p><strong>COMIT\u00c9 ASESOR <\/strong><\/p>\n<ul>\n<li>DORA  BARRANCOS, Universidad Nacional de Buenos      Aires, CONICET<\/li>\n<li>SEBASTI\u00c1N  BARROS, Universidad Nacional de      Patagonia Austral<\/li>\n<li>MARTA BONAUDO,  Universidad Nacional de      Rosario, CONICET<\/li>\n<li>BEATRIZ  BRAGONI, Universidad Nacional de Cuyo<\/li>\n<li>MAR\u00cdA TERESA  DALMASSO, Universidad Nacional de      C\u00f3rdoba<\/li>\n<li>DAR\u00cdO       EURAQUE, Trinity College, Connecticut (EE.UU.)<\/li>\n<li>CARLOS  FORMENT, Centro de Investigaci\u00f3n de la      Vida P\u00fablica<\/li>\n<li>NOEM\u00cd GOLDMAN,  Universidad Nacional de Buenos      Aires<\/li>\n<li>TULIO HALPERIN  DONGHI, Universidad de      California, Berkeley (EE.UU.)<\/li>\n<li>FLAVIO HEINS,  UNISINOS (Brasil)<\/li>\n<li>DARIO MARCOR,  Universidad Nacional del Litoral<\/li>\n<li>PEDRO NAVARRO  FLORIA, Universidad Nacional del      Comahue, CONICET<\/li>\n<li>EL\u00cdAS PALTI,  Universidad Nacional de Quilmes,      CONICET<\/li>\n<li>ROXANA PATI\u00d1O,  Universidad Nacional de C\u00f3rdoba<\/li>\n<li>OFELIA  PIANETTO, Universidad Nacional de      C\u00f3rdoba<\/li>\n<li>ADRIAN  SCRIBANO, Universidad Nacional de Villa      Mar\u00eda<\/li>\n<li>NORA SFORZA.  Universidad Nacional de Buenos      Aires<\/li>\n<li>DIEGO TATIAN,  Universidad Nacional de C\u00f3rdoba<\/li>\n<li>ANA TERUEL,  Universidad Nacional de Jujuy<\/li>\n<\/ul>\n<p><strong>COMIT\u00c9  EDITORIAL<\/strong><\/p>\n<p>CRISTINA  BOIXAD\u00d3S<\/p>\n<p>FERNANDO FRAENZA<\/p>\n<p>MARTA PHILP<\/p>\n<p>ALEJANDRA PERI\u00c9<\/p>\n<p>GARDENIA VIDAL<\/p>\n<p><strong>Coordinadora<\/strong>:<br \/>\nGARDENIA VIDAL<\/p>\n<p><strong>Idea original y colaboraci\u00f3n<\/strong>:<br \/>\nPABLO VAGLIENTE<\/p>\n<p style=\"text-align: center\"><strong>ISSN 1850-0080<\/strong><\/p>\n","protected":false},"excerpt":{"rendered":"<p>COMIT\u00c9 ASESOR DORA BARRANCOS, Universidad Nacional de Buenos Aires, CONICET SEBASTI\u00c1N BARROS, Universidad Nacional de Patagonia Austral MARTA BONAUDO, Universidad Nacional de Rosario, CONICET BEATRIZ BRAGONI, Universidad Nacional de Cuyo MAR\u00cdA TERESA DALMASSO, Universidad Nacional de C\u00f3rdoba DAR\u00cdO EURAQUE, Trinity College, Connecticut (EE.UU.) CARLOS FORMENT, Centro de Investigaci\u00f3n de la Vida P\u00fablica NOEM\u00cd GOLDMAN, Universidad &hellip; <a href=\"https:\/\/ffyh.unc.edu.ar\/modernidades\/consejo-asesor-consejo-editor\/\" class=\"more-link\">Continuar leyendo<span class=\"screen-reader-text\"> \u00abConsejo Asesor | Consejo Editor\u00bb<\/span><\/a><\/p>\n","protected":false},"author":1,"featured_media":0,"parent":0,"menu_order":4,"comment_status":"closed","ping_status":"open","template":"","meta":{"_acf_changed":false,"footnotes":""},"class_list":["post-13","page","type-page","status-publish","hentry"],"acf":[],"_links":{"self":[{"href":"https:\/\/ffyh.unc.edu.ar\/modernidades\/wp-json\/wp\/v2\/pages\/13","targetHints":{"allow":["GET"]}}],"collection":[{"href":"https:\/\/ffyh.unc.edu.ar\/modernidades\/wp-json\/wp\/v2\/pages"}],"about":[{"href":"https:\/\/ffyh.unc.edu.ar\/modernidades\/wp-json\/wp\/v2\/types\/page"}],"author":[{"embeddable":true,"href":"https:\/\/ffyh.unc.edu.ar\/modernidades\/wp-json\/wp\/v2\/users\/1"}],"replies":[{"embeddable":true,"href":"https:\/\/ffyh.unc.edu.ar\/modernidades\/wp-json\/wp\/v2\/comments?post=13"}],"version-history":[{"count":0,"href":"https:\/\/ffyh.unc.edu.ar\/modernidades\/wp-json\/wp\/v2\/pages\/13\/revisions"}],"wp:attachment":[{"href":"https:\/\/ffyh.unc.edu.ar\/modernidades\/wp-json\/wp\/v2\/media?parent=13"}],"curies":[{"name":"wp","href":"https:\/\/api.w.org\/{rel}","templated":true}]}}