{"id":8,"date":"2010-07-13T18:55:13","date_gmt":"2010-07-13T18:55:13","guid":{"rendered":"http:\/\/www.ffyh.unc.edu.ar\/modernidades\/?page_id=8"},"modified":"2010-07-13T18:55:13","modified_gmt":"2010-07-13T18:55:13","slug":"numeros-anteriores","status":"publish","type":"page","link":"https:\/\/ffyh.unc.edu.ar\/modernidades\/numeros-anteriores\/","title":{"rendered":"N\u00fameros anteriores"},"content":{"rendered":"<p><a href=\"http:\/\/www.ffyh.unc.edu.ar\/archivos\/modernidades_a\/I\/Revista%20e-Modernidades.htm\" target=\"_blank\">I<\/a> &#8211; A\u00f1o 1 &#8211; Agosto de 2005<\/p>\n<p><a href=\"http:\/\/www.ffyh.unc.edu.ar\/archivos\/modernidades_a\/II\/Mod2Contenidos\/Revista_e-ModernidadesII.htm\" target=\"_blank\">II<\/a> &#8211; A\u00f1o 1 &#8211; Diciembre de 2005<\/p>\n<p><a href=\"http:\/\/www.ffyh.unc.edu.ar\/archivos\/modernidades_a\/III\/Mod2Contenidos\/Revista_e-ModernidadesIII.htm\" target=\"_blank\">III<\/a> &#8211; A\u00f1o 2 &#8211; Abril de 2006<\/p>\n<p><a href=\"http:\/\/www.ffyh.unc.edu.ar\/archivos\/modernidades_a\/IV\/Revista_e-ModernidadesIV.htm\" target=\"_blank\">IV<\/a> &#8211; A\u00f1o 2 &#8211; Setiembre de 2006<\/p>\n<p><a href=\"http:\/\/www.ffyh.unc.edu.ar\/archivos\/modernidades_a\/V\/Revista_e-ModernidadesV.htm\" target=\"_blank\">V <\/a>&#8211; A\u00f1o 2 &#8211; Diciembre de 2006<\/p>\n<p><a href=\"http:\/\/www.ffyh.unc.edu.ar\/archivos\/modernidades_a\/VI\/Revista_e-ModernidadesVI.htm\" target=\"_blank\">VI<\/a> &#8211; A\u00f1o 3 &#8211; Junio de 2007<\/p>\n<p><a href=\"http:\/\/www.ffyh.unc.edu.ar\/archivos\/modernidades_a\/VII\/Revista_e-ModernidadesVII.htm\" target=\"_blank\">VII<\/a> &#8211; A\u00f1o 3 &#8211; Diciembre de 2007<\/p>\n<p><a href=\"http:\/\/www.ffyh.unc.edu.ar\/archivos\/modernidades_a\/VIII\/Revista_e-ModernidadesVIII.htm\" target=\"_blank\">VIII<\/a> &#8211; A\u00f1o 4 &#8211; Agosto 2008<\/p>\n<p><a href=\"http:\/\/www.ffyh.unc.edu.ar\/archivos\/modernidades_a\/IX\/Revista_e-ModernidadesIX.htm\" target=\"_blank\">IX<\/a> &#8211; A\u00f1o 5 &#8211; Julio 2009<\/p>\n<p><a title=\"Modernidades N\u00ba 10\" href=\"http:\/\/www.ffyh.unc.edu.ar\/modernidades\/numeros-anteriores\/x\/\" target=\"_blank\">X<\/a> &#8211; A\u00f1o 6 &#8211; Julio 2010<\/p>\n","protected":false},"excerpt":{"rendered":"<p>I &#8211; A\u00f1o 1 &#8211; Agosto de 2005 II &#8211; A\u00f1o 1 &#8211; Diciembre de 2005 III &#8211; A\u00f1o 2 &#8211; Abril de 2006 IV &#8211; A\u00f1o 2 &#8211; Setiembre de 2006 V &#8211; A\u00f1o 2 &#8211; Diciembre de 2006 VI &#8211; A\u00f1o 3 &#8211; Junio de 2007 VII &#8211; A\u00f1o 3 &#8211; Diciembre de &hellip; <a href=\"https:\/\/ffyh.unc.edu.ar\/modernidades\/numeros-anteriores\/\" class=\"more-link\">Continuar leyendo<span class=\"screen-reader-text\"> \u00abN\u00fameros anteriores\u00bb<\/span><\/a><\/p>\n","protected":false},"author":1,"featured_media":0,"parent":0,"menu_order":2,"comment_status":"closed","ping_status":"open","template":"","meta":{"_acf_changed":false,"footnotes":""},"class_list":["post-8","page","type-page","status-publish","hentry"],"acf":[],"_links":{"self":[{"href":"https:\/\/ffyh.unc.edu.ar\/modernidades\/wp-json\/wp\/v2\/pages\/8","targetHints":{"allow":["GET"]}}],"collection":[{"href":"https:\/\/ffyh.unc.edu.ar\/modernidades\/wp-json\/wp\/v2\/pages"}],"about":[{"href":"https:\/\/ffyh.unc.edu.ar\/modernidades\/wp-json\/wp\/v2\/types\/page"}],"author":[{"embeddable":true,"href":"https:\/\/ffyh.unc.edu.ar\/modernidades\/wp-json\/wp\/v2\/users\/1"}],"replies":[{"embeddable":true,"href":"https:\/\/ffyh.unc.edu.ar\/modernidades\/wp-json\/wp\/v2\/comments?post=8"}],"version-history":[{"count":0,"href":"https:\/\/ffyh.unc.edu.ar\/modernidades\/wp-json\/wp\/v2\/pages\/8\/revisions"}],"wp:attachment":[{"href":"https:\/\/ffyh.unc.edu.ar\/modernidades\/wp-json\/wp\/v2\/media?parent=8"}],"curies":[{"name":"wp","href":"https:\/\/api.w.org\/{rel}","templated":true}]}}