{"id":81,"date":"2011-08-20T14:22:06","date_gmt":"2011-08-20T14:22:06","guid":{"rendered":"http:\/\/www.ffyh.unc.edu.ar\/modernidades\/?page_id=81"},"modified":"2011-08-20T14:22:06","modified_gmt":"2011-08-20T14:22:06","slug":"x","status":"publish","type":"page","link":"https:\/\/ffyh.unc.edu.ar\/modernidades\/numeros-anteriores\/x\/","title":{"rendered":"Modernidades N\u00ba 10"},"content":{"rendered":"<h3><strong>Indice<br \/>\n<\/strong><\/h3>\n<p><strong>Art\u00edculos:<\/strong><\/p>\n<ul>\n<li><a title=\"Permalink to Sergio Bag\u00fa y la modernizaci\u00f3n de la Universidad de Buenos Aires (1955- 1966): la construcci\u00f3n de un nuevo concepto de Universidad\" href=\"..\/2010\/07\/sergio-bagu-modernizacion-universidad-buenos-aires-construccion-nuevo-concepto\/\" rel=\"bookmark\" target=\"_self\">Sergio Bag\u00fa y la modernizaci\u00f3n de la Universidad de Buenos Aires (1955- 1966): la construcci\u00f3n de un nuevo concepto de Universidad<\/a>, Mat\u00edas Giletta.<\/li>\n<\/ul>\n<ul>\n<li><a href=\"..\/?p=26\">A hist\u00f3ria da cidade atrav\u00e9s de imagens no livro comemorativo do bicenten\u00e1rio de Porto Alegre (Brasil\/RS)<\/a>, Charles Monteiro<\/li>\n<\/ul>\n<ul>\n<li><a href=\"..\/?p=29\">Espa\u00f1oles en Bayamo: una mirada desde la sociabilidad y la opini\u00f3n p\u00fablica (1871-1920)<\/a>, Dayami Rodr\u00edguez L\u00f3pez<\/li>\n<\/ul>\n<p><strong>La Cocina<\/strong><strong> del investigador<\/strong><\/p>\n<ul>\n<li><a href=\"..\/?p=23\">Asociaciones cat\u00f3licas para obreros: C\u00f3rdoba 1930 \u2013 1940<\/a>, Mar\u00eda Beatriz Burgos<\/li>\n<\/ul>\n<p><strong>Rese\u00f1as<\/strong><\/p>\n<ul>\n<li><a href=\"..\/?p=19\">Maurice Agulhon, El c\u00edrculo burgu\u00e9s. La sociabilidad en Francia, 1810-1848, Siglo XXI, 1\u00b0 edici\u00f3n en espa\u00f1ol, 2009, 207 p\u00e1ginas. Traducci\u00f3n de Margarita Polo<\/a>. Mar\u00eda Victoria<\/li>\n<\/ul>\n","protected":false},"excerpt":{"rendered":"<p>Indice Art\u00edculos: Sergio Bag\u00fa y la modernizaci\u00f3n de la Universidad de Buenos Aires (1955- 1966): la construcci\u00f3n de un nuevo concepto de Universidad, Mat\u00edas Giletta. A hist\u00f3ria da cidade atrav\u00e9s de imagens no livro comemorativo do bicenten\u00e1rio de Porto Alegre (Brasil\/RS), Charles Monteiro Espa\u00f1oles en Bayamo: una mirada desde la sociabilidad y la opini\u00f3n p\u00fablica &hellip; <a href=\"https:\/\/ffyh.unc.edu.ar\/modernidades\/numeros-anteriores\/x\/\" class=\"more-link\">Continuar leyendo<span class=\"screen-reader-text\"> \u00abModernidades N\u00ba 10\u00bb<\/span><\/a><\/p>\n","protected":false},"author":1,"featured_media":0,"parent":8,"menu_order":0,"comment_status":"closed","ping_status":"closed","template":"","meta":{"_acf_changed":false,"footnotes":""},"class_list":["post-81","page","type-page","status-publish","hentry"],"acf":[],"_links":{"self":[{"href":"https:\/\/ffyh.unc.edu.ar\/modernidades\/wp-json\/wp\/v2\/pages\/81","targetHints":{"allow":["GET"]}}],"collection":[{"href":"https:\/\/ffyh.unc.edu.ar\/modernidades\/wp-json\/wp\/v2\/pages"}],"about":[{"href":"https:\/\/ffyh.unc.edu.ar\/modernidades\/wp-json\/wp\/v2\/types\/page"}],"author":[{"embeddable":true,"href":"https:\/\/ffyh.unc.edu.ar\/modernidades\/wp-json\/wp\/v2\/users\/1"}],"replies":[{"embeddable":true,"href":"https:\/\/ffyh.unc.edu.ar\/modernidades\/wp-json\/wp\/v2\/comments?post=81"}],"version-history":[{"count":0,"href":"https:\/\/ffyh.unc.edu.ar\/modernidades\/wp-json\/wp\/v2\/pages\/81\/revisions"}],"up":[{"embeddable":true,"href":"https:\/\/ffyh.unc.edu.ar\/modernidades\/wp-json\/wp\/v2\/pages\/8"}],"wp:attachment":[{"href":"https:\/\/ffyh.unc.edu.ar\/modernidades\/wp-json\/wp\/v2\/media?parent=81"}],"curies":[{"name":"wp","href":"https:\/\/api.w.org\/{rel}","templated":true}]}}