{"id":150,"date":"2020-11-20T12:49:22","date_gmt":"2020-11-20T12:49:22","guid":{"rendered":"https:\/\/ffyh.unc.edu.ar\/nochedelosmuseos\/?page_id=150"},"modified":"2021-12-02T23:35:38","modified_gmt":"2021-12-02T23:35:38","slug":"nm-202","status":"publish","type":"page","link":"https:\/\/ffyh.unc.edu.ar\/nochedelosmuseos\/","title":{"rendered":"NM 2021"},"content":{"rendered":"<h2 class=\"titulo\">Reinventate en la Noche de los Museos 2021<\/h2>\n<p class=\"presentacion\">Bajo el lema \u201cRecrear el museo en tiempos de pandemia\u201d, la <a href=\"https:\/\/nochedelosmuseos.unc.edu.ar\/\">Noche de los Museos<\/a> invita a recorrer las diferentes propuestas de los museos universitarios y espacios invitados de la ciudad capital y el interior provincial.<br \/> \u201c\u00a1Reinventante!\u201d es la invitaci\u00f3n que trae el Museo de Antropolog\u00eda de la UNC para vivir la edici\u00f3n 2021. Con una <strong>modalidad virtual<\/strong>, la cita es el viernes 3 de diciembre, de <strong>21:00 a 01:00 horas<\/strong>, y su programaci\u00f3n te acerca una serie de actividades diversas y para todo p\u00fablico.<\/p>\n","protected":false},"excerpt":{"rendered":"<p>Reinventate en la Noche de los Museos 2021 Bajo el lema \u201cRecrear el museo en tiempos de pandemia\u201d, la Noche de los Museos invita a recorrer las diferentes propuestas de los museos universitarios y espacios invitados de la ciudad capital y el interior provincial. \u201c\u00a1Reinventante!\u201d es la invitaci\u00f3n que trae [&hellip;]<\/p>\n","protected":false},"author":38,"featured_media":0,"parent":0,"menu_order":0,"comment_status":"closed","ping_status":"closed","template":"","meta":{"_acf_changed":false,"saved_in_kubio":false,"_monsterinsights_skip_tracking":false,"_monsterinsights_sitenote_active":false,"_monsterinsights_sitenote_note":"","_monsterinsights_sitenote_category":0,"footnotes":""},"class_list":["post-150","page","type-page","status-publish","hentry"],"acf":[],"kubio_ai_page_context":{"short_desc":"","purpose":"general"},"jetpack_sharing_enabled":true,"_links":{"self":[{"href":"https:\/\/ffyh.unc.edu.ar\/nochedelosmuseos\/wp-json\/wp\/v2\/pages\/150","targetHints":{"allow":["GET"]}}],"collection":[{"href":"https:\/\/ffyh.unc.edu.ar\/nochedelosmuseos\/wp-json\/wp\/v2\/pages"}],"about":[{"href":"https:\/\/ffyh.unc.edu.ar\/nochedelosmuseos\/wp-json\/wp\/v2\/types\/page"}],"author":[{"embeddable":true,"href":"https:\/\/ffyh.unc.edu.ar\/nochedelosmuseos\/wp-json\/wp\/v2\/users\/38"}],"replies":[{"embeddable":true,"href":"https:\/\/ffyh.unc.edu.ar\/nochedelosmuseos\/wp-json\/wp\/v2\/comments?post=150"}],"version-history":[{"count":11,"href":"https:\/\/ffyh.unc.edu.ar\/nochedelosmuseos\/wp-json\/wp\/v2\/pages\/150\/revisions"}],"predecessor-version":[{"id":395,"href":"https:\/\/ffyh.unc.edu.ar\/nochedelosmuseos\/wp-json\/wp\/v2\/pages\/150\/revisions\/395"}],"wp:attachment":[{"href":"https:\/\/ffyh.unc.edu.ar\/nochedelosmuseos\/wp-json\/wp\/v2\/media?parent=150"}],"curies":[{"name":"wp","href":"https:\/\/api.w.org\/{rel}","templated":true}]}}