{"id":293,"date":"2021-11-24T15:17:00","date_gmt":"2021-11-24T15:17:00","guid":{"rendered":"https:\/\/ffyh.unc.edu.ar\/nochedelosmuseos\/?page_id=293"},"modified":"2021-11-28T16:36:56","modified_gmt":"2021-11-28T16:36:56","slug":"ediciones-pasadas","status":"publish","type":"page","link":"https:\/\/ffyh.unc.edu.ar\/nochedelosmuseos\/ediciones-pasadas\/","title":{"rendered":"Ediciones pasadas"},"content":{"rendered":"<p>Te invitamos a revivir las ediciones anteriores de la Noche de los Museos <\/p>\n<p><strong><\/strong><\/p>\n<h2>Noche de los Museos 2020<\/h2>\n<style>.wp-show-posts-columns#wpsp-272 {margin-left: -2em; }.wp-show-posts-columns#wpsp-272 .wp-show-posts-inner {margin: 0 0 2em 2em; }<\/style><section id=\"wpsp-272\" class=\" wp-show-posts\" style=\"\"><article class=\" wp-show-posts-single wpsp-clearfix post-118 post type-post status-publish format-standard has-post-thumbnail hentry category-nm2020\" itemtype=\"http:\/\/schema.org\/CreativeWork\" itemscope><div class=\"wp-show-posts-inner\" style=\"\">\t\t<div class=\"wp-show-posts-image  wpsp-image-left \">\n\t\t\t<a href=\"https:\/\/ffyh.unc.edu.ar\/nochedelosmuseos\/2020\/11\/18\/judit-una-pionera-de-la-antropologia-cordobesa\/\"  title=\"\ud83c\udfa7 Judit, una pionera de la antropolog\u00eda cordobesa\">\t\t\t\t\t<img decoding=\"async\" src=\"https:\/\/ffyh.unc.edu.ar\/nochedelosmuseos\/wp-content\/uploads\/sites\/40\/2020\/11\/programa-NM-museodeantropologia5-200x200.jpg\" alt=\"\ud83c\udfa7 Judit, una pionera de la antropolog\u00eda cordobesa\" itemprop=\"image\" class=\"left\" \/>\n\t\t\t\t<\/a>\t\t<\/div>\n\t\t\t\t\t\t\t\t<header class=\"wp-show-posts-entry-header\">\n\t\t\t\t\t\t\t<h4 class=\"wp-show-posts-entry-title\" itemprop=\"headline\"><a href=\"https:\/\/ffyh.unc.edu.ar\/nochedelosmuseos\/2020\/11\/18\/judit-una-pionera-de-la-antropologia-cordobesa\/\" rel=\"bookmark\">\ud83c\udfa7 Judit, una pionera de la antropolog\u00eda cordobesa<\/a><\/h4>\t\t\t\t\t\t<\/header><!-- .entry-header -->\n\t\t\t\t\t\t\t\t\t\t\t<div class=\"wp-show-posts-entry-content\" itemprop=\"text\">\n\t\t\t\t\t\t\t<p><em>Te invitamos a conocer a <strong>Judit Amelia Antonello<\/strong>, una pionera de la antropolog\u00eda cordobesa a trav\u00e9s del Podcast de UNC Ciencia y la semblanza de la Dra. Mariela Zabala.<\/em><\/p>\n\t\t\t\t\t\t<\/div><!-- .entry-content -->\n\t\t\t\t\t<\/div><!-- wp-show-posts-inner --><div class=\"wpsp-clear\"><\/div><\/article><article class=\" wp-show-posts-single wpsp-clearfix post-120 post type-post status-publish format-standard has-post-thumbnail hentry category-nm2020\" itemtype=\"http:\/\/schema.org\/CreativeWork\" itemscope><div class=\"wp-show-posts-inner\" style=\"\">\t\t<div class=\"wp-show-posts-image  wpsp-image-left \">\n\t\t\t<a href=\"https:\/\/ffyh.unc.edu.ar\/nochedelosmuseos\/2020\/11\/18\/recorridos-360o\/\"  title=\"\ud83d\udd0d Recorridos 360\u00ba\">\t\t\t\t\t<img decoding=\"async\" src=\"https:\/\/ffyh.unc.edu.ar\/nochedelosmuseos\/wp-content\/uploads\/sites\/40\/2020\/11\/programa-NM-museodeantropologia3-200x200.jpg\" alt=\"\ud83d\udd0d Recorridos 360\u00ba\" itemprop=\"image\" class=\"left\" \/>\n\t\t\t\t<\/a>\t\t<\/div>\n\t\t\t\t\t\t\t\t<header class=\"wp-show-posts-entry-header\">\n\t\t\t\t\t\t\t<h4 class=\"wp-show-posts-entry-title\" itemprop=\"headline\"><a href=\"https:\/\/ffyh.unc.edu.ar\/nochedelosmuseos\/2020\/11\/18\/recorridos-360o\/\" rel=\"bookmark\">\ud83d\udd0d Recorridos 360\u00ba<\/a><\/h4>\t\t\t\t\t\t<\/header><!-- .entry-header -->\n\t\t\t\t\t\t\t\t\t\t\t<div class=\"wp-show-posts-entry-content\" itemprop=\"text\">\n\t\t\t\t\t\t\t<p>Te invitamos a conocer de manera virtual algunas de nuestras salas<\/p>\n\t\t\t\t\t\t<\/div><!-- .entry-content -->\n\t\t\t\t\t<\/div><!-- wp-show-posts-inner --><div class=\"wpsp-clear\"><\/div><\/article><article class=\" wp-show-posts-single wpsp-clearfix post-122 post type-post status-publish format-standard has-post-thumbnail hentry category-nm2020\" itemtype=\"http:\/\/schema.org\/CreativeWork\" itemscope><div class=\"wp-show-posts-inner\" style=\"\">\t\t<div class=\"wp-show-posts-image  wpsp-image-left \">\n\t\t\t<a href=\"https:\/\/ffyh.unc.edu.ar\/nochedelosmuseos\/2020\/11\/18\/cordoba-legendaria\/\"  title=\"\ud83d\udd0a C\u00f3rdoba Legendaria \u23f3\">\t\t\t\t\t<img decoding=\"async\" src=\"https:\/\/ffyh.unc.edu.ar\/nochedelosmuseos\/wp-content\/uploads\/sites\/40\/2020\/11\/programa-NM-museodeantropologia9-200x200.jpg\" alt=\"\ud83d\udd0a C\u00f3rdoba Legendaria \u23f3\" itemprop=\"image\" class=\"left\" \/>\n\t\t\t\t<\/a>\t\t<\/div>\n\t\t\t\t\t\t\t\t<header class=\"wp-show-posts-entry-header\">\n\t\t\t\t\t\t\t<h4 class=\"wp-show-posts-entry-title\" itemprop=\"headline\"><a href=\"https:\/\/ffyh.unc.edu.ar\/nochedelosmuseos\/2020\/11\/18\/cordoba-legendaria\/\" rel=\"bookmark\">\ud83d\udd0a C\u00f3rdoba Legendaria \u23f3<\/a><\/h4>\t\t\t\t\t\t<\/header><!-- .entry-header -->\n\t\t\t\t\t\t\t\t\t\t\t<div class=\"wp-show-posts-entry-content\" itemprop=\"text\">\n\t\t\t\t\t\t\t<p>\u00bfTe gustar\u00eda viajar al pasado y conocer la C\u00f3rdoba de fines del siglo XIX y principios del siglo XX? \u00bfConoc\u00e9s las leyendas urbanas que atemorizaron a los cordobeses durante a\u00f1os?<\/p>\n\t\t\t\t\t\t<\/div><!-- .entry-content -->\n\t\t\t\t\t<\/div><!-- wp-show-posts-inner --><div class=\"wpsp-clear\"><\/div><\/article><article class=\" wp-show-posts-single wpsp-clearfix post-124 post type-post status-publish format-standard has-post-thumbnail hentry category-nm2020\" itemtype=\"http:\/\/schema.org\/CreativeWork\" itemscope><div class=\"wp-show-posts-inner\" style=\"\">\t\t<div class=\"wp-show-posts-image  wpsp-image-left \">\n\t\t\t<a href=\"https:\/\/ffyh.unc.edu.ar\/nochedelosmuseos\/2020\/11\/18\/des-andar-lo-cotidiano\/\"  title=\"\u270f\ufe0f Des-andar lo cotidiano\">\t\t\t\t\t<img decoding=\"async\" src=\"https:\/\/ffyh.unc.edu.ar\/nochedelosmuseos\/wp-content\/uploads\/sites\/40\/2020\/11\/programa-NM-museodeantropologia2-200x200.jpg\" alt=\"\u270f\ufe0f Des-andar lo cotidiano\" itemprop=\"image\" class=\"left\" \/>\n\t\t\t\t<\/a>\t\t<\/div>\n\t\t\t\t\t\t\t\t<header class=\"wp-show-posts-entry-header\">\n\t\t\t\t\t\t\t<h4 class=\"wp-show-posts-entry-title\" itemprop=\"headline\"><a href=\"https:\/\/ffyh.unc.edu.ar\/nochedelosmuseos\/2020\/11\/18\/des-andar-lo-cotidiano\/\" rel=\"bookmark\">\u270f\ufe0f Des-andar lo cotidiano<\/a><\/h4>\t\t\t\t\t\t<\/header><!-- .entry-header -->\n\t\t\t\t\t\t\t\t\t\t\t<div class=\"wp-show-posts-entry-content\" itemprop=\"text\">\n\t\t\t\t\t\t\t<p>Particip\u00e1 de manera interactiva cont\u00e1ndonos experiencias sobre c\u00f3mo cambi\u00f3 tu vida en estos meses de pandemia a trav\u00e9s de este <a href=\"https:\/\/padlet.com\/comunicacionmda\/desandarNM\">padlet<\/a><\/p>\n\t\t\t\t\t\t<\/div><!-- .entry-content -->\n\t\t\t\t\t<\/div><!-- wp-show-posts-inner --><div class=\"wpsp-clear\"><\/div><\/article><article class=\" wp-show-posts-single wpsp-clearfix post-128 post type-post status-publish format-standard has-post-thumbnail hentry category-nm2020\" itemtype=\"http:\/\/schema.org\/CreativeWork\" itemscope><div class=\"wp-show-posts-inner\" style=\"\">\t\t<div class=\"wp-show-posts-image  wpsp-image-left \">\n\t\t\t<a href=\"https:\/\/ffyh.unc.edu.ar\/nochedelosmuseos\/2020\/11\/18\/carta-a-mi-mismx\/\"  title=\"\ud83d\udce9 Carta a m\u00ed mismx\">\t\t\t\t\t<img decoding=\"async\" src=\"https:\/\/ffyh.unc.edu.ar\/nochedelosmuseos\/wp-content\/uploads\/sites\/40\/2020\/11\/programa-NM-museodeantropologia-200x200.jpg\" alt=\"\ud83d\udce9 Carta a m\u00ed mismx\" itemprop=\"image\" class=\"left\" \/>\n\t\t\t\t<\/a>\t\t<\/div>\n\t\t\t\t\t\t\t\t<header class=\"wp-show-posts-entry-header\">\n\t\t\t\t\t\t\t<h4 class=\"wp-show-posts-entry-title\" itemprop=\"headline\"><a href=\"https:\/\/ffyh.unc.edu.ar\/nochedelosmuseos\/2020\/11\/18\/carta-a-mi-mismx\/\" rel=\"bookmark\">\ud83d\udce9 Carta a m\u00ed mismx<\/a><\/h4>\t\t\t\t\t\t<\/header><!-- .entry-header -->\n\t\t\t\t\t\t\t\t\t\t\t<div class=\"wp-show-posts-entry-content\" itemprop=\"text\">\n\t\t\t\t\t\t\t<p>Compartinos una foto cuando eras ni\u00f1x, adolexcente, \u00abotrx\u00bb. <strong>\u00bfQu\u00e9 te dir\u00edas en una carta dirigida a esx otrx que te mira en la foto?<\/strong> \u00bfQu\u00e9 cambiar\u00edas, en todo este tiempo que pas\u00f3? \u00bfQu\u00e9 pens\u00e1s que te dir\u00eda esx ni\u00f1x, esx joven, a vos, hoy&#8230;?<\/p>\n\t\t\t\t\t\t<\/div><!-- .entry-content -->\n\t\t\t\t\t<\/div><!-- wp-show-posts-inner --><div class=\"wpsp-clear\"><\/div><\/article><article class=\" wp-show-posts-single wpsp-clearfix post-130 post type-post status-publish format-standard has-post-thumbnail hentry category-nm2020\" itemtype=\"http:\/\/schema.org\/CreativeWork\" itemscope><div class=\"wp-show-posts-inner\" style=\"\">\t\t<div class=\"wp-show-posts-image  wpsp-image-left \">\n\t\t\t<a href=\"https:\/\/ffyh.unc.edu.ar\/nochedelosmuseos\/2020\/11\/18\/aromas-del-mundo\/\"  title=\"\ud83d\udc90 Aromas del mundo\">\t\t\t\t\t<img decoding=\"async\" src=\"https:\/\/ffyh.unc.edu.ar\/nochedelosmuseos\/wp-content\/uploads\/sites\/40\/2020\/11\/programa-NM-museodeantropologia4-200x200.jpg\" alt=\"\ud83d\udc90 Aromas del mundo\" itemprop=\"image\" class=\"left\" \/>\n\t\t\t\t<\/a>\t\t<\/div>\n\t\t\t\t\t\t\t\t<header class=\"wp-show-posts-entry-header\">\n\t\t\t\t\t\t\t<h4 class=\"wp-show-posts-entry-title\" itemprop=\"headline\"><a href=\"https:\/\/ffyh.unc.edu.ar\/nochedelosmuseos\/2020\/11\/18\/aromas-del-mundo\/\" rel=\"bookmark\">\ud83d\udc90 Aromas del mundo<\/a><\/h4>\t\t\t\t\t\t<\/header><!-- .entry-header -->\n\t\t\t\t\t\t\t\t\t\t\t<div class=\"wp-show-posts-entry-content\" itemprop=\"text\">\n\t\t\t\t\t\t\t<p>\u00bfC\u00f3mo afecta al cuerpo la suspensi\u00f3n del olfato y del gusto, principales s\u00edntomas del Covid-19? <\/p>\n\t\t\t\t\t\t<\/div><!-- .entry-content -->\n\t\t\t\t\t<\/div><!-- wp-show-posts-inner --><div class=\"wpsp-clear\"><\/div><\/article><article class=\" wp-show-posts-single wpsp-clearfix post-133 post type-post status-publish format-standard has-post-thumbnail hentry category-nm2020\" itemtype=\"http:\/\/schema.org\/CreativeWork\" itemscope><div class=\"wp-show-posts-inner\" style=\"\">\t\t<div class=\"wp-show-posts-image  wpsp-image-left \">\n\t\t\t<a href=\"https:\/\/ffyh.unc.edu.ar\/nochedelosmuseos\/2020\/11\/18\/activar-en-casa\/\"  title=\"\ud83d\udc75\ud83c\udffd \u00a1As\u00ed activamos en casa! \ud83d\udc74\ud83c\udffd\">\t\t\t\t\t<img decoding=\"async\" src=\"https:\/\/ffyh.unc.edu.ar\/nochedelosmuseos\/wp-content\/uploads\/sites\/40\/2020\/11\/programa-NM-museodeantropologia6-200x200.jpg\" alt=\"\ud83d\udc75\ud83c\udffd \u00a1As\u00ed activamos en casa! \ud83d\udc74\ud83c\udffd\" itemprop=\"image\" class=\"left\" \/>\n\t\t\t\t<\/a>\t\t<\/div>\n\t\t\t\t\t\t\t\t<header class=\"wp-show-posts-entry-header\">\n\t\t\t\t\t\t\t<h4 class=\"wp-show-posts-entry-title\" itemprop=\"headline\"><a href=\"https:\/\/ffyh.unc.edu.ar\/nochedelosmuseos\/2020\/11\/18\/activar-en-casa\/\" rel=\"bookmark\">\ud83d\udc75\ud83c\udffd \u00a1As\u00ed activamos en casa! \ud83d\udc74\ud83c\udffd<\/a><\/h4>\t\t\t\t\t\t<\/header><!-- .entry-header -->\n\t\t\t\t\t\t\t\t\t\t\t<div class=\"wp-show-posts-entry-content\" itemprop=\"text\">\n\t\t\t\t\t\t\t<p>Anticipo de la muestra colaborativa <strong><a href=\"https:\/\/padlet.com\/areaeducacionma\/personasmayores\">\u00abLa vida en casa, las personas mayores en tiempos divergentes\u00bb.<\/a><\/strong> \u00a1Descubrila! <\/p>\n\t\t\t\t\t\t<\/div><!-- .entry-content -->\n\t\t\t\t\t<\/div><!-- wp-show-posts-inner --><div class=\"wpsp-clear\"><\/div><\/article><article class=\" wp-show-posts-single wpsp-clearfix post-135 post type-post status-publish format-standard has-post-thumbnail hentry category-nm2020\" itemtype=\"http:\/\/schema.org\/CreativeWork\" itemscope><div class=\"wp-show-posts-inner\" style=\"\">\t\t<div class=\"wp-show-posts-image  wpsp-image-left \">\n\t\t\t<a href=\"https:\/\/ffyh.unc.edu.ar\/nochedelosmuseos\/2020\/11\/18\/el-tesoro-escondido\/\"  title=\"\ud83d\udd0e El tesoro escondido\u26b1\ufe0f\">\t\t\t\t\t<img decoding=\"async\" src=\"https:\/\/ffyh.unc.edu.ar\/nochedelosmuseos\/wp-content\/uploads\/sites\/40\/2020\/11\/programa-NM-museodeantropologia7-200x200.jpg\" alt=\"\ud83d\udd0e El tesoro escondido\u26b1\ufe0f\" itemprop=\"image\" class=\"left\" \/>\n\t\t\t\t<\/a>\t\t<\/div>\n\t\t\t\t\t\t\t\t<header class=\"wp-show-posts-entry-header\">\n\t\t\t\t\t\t\t<h4 class=\"wp-show-posts-entry-title\" itemprop=\"headline\"><a href=\"https:\/\/ffyh.unc.edu.ar\/nochedelosmuseos\/2020\/11\/18\/el-tesoro-escondido\/\" rel=\"bookmark\">\ud83d\udd0e El tesoro escondido\u26b1\ufe0f<\/a><\/h4>\t\t\t\t\t\t<\/header><!-- .entry-header -->\n\t\t\t\t\t\t\t\t\t\t\t<div class=\"wp-show-posts-entry-content\" itemprop=\"text\">\n\t\t\t\t\t\t\t<p>Te invitamos a recorrer las propuestas de la Reserva Patrimonial. Mir\u00e1 los <strong>micros en video para Arqueo conservadores: <a href=\"https:\/\/padlet.com\/reservamuseo\/m7f5vx0ro4epqh37\">\u201cEl tesoro Escondido\u201d<\/a><\/strong><\/p>\n\t\t\t\t\t\t<\/div><!-- .entry-content -->\n\t\t\t\t\t<\/div><!-- wp-show-posts-inner --><div class=\"wpsp-clear\"><\/div><\/article><article class=\" wp-show-posts-single wpsp-clearfix post-137 post type-post status-publish format-standard has-post-thumbnail hentry category-nm2020\" itemtype=\"http:\/\/schema.org\/CreativeWork\" itemscope><div class=\"wp-show-posts-inner\" style=\"\">\t\t<div class=\"wp-show-posts-image  wpsp-image-left \">\n\t\t\t<a href=\"https:\/\/ffyh.unc.edu.ar\/nochedelosmuseos\/2020\/11\/18\/cierre-musical-con-las-tranki-punki\/\"  title=\"\ud83c\udfb8 Cierre musical con las Tranki Punki \ud83c\udfb5\">\t\t\t\t\t<img decoding=\"async\" src=\"https:\/\/ffyh.unc.edu.ar\/nochedelosmuseos\/wp-content\/uploads\/sites\/40\/2020\/11\/programa-NM-museodeantropologia8-200x200.jpg\" alt=\"\ud83c\udfb8 Cierre musical con las Tranki Punki \ud83c\udfb5\" itemprop=\"image\" class=\"left\" \/>\n\t\t\t\t<\/a>\t\t<\/div>\n\t\t\t\t\t\t\t\t<header class=\"wp-show-posts-entry-header\">\n\t\t\t\t\t\t\t<h4 class=\"wp-show-posts-entry-title\" itemprop=\"headline\"><a href=\"https:\/\/ffyh.unc.edu.ar\/nochedelosmuseos\/2020\/11\/18\/cierre-musical-con-las-tranki-punki\/\" rel=\"bookmark\">\ud83c\udfb8 Cierre musical con las Tranki Punki \ud83c\udfb5<\/a><\/h4>\t\t\t\t\t\t<\/header><!-- .entry-header -->\n\t\t\t\t\t\t\t\t\t\t\t<div class=\"wp-show-posts-entry-content\" itemprop=\"text\">\n\t\t\t\t\t\t\t<p>\u00a1No te lo pierdas! A las 23:00 hs en vivo por nuestro canal de <a href=\"https:\/\/youtu.be\/JyyAtm1C9BI\">Youtube<\/a>.<\/p>\n\t\t\t\t\t\t<\/div><!-- .entry-content -->\n\t\t\t\t\t<\/div><!-- wp-show-posts-inner --><div class=\"wpsp-clear\"><\/div><\/article><article class=\" wp-show-posts-single wpsp-clearfix post-211 post type-post status-publish format-standard has-post-thumbnail hentry category-nm2020\" itemtype=\"http:\/\/schema.org\/CreativeWork\" itemscope><div class=\"wp-show-posts-inner\" style=\"\">\t\t<div class=\"wp-show-posts-image  wpsp-image-left \">\n\t\t\t<a href=\"https:\/\/ffyh.unc.edu.ar\/nochedelosmuseos\/2020\/11\/19\/%f0%9f%93%9a-lecturas-poeticas-para-la-noche-de-los-museos\/\"  title=\"\ud83d\udcda Lecturas po\u00e9ticas para la Noche de los Museos\">\t\t\t\t\t<img decoding=\"async\" src=\"https:\/\/ffyh.unc.edu.ar\/nochedelosmuseos\/wp-content\/uploads\/sites\/40\/2020\/11\/programa-NM-museodeantropologia11-200x200.jpg\" alt=\"\ud83d\udcda Lecturas po\u00e9ticas para la Noche de los Museos\" itemprop=\"image\" class=\"left\" \/>\n\t\t\t\t<\/a>\t\t<\/div>\n\t\t\t\t\t\t\t\t<header class=\"wp-show-posts-entry-header\">\n\t\t\t\t\t\t\t<h4 class=\"wp-show-posts-entry-title\" itemprop=\"headline\"><a href=\"https:\/\/ffyh.unc.edu.ar\/nochedelosmuseos\/2020\/11\/19\/%f0%9f%93%9a-lecturas-poeticas-para-la-noche-de-los-museos\/\" rel=\"bookmark\">\ud83d\udcda Lecturas po\u00e9ticas para la Noche de los Museos<\/a><\/h4>\t\t\t\t\t\t<\/header><!-- .entry-header -->\n\t\t\t\t\t\t\t\t\t\t\t<div class=\"wp-show-posts-entry-content\" itemprop=\"text\">\n\t\t\t\t\t\t\t<p>En conjunto con el grupo de investigaci\u00f3n<strong> L\u00f3gicas y Desvar\u00edos Corporales del Museo de Antropolog\u00eda<\/strong> creamos un espacio para pensar po\u00e9ticamente las experiencias subjetivas a partir de sentidos como el gusto y el olfato.<\/p>\n\t\t\t\t\t\t<\/div><!-- .entry-content -->\n\t\t\t\t\t<\/div><!-- wp-show-posts-inner --><div class=\"wpsp-clear\"><\/div><\/article><\/section><!-- .wp-show-posts -->\n","protected":false},"excerpt":{"rendered":"<p>Te invitamos a revivir las ediciones anteriores de la Noche de los Museos Noche de los Museos 2020<\/p>\n","protected":false},"author":38,"featured_media":114,"parent":0,"menu_order":0,"comment_status":"closed","ping_status":"closed","template":"page-templates\/template-page-sidebar.php","meta":{"_acf_changed":false,"saved_in_kubio":false,"_monsterinsights_skip_tracking":false,"_monsterinsights_sitenote_active":false,"_monsterinsights_sitenote_note":"","_monsterinsights_sitenote_category":0,"footnotes":""},"class_list":["post-293","page","type-page","status-publish","has-post-thumbnail","hentry"],"acf":[],"kubio_ai_page_context":{"short_desc":"","purpose":"general"},"jetpack_sharing_enabled":true,"_links":{"self":[{"href":"https:\/\/ffyh.unc.edu.ar\/nochedelosmuseos\/wp-json\/wp\/v2\/pages\/293","targetHints":{"allow":["GET"]}}],"collection":[{"href":"https:\/\/ffyh.unc.edu.ar\/nochedelosmuseos\/wp-json\/wp\/v2\/pages"}],"about":[{"href":"https:\/\/ffyh.unc.edu.ar\/nochedelosmuseos\/wp-json\/wp\/v2\/types\/page"}],"author":[{"embeddable":true,"href":"https:\/\/ffyh.unc.edu.ar\/nochedelosmuseos\/wp-json\/wp\/v2\/users\/38"}],"replies":[{"embeddable":true,"href":"https:\/\/ffyh.unc.edu.ar\/nochedelosmuseos\/wp-json\/wp\/v2\/comments?post=293"}],"version-history":[{"count":4,"href":"https:\/\/ffyh.unc.edu.ar\/nochedelosmuseos\/wp-json\/wp\/v2\/pages\/293\/revisions"}],"predecessor-version":[{"id":345,"href":"https:\/\/ffyh.unc.edu.ar\/nochedelosmuseos\/wp-json\/wp\/v2\/pages\/293\/revisions\/345"}],"wp:featuredmedia":[{"embeddable":true,"href":"https:\/\/ffyh.unc.edu.ar\/nochedelosmuseos\/wp-json\/wp\/v2\/media\/114"}],"wp:attachment":[{"href":"https:\/\/ffyh.unc.edu.ar\/nochedelosmuseos\/wp-json\/wp\/v2\/media?parent=293"}],"curies":[{"name":"wp","href":"https:\/\/api.w.org\/{rel}","templated":true}]}}