{"id":13,"date":"2012-11-27T16:41:56","date_gmt":"2012-11-27T16:41:56","guid":{"rendered":"http:\/\/www.ffyh.unc.edu.ar\/alfilo\/obregon-cano\/?page_id=13"},"modified":"2017-09-08T14:13:08","modified_gmt":"2017-09-08T14:13:08","slug":"especial-canal-10","status":"publish","type":"page","link":"https:\/\/ffyh.unc.edu.ar\/obregon-cano\/especial-canal-10\/","title":{"rendered":"Programa especial en Canal 10"},"content":{"rendered":"<p>El lunes 26 de noviembre se emiti\u00f3 por Canal 10 el programa \u00abObreg\u00f3n Cano, \u00faltimo gobierno popular\u00bb, con la conducci\u00f3n de Miguel Planells y Diego Tati\u00e1n, que repasa con material de archivo y entrevistas a los participantes de las jornadas de homenaje que organiz\u00f3 la FFyH, los momentos m\u00e1s importantes de aquella gesti\u00f3n.<\/p>\n<h2>Primer bloque<\/h2>\n<p><iframe loading=\"lazy\" src=\"https:\/\/www.youtube.com\/embed\/Gbv5n7yULQA?rel=0\" frameborder=\"0\" width=\"480\" height=\"360\"><\/iframe><\/p>\n<h2>Segundo bloque<\/h2>\n<p><iframe loading=\"lazy\" src=\"https:\/\/www.youtube.com\/embed\/M8Cd3Cumh1c?rel=0\" frameborder=\"0\" width=\"480\" height=\"360\"><\/iframe><\/p>\n<h2>Tercer bloque<\/h2>\n<p><iframe loading=\"lazy\" src=\"https:\/\/www.youtube.com\/embed\/sGH-AsFFeMM?rel=0\" frameborder=\"0\" width=\"480\" height=\"360\"><\/iframe><\/p>\n<h2>Cuarto bloque<\/h2>\n<p><iframe loading=\"lazy\" src=\"https:\/\/www.youtube.com\/embed\/atp9_QndgJg?rel=0\" frameborder=\"0\" width=\"480\" height=\"360\"><\/iframe><\/p>\n","protected":false},"excerpt":{"rendered":"<p>El lunes 26 de noviembre se emiti\u00f3 por Canal 10 el programa \u00abObreg\u00f3n Cano, \u00faltimo gobierno popular\u00bb, con la conducci\u00f3n de Miguel Planells y Diego Tati\u00e1n, que repasa con material de archivo y entrevistas a los participantes de las jornadas de homenaje que organiz\u00f3 la FFyH, los momentos m\u00e1s importantes de aquella gesti\u00f3n. Primer bloque &hellip; <\/p>\n<p><a class=\"more-link btn\" href=\"https:\/\/ffyh.unc.edu.ar\/obregon-cano\/especial-canal-10\/\">Seguir leyendo<\/a><\/p>\n","protected":false},"author":1,"featured_media":0,"parent":0,"menu_order":0,"comment_status":"open","ping_status":"closed","template":"","meta":{"_acf_changed":false,"footnotes":""},"class_list":["post-13","page","type-page","status-publish","hentry","nodate","item-wrap"],"acf":[],"_links":{"self":[{"href":"https:\/\/ffyh.unc.edu.ar\/obregon-cano\/wp-json\/wp\/v2\/pages\/13","targetHints":{"allow":["GET"]}}],"collection":[{"href":"https:\/\/ffyh.unc.edu.ar\/obregon-cano\/wp-json\/wp\/v2\/pages"}],"about":[{"href":"https:\/\/ffyh.unc.edu.ar\/obregon-cano\/wp-json\/wp\/v2\/types\/page"}],"author":[{"embeddable":true,"href":"https:\/\/ffyh.unc.edu.ar\/obregon-cano\/wp-json\/wp\/v2\/users\/1"}],"replies":[{"embeddable":true,"href":"https:\/\/ffyh.unc.edu.ar\/obregon-cano\/wp-json\/wp\/v2\/comments?post=13"}],"version-history":[{"count":1,"href":"https:\/\/ffyh.unc.edu.ar\/obregon-cano\/wp-json\/wp\/v2\/pages\/13\/revisions"}],"predecessor-version":[{"id":43,"href":"https:\/\/ffyh.unc.edu.ar\/obregon-cano\/wp-json\/wp\/v2\/pages\/13\/revisions\/43"}],"wp:attachment":[{"href":"https:\/\/ffyh.unc.edu.ar\/obregon-cano\/wp-json\/wp\/v2\/media?parent=13"}],"curies":[{"name":"wp","href":"https:\/\/api.w.org\/{rel}","templated":true}]}}