{"id":15,"date":"2012-11-27T16:42:55","date_gmt":"2012-11-27T16:42:55","guid":{"rendered":"http:\/\/www.ffyh.unc.edu.ar\/alfilo\/obregon-cano\/?page_id=15"},"modified":"2012-11-27T16:42:55","modified_gmt":"2012-11-27T16:42:55","slug":"premio-jose-maria-arico","status":"publish","type":"page","link":"https:\/\/ffyh.unc.edu.ar\/obregon-cano\/premio-jose-maria-arico\/","title":{"rendered":"El primer \u00abAric\u00f3\u00bb para Obreg\u00f3n Cano"},"content":{"rendered":"<p><strong>El viernes 26 de octubre, en un encuentro \u00edntimo pero muy emotivo en su departamento de Buenos Aires, el Decano de la FFyH, Diego Tati\u00e1n, entreg\u00f3 al ex gobernador de C\u00f3rdoba el premio \u201cJos\u00e9 Mar\u00eda Aric\u00f3 al compromiso social y pol\u00edtico\u201d.<\/strong><\/p>\n<p>S\u00edmbolo de la uni\u00f3n entre el peronismo revolucionario y el sindicalismo combativo que encarnaba su compa\u00f1ero de f\u00f3rmula Atilio L\u00f3pez, Ricardo Obreg\u00f3n Cano recibi\u00f3 en su departamento de Caballito, Ciudad de Buenos Aires, el primer premio \u201cJos\u00e9 Mar\u00eda Aric\u00f3 al compromiso social y pol\u00edtico\u201d, que otorga la Facultad y que fuera\u00a0<a href=\"http:\/\/www.ffyh.unc.edu.ar\/content\/la-ffyh-cre%C3%B3-el-premio-%E2%80%9Cjos%C3%A9-mar%C3%ADa-aric%C3%B3-al-compromiso-social-y-pol%C3%ADtico%E2%80%9D\" target=\"_blank\">aprobado por unanimidad por el Consejo Directivo de la FFyH<\/a>, a trav\u00e9s de la Resoluci\u00f3n 336\/2012.<\/p>\n<p>\u201cA casi cuarenta a\u00f1os de esa intensa experiencia pol\u00edtica que quedar\u00eda clavada en la memoria de la ciudad no obstante su brevedad, la Facultad de Filosof\u00eda y Humanidades de la Universidad Nacional de C\u00f3rdoba rinde homenaje y reconocimiento al Dr. Ricardo Obreg\u00f3n Cano a sus 96 a\u00f1os de edad, y con \u00e9l a una compleja inspiraci\u00f3n emancipatoria que incluy\u00f3 a grandes sectores populares, cuya violenta aniquilaci\u00f3n ha dejado una huella aciaga en la imaginaci\u00f3n y los cuerpos de varias generaciones\u201d, se\u00f1ala la fundamentaci\u00f3n del premio.<\/p>\n<p>Adem\u00e1s de este reconocimiento personal a Obreg\u00f3n Cano, los d\u00edas 30 y 31 de octubre se desarrollaron las\u00a0<a href=\"http:\/\/www.ffyh.unc.edu.ar\/content\/jornadas-homenaje-obreg%C3%B3n-cano\" target=\"_blank\">jornadas de homenaje<\/a>\u00a0con dos mesas redondas de las que participaron importantes panelistas locales y nacionales, se present\u00f3 el libro <em><strong>\u00ab1973, escritos para Obreg\u00f3n Cano\u00bb<\/strong><\/em>, con textos que cuentan su trayectoria pol\u00edtica y su gesti\u00f3n al frente del gobierno, y se proyect\u00f3 el documental <em><strong>\u00abRicardo Obreg\u00f3n Cano, la \u00faltima experiencia de gobierno popular\u00bb<\/strong><\/em>, una realizaci\u00f3n de Guillermo V\u00e1zquez y la FFyH que repasa los momentos m\u00e1s emotivos de un gobierno que ser\u00eda destituido por un golpe pol\u00edtico-policial el 27 de febrero de 1974, ejecutado por el entonces jefe de polic\u00eda, teniente coronel Domingo Navarro, pero decidido en las m\u00e1s altas esferas del gobierno nacional que conduc\u00eda un agonizante Per\u00f3n, que terminar\u00eda muriendo cuatro meses despu\u00e9s -el 1 de julio de ese a\u00f1o- a los 78 a\u00f1os.<\/p>\n<p><img loading=\"lazy\" decoding=\"async\" src=\"http:\/\/www.ffyh.unc.edu.ar\/sites\/default\/files\/entrega-premio-obregon-1.jpg\" alt=\"\" width=\"400\" height=\"294\" \/><\/p>\n<p><img loading=\"lazy\" decoding=\"async\" src=\"http:\/\/www.ffyh.unc.edu.ar\/sites\/default\/files\/entrega-premio-obregon-2.jpg\" alt=\"\" width=\"400\" height=\"300\" \/><\/p>\n","protected":false},"excerpt":{"rendered":"<p>El viernes 26 de octubre, en un encuentro \u00edntimo pero muy emotivo en su departamento de Buenos Aires, el Decano de la FFyH, Diego Tati\u00e1n, entreg\u00f3 al ex gobernador de C\u00f3rdoba el premio \u201cJos\u00e9 Mar\u00eda Aric\u00f3 al compromiso social y pol\u00edtico\u201d. S\u00edmbolo de la uni\u00f3n entre el peronismo revolucionario y el sindicalismo combativo que encarnaba &hellip; <\/p>\n<p><a class=\"more-link btn\" href=\"https:\/\/ffyh.unc.edu.ar\/obregon-cano\/premio-jose-maria-arico\/\">Seguir leyendo<\/a><\/p>\n","protected":false},"author":1,"featured_media":0,"parent":0,"menu_order":0,"comment_status":"open","ping_status":"open","template":"","meta":{"_acf_changed":false,"footnotes":""},"class_list":["post-15","page","type-page","status-publish","hentry","nodate","item-wrap"],"acf":[],"_links":{"self":[{"href":"https:\/\/ffyh.unc.edu.ar\/obregon-cano\/wp-json\/wp\/v2\/pages\/15","targetHints":{"allow":["GET"]}}],"collection":[{"href":"https:\/\/ffyh.unc.edu.ar\/obregon-cano\/wp-json\/wp\/v2\/pages"}],"about":[{"href":"https:\/\/ffyh.unc.edu.ar\/obregon-cano\/wp-json\/wp\/v2\/types\/page"}],"author":[{"embeddable":true,"href":"https:\/\/ffyh.unc.edu.ar\/obregon-cano\/wp-json\/wp\/v2\/users\/1"}],"replies":[{"embeddable":true,"href":"https:\/\/ffyh.unc.edu.ar\/obregon-cano\/wp-json\/wp\/v2\/comments?post=15"}],"version-history":[{"count":0,"href":"https:\/\/ffyh.unc.edu.ar\/obregon-cano\/wp-json\/wp\/v2\/pages\/15\/revisions"}],"wp:attachment":[{"href":"https:\/\/ffyh.unc.edu.ar\/obregon-cano\/wp-json\/wp\/v2\/media?parent=15"}],"curies":[{"name":"wp","href":"https:\/\/api.w.org\/{rel}","templated":true}]}}