{"id":17,"date":"2012-11-27T16:43:48","date_gmt":"2012-11-27T16:43:48","guid":{"rendered":"http:\/\/www.ffyh.unc.edu.ar\/alfilo\/obregon-cano\/?page_id=17"},"modified":"2017-09-08T14:14:12","modified_gmt":"2017-09-08T14:14:12","slug":"jornadas-de-homenaje","status":"publish","type":"page","link":"https:\/\/ffyh.unc.edu.ar\/obregon-cano\/jornadas-de-homenaje\/","title":{"rendered":"El homenaje que C\u00f3rdoba le deb\u00eda"},"content":{"rendered":"<p><strong><img loading=\"lazy\" decoding=\"async\" class=\"alignright\" src=\"http:\/\/farm9.staticflickr.com\/8193\/8147662774_3abf746a1d_b.jpg\" alt=\"\" width=\"294\" height=\"222\" \/>Las Jornadas que el 30 y 31 de octubre pasado recordaron y distinguieron a Ricardo Obreg\u00f3n Cano, quien recibi\u00f3 de la FFyH el primer premio\u00a0<em>\u201cJos\u00e9 Mar\u00eda Aric\u00f3 al compromiso social y pol\u00edtico\u201d<\/em>, se desarrollaron con gran participaci\u00f3n de p\u00fablico y generaron much\u00edsimas emociones entre los que estaban arriba y abajo del escenario<\/strong>.<\/p>\n<p>\u201cSi no me equivoco, creo que en C\u00f3rdoba es el primer reconocimiento institucional a Ricardo Obreg\u00f3n Cano. El Congreso de la Naci\u00f3n lo hizo hace un par de a\u00f1os a instancias de Gloria Bidegain, que hoy est\u00e1 aqu\u00ed con nosotros, pero esta provincia ha sido muy ingrata con el ex gobernador. Basta con recordar el injusto encarcelamiento ni bien lleg\u00f3 a C\u00f3rdoba en 1984 luego de su exilio en M\u00e9xico, que dur\u00f3 cuatro a\u00f1os. Entonces, esta convocatoria, este reconocimiento, no tiene un sesgo nost\u00e1lgico, sino que busca ser un punto de partida para una conversaci\u00f3n que se anude con experiencias pol\u00edticas anteriores, porque es necesario entrar en interlocuci\u00f3n, ya que aquellos problemas de hace casi cuarenta a\u00f1os son similares a la de estos d\u00edas\u201d, dijo Diego Tati\u00e1n ante las 350 personas que el martes 30 de octubre se llegaron hasta el auditorio de Radio Nacional para inaugurar y ser parte de las Jornadas Homenaje al ex gobernador de C\u00f3rdoba, derrocado por un golpe pol\u00edtico-policial el 27 de febrero de 1974.<\/p>\n<p><img loading=\"lazy\" decoding=\"async\" class=\"alignright\" src=\"http:\/\/farm9.staticflickr.com\/8043\/8147624201_b5e108eba5_b.jpg\" alt=\"\" width=\"294\" height=\"222\" \/>Minutos antes de que Silvia Mor\u00f3n y Luis Rodeiro presentaran el libro<strong><em>\u201c1973, Escritos para Ricardo Obreg\u00f3n Cano\u201d<\/em><\/strong>, el Decano de la FFyH sostuvo que \u201cal inaugurar estas jornadas estamos interrogando sobre el misterio de aquellos diez meses de gobierno de hace casi 40 a\u00f1os, que empezaron el 25 mayo de 1973 y terminaron el desgraciado 27 febrero de 1974. La intenci\u00f3n es preguntarnos cu\u00e1l fue la C\u00f3rdoba que irrumpi\u00f3 e hizo posible lo que muchos compa\u00f1eros han definido como la \u00faltima experiencia de un gobierno popular en esta Provincia, entendiendo lo popular como concepto no meramente cuantitativo, sino algo m\u00e1s sustantivo y medular\u201d.<\/p>\n<p>Despu\u00e9s de cuestionar este \u201cincomprensible vac\u00edo institucional sobre Obreg\u00f3n Cano que se extiende por casi cuatro d\u00e9cadas\u201d, y de remarcar semejante \u201cingratitud\u201d hacia una figura central de nuestra historia pol\u00edtica y cultural, Mor\u00f3n y Rodeiro presentaron el libro que re\u00fane diferentes art\u00edculos breves de autores locales y nacionales, y que abordan tanto al personaje que est\u00e1 por cumplir 96 a\u00f1os en su departamento de Buenos Aires, donde vive desde hace a\u00f1os, como a una experiencia de gobierno que estuvo atravesada e inmersa en una \u00e9poca tan intensa como tr\u00e1gica de nuestro pasado reciente.<\/p>\n<p>Luego de la presentaci\u00f3n del trabajo compilado por Rodeiro, Tati\u00e1n y Guillermo V\u00e1zquez (que se agot\u00f3 en estas jornadas y que tendr\u00e1 una segunda edici\u00f3n) la primera mesa redonda cont\u00f3 con las intervenciones de Gloria Bidegain, actual diputada porte\u00f1a por el Frente para la Victoria e hija del ex gobernador de Buenos Aires, Oscar Bidegain, Horacio Obreg\u00f3n Cano, hijo de Don Ricardo y ex secretario privado de su padre en el gobierno de \u00e9ste, Luis Vit\u00edn Baronetto, entonces militante barrial montonero, y Fernando Peque\u00f1o Ragone, nieto de Miguel Ragone, ex gobernador de Salta, secuestrado y asesinado en 1976 por \u00f3rdenes del ex general y ex jefe del Tercer Cuerpo de Ej\u00e9rcito, Luciano Benjam\u00edn Men\u00e9ndez.<\/p>\n<p>Desde diferentes lugares, a partir de la relaci\u00f3n establecida con el ex gobernador, esta primera mesa record\u00f3 con pasi\u00f3n aquella breve pero decisiva experiencia pol\u00edtica cordobesa, y comparti\u00f3 an\u00e9cdotas y situaciones que hicieron posible una gesti\u00f3n que la historia oficial cordobesa ha buscado enterrar y que hoy es urgente recuperar, como lo entendi\u00f3 el p\u00fablico que emocionado acompa\u00f1\u00f3 con aplausos lo que ocurr\u00eda en el centro cultural N\u00e9stor Kirchner de Radio Nacional.<\/p>\n<p><strong>Im\u00e1genes para no olvidar<\/strong><\/p>\n<p>Con enorme expectativa y la presencia de destacados panelistas, la segunda jornada homenaje, realizada el mi\u00e9rcoles 31 de octubre en el Sal\u00f3n de Actos del Pabell\u00f3n Argentina, arranc\u00f3 con la proyecci\u00f3n de\u00a0<em><strong>\u201cRicardo Obreg\u00f3n Cano: \u00faltima experiencia de gobierno popular\u201d<\/strong><\/em>, un material audiovisual con im\u00e1genes del Centro de Documentaci\u00f3n Audiviovisual (CDA) de la FFyH, que fue realizado y editado por Guillermo V\u00e1zquez y Pablo Becerra, del \u00c1rea de Tecnolog\u00eda Educativa de la Facultad. El documental, presentado por V\u00e1zquez, sacudi\u00f3 la memoria y los corazones de las doscientas cincuenta personas que no quisieron perderse la oportunidad de revivir en im\u00e1genes un momento inolvidable, que muestra una C\u00f3rdoba combativa y revolucionaria, que pareciera ser de otro siglo en relaci\u00f3n a la actual.<\/p>\n<p>Con los discursos de Obreg\u00f3n Cano y Atilio L\u00f3pez como hilo conductor, el filme construye un relato conmovedor, que arranca con la campa\u00f1a electoral de 1972-1973, destaca algunos puntos altos de su gobierno, como la visita del ex presidente de Cuba Osvaldo Dortic\u00f3s el 29 de mayo de 1973 para festejar el cuarto aniversario del Cordobazo, el acto homenaje a Eva Per\u00f3n en julio de ese a\u00f1o, distintas intervenciones de Obreg\u00f3n-L\u00f3pez en el interior la provincia, para culminar con el golpe pol\u00edtico-policial del Teniente Coronel Domingo Navarro el 27 de febrero de 1974 con la venia de L\u00f3pez Rega, y las sangrientas disputas entre la derecha peronista y la izquierda que representaba la f\u00f3rmula Obreg\u00f3n Cano-L\u00f3pez. Enfrentamientos que terminaron con el asesinato y el posterior sepelio del sindicalista de UTA, acribillado por la Triple A con m\u00e1s de 120 balazos el 16 de septiembre de 1974.<\/p>\n<p><img loading=\"lazy\" decoding=\"async\" class=\"alignright\" src=\"http:\/\/farm9.staticflickr.com\/8335\/8147667600_b1f08229f7_b.jpg\" alt=\"\" width=\"331\" height=\"249\" \/>Luego de una hora de imperdible material, la mesa redonda obsequi\u00f3 m\u00e1s an\u00e9cdotas y recuerdos para revivir aquella C\u00f3rdoba vanguardista e insolente, que puso en jaque al tercer y \u00faltimo gobierno de Juan Per\u00f3n. Presentados por Ilda Bustos, el abogado laboralista Lucio Garz\u00f3n Maceda puso toda su iron\u00eda para recordar con humor al gobierno de su viejo compa\u00f1ero de ruta. Lo sigui\u00f3 el juez Jos\u00e9 Mar\u00eda P\u00e9rez Villalobos, que rememor\u00f3 con alegr\u00eda la militancia de aquellos a\u00f1os, para entregar la posta a Norberto Ciaravino, actual funcionario del Ministerio de Trabajo de la Naci\u00f3n, y un hombre de gran cercan\u00eda a Obreg\u00f3n Cano.<\/p>\n<p>El cierre de lujo lleg\u00f3 con Horacio Gonz\u00e1lez, actual director de la Biblioteca Nacional, quien con su habitual lucidez y profundidad desgran\u00f3 no solo el momento pol\u00edtico de la \u00e9poca, sino al peronismo mismo \u2013con toda la complejidad que ello acarrea-, sus corrientes internas, y algunas de las razones que llevaron al derrocamiento de Obreg\u00f3n Cano. Emocionado y hasta sorprendido por el documental exhibido previamente, Gonz\u00e1lez salud\u00f3 la realizaci\u00f3n de este tipo de actividades, tan necesarias para revisar nuestra historia reciente y encontrar las respuestas a preguntas que seg\u00fan \u00e9l \u2013y todos los que estaban en la mesa- coincidieron en que siguen abiertas y es un buen momento para intentar responderlas.<\/p>\n<h2><strong>Videos de las Jornadas<\/strong><\/h2>\n<p><iframe loading=\"lazy\" width=\"480\" height=\"360\" src=\"https:\/\/www.youtube.com\/embed\/RqDpEKtdCJg?rel=0\" frameborder=\"0\" allowfullscreen><\/iframe><\/p>\n<p><iframe loading=\"lazy\" width=\"480\" height=\"360\" src=\"https:\/\/www.youtube.com\/embed\/1k7lL8w8gNQ?rel=0\" frameborder=\"0\" allowfullscreen><\/iframe><\/p>\n<p><iframe loading=\"lazy\" width=\"480\" height=\"360\" src=\"https:\/\/www.youtube.com\/embed\/_Ut646JcT5g?rel=0\" frameborder=\"0\" allowfullscreen><\/iframe><\/p>\n<p><iframe loading=\"lazy\" width=\"480\" height=\"360\" src=\"https:\/\/www.youtube.com\/embed\/TB9GX8hT05Y?rel=0\" frameborder=\"0\" allowfullscreen><\/iframe><\/p>\n<p><iframe loading=\"lazy\" width=\"480\" height=\"360\" src=\"https:\/\/www.youtube.com\/embed\/_bA4BEeD6d8?rel=0\" frameborder=\"0\" allowfullscreen><\/iframe><\/p>\n","protected":false},"excerpt":{"rendered":"<p>Las Jornadas que el 30 y 31 de octubre pasado recordaron y distinguieron a Ricardo Obreg\u00f3n Cano, quien recibi\u00f3 de la FFyH el primer premio\u00a0\u201cJos\u00e9 Mar\u00eda Aric\u00f3 al compromiso social y pol\u00edtico\u201d, se desarrollaron con gran participaci\u00f3n de p\u00fablico y generaron much\u00edsimas emociones entre los que estaban arriba y abajo del escenario. \u201cSi no me &hellip; <\/p>\n<p><a class=\"more-link btn\" href=\"https:\/\/ffyh.unc.edu.ar\/obregon-cano\/jornadas-de-homenaje\/\">Seguir leyendo<\/a><\/p>\n","protected":false},"author":1,"featured_media":0,"parent":0,"menu_order":0,"comment_status":"open","ping_status":"open","template":"","meta":{"_acf_changed":false,"footnotes":""},"class_list":["post-17","page","type-page","status-publish","hentry","nodate","item-wrap"],"acf":[],"_links":{"self":[{"href":"https:\/\/ffyh.unc.edu.ar\/obregon-cano\/wp-json\/wp\/v2\/pages\/17","targetHints":{"allow":["GET"]}}],"collection":[{"href":"https:\/\/ffyh.unc.edu.ar\/obregon-cano\/wp-json\/wp\/v2\/pages"}],"about":[{"href":"https:\/\/ffyh.unc.edu.ar\/obregon-cano\/wp-json\/wp\/v2\/types\/page"}],"author":[{"embeddable":true,"href":"https:\/\/ffyh.unc.edu.ar\/obregon-cano\/wp-json\/wp\/v2\/users\/1"}],"replies":[{"embeddable":true,"href":"https:\/\/ffyh.unc.edu.ar\/obregon-cano\/wp-json\/wp\/v2\/comments?post=17"}],"version-history":[{"count":1,"href":"https:\/\/ffyh.unc.edu.ar\/obregon-cano\/wp-json\/wp\/v2\/pages\/17\/revisions"}],"predecessor-version":[{"id":44,"href":"https:\/\/ffyh.unc.edu.ar\/obregon-cano\/wp-json\/wp\/v2\/pages\/17\/revisions\/44"}],"wp:attachment":[{"href":"https:\/\/ffyh.unc.edu.ar\/obregon-cano\/wp-json\/wp\/v2\/media?parent=17"}],"curies":[{"name":"wp","href":"https:\/\/api.w.org\/{rel}","templated":true}]}}