{"id":13,"date":"2024-04-25T20:36:49","date_gmt":"2024-04-25T18:36:49","guid":{"rendered":"https:\/\/ffyh.unc.edu.ar\/posdoctorado\/?page_id=13"},"modified":"2025-03-21T17:02:27","modified_gmt":"2025-03-21T16:02:27","slug":"programa-posdoctorado","status":"publish","type":"page","link":"https:\/\/ffyh.unc.edu.ar\/posdoctorado\/programa-posdoctorado\/","title":{"rendered":"Programa Posdoctorado"},"content":{"rendered":"<blockquote><p><strong><em>Finalidad<\/em><\/strong><\/p><\/blockquote>\n<p>El objetivo es generar un espacio institucional para la participaci\u00f3n de Doctores\/as de reciente formaci\u00f3n, que contribuya a la construcci\u00f3n de conocimiento en Ciencias Humanas y Sociales. En este sentido, se procura tanto la incorporaci\u00f3n de nuevas l\u00edneas de investigaci\u00f3n, la consolidaci\u00f3n de las existentes, y al mismo tiempo promover la extensi\u00f3n y transferencia de resultados de investigaci\u00f3n en el \u00e1mbito acad\u00e9mico, en instancias de grado y posgrado, as\u00ed como a la comunidad de la FFyH y\/o UNC.<\/p>\n<p>Las propuestas para el Programa Posdoctoral podr\u00e1n ser libres o responder a convocatorias tem\u00e1ticas espec\u00edficas. Estas \u00faltimas podr\u00e1n resultar de propuestas efectuadas por equipos de investigaci\u00f3n acreditados y radicados en los centros de investigaci\u00f3n o en las Unidades Ejecutoras de doble dependencia (CONICET- UNC), mencionados en el punto 1 (uno) o de convocatorias que en conjunto realicen la Secretar\u00eda de Posgrado y la Secretar\u00eda de Investigaci\u00f3n, Ciencia y T\u00e9cnica de la FFyH. Las convocatorias deber\u00e1n especificar el car\u00e1cter de las mismas. La administraci\u00f3n del Programa estar\u00e1 a cargo de la Secretar\u00eda de Posgrado de la FFyH.<\/p>\n<blockquote><p><strong><em>Duraci\u00f3n<\/em><\/strong><\/p><\/blockquote>\n<p>Se trata de un programa con duraci\u00f3n de m\u00ednimo 1 (uno) a\u00f1o y hasta 2 (dos) a\u00f1os, per\u00edodo durante el cual el\/la participante realizar\u00e1 una investigaci\u00f3n en el marco de alguno de los programas o proyectos de investigaci\u00f3n acreditados y radicados en los centros de investigaci\u00f3n o en las Unidades Ejecutoras de doble dependencia (CONICET- UNC), mencionados en el punto 1 (uno).<\/p>\n<blockquote><p><strong><em>Proyectos y programas marco<\/em><\/strong><\/p><\/blockquote>\n<p>La Facultad de Filosof\u00eda y Humanidades cuenta con aproximadamente 200 proyectos de investigaci\u00f3n subsidiados y acreditados, en todas las \u00e1reas de investigaci\u00f3n de su incumbencia, \u00a0en los que enmarcar el plan de trabajo.<\/p>\n<p>Consultar los proyectos vigentes <a href=\"https:\/\/ffyh.unc.edu.ar\/secyt\/listado-de-proyectos-y-programas\/\">aqu\u00ed<\/a><\/p>\n<p>En la descripci\u00f3n de cada proyecto se indica si reciben propuestas de postulantes:<\/p>\n<p><img loading=\"lazy\" decoding=\"async\" class=\"alignnone size-full wp-image-160\" src=\"http:\/\/ffyh.unc.edu.ar\/posdoctorado\/wp-content\/uploads\/sites\/50\/2024\/05\/Imagenes-entradas-blog-1-2.jpg\" alt=\"\" width=\"786\" height=\"653\" srcset=\"https:\/\/ffyh.unc.edu.ar\/posdoctorado\/wp-content\/uploads\/sites\/50\/2024\/05\/Imagenes-entradas-blog-1-2.jpg 786w, https:\/\/ffyh.unc.edu.ar\/posdoctorado\/wp-content\/uploads\/sites\/50\/2024\/05\/Imagenes-entradas-blog-1-2-300x249.jpg 300w, https:\/\/ffyh.unc.edu.ar\/posdoctorado\/wp-content\/uploads\/sites\/50\/2024\/05\/Imagenes-entradas-blog-1-2-768x638.jpg 768w\" sizes=\"auto, (max-width: 786px) 100vw, 786px\" \/><\/p>\n<blockquote><p><strong><em>Certificaci\u00f3n<\/em><\/strong><\/p><\/blockquote>\n<p>Los\/as investigadores\/as deber\u00e1n producir un informe final referido a su estancia posdoctoral en el que dar\u00e1n cuenta del cumplimiento de las tareas previstas en el plan de trabajo y las acad\u00e9micas y de extensi\u00f3n o transferencia acordadas. El cumplimiento de estas actividades habilitar\u00e1 a la certificaci\u00f3n de la misma, con el acuerdo del\/a Director\/a y los centros de investigaci\u00f3n o Unidades Ejecutoras de doble dependencia (CONICET- UNC) mencionados en el punto 1 (uno). La certificaci\u00f3n estar\u00e1 a cargo de la Secretar\u00eda de Posgrado y de la SeICyT de la Facultad de Filosof\u00eda y Humanidades.<\/p>\n<blockquote><p><strong><em>Cronograma convocatoria 2025<\/em><\/strong><\/p><\/blockquote>\n<p>Las actividades podr\u00e1n iniciarse en el periodo comprendido entre el 21 de julio de 2025 y el 30 de junio de 2026.<\/p>\n<blockquote><p><strong><em>Arancel<\/em><\/strong><\/p><\/blockquote>\n<p>El arancel establecido para la convocatoria 2025 es de $ 150.000 (pesos ciento cincuenta mil). Se abona luego de la admisi\u00f3n.<\/p>\n<p>Es <strong>gratuito<\/strong> para docentes y nodocentes de la FFyH UNC.<\/p>\n<blockquote><p><em><strong>Postulaci\u00f3n<\/strong><\/em><\/p><\/blockquote>\n<p><a href=\"https:\/\/ffyh.unc.edu.ar\/posdoctorado\/postulacion\/\">Ir al portal de postulaci\u00f3n<\/a><\/p>\n<blockquote><p>Consultas: <a href=\"mailto:posdoctorado@ffyh.unc.edu.ar\">posdoctorado@ffyh.unc.edu.ar<\/a><\/p><\/blockquote>\n","protected":false},"excerpt":{"rendered":"<p>Finalidad El objetivo es generar un espacio institucional para la participaci\u00f3n de Doctores\/as de reciente formaci\u00f3n, que contribuya a la construcci\u00f3n de conocimiento en Ciencias Humanas y Sociales. En este &hellip; <\/p>\n","protected":false},"author":8,"featured_media":0,"parent":0,"menu_order":3,"comment_status":"closed","ping_status":"closed","template":"","meta":{"_acf_changed":false,"footnotes":""},"class_list":["post-13","page","type-page","status-publish","hentry"],"acf":[],"_links":{"self":[{"href":"https:\/\/ffyh.unc.edu.ar\/posdoctorado\/wp-json\/wp\/v2\/pages\/13","targetHints":{"allow":["GET"]}}],"collection":[{"href":"https:\/\/ffyh.unc.edu.ar\/posdoctorado\/wp-json\/wp\/v2\/pages"}],"about":[{"href":"https:\/\/ffyh.unc.edu.ar\/posdoctorado\/wp-json\/wp\/v2\/types\/page"}],"author":[{"embeddable":true,"href":"https:\/\/ffyh.unc.edu.ar\/posdoctorado\/wp-json\/wp\/v2\/users\/8"}],"replies":[{"embeddable":true,"href":"https:\/\/ffyh.unc.edu.ar\/posdoctorado\/wp-json\/wp\/v2\/comments?post=13"}],"version-history":[{"count":19,"href":"https:\/\/ffyh.unc.edu.ar\/posdoctorado\/wp-json\/wp\/v2\/pages\/13\/revisions"}],"predecessor-version":[{"id":219,"href":"https:\/\/ffyh.unc.edu.ar\/posdoctorado\/wp-json\/wp\/v2\/pages\/13\/revisions\/219"}],"wp:attachment":[{"href":"https:\/\/ffyh.unc.edu.ar\/posdoctorado\/wp-json\/wp\/v2\/media?parent=13"}],"curies":[{"name":"wp","href":"https:\/\/api.w.org\/{rel}","templated":true}]}}