{"id":15,"date":"2024-04-25T20:36:54","date_gmt":"2024-04-25T18:36:54","guid":{"rendered":"https:\/\/ffyh.unc.edu.ar\/posdoctorado\/?page_id=15"},"modified":"2025-03-21T17:01:11","modified_gmt":"2025-03-21T16:01:11","slug":"estancias","status":"publish","type":"page","link":"https:\/\/ffyh.unc.edu.ar\/posdoctorado\/estancias\/","title":{"rendered":"Estancias Posdoctorales"},"content":{"rendered":"<blockquote><p><em><strong>Finalidad<\/strong><\/em><\/p><\/blockquote>\n<p>La finalidad de las estancias posdoctorales es ampliar las capacidades de investigaci\u00f3n del\/a posdoctorando\/a, as\u00ed como la de los equipos de investigaci\u00f3n locales, estimulando al mismo tiempo la interacci\u00f3n y transferencia de su especialidad con estudiantes de posgrado y grado de la FFyH, as\u00ed como con actividades de extensi\u00f3n o transferencia que involucren a la comunidad.<\/p>\n<blockquote><p><strong><em>Duraci\u00f3n<\/em><\/strong><\/p><\/blockquote>\n<p>Se trata de actividades con una duraci\u00f3n de m\u00ednimo 1 (uno) mes y m\u00e1ximo de 6 (seis) meses, vinculadas a proyectos o programas de investigaci\u00f3n acreditados y radicados en los centros de investigaci\u00f3n o en las Unidades Ejecutoras de doble dependencia (CONICET- UNC), mencionados en el punto 1 (uno). En el caso de los\/as posdoctorandos\/as extranjeros\/as que no sean provenientes de pa\u00edses del Mercosur, la duraci\u00f3n m\u00e1xima de la estancia ser\u00e1 de 3 (tres) meses. Aquellos\/as que deseen prolongar su estancia o planifican desde el inicio quedarse m\u00e1s de ese tiempo, deber\u00e1n atenerse a los requisitos y procedimientos de la Prosecretar\u00eda de Relaciones Internacionales de la UNC, \u00e1rea encargada de gestionar la certificaci\u00f3n de las estad\u00edas a los fines de regularizar el estado migratorio.<\/p>\n<p>En el caso de los\/as ciudadanos\/as del Mercosur, se les garantiza un beneficio migratorio de hasta dos a\u00f1os, sin necesidad de tr\u00e1mite alguno para residir en Argentina. Los\/as posdoctorandos\/as podr\u00e1n pedir una extensi\u00f3n de su estancia siempre que cuenten con el aval del director del plan de trabajo y, en el caso de posdoctorandos\/as extranjeros\/as siempre que tambi\u00e9n cumplan con los requisitos establecidos por la Prosecretar\u00eda de Relaciones Internacionales de la UNC, \u00e1rea encargada de gestionar la certificaci\u00f3n de las estad\u00edas a los fines de regularizar el estado migratorio. Los pedidos ser\u00e1n evaluados por la Comisi\u00f3n Acad\u00e9mica.<\/p>\n<blockquote><p><strong><em>Postulaciones<\/em><\/strong><\/p><\/blockquote>\n<p>Las postulaciones para participar de una estancia posdoctoral podr\u00e1n ser libres o responder a convocatorias espec\u00edficas que se realicen a partir de propuestas efectuadas por equipos de investigaci\u00f3n, que cumplan con los requisitos establecidos en este reglamento, y que est\u00e9n radicados en los centros de investigaci\u00f3n o en las Unidades Ejecutoras de doble dependencia (CONICET- UNC) en el \u00e1mbito de la FFyH.<\/p>\n<p>Lxs postulantes deber\u00e1n pertenecer a cualquier Universidad o Centro de Investigaci\u00f3n Nacional o Extranjero, exceptuando a la Universidad Nacional de C\u00f3rdoba y sus centros de investigaci\u00f3n asociados.<\/p>\n<p><a href=\"https:\/\/ffyh.unc.edu.ar\/posdoctorado\/postulacion\/\">Ir al portal de postulaci\u00f3n<\/a><\/p>\n<blockquote><p><strong><em>Proyectos y programas marco<\/em><\/strong><\/p><\/blockquote>\n<p>La Facultad de Filosof\u00eda y Humanidades cuenta con aproximadamente 200 proyectos de investigaci\u00f3n subsidiados y acreditados, en todas las \u00e1reas de investigaci\u00f3n de su incumbencia, \u00a0en los que enmarcar el plan de trabajo.<\/p>\n<p>Consultar proyectos vigentes <a href=\"https:\/\/ffyh.unc.edu.ar\/secyt\/listado-de-proyectos-y-programas\/\">aqu\u00ed. <\/a><\/p>\n<p>En la descripci\u00f3n de cada proyecto se indica si reciben propuestas de postulantes:<\/p>\n<p><img loading=\"lazy\" decoding=\"async\" class=\"alignnone size-full wp-image-160\" src=\"http:\/\/ffyh.unc.edu.ar\/posdoctorado\/wp-content\/uploads\/sites\/50\/2024\/05\/Imagenes-entradas-blog-1-2.jpg\" alt=\"\" width=\"786\" height=\"653\" srcset=\"https:\/\/ffyh.unc.edu.ar\/posdoctorado\/wp-content\/uploads\/sites\/50\/2024\/05\/Imagenes-entradas-blog-1-2.jpg 786w, https:\/\/ffyh.unc.edu.ar\/posdoctorado\/wp-content\/uploads\/sites\/50\/2024\/05\/Imagenes-entradas-blog-1-2-300x249.jpg 300w, https:\/\/ffyh.unc.edu.ar\/posdoctorado\/wp-content\/uploads\/sites\/50\/2024\/05\/Imagenes-entradas-blog-1-2-768x638.jpg 768w\" sizes=\"auto, (max-width: 786px) 100vw, 786px\" \/><\/p>\n<blockquote><p><strong><em>Plan de actividades<\/em><\/strong><\/p><\/blockquote>\n<p>Durante su estancia, los\/as investigadores\/as deber\u00e1n cumplir el plan de actividades propuesto en su postulaci\u00f3n, as\u00ed como con las tareas que, acordadas, se les asignen dentro del programa o proyecto de investigaci\u00f3n en el que inscriban su trabajo. Adem\u00e1s, el\/la posdoctorando\/a deber\u00e1 realizar una actividad acad\u00e9mica y otra de extensi\u00f3n o transferencia a la comunidad de la FFyH y\/o UNC, seg\u00fan lo establecido en el reglamento. La administraci\u00f3n de las estancias estar\u00e1 a cargo de la SeICyT de la FFyH.<\/p>\n<blockquote><p><strong><em>Certificaci\u00f3n<\/em><\/strong><\/p><\/blockquote>\n<p>Los\/as investigadores\/as deber\u00e1n producir un informe final referido a su estancia posdoctoral en el que dar\u00e1n cuenta del cumplimiento de las tareas previstas en el plan de trabajo y las acad\u00e9micas y de extensi\u00f3n o transferencia acordadas. El cumplimiento de estas actividades habilitar\u00e1 a la certificaci\u00f3n de la misma, con el acuerdo del\/a Director\/a y los centros de investigaci\u00f3n o Unidades Ejecutoras de doble dependencia (CONICET- UNC) mencionados en el punto 1 (uno). La certificaci\u00f3n estar\u00e1 a cargo de la Secretar\u00eda de Posgrado y de la SeICyT de la Facultad de Filosof\u00eda y Humanidades.<\/p>\n<blockquote><p><strong><em>Cronograma convocatoria 2025<\/em><\/strong><\/p><\/blockquote>\n<p>Las actividades podr\u00e1n iniciarse en el periodo comprendido entre el 21 de julio de 2025 y el 30 de junio de 2026 (sin contar el mes de enero)<\/p>\n<p>&nbsp;<\/p>\n<blockquote><p>Consultas: <a href=\"mailto:posdoctorado@ffyh.unc.edu.ar\">posdoctorado@ffyh.unc.edu.ar<\/a><\/p><\/blockquote>\n","protected":false},"excerpt":{"rendered":"<p>Finalidad La finalidad de las estancias posdoctorales es ampliar las capacidades de investigaci\u00f3n del\/a posdoctorando\/a, as\u00ed como la de los equipos de investigaci\u00f3n locales, estimulando al mismo tiempo la interacci\u00f3n &hellip; <\/p>\n","protected":false},"author":8,"featured_media":0,"parent":0,"menu_order":2,"comment_status":"closed","ping_status":"closed","template":"","meta":{"_acf_changed":false,"footnotes":""},"class_list":["post-15","page","type-page","status-publish","hentry"],"acf":[],"_links":{"self":[{"href":"https:\/\/ffyh.unc.edu.ar\/posdoctorado\/wp-json\/wp\/v2\/pages\/15","targetHints":{"allow":["GET"]}}],"collection":[{"href":"https:\/\/ffyh.unc.edu.ar\/posdoctorado\/wp-json\/wp\/v2\/pages"}],"about":[{"href":"https:\/\/ffyh.unc.edu.ar\/posdoctorado\/wp-json\/wp\/v2\/types\/page"}],"author":[{"embeddable":true,"href":"https:\/\/ffyh.unc.edu.ar\/posdoctorado\/wp-json\/wp\/v2\/users\/8"}],"replies":[{"embeddable":true,"href":"https:\/\/ffyh.unc.edu.ar\/posdoctorado\/wp-json\/wp\/v2\/comments?post=15"}],"version-history":[{"count":20,"href":"https:\/\/ffyh.unc.edu.ar\/posdoctorado\/wp-json\/wp\/v2\/pages\/15\/revisions"}],"predecessor-version":[{"id":218,"href":"https:\/\/ffyh.unc.edu.ar\/posdoctorado\/wp-json\/wp\/v2\/pages\/15\/revisions\/218"}],"wp:attachment":[{"href":"https:\/\/ffyh.unc.edu.ar\/posdoctorado\/wp-json\/wp\/v2\/media?parent=15"}],"curies":[{"name":"wp","href":"https:\/\/api.w.org\/{rel}","templated":true}]}}