{"id":158,"date":"2024-05-24T19:33:10","date_gmt":"2024-05-24T17:33:10","guid":{"rendered":"https:\/\/ffyh.unc.edu.ar\/posdoctorado\/?page_id=158"},"modified":"2025-05-07T16:16:36","modified_gmt":"2025-05-07T14:16:36","slug":"preguntas-frecuentes","status":"publish","type":"page","link":"https:\/\/ffyh.unc.edu.ar\/posdoctorado\/preguntas-frecuentes\/","title":{"rendered":"Preguntas frecuentes"},"content":{"rendered":"<blockquote><p><b>\u00bfCu\u00e1les son los requisitos y procedimientos para inscribirme en el posdoctorado o en la estancia posdocdoctoral?<\/b><\/p><\/blockquote>\n<p><span style=\"font-weight: 400\">Tener t\u00edtulo de Doctor\/a proveniente de universidades nacionales o de universidades extranjeras. Las personas interesadas deber\u00e1n presentar un curr\u00edculum vitae y un plan de trabajo que deber\u00e1 incluirse en el marco de un programa o proyecto de investigaci\u00f3n, acreditados y radicados en los centros de investigaci\u00f3n o en las Unidades Ejecutoras de doble dependencia CONICET- UNC (CIFFyH, Museo de Antropolog\u00edas, IDACOR, IDH).Tambi\u00e9n deber\u00e1 contar con el aval de la persona que dirija el proyecto en el que se inscriba la estancia o el posdoctorado.<\/span><\/p>\n<p><a href=\"https:\/\/ffyh.unc.edu.ar\/posdoctorado\/postulacion\/\"><span style=\"font-weight: 400\">Ver requisitos\u00a0<\/span><\/a><\/p>\n<blockquote>\n<div><strong>\u00bfCu\u00e1l es la diferencia entre la estancia posdoctoral y el posdoctorado?<\/strong><\/div>\n<\/blockquote>\n<div><\/div>\n<div>La estancia posdoctoral podr\u00e1 ser realizada por doctores\/as externos\/as a la FFyH que quieran interactuar con equipos de investigaci\u00f3n de la Facultad. Tiene una duraci\u00f3n m\u00e1s breve que un posdoctorado. En cambio, el posdoctorado consiste en el desarrollo de una investigaci\u00f3n m\u00e1s extensa, y est\u00e1 destinado a doctores\/as que, habi\u00e9ndose recibido en universidades nacionales o extranjeras, se vinculen con alguno de los proyectos de investigaci\u00f3n radicados en el \u00e1mbito de la FFyH.<\/div>\n<div><\/div>\n<div><\/div>\n<div><\/div>\n<div><\/div>\n<blockquote><p>&nbsp;<\/p>\n<p><b>\u00a0\u00bfCu\u00e1l es el costo de inscripci\u00f3n al programa postdoctoral y de la estancia postdoctoral?<\/b><\/p><\/blockquote>\n<p><span style=\"font-weight: 400\">El arancel establecido para la convocatoria 2025 del <\/span><span style=\"font-weight: 400\">programa postdoctora<\/span><span style=\"font-weight: 400\">l es de $ 150.000 (ciento cincuenta mil pesos argentinos). Se abona luego de la admisi\u00f3n.<\/span><\/p>\n<p><span style=\"font-weight: 400\">Es gratuito para docentes y nodocentes de la FFyH UNC.<\/span><\/p>\n<p><span style=\"font-weight: 400\">La <\/span><span style=\"font-weight: 400\">estancia postdoctora<\/span><span style=\"font-weight: 400\">l es gratuita para cualquier persona.<\/span><\/p>\n<p>&nbsp;<\/p>\n<blockquote><p><b>\u00bfSe puede abonar el arancel con el subsidio de los proyectos de investigaci\u00f3n?<\/b><\/p><\/blockquote>\n<p><span style=\"font-weight: 400\">Se deber\u00e1 consultar las bases del subsidio con el que cuentan. En el caso de los subsidios SECYT UNC, se puede contactar a<\/span> <a href=\"mailto:secyt@ffyh.unc.edu.ar\"><span style=\"font-weight: 400\">secyt@ffyh.unc.edu.ar<\/span><\/a><span style=\"font-weight: 400\"> para consultar respecto a la posibilidad de rendir el arancel de posdoctorado FFyH UNC.<\/span><\/p>\n<blockquote><p><b>\u00bfD\u00f3nde puedo ver los equipos de investigaci\u00f3n de\u00a0 la FFyH y cu\u00e1les aceptan\u00a0 postulantes posdoctorales?<\/b><\/p><\/blockquote>\n<p><span style=\"font-weight: 400\">Puede consultar el listado de los equipos vigentes en el siguiente enlace: <\/span><a href=\"https:\/\/ffyh.unc.edu.ar\/secyt\/listado-de-proyectos-y-programas\/\"><span style=\"font-weight: 400\">https:\/\/ffyh.unc.edu.ar\/secyt\/listado-de-proyectos-y-programas\/<\/span><\/a><\/p>\n<p><span style=\"font-weight: 400\">En la descripci\u00f3n de cada proyecto se indica si reciben propuestas de postulantes. Ejemplo:<\/span><\/p>\n<p><img loading=\"lazy\" decoding=\"async\" class=\"alignnone size-full wp-image-160\" src=\"http:\/\/ffyh.unc.edu.ar\/posdoctorado\/wp-content\/uploads\/sites\/50\/2024\/05\/Imagenes-entradas-blog-1-2.jpg\" alt=\"\" width=\"786\" height=\"653\" srcset=\"https:\/\/ffyh.unc.edu.ar\/posdoctorado\/wp-content\/uploads\/sites\/50\/2024\/05\/Imagenes-entradas-blog-1-2.jpg 786w, https:\/\/ffyh.unc.edu.ar\/posdoctorado\/wp-content\/uploads\/sites\/50\/2024\/05\/Imagenes-entradas-blog-1-2-300x249.jpg 300w, https:\/\/ffyh.unc.edu.ar\/posdoctorado\/wp-content\/uploads\/sites\/50\/2024\/05\/Imagenes-entradas-blog-1-2-768x638.jpg 768w\" sizes=\"auto, (max-width: 786px) 100vw, 786px\" \/><\/p>\n<p>&nbsp;<\/p>\n<blockquote><p><b>\u00bfTiene que ser la misma persona el\/la director\/a del proyecto en el que me inscribo y el\/la director\/a del plan de trabajo?<\/b><\/p><\/blockquote>\n<p><span style=\"font-weight: 400\">No necesariamente tiene que ser la misma persona. Ver requisitos de direcci\u00f3n de plan de trabajo en la siguiente pregunta.<\/span><\/p>\n<p>&nbsp;<\/p>\n<blockquote><p><b>\u00bfCu\u00e1les son los requisitos para ser director\/a del plan de trabajo de posdoctorado?<\/b><\/p><\/blockquote>\n<p><span style=\"font-weight: 400\">Podr\u00e1n ser directores\/as del plan de trabajo, profesores\/as* y\/o investigadores\/as pertenecientes a la FFyH o con lugar de trabajo en las Unidades Ejecutoras de doble dependencia (CONICET- UNC) vinculadas a la FFYH. Adem\u00e1s deber\u00e1n contar con t\u00edtulo de Doctor\/a <i>y tener <\/i>trayectoria de investigaci\u00f3n en el \u00e1rea disciplinar del proyecto de posdoctorado del\/ de la postulante.<\/span><\/p>\n<p>El\/La Director\/a de Doctorado no puede desempe\u00f1arse como Director\/a de Posdoctorado<\/p>\n<p>El reglamento no contempla la figura de Co-Director\/a.<\/p>\n<p><i><span style=\"font-weight: 400\">*Ser o haber sido profesor\/a regular (titular, asociado\/a o adjunto\/a) o auxiliar (asistente) concursado\/a de la FFYH.<\/span><\/i><\/p>\n<p>&nbsp;<\/p>\n<blockquote><p><b>\u00bfPuedo realizar una estancia o el programa postdoctoral en el equipo de investigaci\u00f3n que ya integro?<\/b><\/p><\/blockquote>\n<p><span style=\"font-weight: 400\">En vistas a que el posdoctorado se considera una instancia de formaci\u00f3n, es requisito que el proyecto de investigaci\u00f3n en el que elija realizar su estancia de investigaci\u00f3n o el programa postdoctoral sea distinto al que integra el\/la aspirante. Dicho proyecto no necesita incorporar formalmente al\/a la postulante, sino solamente avalar y acompa\u00f1ar su propuesta, admitir durante el per\u00edodo posdoctoral al\/a la aspirante a la din\u00e1mica de trabajo que dicho proyecto haya establecido para su funcionamiento y promover su participaci\u00f3n.<\/span><\/p>\n<p>&nbsp;<\/p>\n<blockquote><p><b>\u00bfPuede ser proyecto marco, el proyecto en el que me desempe\u00f1o como Director\/a &#8211; Codirector\/a?<\/b><\/p><\/blockquote>\n<p><span style=\"font-weight: 400\">No. Ver la pregunta anterior.\u00a0<\/span><\/p>\n<p>&nbsp;<\/p>\n<blockquote><p><b>\u00bfPuedo postularme con el t\u00edtulo de doctorado en tr\u00e1mite?<\/b><\/p><\/blockquote>\n<p><span style=\"font-weight: 400\">S\u00ed, con un certificado emitido por la instituci\u00f3n que otorga el t\u00edtulo que acredite que est\u00e1 en tr\u00e1mite.<\/span><\/p>\n<p>&nbsp;<\/p>\n<blockquote><p><b>\u00bfTengo que registrarme en SIGEVA para integrarme al proyecto de investigaci\u00f3n?<\/b><\/p><\/blockquote>\n<p><span style=\"font-weight: 400\">No. Mediante el aval del\/la Director\/a del equipo se autoriza la participaci\u00f3n en el proyecto de investigaci\u00f3n en el cual se desarrolla el programa de posdoctorado y estancias posdoctorales.<\/span><\/p>\n<p>&nbsp;<\/p>\n<blockquote><p><strong>\u00bfPuedo realizar la Estancia Postdoctoral si tengo una vinculaci\u00f3n institucional con la Universidad Nacional de C\u00f3rdoba?<\/strong><\/p><\/blockquote>\n<p>No. Lxs postulantes deber\u00e1n pertenecer a cualquier Universidad o Centro de Investigaci\u00f3n Nacional o Extranjero, exceptuando a la Universidad Nacional de C\u00f3rdoba y sus centros de investigaci\u00f3n asociados.<\/p>\n<blockquote><p><strong>\u00bfTengo que presentan la postulaci\u00f3n en papel o en Mesa de Entradas FFYH?<\/strong><\/p><\/blockquote>\n<p>No. La postulaci\u00f3n se realiza \u00fanicamente de manera virtual completando el formulario de inscripci\u00f3n: <a href=\"https:\/\/forms.gle\/ECiKx1WqWnSQTTMPA\">ver<\/a><\/p>\n","protected":false},"excerpt":{"rendered":"<p>\u00bfCu\u00e1les son los requisitos y procedimientos para inscribirme en el posdoctorado o en la estancia posdocdoctoral? Tener t\u00edtulo de Doctor\/a proveniente de universidades nacionales o de universidades extranjeras. Las personas &hellip; <\/p>\n","protected":false},"author":8,"featured_media":0,"parent":0,"menu_order":6,"comment_status":"closed","ping_status":"closed","template":"","meta":{"_acf_changed":false,"footnotes":""},"class_list":["post-158","page","type-page","status-publish","hentry"],"acf":[],"_links":{"self":[{"href":"https:\/\/ffyh.unc.edu.ar\/posdoctorado\/wp-json\/wp\/v2\/pages\/158","targetHints":{"allow":["GET"]}}],"collection":[{"href":"https:\/\/ffyh.unc.edu.ar\/posdoctorado\/wp-json\/wp\/v2\/pages"}],"about":[{"href":"https:\/\/ffyh.unc.edu.ar\/posdoctorado\/wp-json\/wp\/v2\/types\/page"}],"author":[{"embeddable":true,"href":"https:\/\/ffyh.unc.edu.ar\/posdoctorado\/wp-json\/wp\/v2\/users\/8"}],"replies":[{"embeddable":true,"href":"https:\/\/ffyh.unc.edu.ar\/posdoctorado\/wp-json\/wp\/v2\/comments?post=158"}],"version-history":[{"count":17,"href":"https:\/\/ffyh.unc.edu.ar\/posdoctorado\/wp-json\/wp\/v2\/pages\/158\/revisions"}],"predecessor-version":[{"id":230,"href":"https:\/\/ffyh.unc.edu.ar\/posdoctorado\/wp-json\/wp\/v2\/pages\/158\/revisions\/230"}],"wp:attachment":[{"href":"https:\/\/ffyh.unc.edu.ar\/posdoctorado\/wp-json\/wp\/v2\/media?parent=158"}],"curies":[{"name":"wp","href":"https:\/\/api.w.org\/{rel}","templated":true}]}}