{"id":2,"date":"2024-04-25T18:30:23","date_gmt":"2024-04-25T16:30:23","guid":{"rendered":"https:\/\/ffyh.unc.edu.ar\/posdoctorado\/?page_id=2"},"modified":"2025-10-08T21:31:12","modified_gmt":"2025-10-08T19:31:12","slug":"pagina-ejemplo","status":"publish","type":"page","link":"https:\/\/ffyh.unc.edu.ar\/posdoctorado\/pagina-ejemplo\/","title":{"rendered":"Presentaci\u00f3n"},"content":{"rendered":"<p>El Programa Posdoctoral y Estancias Posdoctorales de la FFyH UNC, fue creado mediante la Resoluci\u00f3n 354\/21 del Consejo Directivo en su sesi\u00f3n del 28 de octubre, y tiene por finalidad dar forma y articular las actividades posdoctorales que se realizan en el \u00e1mbito de nuestra unidad acad\u00e9mica. La propuesta es el resultado del trabajo en conjunto de la Secretar\u00eda de Posgrado y la Secretar\u00eda de Investigaci\u00f3n, Ciencia y T\u00e9cnica de la FFyH.<\/p>\n<blockquote><p>Resoluciones de creaci\u00f3n y reglamento: <a href=\"http:\/\/ffyh.unc.edu.ar\/secyt\/wp-content\/uploads\/sites\/22\/2021\/12\/RHCD-2021-354-posdoctorado.pdf\">Resoluci\u00f3n HCD N\u00ba354\/21<\/a>, y su rectificatoria\u00a0<a href=\"http:\/\/ffyh.unc.edu.ar\/posgrado\/wp-content\/uploads\/sites\/3\/2022\/12\/31-EX-2021-00528884-UNC-ME.pdf\">HCD N\u00ba560\/22<\/a><\/p><\/blockquote>\n<p>El Programa y Estancias Posdoctorales en Ciencias Humanas y Sociales de la FFyH-UNC tienen por finalidad dar forma y articular las actividades posdoctorales que se realizan en el \u00e1mbito de la FFyH, as\u00ed como crear nuevos espacios de investigaci\u00f3n y formaci\u00f3n para aquellos\/as que han completado el grado m\u00e1ximo dentro del sistema universitario. Promueve, asimismo, incentivar y facilitar la llegada de investigadores\/as y profesores\/as nacionales e internacionales interesados\/as en llevar a cabo una estancia de investigaci\u00f3n acad\u00e9mica posdoctoral en nuestra Facultad. Por este motivo, la propuesta de estancias posdoctorales procura darle cabida a su inserci\u00f3n, agilizar los tr\u00e1mites de aceptaci\u00f3n de las propuestas y postulaciones, fomentar la interacci\u00f3n con nuestra comunidad acad\u00e9mica, poner a disposici\u00f3n los recursos institucionales, as\u00ed como brindar el acompa\u00f1amiento acad\u00e9mico y administrativo a los\/las visitantes.<\/p>\n<p>Adem\u00e1s, se propone potenciar las l\u00edneas de investigaci\u00f3n desarrolladas en los centros de investigaci\u00f3n de la Facultad (Museo de Antropolog\u00eda y Centro de Investigaciones de la Facultad de Filosof\u00eda y Humanidades \u201cMar\u00eda Saleme de Burnich\u00f3n\u201d) y las Unidades Ejecutoras de doble dependencia del Consejo Nacional de Investigaciones Cient\u00edficas y T\u00e9cnicas (CONICET \u2013 UNC) con sede en la FFyH (Instituto de Humanidades e Instituto de Antropolog\u00eda de C\u00f3rdoba), creando un espacio institucional que posibilite la difusi\u00f3n e intercambio de los conocimientos alcanzados por los\/as egresados\/as de esta y otras universidades a las distintas \u00e1reas de investigaci\u00f3n y a las carreras de grado y posgrado en las que doctores\/as, con distintastrayectorias de formaci\u00f3n, puedan interactuar a partir de sus \u00e1reas de experticia y conocimiento. Asimismo, procura fortalecer la articulaci\u00f3n entre la Secretar\u00eda de Posgrado y la Secretar\u00eda de Investigaci\u00f3n, Ciencia y T\u00e9cnica de la Facultad (SeICyT) en el \u00e1mbito de la investigaci\u00f3n y la formaci\u00f3n de nivel posdoctoral.<\/p>\n<p>Este proyecto toma propuestas elaboradas por la Secretar\u00eda de Posgrado en el a\u00f1o 2008 y en 2017, orientadas a desarrollar un Programa Posdoctoral en Ciencias Humanas y Sociales e incorpora otras modalidades de actividad posdoctoral, como son las estancias de investigaci\u00f3n posdoctorales de distinta duraci\u00f3n. La presente propuesta es resultado del trabajo conjunto de la Secretar\u00eda de Posgrado y la Secretar\u00eda de Investigaci\u00f3n, Ciencia y T\u00e9cnica y ha sido discutido y enriquecido a trav\u00e9s de di\u00e1logos con la Prosecretar\u00eda de Relaciones Internacionales e Interinstitucionales de la Facultad y los Consejos Asesores de ambas Secretar\u00edas.<\/p>\n<blockquote><p><strong>Modalidades de Trabajo Posdoctoral en el \u00e1mbito de la FFYH<\/strong><\/p><\/blockquote>\n<p>Las actividades posdoctorales pueden ser de dos tipos:<\/p>\n<p>A. <a href=\"https:\/\/ffyh.unc.edu.ar\/posdoctorado\/estancias\/\">Estancias posdoctorales<\/a><\/p>\n<p>B. <a href=\"https:\/\/ffyh.unc.edu.ar\/posdoctorado\/programa-posdoctorado\/\">Programa Posdoctoral en Ciencias Humanas y Sociales<\/a><\/p>\n<blockquote><p><strong>Autoridades<\/strong><\/p><\/blockquote>\n<p><strong>Secretar\u00eda de Investigaci\u00f3n, Ciencia y T\u00e9cnica\u00a0 \u00a0 \u00a0 \u00a0 \u00a0 \u00a0 \u00a0 \u00a0 \u00a0 \u00a0 \u00a0 \u00a0 \u00a0 \u00a0 \u00a0 \u00a0 \u00a0 Secretar\u00eda de Posgrado<\/strong><\/p>\n<p>Secretaria\u00a0 \u00a0 \u00a0 \u00a0 \u00a0 \u00a0 \u00a0Roxana Catt\u00e1neo\u00a0 \u00a0 \u00a0 \u00a0 \u00a0 \u00a0 \u00a0 \u00a0\u00a0 \u00a0 \u00a0 \u00a0 \u00a0 \u00a0 \u00a0 \u00a0 \u00a0 \u00a0 \u00a0 \u00a0 \u00a0 \u00a0 \u00a0 \u00a0 \u00a0 \u00a0 \u00a0 \u00a0 \u00a0 \u00a0 \u00a0 Secretaria\u00a0 \u00a0 \u00a0 \u00a0Mar\u00eda Celeste Cerd\u00e1<\/p>\n<p>Subsecretario\u00a0 \u00a0 \u00a0 Andr\u00e9s Alejandro Ilcic\u00a0 \u00a0 \u00a0 \u00a0 \u00a0 \u00a0 \u00a0 \u00a0 \u00a0 \u00a0 \u00a0 \u00a0 \u00a0 \u00a0 \u00a0 \u00a0 \u00a0 \u00a0 \u00a0 \u00a0 \u00a0 \u00a0 \u00a0 \u00a0 Subsecretaria\u00a0 \u00a0 \u00a0 Natalia Ferreri<\/p>\n<p>&nbsp;<\/p>\n<blockquote><p><strong>Comisi\u00f3n acad\u00e9mica del programa Postdoctoral y Estancias Postdoctorales en Ciencias Humanas y Sociales (Res. HCD.FFYH 813\/2025)<\/strong><\/p><\/blockquote>\n<p><b>TITULARES<\/b>:<br \/>\nMor\u00f3n, Silvia<br \/>\nVassallo, Jaqueline<br \/>\nMarconetto, Bernarda<br \/>\nMattio, Eduardo<br \/>\nCarmignani, Marcos<\/p>\n<p><b>SUPLENTES<\/b>:<br \/>\nMart\u00ednez Ruiz, Carlos<br \/>\nMoyano, Javier<br \/>\nServetto, Silvia<br \/>\nBixio, Beatriz<br \/>\nMarchesino, C\u00e9sar<\/p>\n","protected":false},"excerpt":{"rendered":"<p>El Programa Posdoctoral y Estancias Posdoctorales de la FFyH UNC, fue creado mediante la Resoluci\u00f3n 354\/21 del Consejo Directivo en su sesi\u00f3n del 28 de octubre, y tiene por finalidad &hellip; <\/p>\n","protected":false},"author":2,"featured_media":0,"parent":0,"menu_order":1,"comment_status":"closed","ping_status":"open","template":"","meta":{"_acf_changed":false,"footnotes":""},"class_list":["post-2","page","type-page","status-publish","hentry"],"acf":[],"_links":{"self":[{"href":"https:\/\/ffyh.unc.edu.ar\/posdoctorado\/wp-json\/wp\/v2\/pages\/2","targetHints":{"allow":["GET"]}}],"collection":[{"href":"https:\/\/ffyh.unc.edu.ar\/posdoctorado\/wp-json\/wp\/v2\/pages"}],"about":[{"href":"https:\/\/ffyh.unc.edu.ar\/posdoctorado\/wp-json\/wp\/v2\/types\/page"}],"author":[{"embeddable":true,"href":"https:\/\/ffyh.unc.edu.ar\/posdoctorado\/wp-json\/wp\/v2\/users\/2"}],"replies":[{"embeddable":true,"href":"https:\/\/ffyh.unc.edu.ar\/posdoctorado\/wp-json\/wp\/v2\/comments?post=2"}],"version-history":[{"count":14,"href":"https:\/\/ffyh.unc.edu.ar\/posdoctorado\/wp-json\/wp\/v2\/pages\/2\/revisions"}],"predecessor-version":[{"id":247,"href":"https:\/\/ffyh.unc.edu.ar\/posdoctorado\/wp-json\/wp\/v2\/pages\/2\/revisions\/247"}],"wp:attachment":[{"href":"https:\/\/ffyh.unc.edu.ar\/posdoctorado\/wp-json\/wp\/v2\/media?parent=2"}],"curies":[{"name":"wp","href":"https:\/\/api.w.org\/{rel}","templated":true}]}}