{"id":11316,"date":"2025-02-10T19:59:05","date_gmt":"2025-02-10T19:59:05","guid":{"rendered":"https:\/\/ffyh.unc.edu.ar\/posgrado\/?page_id=11316"},"modified":"2025-04-04T17:11:36","modified_gmt":"2025-04-04T17:11:36","slug":"encuentros-con-egrasadxs","status":"publish","type":"page","link":"https:\/\/ffyh.unc.edu.ar\/posgrado\/encuentros-con-egrasadxs\/","title":{"rendered":"Encuentro con Egrasadxs"},"content":{"rendered":"<p><img fetchpriority=\"high\" decoding=\"async\" class=\"alignnone wp-image-11333 size-large\" src=\"http:\/\/ffyh.unc.edu.ar\/posgrado\/wp-content\/uploads\/sites\/3\/2025\/02\/Caratula-web-Encuentro-con-Egresadxs-Sitio-web-1024x576.jpg\" alt=\"\" width=\"800\" height=\"450\" srcset=\"https:\/\/ffyh.unc.edu.ar\/posgrado\/wp-content\/uploads\/sites\/3\/2025\/02\/Caratula-web-Encuentro-con-Egresadxs-Sitio-web-1024x576.jpg 1024w, https:\/\/ffyh.unc.edu.ar\/posgrado\/wp-content\/uploads\/sites\/3\/2025\/02\/Caratula-web-Encuentro-con-Egresadxs-Sitio-web-300x169.jpg 300w, https:\/\/ffyh.unc.edu.ar\/posgrado\/wp-content\/uploads\/sites\/3\/2025\/02\/Caratula-web-Encuentro-con-Egresadxs-Sitio-web-768x432.jpg 768w, https:\/\/ffyh.unc.edu.ar\/posgrado\/wp-content\/uploads\/sites\/3\/2025\/02\/Caratula-web-Encuentro-con-Egresadxs-Sitio-web-1320x742.jpg 1320w, https:\/\/ffyh.unc.edu.ar\/posgrado\/wp-content\/uploads\/sites\/3\/2025\/02\/Caratula-web-Encuentro-con-Egresadxs-Sitio-web.jpg 1366w\" sizes=\"(max-width: 800px) 100vw, 800px\" \/><\/p>\n<blockquote>\n<h4><span style=\"color: #ffffff\"><strong>Ciclo de v\u00eddeos con egresades<\/strong><\/span><\/h4>\n<\/blockquote>\n<div>\n<ul>\n<li><span data-sheets-root=\"1\"><strong>Agustin Villarreal &#8211;<\/strong> <strong>Doctorado en Ciencias Antropol\u00f3gicas<\/strong><br \/>\n<em><a href=\"https:\/\/www.canva.com\/design\/DAGjqgwyEx0\/cQ89OJCXtiCwhksQdH-qFg\/watch?utm_content=DAGjqgwyEx0&amp;utm_campaign=designshare&amp;utm_medium=link2&amp;utm_source=uniquelinks&amp;utlId=h0f8d98ba7b\">Ver video<\/a><\/em><\/span><\/li>\n<li><strong>Juli\u00e1n Mignino &#8211; Doctorado en Ciencias Antropol\u00f3gicas<\/strong><br \/>\n<em><a href=\"https:\/\/www.canva.com\/design\/DAGhmsJTuTE\/Ph4Nbz-FmKaxUgJDFbu6Ow\/watch?utm_content=DAGhmsJTuTE&amp;utm_campaign=designshare&amp;utm_medium=link2&amp;utm_source=uniquelinks&amp;utlId=h1474ffb601\">Ver video<\/a><\/em><\/li>\n<li><em><strong>Yanina Venier &#8211; Doctorado en Ciencias de la Educaci\u00f3n<\/strong><\/em><br \/>\n<em><a href=\"https:\/\/www.canva.com\/design\/DAGgGwvrMzM\/-xCRGCdZnHU9MtD72ce2Rw\/watch?utm_content=DAGgGwvrMzM&amp;utm_campaign=designshare&amp;utm_medium=link2&amp;utm_source=uniquelinks&amp;utlId=hb38d4c448e\">Ver video<\/a><\/em><\/li>\n<li><em><strong>Mar\u00eda Virginia Ramos <strong>&#8211;<\/strong> Doctorado en Historia<br \/>\n<\/strong><a href=\"https:\/\/www.canva.com\/design\/DAGfqQuYam0\/oZsjGqoXq5tGhKoVaU2omw\/watch?utm_content=DAGfqQuYam0&amp;utm_campaign=designshare&amp;utm_medium=link2&amp;utm_source=uniquelinks&amp;utlId=ha7ad80525e\">Ver video<\/a><\/em><\/li>\n<li><em><strong>Fabiana Barbero &#8211; Doctorado en Filosof\u00eda<br \/>\n<\/strong><a href=\"https:\/\/www.canva.com\/design\/DAGdf9v1mUg\/I3MJ6Wn3aU513EUVg_m66A\/watch?utm_content=DAGdf9v1mUg&amp;utm_campaign=designshare&amp;utm_medium=link2&amp;utm_source=uniquelinks&amp;utlId=h4ce2aa77aa\">Ver video<\/a><\/em><\/li>\n<li><em><strong>Roberto Chuit Roganovich &#8211; Doctorado en Letras<br \/>\n<\/strong><a href=\"https:\/\/www.canva.com\/design\/DAGaNPfuiG0\/hRgMqHzQQJ1WoxFhUS9Ngg\/watch?utm_content=DAGaNPfuiG0&amp;utm_campaign=designshare&amp;utm_medium=link2&amp;utm_source=uniquelinks&amp;utlId=hb53f2708d8\">Ver video<\/a><\/em><\/li>\n<li><em><strong>Florencia Donadi &#8211; Doctorado en Letras<br \/>\n<\/strong><a href=\"https:\/\/www.canva.com\/design\/DAGY2dkYPXA\/TDPDNj0DDtF6NSX4B9hwiA\/watch\">Ver video<\/a><\/em><\/li>\n<li><em><strong>Mar\u00eda Victoria N\u00fa\u00f1ez &#8211; Doctorado en Historia<\/strong><\/em><br \/>\n<em><a href=\"https:\/\/www.canva.com\/design\/DAGZkp4ViRY\/QMUhozLzAYnyeBGTDasY6A\/watch?utm_content=DAGZkp4ViRY&amp;utm_campaign=designshare&amp;utm_medium=link2&amp;utm_source=uniquelinks&amp;utlId=h937dbfc15c\">Ver video<\/a><\/em><\/li>\n<li><em><strong>Fernanda Libro &#8211; Doctorado en Letras<\/strong><\/em><br \/>\n<em><a href=\"https:\/\/www.canva.com\/design\/DAGXiCblGSs\/TOSGejhwzwUkikf5de1nvw\/watch\">Ver video<\/a><\/em><\/li>\n<\/ul>\n<\/div>\n<p>&nbsp;<\/p>\n","protected":false},"excerpt":{"rendered":"<p>Ciclo de v\u00eddeos con egresades Agustin Villarreal &#8211; Doctorado en Ciencias Antropol\u00f3gicas Ver video Juli\u00e1n Mignino &#8211; Doctorado en Ciencias<\/p>\n","protected":false},"author":5,"featured_media":0,"parent":0,"menu_order":0,"comment_status":"closed","ping_status":"closed","template":"","meta":{"_acf_changed":false,"saved_in_kubio":false,"colormag_page_container_layout":"default_layout","colormag_page_sidebar_layout":"default_layout","footnotes":""},"class_list":["post-11316","page","type-page","status-publish","hentry"],"acf":[],"kubio_ai_page_context":{"short_desc":"","purpose":"general"},"jetpack_sharing_enabled":true,"_links":{"self":[{"href":"https:\/\/ffyh.unc.edu.ar\/posgrado\/wp-json\/wp\/v2\/pages\/11316","targetHints":{"allow":["GET"]}}],"collection":[{"href":"https:\/\/ffyh.unc.edu.ar\/posgrado\/wp-json\/wp\/v2\/pages"}],"about":[{"href":"https:\/\/ffyh.unc.edu.ar\/posgrado\/wp-json\/wp\/v2\/types\/page"}],"author":[{"embeddable":true,"href":"https:\/\/ffyh.unc.edu.ar\/posgrado\/wp-json\/wp\/v2\/users\/5"}],"replies":[{"embeddable":true,"href":"https:\/\/ffyh.unc.edu.ar\/posgrado\/wp-json\/wp\/v2\/comments?post=11316"}],"version-history":[{"count":46,"href":"https:\/\/ffyh.unc.edu.ar\/posgrado\/wp-json\/wp\/v2\/pages\/11316\/revisions"}],"predecessor-version":[{"id":11628,"href":"https:\/\/ffyh.unc.edu.ar\/posgrado\/wp-json\/wp\/v2\/pages\/11316\/revisions\/11628"}],"wp:attachment":[{"href":"https:\/\/ffyh.unc.edu.ar\/posgrado\/wp-json\/wp\/v2\/media?parent=11316"}],"curies":[{"name":"wp","href":"https:\/\/api.w.org\/{rel}","templated":true}]}}