{"id":12281,"date":"2025-09-22T18:58:36","date_gmt":"2025-09-22T18:58:36","guid":{"rendered":"https:\/\/ffyh.unc.edu.ar\/posgrado\/?page_id=12281"},"modified":"2025-09-22T18:58:36","modified_gmt":"2025-09-22T18:58:36","slug":"tramites-oficialia-mayor-unc","status":"publish","type":"page","link":"https:\/\/ffyh.unc.edu.ar\/posgrado\/egresades\/tramites-oficialia-mayor-unc\/","title":{"rendered":"Tr\u00e1mites Oficial\u00eda Mayor UNC"},"content":{"rendered":"<p>Tr\u00e1mites para Graduadas\/os:<\/p>\n<p>Legalizaciones de documentaci\u00f3n, Duplicados Diploma, otros: <a href=\"https:\/\/www.unc.edu.ar\/oficialia-mayor\/graduados\">ingresar<\/a><\/p>\n","protected":false},"excerpt":{"rendered":"<p>Tr\u00e1mites para Graduadas\/os: Legalizaciones de documentaci\u00f3n, Duplicados Diploma, otros: ingresar<\/p>\n","protected":false},"author":5,"featured_media":0,"parent":9664,"menu_order":3,"comment_status":"closed","ping_status":"closed","template":"","meta":{"_acf_changed":false,"colormag_page_container_layout":"default_layout","colormag_page_sidebar_layout":"default_layout","footnotes":""},"class_list":["post-12281","page","type-page","status-publish","hentry"],"acf":[],"jetpack_sharing_enabled":true,"_links":{"self":[{"href":"https:\/\/ffyh.unc.edu.ar\/posgrado\/wp-json\/wp\/v2\/pages\/12281","targetHints":{"allow":["GET"]}}],"collection":[{"href":"https:\/\/ffyh.unc.edu.ar\/posgrado\/wp-json\/wp\/v2\/pages"}],"about":[{"href":"https:\/\/ffyh.unc.edu.ar\/posgrado\/wp-json\/wp\/v2\/types\/page"}],"author":[{"embeddable":true,"href":"https:\/\/ffyh.unc.edu.ar\/posgrado\/wp-json\/wp\/v2\/users\/5"}],"replies":[{"embeddable":true,"href":"https:\/\/ffyh.unc.edu.ar\/posgrado\/wp-json\/wp\/v2\/comments?post=12281"}],"version-history":[{"count":1,"href":"https:\/\/ffyh.unc.edu.ar\/posgrado\/wp-json\/wp\/v2\/pages\/12281\/revisions"}],"predecessor-version":[{"id":12282,"href":"https:\/\/ffyh.unc.edu.ar\/posgrado\/wp-json\/wp\/v2\/pages\/12281\/revisions\/12282"}],"up":[{"embeddable":true,"href":"https:\/\/ffyh.unc.edu.ar\/posgrado\/wp-json\/wp\/v2\/pages\/9664"}],"wp:attachment":[{"href":"https:\/\/ffyh.unc.edu.ar\/posgrado\/wp-json\/wp\/v2\/media?parent=12281"}],"curies":[{"name":"wp","href":"https:\/\/api.w.org\/{rel}","templated":true}]}}