{"id":12475,"date":"2025-11-13T16:19:31","date_gmt":"2025-11-13T16:19:31","guid":{"rendered":"https:\/\/ffyh.unc.edu.ar\/posgrado\/?page_id=12475"},"modified":"2025-11-26T21:51:44","modified_gmt":"2025-11-26T21:51:44","slug":"perfil-del-egresadx","status":"publish","type":"page","link":"https:\/\/ffyh.unc.edu.ar\/posgrado\/maestrias\/madu\/perfil-del-egresadx\/","title":{"rendered":"Perfil del egresadx"},"content":{"rendered":"<p><strong>Perfil de egresadx<\/strong><\/p>\n<p>Quienes egresen de la MaDU estar\u00e1n capacitadxs para:<\/p>\n<p>\u25cf Contribuir con la funci\u00f3n social de la Universidad como una instituci\u00f3n de formaci\u00f3n<br \/>\nacad\u00e9mica, cient\u00edfica y profesional.<br \/>\n\u25cf Desempe\u00f1ar un papel activo y cr\u00edtico en el contexto universitario, asumiendo el<br \/>\ncompromiso de considerarse como parte integrante de una comunidad de<br \/>\nprofesionales docentes.<br \/>\n\u25cf Intervenir en pr\u00e1cticas investigativas que aporten al mejoramiento de la calidad<br \/>\ninstitucional como a la calidad de vida de la sociedad a la que la universidad<br \/>\npertenece.<br \/>\n\u25cf Participar en el dise\u00f1o, implementaci\u00f3n y evaluaci\u00f3n de programas y proyectos<br \/>\norientados a la innovaci\u00f3n y transformaci\u00f3n continua en el \u00e1mbito acad\u00e9mico, a<br \/>\ndiferentes escalas, tanto para modalidad presencial y virtual \/ a distancia.<br \/>\n\u25cf Integrar equipos interdisciplinarios de elaboraci\u00f3n curricular (dise\u00f1o y desarrollo) y<br \/>\nde evaluaci\u00f3n, en el grado y posgrado, de extensi\u00f3n e investigaci\u00f3n a distintas escalas<br \/>\ny niveles (institucional, \u00e1reas, carreras, ciclos, cursos).<br \/>\n\u25cf Elaborar propuestas de formaci\u00f3n para docentes integrantes de equipos de c\u00e1tedra \/<br \/>\n\u00e1rea y\/o proyectos institucionales espec\u00edficos.<br \/>\n\u25cf Identificar y abordar problemas en el \u00e1mbito de la ense\u00f1anza y el aprendizaje,<br \/>\nrecuperando y construyendo pr\u00e1cticas docentes relevantes te\u00f3ricamente<br \/>\nfundamentadas.<br \/>\n\u25cf Generar propuestas de pr\u00e1cticas de ense\u00f1anza que promuevan mejoras en los procesos<br \/>\nde aprendizaje, incorporen la perspectiva de g\u00e9nero y propicien la implementaci\u00f3n de<br \/>\nherramientas did\u00e1cticas pertinentes y actualizadas.<br \/>\n\u25cf Dirigir y\/o participar en equipos de investigaci\u00f3n que aborden el estudio de pr\u00e1cticas<br \/>\nde la ense\u00f1anza en diferentes disciplinas, \u00e1reas y\/o campos de conocimiento.<\/p>\n","protected":false},"excerpt":{"rendered":"<p>Perfil de egresadx Quienes egresen de la MaDU estar\u00e1n capacitadxs para: \u25cf Contribuir con la funci\u00f3n social de la Universidad<\/p>\n","protected":false},"author":5,"featured_media":0,"parent":8828,"menu_order":0,"comment_status":"closed","ping_status":"closed","template":"","meta":{"_acf_changed":false,"colormag_page_container_layout":"default_layout","colormag_page_sidebar_layout":"default_layout","footnotes":""},"class_list":["post-12475","page","type-page","status-publish","hentry"],"acf":[],"jetpack_sharing_enabled":true,"_links":{"self":[{"href":"https:\/\/ffyh.unc.edu.ar\/posgrado\/wp-json\/wp\/v2\/pages\/12475","targetHints":{"allow":["GET"]}}],"collection":[{"href":"https:\/\/ffyh.unc.edu.ar\/posgrado\/wp-json\/wp\/v2\/pages"}],"about":[{"href":"https:\/\/ffyh.unc.edu.ar\/posgrado\/wp-json\/wp\/v2\/types\/page"}],"author":[{"embeddable":true,"href":"https:\/\/ffyh.unc.edu.ar\/posgrado\/wp-json\/wp\/v2\/users\/5"}],"replies":[{"embeddable":true,"href":"https:\/\/ffyh.unc.edu.ar\/posgrado\/wp-json\/wp\/v2\/comments?post=12475"}],"version-history":[{"count":1,"href":"https:\/\/ffyh.unc.edu.ar\/posgrado\/wp-json\/wp\/v2\/pages\/12475\/revisions"}],"predecessor-version":[{"id":12476,"href":"https:\/\/ffyh.unc.edu.ar\/posgrado\/wp-json\/wp\/v2\/pages\/12475\/revisions\/12476"}],"up":[{"embeddable":true,"href":"https:\/\/ffyh.unc.edu.ar\/posgrado\/wp-json\/wp\/v2\/pages\/8828"}],"wp:attachment":[{"href":"https:\/\/ffyh.unc.edu.ar\/posgrado\/wp-json\/wp\/v2\/media?parent=12475"}],"curies":[{"name":"wp","href":"https:\/\/api.w.org\/{rel}","templated":true}]}}