{"id":203,"date":"2011-02-04T18:27:07","date_gmt":"2011-02-04T18:27:07","guid":{"rendered":"http:\/\/www.ffyh.unc.edu.ar\/posgrado\/"},"modified":"2026-03-02T16:41:59","modified_gmt":"2026-03-02T16:41:59","slug":"doctorado-en-ciencias-antropologicas","status":"publish","type":"page","link":"https:\/\/ffyh.unc.edu.ar\/posgrado\/doctorados\/doctorado-en-ciencias-antropologicas\/","title":{"rendered":"Doctorado en Ciencias Antropol\u00f3gicas"},"content":{"rendered":"<p><strong>Acreditaci\u00f3n CONEAU N\u00ba 1044\/14 &#8211; Categor\u00eda A<\/strong><\/p>\n<p><strong>Res. Ministerial: <a href=\"http:\/\/ffyh.unc.edu.ar\/posgrado\/wp-content\/uploads\/sites\/3\/2025\/06\/RS-2025-52742668-APN-CONEAUMCH-1.pdf\">126\/25<\/a><br \/>\n<\/strong><\/p>\n<hr \/>\n<h4>El\u00a0Doctorado en Ciencias Antropol\u00f3gicas<span style=\"color: #4a474b;font-size: 16px\"> de la Universidad Nacional de C\u00f3rdoba tiene como prop\u00f3sito capacitar y formar profesionales en investigaci\u00f3n, docencia y aplicaci\u00f3n en Arqueolog\u00eda, Antropolog\u00eda Social y Bioantropolog\u00eda, acorde con l\u00edneas de investigaci\u00f3n desarrolladas en el Museo de Antropolog\u00eda de la Universidad Nacional de C\u00f3rdoba en\u00a0principalmente en torno a: (1) Cultura y pol\u00edtica, haciendo hincapi\u00e9 en los derechos humanos, la violencia, el multiculturalismo, la identidad y la pol\u00edtica, y (2) la cultura material y los modos de vida, poniendo especial atenci\u00f3n en la arqueolog\u00eda social, cazadores-recolectores, el medio ambiente, tecnolog\u00eda, estudios de patrimonio y museos.<\/span><\/h4>\n<p><em>El doctorado cuenta con la aprobaci\u00f3n del Honorable Consejo Superior de la Universidad Nacional de C\u00f3rdoba, y cuenta con el reconocimiento del t\u00edtulo por parte de la CONEAU.<\/em><\/p>\n<p><strong>AUTORIDADES<\/strong><\/p>\n<p>DIRECTORA: Dra. Ludmila Da Silva Catela<\/p>\n<p><strong>COMIT\u00c9 ACAD\u00c9MICO<\/strong>:<\/p>\n<p><span class=\"im\">Dr. Rodrigo Nores<br \/>\nDra. Bernarda Marconetto<br \/>\nDra. Guillermina Esp\u00f3sito<br \/>\n<\/span>Dra. Roxana Catt\u00e1neo<\/p>\n<p><strong>COMIT\u00c9 ASESOR<\/strong>:<\/p>\n<p>Dra. <span class=\"im\">Soledad Salega<br \/>\nDra. Lucia Tamagnini<br \/>\nDra . Claudia Amuedo<br \/>\nDr. Rodrigo Nores<br \/>\nDra. Florencia Maggi<br \/>\nDr. Juli\u00e1n Salazar<\/span><\/p>\n<p>&nbsp;<\/p>\n<ul>\n<li>Informaci\u00f3n General de Carreras de Doctorado<strong>: <a href=\"http:\/\/www.ffyh.unc.edu.ar\/posgrado\/doctorados\/informacion-general\/\" target=\"_self\" rel=\"noopener noreferrer\">hacer click<\/a><\/strong><\/li>\n<li>Accede al <strong><a href=\"http:\/\/ffyh.unc.edu.ar\/posgrado\/wp-content\/uploads\/sites\/3\/2025\/09\/RHCS_169_2009-1_c.pdf\">plan de estudios<\/a>.<\/strong><\/li>\n<\/ul>\n<ul>\n<li><strong>Informaci\u00f3n sobre solicitudes de Admisi\u00f3n<\/strong><\/li>\n<li>Informaci\u00f3n para Alumnos Admitidos en Doctorado en Cs. Antropol\u00f3gicas: <strong><a href=\"http:\/\/ffyh.unc.edu.ar\/posgrado\/wp-content\/uploads\/sites\/3\/2019\/08\/INFO-PARA-ADMITIDOSb.pdf\">VER<\/a><\/strong><\/li>\n<li>Para consultar los cursos o seminarios organizados por el Doctorado en Cs. Antropol\u00f3gicas ingresar al siguiente link: <strong><a href=\"http:\/\/ffyh.unc.edu.ar\/posgrado\/tag\/doctorado-en-cs-antropologicas\/\" target=\"_blank\" rel=\"noopener noreferrer\">hacer click<\/a><\/strong><\/li>\n<\/ul>\n<p>&nbsp;<\/p>\n","protected":false},"excerpt":{"rendered":"<p>Acreditaci\u00f3n CONEAU N\u00ba 1044\/14 &#8211; Categor\u00eda A Res. Ministerial: 126\/25 El\u00a0Doctorado en Ciencias Antropol\u00f3gicas de la Universidad Nacional de C\u00f3rdoba<\/p>\n","protected":false},"author":5,"featured_media":0,"parent":27,"menu_order":2,"comment_status":"closed","ping_status":"closed","template":"","meta":{"_acf_changed":false,"saved_in_kubio":false,"colormag_page_container_layout":"default_layout","colormag_page_sidebar_layout":"default_layout","footnotes":""},"class_list":["post-203","page","type-page","status-publish","hentry"],"acf":[],"kubio_ai_page_context":{"short_desc":"","purpose":"general"},"jetpack_sharing_enabled":true,"_links":{"self":[{"href":"https:\/\/ffyh.unc.edu.ar\/posgrado\/wp-json\/wp\/v2\/pages\/203","targetHints":{"allow":["GET"]}}],"collection":[{"href":"https:\/\/ffyh.unc.edu.ar\/posgrado\/wp-json\/wp\/v2\/pages"}],"about":[{"href":"https:\/\/ffyh.unc.edu.ar\/posgrado\/wp-json\/wp\/v2\/types\/page"}],"author":[{"embeddable":true,"href":"https:\/\/ffyh.unc.edu.ar\/posgrado\/wp-json\/wp\/v2\/users\/5"}],"replies":[{"embeddable":true,"href":"https:\/\/ffyh.unc.edu.ar\/posgrado\/wp-json\/wp\/v2\/comments?post=203"}],"version-history":[{"count":59,"href":"https:\/\/ffyh.unc.edu.ar\/posgrado\/wp-json\/wp\/v2\/pages\/203\/revisions"}],"predecessor-version":[{"id":12788,"href":"https:\/\/ffyh.unc.edu.ar\/posgrado\/wp-json\/wp\/v2\/pages\/203\/revisions\/12788"}],"up":[{"embeddable":true,"href":"https:\/\/ffyh.unc.edu.ar\/posgrado\/wp-json\/wp\/v2\/pages\/27"}],"wp:attachment":[{"href":"https:\/\/ffyh.unc.edu.ar\/posgrado\/wp-json\/wp\/v2\/media?parent=203"}],"curies":[{"name":"wp","href":"https:\/\/api.w.org\/{rel}","templated":true}]}}