{"id":25,"date":"2010-11-29T20:02:19","date_gmt":"2010-11-29T20:02:19","guid":{"rendered":"http:\/\/www.ffyh.unc.edu.ar\/posgrado\/"},"modified":"2025-12-23T14:48:17","modified_gmt":"2025-12-23T14:48:17","slug":"institucional","status":"publish","type":"page","link":"https:\/\/ffyh.unc.edu.ar\/posgrado\/institucional\/","title":{"rendered":"Institucional"},"content":{"rendered":"<div class=\"jetpack-video-wrapper\"><iframe title=\"Oferta acad\u00e9mica de Posgrado 2023\" width=\"800\" height=\"450\" src=\"https:\/\/www.youtube.com\/embed\/HelTmOEvQDk?feature=oembed\" frameborder=\"0\" allow=\"accelerometer; autoplay; clipboard-write; encrypted-media; gyroscope; picture-in-picture; web-share\" referrerpolicy=\"strict-origin-when-cross-origin\" allowfullscreen><\/iframe><\/div>\n<p>Las actividades de posgrado consisten en espacios acad\u00e9micos de formaci\u00f3n destinados a la investigaci\u00f3n, actualizaci\u00f3n y\/o el perfeccionamiento de graduados en un \u00e1rea tem\u00e1tica. La oferta acad\u00e9mica de la Secretar\u00eda de Posgrado de la Facultad de Filosof\u00eda y Humanidades (FFyH) est\u00e1 ordenada en distintos niveles: especializaciones, maestr\u00edas y doctorados\u00a0 Incluye tambi\u00e9n cursos individuales o conjuntos de cursos que forman parte de Programas de Posgrado, orientados disciplinarmente.<\/p>\n<p>El objetivo en todos los casos es la formaci\u00f3n acad\u00e9mica y el desarrollo de la investigaci\u00f3n en las ciencias humanas y sociales, objetivo central de la Facultad de Filosof\u00eda y Humanidades.\u00a0 Las Especializaciones\u00a0 tienen por finalidad profundizar en el dominio de un tema o \u00e1rea determinada dentro de un campo profesional o de diferentes profesiones. Las Maestr\u00edas est\u00e1n dirigidas a profundizar el conocimiento te\u00f3rico, metodol\u00f3gico o de gesti\u00f3n en funci\u00f3n del estado de desarrollo de una disciplina, mientras que los doctorados se orientan a generar aportes originales en un \u00e1rea de conocimiento a trav\u00e9s de la formaci\u00f3n en investigaci\u00f3n, dentro de un marco de excelencia acad\u00e9mica. \u00a0Algunas carreras est\u00e1n radicas exclusivamente en la FFyH y otras son cogestionadas con otras unidades acad\u00e9micas de la UNC, seg\u00fan los objetivos de formaci\u00f3n y las particularidades de los campos disciplinares involucrados.<\/p>\n<p>Las actividades de posgrado de la Universidad Nacional C\u00f3rdoba est\u00e1n regidas por la Ordenanza HCS 7\/2013 en acuerdo con los est\u00e1ndares establecidos por las Resoluciones \u00a0Ministeriales \u00a0N\u00b0 160\/2011 y N\u00ba 2385\/2015 del Ministerio de Educaci\u00f3n de la Naci\u00f3n.<\/p>\n<hr \/>\n<blockquote>\n<h4><span style=\"color: #ffffff\">Organigrama Secretar\u00eda de Posgrado<\/span><\/h4>\n<\/blockquote>\n<a href=\"https:\/\/ffyh.unc.edu.ar\/posgrado\/wp-content\/uploads\/sites\/3\/2025\/06\/Organigrama-Secretaria-de-Posgrado-Con-Anexos-v2.pdf\" class=\"pdfemb-viewer\" style=\"\" data-width=\"max\" data-height=\"max\" data-toolbar=\"bottom\" data-toolbar-fixed=\"off\">Organigrama Secretar\u00eda de Posgrado - Con Anexos v2<\/a>\n<p>&nbsp;<\/p>\n<p><a href=\"http:\/\/ffyh.unc.edu.ar\/posgrado\/wp-content\/uploads\/sites\/3\/2025\/06\/Organigrama-Secretaria-de-Posgrado-Con-Anexos-v2.pdf\">Descargar pdf<\/a><\/p>\n<hr \/>\n<ul>\n<li>R\u00e9gimen de Organizaci\u00f3n de Carreras, Otorgamiento de<br \/>\nt\u00edtulos y Expedici\u00f3n de Diplomas: Res. Ministerio de Educaci\u00f3n de la Naci\u00f3n N\u00ba 2385\/2015 | <a href=\"https:\/\/drive.google.com\/file\/d\/0B7UfXNY2zqoDcTF1ajNGZE1SQVY0a2ZzblR4ZVB6S2JwdFFJ\/view?usp=sharing\">consultar<\/a><\/li>\n<li>Pautas y normas generales de Posgrado: Ordenanza HCS-UNC N\u00ba 7\/2013 | <a href=\"https:\/\/drive.google.com\/file\/d\/0B7UfXNY2zqoDa0hHQ21tQVJqLW02cTZyS3N2WkJFYmhqTEk4\/view?usp=sharing\">consultar<\/a><\/li>\n<li>Acreditaci\u00f3n de Carreras de Posgrado: Res. Ministerio de Educaci\u00f3n de la Naci\u00f3n N\u00ba 160\/11 | <a href=\"https:\/\/drive.google.com\/file\/d\/0B7UfXNY2zqoDcEJ5ckEzZjFYeU4yX2ZFY1YtYzNmNzRfRV9N\/view?usp=sharing\">consultar<\/a><\/li>\n<\/ul>\n<hr \/>\n<p><strong>Autoridades:<\/strong><\/p>\n<p>-Secretaria de Posgrado: Dra. Celeste Cerd\u00e1<br \/>\n-Subsecretaria de Posgrado: Dra. Natalia Ferreri<\/p>\n<p><strong>Contacto:<\/strong><br \/>\nSecretar\u00eda de Posgrado<br \/>\nFacultad de Filosof\u00eda y Humanidades<br \/>\nUniversidad Nacional de C\u00f3rdoba<br \/>\nPabell\u00f3n Residencial, planta baja, Ciudad Universitaria<br \/>\nTel\u00e9fono: 54-351-5353610 interno 50025<br \/>\nE-mail: postfilo@ffyh.unc.edu.ar<\/p>\n<p><b><i>Contactos atenci\u00f3n virtual: <a href=\"http:\/\/ffyh.unc.edu.ar\/posgrado\/contactos\/\" target=\"_blank\" rel=\"noopener noreferrer\">ver<\/a><\/i><\/b><\/p>\n","protected":false},"excerpt":{"rendered":"<p>Las actividades de posgrado consisten en espacios acad\u00e9micos de formaci\u00f3n destinados a la investigaci\u00f3n, actualizaci\u00f3n y\/o el perfeccionamiento de graduados<\/p>\n","protected":false},"author":4,"featured_media":0,"parent":0,"menu_order":1,"comment_status":"closed","ping_status":"closed","template":"","meta":{"_acf_changed":false,"saved_in_kubio":false,"colormag_page_container_layout":"default_layout","colormag_page_sidebar_layout":"default_layout","footnotes":""},"class_list":["post-25","page","type-page","status-publish","hentry"],"acf":[],"kubio_ai_page_context":{"short_desc":"","purpose":"general"},"jetpack_sharing_enabled":true,"_links":{"self":[{"href":"https:\/\/ffyh.unc.edu.ar\/posgrado\/wp-json\/wp\/v2\/pages\/25","targetHints":{"allow":["GET"]}}],"collection":[{"href":"https:\/\/ffyh.unc.edu.ar\/posgrado\/wp-json\/wp\/v2\/pages"}],"about":[{"href":"https:\/\/ffyh.unc.edu.ar\/posgrado\/wp-json\/wp\/v2\/types\/page"}],"author":[{"embeddable":true,"href":"https:\/\/ffyh.unc.edu.ar\/posgrado\/wp-json\/wp\/v2\/users\/4"}],"replies":[{"embeddable":true,"href":"https:\/\/ffyh.unc.edu.ar\/posgrado\/wp-json\/wp\/v2\/comments?post=25"}],"version-history":[{"count":19,"href":"https:\/\/ffyh.unc.edu.ar\/posgrado\/wp-json\/wp\/v2\/pages\/25\/revisions"}],"predecessor-version":[{"id":12651,"href":"https:\/\/ffyh.unc.edu.ar\/posgrado\/wp-json\/wp\/v2\/pages\/25\/revisions\/12651"}],"wp:attachment":[{"href":"https:\/\/ffyh.unc.edu.ar\/posgrado\/wp-json\/wp\/v2\/media?parent=25"}],"curies":[{"name":"wp","href":"https:\/\/api.w.org\/{rel}","templated":true}]}}