{"id":2907,"date":"2013-05-29T19:42:33","date_gmt":"2013-05-29T19:42:33","guid":{"rendered":"http:\/\/www.ffyh.unc.edu.ar\/posgrado\/?page_id=2907"},"modified":"2022-03-21T15:36:20","modified_gmt":"2022-03-21T15:36:20","slug":"doctorado-en-estudios-urbano-regionales","status":"publish","type":"page","link":"https:\/\/ffyh.unc.edu.ar\/posgrado\/doctorados\/doctorado-en-estudios-urbano-regionales\/","title":{"rendered":"Doctorado en Estudios Urbano Regionales"},"content":{"rendered":"<p align=\"center\"><b>\u00a0<\/b><b>UNIVERSIDAD NACIONAL DE C\u00d3RDOBA-BAUHAUS UNIVERSIT\u00c4T-WEIMAR<\/b><\/p>\n<p align=\"center\"><b>FACULTAD DE ARQUITECTURA, URBANISMO Y DISE\u00d1O<\/b><\/p>\n<p align=\"center\"><b>FACULTAD DE FILOSOFIA Y HUMANIDADES<\/b><\/p>\n<div align=\"center\">\n<hr align=\"center\" size=\"2\" width=\"100%\" \/>\n<\/div>\n<p align=\"center\"><b>Programa binacional para el fortalecimiento de redes interuniversitarias Argentino Alemanas<\/b><\/p>\n<p align=\"center\"><b>Centro Universitario Argentino-Alem\u00e1n CUAA-DAHZ Proyecto CUAA_DAHZ 006-11<\/b><\/p>\n<p align=\"center\"><b>Universidad Nacional de C\u00f3rdoba_ Bauhaus Universit\u00e4t-Weimar<\/b><b><i>\u00a0<\/i><\/b><\/p>\n<p align=\"center\"><span style=\"color: #800000\"><b><i>\u00a0\u201c<\/i><\/b><b><i>Doctorado en Estudios Urbano Regionales\u201d<\/i><\/b><\/span><\/p>\n<div align=\"center\">\n<hr align=\"center\" size=\"2\" width=\"100%\" \/>\n<\/div>\n<p><strong><em>Proyecto 006- 11 CUAA_DAHZ. Resolucion CONEAU N\u00ba 1196\/12.<\/em><\/strong><\/p>\n<p>Director: Profesor Max Welch Guerra.<\/p>\n<p>Co- Director: Prof. Consulto Arq. Alba Di Marco.<\/p>\n<p><em><strong>Inicia Cohorte 2015<\/strong><\/em><\/p>\n<p><strong>OBJETIVOS:<\/strong><\/p>\n<p>&#8211; Investigar el desarrollo urbano y territorial en Argentina y Alemania.<\/p>\n<p>&#8211; Fortalecer la cooperaci\u00f3n entre ambas Universidades.<\/p>\n<p>&#8211; Producir conocimientos originales en los temas de planificaci\u00f3n urbana y regional.<\/p>\n<p>&#8211; Fomentar el desarrollo de dise\u00f1os de investigaci\u00f3n y estudios innovativos e interdisciplinarios.<\/p>\n<p>&nbsp;<\/p>\n<p><strong>ESTRUCTURA CONCEPTUAL DEL PROGRAMA<\/strong><\/p>\n<p><a href=\"http:\/\/ffyh.unc.edu.ar\/posgrado\/wp-content\/uploads\/sites\/3\/2013\/05\/Programa-Conceptual.png\"><img fetchpriority=\"high\" decoding=\"async\" class=\"aligncenter wp-image-4245 \" src=\"http:\/\/ffyh.unc.edu.ar\/posgrado\/wp-content\/uploads\/sites\/3\/2013\/05\/Programa-Conceptual-300x64.png\" alt=\"Programa Conceptual\" width=\"487\" height=\"104\" srcset=\"https:\/\/ffyh.unc.edu.ar\/posgrado\/wp-content\/uploads\/sites\/3\/2013\/05\/Programa-Conceptual-300x64.png 300w, https:\/\/ffyh.unc.edu.ar\/posgrado\/wp-content\/uploads\/sites\/3\/2013\/05\/Programa-Conceptual-768x164.png 768w, https:\/\/ffyh.unc.edu.ar\/posgrado\/wp-content\/uploads\/sites\/3\/2013\/05\/Programa-Conceptual-1024x218.png 1024w, https:\/\/ffyh.unc.edu.ar\/posgrado\/wp-content\/uploads\/sites\/3\/2013\/05\/Programa-Conceptual.png 1127w\" sizes=\"(max-width: 487px) 100vw, 487px\" \/><\/a><\/p>\n<p>&nbsp;<\/p>\n<p><strong>CRONOGRAMA Y PLAN DE ACTIVIDADES<\/strong><\/p>\n<p><a href=\"http:\/\/ffyh.unc.edu.ar\/posgrado\/wp-content\/uploads\/sites\/3\/2013\/05\/CRONOGRAMA-2015-16.png\"><img decoding=\"async\" class=\"aligncenter wp-image-4246 \" src=\"http:\/\/ffyh.unc.edu.ar\/posgrado\/wp-content\/uploads\/sites\/3\/2013\/05\/CRONOGRAMA-2015-16-277x300.png\" alt=\"CRONOGRAMA 2015-16\" width=\"419\" height=\"454\" srcset=\"https:\/\/ffyh.unc.edu.ar\/posgrado\/wp-content\/uploads\/sites\/3\/2013\/05\/CRONOGRAMA-2015-16-277x300.png 277w, https:\/\/ffyh.unc.edu.ar\/posgrado\/wp-content\/uploads\/sites\/3\/2013\/05\/CRONOGRAMA-2015-16-768x832.png 768w, https:\/\/ffyh.unc.edu.ar\/posgrado\/wp-content\/uploads\/sites\/3\/2013\/05\/CRONOGRAMA-2015-16-946x1024.png 946w, https:\/\/ffyh.unc.edu.ar\/posgrado\/wp-content\/uploads\/sites\/3\/2013\/05\/CRONOGRAMA-2015-16.png 1185w\" sizes=\"(max-width: 419px) 100vw, 419px\" \/><\/a><\/p>\n<p><b>Consultas:\u00a0<\/b><span style=\"text-decoration: underline\">deur.faud.bauhaus@gmail.com<\/span><b><br \/>\n<\/b><\/p>\n<p><strong>M\u00e1s informaci\u00f3n disponible en:\u00a0<\/strong><a href=\"http:\/\/www.faudi.unc.edu.ar\/graduados\/doctorado-en-estudios-urbano-regionales\" target=\"_blank\" rel=\"noopener\"><span style=\"text-decoration: underline\">http:\/\/www.faudi.unc.edu.ar\/graduados\/doctorado-en-estudios-urbano-regionales<\/span><\/a><\/p>\n","protected":false},"excerpt":{"rendered":"<p>\u00a0UNIVERSIDAD NACIONAL DE C\u00d3RDOBA-BAUHAUS UNIVERSIT\u00c4T-WEIMAR FACULTAD DE ARQUITECTURA, URBANISMO Y DISE\u00d1O FACULTAD DE FILOSOFIA Y HUMANIDADES Programa binacional para el<\/p>\n","protected":false},"author":5,"featured_media":0,"parent":27,"menu_order":6,"comment_status":"closed","ping_status":"closed","template":"","meta":{"_acf_changed":false,"colormag_page_container_layout":"default_layout","colormag_page_sidebar_layout":"default_layout","footnotes":""},"class_list":["post-2907","page","type-page","status-publish","hentry"],"acf":[],"jetpack_sharing_enabled":true,"_links":{"self":[{"href":"https:\/\/ffyh.unc.edu.ar\/posgrado\/wp-json\/wp\/v2\/pages\/2907","targetHints":{"allow":["GET"]}}],"collection":[{"href":"https:\/\/ffyh.unc.edu.ar\/posgrado\/wp-json\/wp\/v2\/pages"}],"about":[{"href":"https:\/\/ffyh.unc.edu.ar\/posgrado\/wp-json\/wp\/v2\/types\/page"}],"author":[{"embeddable":true,"href":"https:\/\/ffyh.unc.edu.ar\/posgrado\/wp-json\/wp\/v2\/users\/5"}],"replies":[{"embeddable":true,"href":"https:\/\/ffyh.unc.edu.ar\/posgrado\/wp-json\/wp\/v2\/comments?post=2907"}],"version-history":[{"count":3,"href":"https:\/\/ffyh.unc.edu.ar\/posgrado\/wp-json\/wp\/v2\/pages\/2907\/revisions"}],"predecessor-version":[{"id":8309,"href":"https:\/\/ffyh.unc.edu.ar\/posgrado\/wp-json\/wp\/v2\/pages\/2907\/revisions\/8309"}],"up":[{"embeddable":true,"href":"https:\/\/ffyh.unc.edu.ar\/posgrado\/wp-json\/wp\/v2\/pages\/27"}],"wp:attachment":[{"href":"https:\/\/ffyh.unc.edu.ar\/posgrado\/wp-json\/wp\/v2\/media?parent=2907"}],"curies":[{"name":"wp","href":"https:\/\/api.w.org\/{rel}","templated":true}]}}