{"id":2917,"date":"2013-05-29T20:03:11","date_gmt":"2013-05-29T20:03:11","guid":{"rendered":"http:\/\/www.ffyh.unc.edu.ar\/posgrado\/?page_id=2917"},"modified":"2025-12-17T14:53:15","modified_gmt":"2025-12-17T14:53:15","slug":"doctorado-en-neurociencias","status":"publish","type":"page","link":"https:\/\/ffyh.unc.edu.ar\/posgrado\/doctorados\/doctorado-en-neurociencias\/","title":{"rendered":"Doctorado en Neurociencias"},"content":{"rendered":"<p><img fetchpriority=\"high\" decoding=\"async\" class=\"alignnone size-full wp-image-6960\" src=\"http:\/\/ffyh.unc.edu.ar\/posgrado\/wp-content\/uploads\/sites\/3\/2019\/08\/Doctorado-en-Neurociencias.jpg\" alt=\"\" width=\"3504\" height=\"2476\" srcset=\"https:\/\/ffyh.unc.edu.ar\/posgrado\/wp-content\/uploads\/sites\/3\/2019\/08\/Doctorado-en-Neurociencias.jpg 3504w, https:\/\/ffyh.unc.edu.ar\/posgrado\/wp-content\/uploads\/sites\/3\/2019\/08\/Doctorado-en-Neurociencias-300x212.jpg 300w, https:\/\/ffyh.unc.edu.ar\/posgrado\/wp-content\/uploads\/sites\/3\/2019\/08\/Doctorado-en-Neurociencias-768x543.jpg 768w, https:\/\/ffyh.unc.edu.ar\/posgrado\/wp-content\/uploads\/sites\/3\/2019\/08\/Doctorado-en-Neurociencias-1024x724.jpg 1024w\" sizes=\"(max-width: 3504px) 100vw, 3504px\" \/><\/p>\n<p>Nos es muy grato anunciar que la\u00a0<strong>Comisi\u00f3n Nacional de Evaluaciones y Acreditaci\u00f3n Universitarias<\/strong>,\u00a0<strong>CONEAU<\/strong>, ha acreditado a\u00a0 la\u00a0<span style=\"color: #006688\"><strong>Carrera de Doctorado en Neurociencias<\/strong>\u00a0<span style=\"color: #000000\">con categor\u00eda A<\/span>: <a href=\"https:\/\/drive.google.com\/file\/d\/0B7UfXNY2zqoDOHpiemVqc3Y2VWZlX3EtSjY4SnJCaDBWdkpN\/view?usp=sharing\" target=\"_blank\" rel=\"noopener noreferrer\"><strong>ver Resoluci\u00f3n<\/strong><\/a><\/span><\/p>\n<p>Este doctorado, primero en su tipo en nuestro pa\u00eds y uno de los pocos existentes en Am\u00e9rica Latina, surgi\u00f3 del trabajo conjunto de seis Facultades de la UNC y de un Instituto del CONICET, lo cual da un car\u00e1cter interdisciplinario inusitado para un posgrado universitario.\u00a0Las instituciones participantes son:<\/p>\n<ul>\n<li><strong><span style=\"color: #0066bb\">Facultad de Ciencias Qu\u00edmicas<\/span><\/strong><\/li>\n<li><strong><span style=\"color: #0066bb\">Facultad de Ciencias Exactas, F\u00edsicas y Naturales<\/span><\/strong><\/li>\n<li><strong><span style=\"color: #0066bb\">Facultad de Ciencias M\u00e9dicas<\/span><\/strong><\/li>\n<li><strong><span style=\"color: #0066bb\">Facultad de Filosof\u00eda y Humanidades<\/span><\/strong><\/li>\n<li><strong><span style=\"color: #0066bb\">Facultad de Matem\u00e1tica, Astronom\u00eda y F\u00edsica<\/span><\/strong><\/li>\n<li><strong><span style=\"color: #0066bb\">Facultad de Psicolog\u00eda<\/span><\/strong><\/li>\n<li><strong><span style=\"color: #0066bb\">Instituto de Investigaci\u00f3n M\u00e9dica Mercedes y Mart\u00edn Ferreyra<\/span><\/strong><\/li>\n<\/ul>\n<h2 class=\"catheader\"><strong>Sede Administrativa<\/strong><\/h2>\n<div class=\"page-content\">\n<p>El Doctorado en Neurociencias tendr\u00e1 su sede administrativa en la\u00a0<span style=\"color: #006688\"><strong>Facultad de Ciencias Qu\u00edmicas<\/strong><\/span>\u00a0de la\u00a0<span style=\"color: #006688\"><strong>Universidad Nacional de C\u00f3rdoba<\/strong><\/span>, la que ser\u00e1 responsable de la presentaci\u00f3n de la acreditaci\u00f3n y de toda la comunicaci\u00f3n con el Ministerio de Educaci\u00f3n de la Naci\u00f3n.\u00a0 Para tr\u00e1mites y consultas dirigirse a<\/p>\n<p><span style=\"color: #006688\"><strong>Escuela de Posgrado Facultad de Ciencias Qu\u00edmicas<br \/>\nUniversidad Nacional de C\u00f3rdoba<br \/>\nHaya de la Torre esq. Medina Allende<br \/>\nNuevo edificio integrador<br \/>\nCiudad Universitaria<br \/>\nX5016GYA C\u00f3rdoba, Argentina<\/strong><\/span><\/p>\n<p>Peri\u00f3dicamente el Consejo Acad\u00e9mico considerar\u00e1 la conveniencia de rotar la sede administrativa entre las Facultades participantes.<\/p>\n<\/div>\n<h2 class=\"catheader\"><strong>Contactos<\/strong><\/h2>\n<div class=\"page-content\">\n<p><strong>Consultas<\/strong>: Toda consulta acerca de tr\u00e1mites relacionados con el DNC deber\u00e1 dirigirse a la Secretar\u00eda del Doctorado, Secretar\u00eda de Posgrado de la Facultad de Ciencias Qu\u00edmicas de la UNC, de Lunes a Viernes de 14 a 16 hs.<\/p>\n<p>Mail para consultas generales : <a href=\"mailto:consultas@dnc.unc.edu.ar\">consultas@dnc.unc.edu.ar<\/a><\/p>\n<p>Mail para inscripciones y consultas sobre\u00a0<strong>cursos<\/strong>: <a href=\"mailto:cursos@dnc.unc.edu.ar\">cursos@dnc.unc.edu.ar<\/a><\/p>\n<p>&nbsp;<\/p>\n<\/div>\n<p><span style=\"color: #800000\"><strong><span style=\"color: #333399\">Detalles de la carrera:<\/span> <a href=\"https:\/\/www.fcq.unc.edu.ar\/doctorado-en-neurociencias\/\"><span style=\"color: #800000\">ingresar<\/span><\/a><\/strong><\/span><\/p>\n","protected":false},"excerpt":{"rendered":"<p>Nos es muy grato anunciar que la\u00a0Comisi\u00f3n Nacional de Evaluaciones y Acreditaci\u00f3n Universitarias,\u00a0CONEAU, ha acreditado a\u00a0 la\u00a0Carrera de Doctorado en<\/p>\n","protected":false},"author":5,"featured_media":0,"parent":27,"menu_order":7,"comment_status":"closed","ping_status":"closed","template":"","meta":{"_acf_changed":false,"colormag_page_container_layout":"default_layout","colormag_page_sidebar_layout":"default_layout","footnotes":""},"class_list":["post-2917","page","type-page","status-publish","hentry"],"acf":[],"jetpack_sharing_enabled":true,"_links":{"self":[{"href":"https:\/\/ffyh.unc.edu.ar\/posgrado\/wp-json\/wp\/v2\/pages\/2917","targetHints":{"allow":["GET"]}}],"collection":[{"href":"https:\/\/ffyh.unc.edu.ar\/posgrado\/wp-json\/wp\/v2\/pages"}],"about":[{"href":"https:\/\/ffyh.unc.edu.ar\/posgrado\/wp-json\/wp\/v2\/types\/page"}],"author":[{"embeddable":true,"href":"https:\/\/ffyh.unc.edu.ar\/posgrado\/wp-json\/wp\/v2\/users\/5"}],"replies":[{"embeddable":true,"href":"https:\/\/ffyh.unc.edu.ar\/posgrado\/wp-json\/wp\/v2\/comments?post=2917"}],"version-history":[{"count":8,"href":"https:\/\/ffyh.unc.edu.ar\/posgrado\/wp-json\/wp\/v2\/pages\/2917\/revisions"}],"predecessor-version":[{"id":12625,"href":"https:\/\/ffyh.unc.edu.ar\/posgrado\/wp-json\/wp\/v2\/pages\/2917\/revisions\/12625"}],"up":[{"embeddable":true,"href":"https:\/\/ffyh.unc.edu.ar\/posgrado\/wp-json\/wp\/v2\/pages\/27"}],"wp:attachment":[{"href":"https:\/\/ffyh.unc.edu.ar\/posgrado\/wp-json\/wp\/v2\/media?parent=2917"}],"curies":[{"name":"wp","href":"https:\/\/api.w.org\/{rel}","templated":true}]}}