{"id":30,"date":"2010-11-29T20:04:54","date_gmt":"2010-11-29T20:04:54","guid":{"rendered":"http:\/\/www.ffyh.unc.edu.ar\/posgrado\/"},"modified":"2023-07-20T20:17:13","modified_gmt":"2023-07-20T20:17:13","slug":"maestrias","status":"publish","type":"page","link":"https:\/\/ffyh.unc.edu.ar\/posgrado\/maestrias\/","title":{"rendered":"Maestr\u00edas"},"content":{"rendered":"<p>&#8211; <a href=\"http:\/\/www.ffyh.unc.edu.ar\/posgrado\/maestrias\/maestria-en-antropologia\/\" target=\"_self\" rel=\"noopener\">Maestr\u00eda en Antropolog\u00eda<\/a><\/p>\n<p>&#8211; <a href=\"http:\/\/www.ffyh.unc.edu.ar\/posgrado\/maestrias\/maestria-en-pedagogia\/\" target=\"_self\" rel=\"noopener\">Maestr\u00eda en Pedagog\u00eda<\/a><\/p>\n<p>&#8211; <a href=\"https:\/\/ffyh.unc.edu.ar\/posgrado\/maestrias\/maestria-en-didactica-de-la-lengua-y-la-literatura\/\">Maestr\u00eda en Did\u00e1ctica de la Lengua y la Literatura<\/a><\/p>\n<p>&nbsp;<\/p>\n<p><strong>Maestr\u00edas co-gestionadas:<\/strong><\/p>\n<p>&#8211; <a href=\"https:\/\/artes.unc.edu.ar\/maestria-en-conservacion-de-bienes-culturales\/\">Maestr\u00eda en Conservaci\u00f3n de Bienes Culturales<\/a><\/p>\n<p>&#8211; <a href=\"https:\/\/ffyh.unc.edu.ar\/posgrado\/maestrias\/maestria-en-tecnologia-politicas-y-culturas\/\">Maestr\u00eda en Tecnolog\u00eda, Pol\u00edticas y Culturas<\/a><\/p>\n<p>&#8211;<a href=\"https:\/\/ffyh.unc.edu.ar\/posgrado\/maestrias\/madu\/\"> Maestr\u00eda en Docencia Universitaria<\/a><\/p>\n<p>&nbsp;<\/p>\n","protected":false},"excerpt":{"rendered":"<p>&#8211; Maestr\u00eda en Antropolog\u00eda &#8211; Maestr\u00eda en Pedagog\u00eda &#8211; Maestr\u00eda en Did\u00e1ctica de la Lengua y la Literatura &nbsp; Maestr\u00edas<\/p>\n","protected":false},"author":4,"featured_media":0,"parent":0,"menu_order":3,"comment_status":"closed","ping_status":"closed","template":"","meta":{"_acf_changed":false,"saved_in_kubio":false,"colormag_page_container_layout":"default_layout","colormag_page_sidebar_layout":"default_layout","footnotes":""},"class_list":["post-30","page","type-page","status-publish","hentry"],"acf":[],"kubio_ai_page_context":{"short_desc":"","purpose":"general"},"jetpack_sharing_enabled":true,"_links":{"self":[{"href":"https:\/\/ffyh.unc.edu.ar\/posgrado\/wp-json\/wp\/v2\/pages\/30","targetHints":{"allow":["GET"]}}],"collection":[{"href":"https:\/\/ffyh.unc.edu.ar\/posgrado\/wp-json\/wp\/v2\/pages"}],"about":[{"href":"https:\/\/ffyh.unc.edu.ar\/posgrado\/wp-json\/wp\/v2\/types\/page"}],"author":[{"embeddable":true,"href":"https:\/\/ffyh.unc.edu.ar\/posgrado\/wp-json\/wp\/v2\/users\/4"}],"replies":[{"embeddable":true,"href":"https:\/\/ffyh.unc.edu.ar\/posgrado\/wp-json\/wp\/v2\/comments?post=30"}],"version-history":[{"count":7,"href":"https:\/\/ffyh.unc.edu.ar\/posgrado\/wp-json\/wp\/v2\/pages\/30\/revisions"}],"predecessor-version":[{"id":9487,"href":"https:\/\/ffyh.unc.edu.ar\/posgrado\/wp-json\/wp\/v2\/pages\/30\/revisions\/9487"}],"wp:attachment":[{"href":"https:\/\/ffyh.unc.edu.ar\/posgrado\/wp-json\/wp\/v2\/media?parent=30"}],"curies":[{"name":"wp","href":"https:\/\/api.w.org\/{rel}","templated":true}]}}