{"id":315,"date":"2011-03-10T20:53:01","date_gmt":"2011-03-10T20:53:01","guid":{"rendered":"http:\/\/www.ffyh.unc.edu.ar\/posgrado\/"},"modified":"2025-12-29T14:12:21","modified_gmt":"2025-12-29T14:12:21","slug":"informacion-general","status":"publish","type":"page","link":"https:\/\/ffyh.unc.edu.ar\/posgrado\/doctorados\/informacion-general\/","title":{"rendered":"General"},"content":{"rendered":"<p>&nbsp;<\/p>\n<p><span style=\"color: #993366\"><strong>INFORMACI\u00d3N IMPORTANTE<\/strong><\/span><\/p>\n<ul>\n<li><strong><strong>Material de orientaci\u00f3n de procedimientos y requisitos para cursar: <a href=\"http:\/\/ffyh.unc.edu.ar\/posgrado\/wp-content\/uploads\/sites\/3\/2025\/12\/Jornada-de-bienvenida_2025.pdf\">consultar<\/a><\/strong><\/strong><br \/>\n<hr \/>\n<\/li>\n<li><strong><strong>Informar a Secretar\u00eda de Posgrado (<a href=\"mailto:doctorar@ffyh.unc.edu.ar\">doctorar@ffyh.unc.edu.ar<\/a>) cualquier modificaci\u00f3n de su correo electr\u00f3nico.<\/strong><\/strong><br \/>\n<hr \/>\n<\/li>\n<li><strong>Nuevo reglamento de carreras de doctorado vigente a partir del 24 de julio de 2023 <\/strong>(Aprobado por el HCS N\u00b0 1612\/2023 y HCD-FFYH Res. N\u00ba 330\/2023): <a href=\"http:\/\/ffyh.unc.edu.ar\/posgrado\/wp-content\/uploads\/sites\/3\/2023\/10\/1612-23-Reglamento-Doctorados.pdf\"><strong>descargar <\/strong><\/a><strong>\u00a0 &#8211; <\/strong>Ver modificaciones respecto al reglamento anterior: <strong><a href=\"https:\/\/docs.google.com\/document\/d\/135XdPZNa_qLdihq9U5hIJMzzFV5N8r1kqwvgEeN9v6o\/edit?usp=sharing\">ver <\/a><\/strong>.<\/li>\n<li><strong>Reglamentos previos de las carreras de doctorado<\/strong>:<\/li>\n<li><strong>Reglamento de carreras de doctorado HCD-FFYH Res. N\u00ba 158\/2015 y HCS Res. N\u00ba 520\/2015 <\/strong>(para alumnos\/as admitidos hasta el 21 de septiembre de 2023)<strong>: <\/strong><strong><a href=\"https:\/\/drive.google.com\/file\/d\/0B7UfXNY2zqoDN0tjLUhnZG9sT1FWYllKaXVOUEphdWtyRUJV\/view?usp=sharing\">descargar<\/a><\/strong><\/li>\n<li><strong>Reglamento de carreras de doctorado 380\/04 <\/strong>(para alumnos\/as admitidos hasta el 15 de junio de 2015):<a href=\"http:\/\/ffyh.unc.edu.ar\/posgrado\/wp-content\/uploads\/sites\/3\/2018\/02\/Reglamento-Doctorado-380.pdf\" target=\"_blank\" rel=\"noopener noreferrer\"><strong>\u00a0descargar<\/strong><\/a><br \/>\n<hr \/>\n<\/li>\n<li><strong><strong><strong>Lineamientos para la presentaci\u00f3n del Informe Anual de Doctorados: <a href=\"https:\/\/ffyh.unc.edu.ar\/posgrado\/doctorados\/informes-de-avance\/\" target=\"_blank\" rel=\"noopener noreferrer\">ingresar<\/a><\/strong><\/strong><\/strong><br \/>\n<hr \/>\n<\/li>\n<li><strong><strong>Criterios evaluaci\u00f3n lectocomprensi\u00f3n idiomas: <a href=\"https:\/\/ffyh.unc.edu.ar\/posgrado\/comprension-lectora-de-lengua-extranjera\/\" target=\"_blank\" rel=\"noopener noreferrer\">ingresar<\/a><\/strong><\/strong><br \/>\n<hr \/>\n<\/li>\n<li><strong><strong>Informaci\u00f3n para Alumnos Extranjeros: <a href=\"http:\/\/ffyh.unc.edu.ar\/posgrado\/alumnos-extranjeros\/extranjeros\/\" target=\"_blank\" rel=\"noopener noreferrer\">ingresar<\/a><\/strong><\/strong><br \/>\n<hr \/>\n<\/li>\n<li><strong><strong>Presentaci\u00f3n de Tesis: <a href=\"https:\/\/ffyh.unc.edu.ar\/posgrado\/doctorados\/presentacion-de-tesis\/\" target=\"_blank\" rel=\"noopener noreferrer\">ingresar<\/a><\/strong><\/strong><br \/>\n<hr \/>\n<\/li>\n<li><strong><strong>Colaci\u00f3n de Posgrado: <a href=\"http:\/\/www.ffyh.unc.edu.ar\/posgrado\/alumnos-extranjeros\/colacion-de-posgrado\/\" target=\"_blank\" rel=\"noopener noreferrer\">ingresar<\/a><\/strong><\/strong><br \/>\n<hr \/>\n<\/li>\n<li><strong>Aranceles: <a href=\"https:\/\/ffyh.unc.edu.ar\/posgrado\/pago-de-aranceles-y-cuotas\/\">ingresar<\/a><\/strong><\/li>\n<\/ul>\n","protected":false},"excerpt":{"rendered":"<p>&nbsp; INFORMACI\u00d3N IMPORTANTE Material de orientaci\u00f3n de procedimientos y requisitos para cursar: consultar Informar a Secretar\u00eda de Posgrado (doctorar@ffyh.unc.edu.ar) cualquier<\/p>\n","protected":false},"author":5,"featured_media":0,"parent":27,"menu_order":1,"comment_status":"closed","ping_status":"closed","template":"","meta":{"_acf_changed":false,"colormag_page_container_layout":"default_layout","colormag_page_sidebar_layout":"default_layout","footnotes":""},"class_list":["post-315","page","type-page","status-publish","hentry"],"acf":[],"jetpack_sharing_enabled":true,"_links":{"self":[{"href":"https:\/\/ffyh.unc.edu.ar\/posgrado\/wp-json\/wp\/v2\/pages\/315","targetHints":{"allow":["GET"]}}],"collection":[{"href":"https:\/\/ffyh.unc.edu.ar\/posgrado\/wp-json\/wp\/v2\/pages"}],"about":[{"href":"https:\/\/ffyh.unc.edu.ar\/posgrado\/wp-json\/wp\/v2\/types\/page"}],"author":[{"embeddable":true,"href":"https:\/\/ffyh.unc.edu.ar\/posgrado\/wp-json\/wp\/v2\/users\/5"}],"replies":[{"embeddable":true,"href":"https:\/\/ffyh.unc.edu.ar\/posgrado\/wp-json\/wp\/v2\/comments?post=315"}],"version-history":[{"count":61,"href":"https:\/\/ffyh.unc.edu.ar\/posgrado\/wp-json\/wp\/v2\/pages\/315\/revisions"}],"predecessor-version":[{"id":12676,"href":"https:\/\/ffyh.unc.edu.ar\/posgrado\/wp-json\/wp\/v2\/pages\/315\/revisions\/12676"}],"up":[{"embeddable":true,"href":"https:\/\/ffyh.unc.edu.ar\/posgrado\/wp-json\/wp\/v2\/pages\/27"}],"wp:attachment":[{"href":"https:\/\/ffyh.unc.edu.ar\/posgrado\/wp-json\/wp\/v2\/media?parent=315"}],"curies":[{"name":"wp","href":"https:\/\/api.w.org\/{rel}","templated":true}]}}