{"id":32,"date":"2010-11-29T20:05:13","date_gmt":"2010-11-29T20:05:13","guid":{"rendered":"http:\/\/www.ffyh.unc.edu.ar\/posgrado\/"},"modified":"2025-04-01T20:25:26","modified_gmt":"2025-04-01T20:25:26","slug":"especializaciones","status":"publish","type":"page","link":"https:\/\/ffyh.unc.edu.ar\/posgrado\/especializaciones\/","title":{"rendered":"Especializaciones"},"content":{"rendered":"<p>&#8211; <a href=\"https:\/\/ffyh.unc.edu.ar\/posgrado\/especializaciones\/especializacion-en-antropologia-social\/\">Especializaci\u00f3n en Antropolog\u00eda Social<\/a><br \/>\n&#8211; <a href=\"https:\/\/ffyh.unc.edu.ar\/posgrado\/especializaciones\/especializacion-en-asesoramiento-y-gestion-pedagogica\/\">Especializaci\u00f3n en Asesoramiento y Gesti\u00f3n Pedag\u00f3gica<\/a><br \/>\n&#8211; <a href=\"https:\/\/ffyh.unc.edu.ar\/posgrado\/especializaciones\/especializacion-en-la-didactica-de-la-lengua-y-la-literatura\/\">Especializaci\u00f3n en la Did\u00e1ctica de la Lengua y la Literatura<\/a><br \/>\n&#8211; <a href=\"https:\/\/ffyh.unc.edu.ar\/posgrado\/especializaciones\/especializacion-en-psicopedagogia-escolar\/\">Especializaci\u00f3n en Psicopedagog\u00eda Escolar <\/a><br \/>\n&#8211; <a href=\"https:\/\/ffyh.unc.edu.ar\/posgrado\/especializaciones\/especializacion-en-adolescencia\/\/\">Especializaci\u00f3n en Adolescencia<\/a><\/p>\n<p>&nbsp;<\/p>\n","protected":false},"excerpt":{"rendered":"<p>&#8211; Especializaci\u00f3n en Antropolog\u00eda Social &#8211; Especializaci\u00f3n en Asesoramiento y Gesti\u00f3n Pedag\u00f3gica &#8211; Especializaci\u00f3n en la Did\u00e1ctica de la Lengua<\/p>\n","protected":false},"author":4,"featured_media":0,"parent":0,"menu_order":4,"comment_status":"closed","ping_status":"closed","template":"","meta":{"_acf_changed":false,"colormag_page_container_layout":"default_layout","colormag_page_sidebar_layout":"default_layout","footnotes":""},"class_list":["post-32","page","type-page","status-publish","hentry"],"acf":[],"jetpack_sharing_enabled":true,"_links":{"self":[{"href":"https:\/\/ffyh.unc.edu.ar\/posgrado\/wp-json\/wp\/v2\/pages\/32","targetHints":{"allow":["GET"]}}],"collection":[{"href":"https:\/\/ffyh.unc.edu.ar\/posgrado\/wp-json\/wp\/v2\/pages"}],"about":[{"href":"https:\/\/ffyh.unc.edu.ar\/posgrado\/wp-json\/wp\/v2\/types\/page"}],"author":[{"embeddable":true,"href":"https:\/\/ffyh.unc.edu.ar\/posgrado\/wp-json\/wp\/v2\/users\/4"}],"replies":[{"embeddable":true,"href":"https:\/\/ffyh.unc.edu.ar\/posgrado\/wp-json\/wp\/v2\/comments?post=32"}],"version-history":[{"count":10,"href":"https:\/\/ffyh.unc.edu.ar\/posgrado\/wp-json\/wp\/v2\/pages\/32\/revisions"}],"predecessor-version":[{"id":11583,"href":"https:\/\/ffyh.unc.edu.ar\/posgrado\/wp-json\/wp\/v2\/pages\/32\/revisions\/11583"}],"wp:attachment":[{"href":"https:\/\/ffyh.unc.edu.ar\/posgrado\/wp-json\/wp\/v2\/media?parent=32"}],"curies":[{"name":"wp","href":"https:\/\/api.w.org\/{rel}","templated":true}]}}