{"id":34,"date":"2010-11-29T20:06:06","date_gmt":"2010-11-29T20:06:06","guid":{"rendered":"http:\/\/www.ffyh.unc.edu.ar\/posgrado\/"},"modified":"2025-08-18T19:28:35","modified_gmt":"2025-08-18T19:28:35","slug":"contactos","status":"publish","type":"page","link":"https:\/\/ffyh.unc.edu.ar\/posgrado\/contactos\/","title":{"rendered":"Contacto"},"content":{"rendered":"<p><strong>|Secretar\u00eda<\/strong> <strong>de<\/strong> <strong>Posgrado|<\/strong><\/p>\n<p><strong>Secretaria<\/strong><strong>: <\/strong>Dra. Celeste Cerd\u00e1<br \/>\n<strong>Sub-Secretaria: <\/strong>Dra. Natalia Ferreri<br \/>\nCorreo electr\u00f3nico: <a href=\"mailto:postfilo@ffyh.unc.edu.ar\">postfilo@ffyh.unc.edu.ar<\/a><br \/>\nWeb: <strong><a href=\"http:\/\/www.ffyh.unc.edu.ar\/posgrado\">www.ffyh.unc.edu.ar\/posgrado<\/a><\/strong><\/p>\n<blockquote>\n<h5 style=\"text-align: left\"><span style=\"color: #ffffff\"><strong>Atenci\u00f3n virtual<\/strong><\/span><\/h5>\n<\/blockquote>\n<table width=\"590\">\n<tbody>\n<tr>\n<td width=\"284\"><strong><em>Carrera<\/em><\/strong><\/td>\n<td width=\"299\"><strong><em>Secretario\/a<\/em><\/strong><\/td>\n<\/tr>\n<tr>\n<td width=\"284\"><strong>Doctorados<\/strong> <strong>Personalizados<\/strong><\/td>\n<td width=\"299\"><strong>Edgardo<\/strong> <strong>Ferraro <\/strong><\/p>\n<p><a href=\"mailto:doctorar@ffyh.unc.edu.ar\">doctorar@ffyh.unc.edu.ar<\/a><\/td>\n<\/tr>\n<tr>\n<td width=\"284\"><strong>Cursos<\/strong> <strong>de<\/strong> <strong>Posgrado y Doctorado<\/strong><\/td>\n<td width=\"299\"><strong>Cristi\u00e1n Rojo<br \/>\n<\/strong><a href=\"mailto:cursos@ffyh.unc.edu.ar\">cursos@ffyh.unc.edu.ar<\/a><\/td>\n<\/tr>\n<tr>\n<td width=\"284\"><strong>Maestr\u00eda y Esp. en<\/strong> <strong>Antropolog\u00eda<\/strong><\/td>\n<td width=\"299\"><strong>Milagros Flores<br \/>\n<\/strong><a href=\"mailto:maeantro@ffyh.unc.edu.ar\">maeantro@ffyh.unc.edu.ar<\/a><\/td>\n<\/tr>\n<tr>\n<td width=\"284\"><strong>Maestr\u00eda<\/strong> <strong>en<\/strong> <strong>Pedagog\u00eda y Esp. en Asesoramiento y Ges. Pedag\u00f3gica<\/strong><\/td>\n<td width=\"299\"><strong>Talia Robino<\/strong><\/p>\n<p><a href=\"mailto:mape@ffyh.unc.edu.ar\">mape@ffyh.unc.edu.ar<\/a><\/td>\n<\/tr>\n<tr>\n<td width=\"284\"><strong>Maestr\u00eda y Esp. en<\/strong> <strong>Did\u00e1ctica\u00a0de<\/strong> <strong>la<\/strong> <strong>Lengua<\/strong> <strong>y<\/strong> <strong>Literatura<\/strong><\/td>\n<td width=\"299\"><strong>Talia Robino<\/strong><\/p>\n<p><a href=\"esplite@ffyh.unc.edu.ar\">esplite@ffyh.unc.edu.ar<\/a><\/td>\n<\/tr>\n<tr>\n<td width=\"284\"><strong>Esp. en<\/strong> <strong>Adolescencia<\/strong><\/td>\n<td width=\"299\"><strong>Talia Robino<\/strong><\/p>\n<p><a href=\"mailto:especializacion.adolescencia@ffyh.unc.edu.ar\">especializacion.adolescencia@ffyh.unc.edu.ar<\/a><\/td>\n<\/tr>\n<tr>\n<td width=\"284\"><strong>Esp. en Psicopedagog\u00eda Escolar<\/strong><\/td>\n<td width=\"299\"><strong>Milagros Flores<\/strong><\/p>\n<p><a href=\"mailto:espsicopedagogia@ffyh.unc.edu.ar\">espsicopedagogia@ffyh.unc.edu.ar<\/a><\/td>\n<\/tr>\n<tr>\n<td width=\"284\"><strong>\u00c1rea contable<\/strong><\/td>\n<td width=\"299\"><strong>Roberto Massin<br \/>\n<\/strong><a href=\"mailto:robertomassin@ffyh.unc.edu.ar\">robertomassin@ffyh.unc.edu.ar<\/a><\/td>\n<\/tr>\n<tr>\n<td width=\"284\"><strong>Despacho de Alumnos<\/strong><\/td>\n<td width=\"299\"><strong>Roc\u00edo P\u00e9rez\u00a0<\/strong><\/p>\n<p><a href=\"mailto:despacho-posgrado@ffyh.unc.edu.ar\">despacho-posgrado@ffyh.unc.edu.ar<\/a><\/td>\n<\/tr>\n<tr>\n<td width=\"284\"><strong>CONEAU<\/strong><\/td>\n<td width=\"299\"><strong>Mar\u00eda Debarnot<\/strong><\/p>\n<p><a href=\"mailto:mariadebarnot@ffyh.unc.edu.ar\">mariadebarnot@ffyh.unc.edu.ar<\/a><\/td>\n<\/tr>\n<tr>\n<td width=\"284\"><strong>\u00a0Soporte Aulas Virtuales<br \/>\n<\/strong><\/td>\n<td width=\"299\"><strong>Cristi\u00e1n Rojo<br \/>\n<\/strong><a href=\"mailto:soporte.tec.aulas.posgrado@ffyh.unc.edu.ar\">soporte.tec.aulas.posgrado@ffyh.unc.edu.ar<\/a><\/td>\n<\/tr>\n<tr>\n<td width=\"284\"><strong>Tesis Doctorado<\/strong><\/td>\n<td width=\"299\"><strong>Mar\u00eda Debarnot<br \/>\n<\/strong><a href=\"tesis.doctorados@ffyh.unc.edu.ar\">tesis.doctorados@ffyh.unc.edu.ar<\/a><\/td>\n<\/tr>\n<tr>\n<td width=\"284\"><strong>Oficial\u00eda<\/strong><\/td>\n<td width=\"299\"><strong>Lucas Brochero\u00a0<\/strong><\/p>\n<p><a href=\"mailto:oficialia-posgrado@ffyh.unc.edu.ar\">oficialia-posgrado@ffyh.unc.edu.ar<\/a><\/td>\n<\/tr>\n<tr>\n<td width=\"284\"><strong>Maestr\u00eda en Docencia Universitaria<\/strong><\/td>\n<td width=\"299\"><a href=\"mailto:madu@ffyh.unc.edu.ar\">madu@ffyh.unc.edu.ar<\/a><\/td>\n<\/tr>\n<\/tbody>\n<\/table>\n<p>&nbsp;<\/p>\n<p>&nbsp;<\/p>\n","protected":false},"excerpt":{"rendered":"<p>|Secretar\u00eda de Posgrado| Secretaria: Dra. Celeste Cerd\u00e1 Sub-Secretaria: Dra. Natalia Ferreri Correo electr\u00f3nico: postfilo@ffyh.unc.edu.ar Web: www.ffyh.unc.edu.ar\/posgrado Atenci\u00f3n virtual Carrera Secretario\/a<\/p>\n","protected":false},"author":4,"featured_media":0,"parent":0,"menu_order":6,"comment_status":"closed","ping_status":"closed","template":"","meta":{"_acf_changed":false,"saved_in_kubio":false,"colormag_page_container_layout":"default_layout","colormag_page_sidebar_layout":"default_layout","footnotes":""},"class_list":["post-34","page","type-page","status-publish","hentry"],"acf":[],"kubio_ai_page_context":{"short_desc":"","purpose":"general"},"jetpack_sharing_enabled":true,"_links":{"self":[{"href":"https:\/\/ffyh.unc.edu.ar\/posgrado\/wp-json\/wp\/v2\/pages\/34","targetHints":{"allow":["GET"]}}],"collection":[{"href":"https:\/\/ffyh.unc.edu.ar\/posgrado\/wp-json\/wp\/v2\/pages"}],"about":[{"href":"https:\/\/ffyh.unc.edu.ar\/posgrado\/wp-json\/wp\/v2\/types\/page"}],"author":[{"embeddable":true,"href":"https:\/\/ffyh.unc.edu.ar\/posgrado\/wp-json\/wp\/v2\/users\/4"}],"replies":[{"embeddable":true,"href":"https:\/\/ffyh.unc.edu.ar\/posgrado\/wp-json\/wp\/v2\/comments?post=34"}],"version-history":[{"count":56,"href":"https:\/\/ffyh.unc.edu.ar\/posgrado\/wp-json\/wp\/v2\/pages\/34\/revisions"}],"predecessor-version":[{"id":12138,"href":"https:\/\/ffyh.unc.edu.ar\/posgrado\/wp-json\/wp\/v2\/pages\/34\/revisions\/12138"}],"wp:attachment":[{"href":"https:\/\/ffyh.unc.edu.ar\/posgrado\/wp-json\/wp\/v2\/media?parent=34"}],"curies":[{"name":"wp","href":"https:\/\/api.w.org\/{rel}","templated":true}]}}