{"id":3568,"date":"2014-03-13T19:21:09","date_gmt":"2014-03-13T19:21:09","guid":{"rendered":"http:\/\/www.ffyh.unc.edu.ar\/posgrado\/?page_id=3568"},"modified":"2026-02-02T14:58:13","modified_gmt":"2026-02-02T14:58:13","slug":"especializacion-en-antropologia-social","status":"publish","type":"page","link":"https:\/\/ffyh.unc.edu.ar\/posgrado\/especializaciones\/especializacion-en-antropologia-social\/","title":{"rendered":"Especializaci\u00f3n en Antropolog\u00eda Social"},"content":{"rendered":"<h1>Especializaci\u00f3n en Antropolog\u00eda Social<\/h1>\n<p><i>Res. CONEAU Acreditaci\u00f3n y Categorizaci\u00f3n \u00abA\u00bb <\/i><a href=\"http:\/\/ffyh.unc.edu.ar\/posgrado\/wp-content\/uploads\/sites\/3\/2025\/06\/RS-2025-49749203-APN-CONEAUMCH.pdf\"><i>1010\/25<\/i><\/a><i> | Resoluci\u00f3n Ministerial Validez de T\u00edtulo <\/i><a href=\"http:\/\/ffyh.unc.edu.ar\/posgrado\/wp-content\/uploads\/sites\/3\/2021\/12\/RES-1904-16-ESP-EN-ANTROPOLOGIA-SOCIAL.pdf\"><i>1904\/16<\/i><\/a><\/p>\n<hr \/>\n<p>|\u00a0<b>Cronograma: seminarios primer cuatrimestre 2025 (acced\u00e9s <a href=\"https:\/\/docs.google.com\/document\/d\/1dRCgzYVUBinu3ZHzpkuOA97ZmLl_At_2\/edit\" target=\"_blank\" rel=\"noopener\" data-saferedirecturl=\"https:\/\/www.google.com\/url?q=https:\/\/docs.google.com\/document\/d\/1dRCgzYVUBinu3ZHzpkuOA97ZmLl_At_2\/edit&amp;source=gmail&amp;ust=1741888453982000&amp;usg=AOvVaw2y0NuSB1wFXsd3CYNWcswa\">aqu\u00ed<\/a>)<br \/>\n<\/b><\/p>\n<hr \/>\n<p>La carrera de Especializaci\u00f3n en Antropolog\u00eda Social fue creada en el a\u00f1o 2007 por Resoluci\u00f3n HCS 130\/07. Constituye una Carrera de actualizaci\u00f3n profesional y de profundizaci\u00f3n de conocimientos te\u00f3ricos, metodol\u00f3gicos y t\u00e9cnicos sobre Antropolog\u00eda Social. Este espacio de formaci\u00f3n de postgrado orientado a especializar en Antropolog\u00eda Social a graduados de diversas carreras, propicia adem\u00e1s la ampliaci\u00f3n de horizontes profesionales aportando a distintas realidades sociales y culturales, aspiraciones que ser\u00e1n ejercitadas a trav\u00e9s de los trabajos cotidianos de los futuros especialistas.<\/p>\n<p>El t\u00edtulo acad\u00e9mico a otorgar es Especialista en Antropolog\u00eda Social. La carrera se organiza en cuatrimestres, los mismos proponen la articulaci\u00f3n de materias obligatorias que abordan problem\u00e1ticas generales del campo de conocimiento, con seminarios electivos que profundizan en tem\u00e1ticas espec\u00edficas de este campo de saberes.<\/p>\n<p><b>Plan de estudio<\/b><\/p>\n<table>\n<tbody>\n<tr>\n<td>Cuatrimestre<\/td>\n<td><\/td>\n<\/tr>\n<tr>\n<td>1<\/td>\n<td>Teor\u00eda Antropol\u00f3gica<\/td>\n<\/tr>\n<tr>\n<td>1<\/td>\n<td>Teor\u00eda Social<\/td>\n<\/tr>\n<tr>\n<td>1<\/td>\n<td>Seminario electivo I<\/td>\n<\/tr>\n<tr>\n<td>2<\/td>\n<td>Antropolog\u00eda de las Relaciones Inter\u00e9tnicas<\/td>\n<\/tr>\n<tr>\n<td>2<\/td>\n<td>Antropolog\u00eda Econ\u00f3mica<\/td>\n<\/tr>\n<tr>\n<td>2<\/td>\n<td>Seminario electivo II<\/td>\n<\/tr>\n<tr>\n<td>3<\/td>\n<td>Problem\u00e1tica Metodol\u00f3gica de la Investigaci\u00f3n<\/td>\n<\/tr>\n<tr>\n<td>3<\/td>\n<td>Antropolog\u00eda de los Procesos Culturales Contempor\u00e1neos<\/td>\n<\/tr>\n<tr>\n<td>3<\/td>\n<td>Antropolog\u00eda y Pol\u00edtica<\/td>\n<\/tr>\n<tr>\n<td>4<\/td>\n<td>Pr\u00e1ctica Etnogr\u00e1fica Supervisada<\/td>\n<\/tr>\n<tr>\n<td>4<\/td>\n<td>Trabajo Final<\/td>\n<\/tr>\n<\/tbody>\n<\/table>\n<p>Los seminarios electivos profundizan tem\u00e1ticas m\u00e1s acotadas o campos subdisciplinares particulares que por su especificidad no tienen cabida en las materias obligatorias. Dado que se trata de espacios curriculares con tem\u00e1ticas espec\u00edficas, la oferta de los mismos var\u00eda anualmente. Esta din\u00e1mica de renovaci\u00f3n continua permite incorporar problem\u00e1ticas nuevas y ampliar el cuerpo docente al mismo tiempo que facilita a los estudiantes perfilar su trayectoria de acuerdo a sus intereses y necesidades.<\/p>\n<p><a href=\"https:\/\/docs.google.com\/document\/d\/1BX4tMxPmtkEHR9Q2M3fmHuau9hVBrldQTk2Y2RcbqLQ\/edit?usp=sharing\">Cursos electivos dictados entre los a\u00f1os 2000-2024<\/a>.<\/p>\n<p>El dictado de los cursos es compartido con la carrera de Maestr\u00eda en Antropolog\u00eda (<a href=\"https:\/\/ffyh.unc.edu.ar\/posgrado\/maestrias\/maestria-en-antropologia\/\">ingresar<\/a>), pudiendo constituir una instancia de formaci\u00f3n intermedia para aquellas personas que quieran dar continuidad a los estudios en este campo disciplinar.<\/p>\n<p>Ver:<\/p>\n<div>\n<div><a href=\"http:\/\/ffyh.unc.edu.ar\/posgrado\/wp-content\/uploads\/sites\/3\/2025\/10\/Reglamento-Especializacion-Antropologia-Social.pdf\">Reglamento<\/a> y <a href=\"http:\/\/ffyh.unc.edu.ar\/posgrado\/wp-content\/uploads\/sites\/3\/2025\/10\/ANEXO-I-Plan-de-estudios-Esp.-en-Antropologia-Social.docx.pdf\">Plan de Estudios<\/a><\/div>\n<\/div>\n<p>Modalidad y horarios de cursado<\/p>\n<p>La carrera es de modalidad presencial tal como lo establece el reglamento disponible en esta p\u00e1gina web y por disposici\u00f3n de CONEAU, con la posibilidad de que algunos cursos se dicten con un 30% de actividades no presenciales. Esta decisi\u00f3n la toman lxs docentes de cada espacio curricular, en el caso de los cursos obligatorios y de optar por el 30%, de 9 encuentros 6 ser\u00e1n presenciales y de asistencia obligatoria para cumplir con el 80% reglamentario de asistencia. Generalmente se dictan 3 o 4 materias obligatorias y 1 o 2 seminarios optativos por cuatrimestre. Las materias constan de 9 clases, divididas en 3 m\u00f3dulos que se dictan en semanas, generalmente no correlativas, los d\u00edas mi\u00e9rcoles, jueves y viernes de 18 a 21 hs. Los seminarios optativos tem\u00e1ticos se dictan, generalmente 5 d\u00edas consecutivos, en la misma franja horaria. Los seminarios-talleres se dictan en d\u00edas no correlativos.<\/p>\n<hr \/>\n<p><strong>Equipo docente\u00a0<\/strong><\/p>\n<p><strong>Directora<\/strong>: Dra. Carolina \u00c1lvarez \u00c1vila<\/p>\n<p><strong>Secretaria T\u00e9cnica<\/strong>: Lic.\u00a0 Milagros Flores<\/p>\n<p><strong>Comit\u00e9 Acad\u00e9mico<\/strong><\/p>\n<p>&#8211; Dra. Cecilia Castro<br \/>\n&#8211; Mgter. Cecilia Garc\u00eda Sotomayor<br \/>\n&#8211; Mgter. Florencia L\u00f3pez<\/p>\n<p><strong>Docentes estables<\/strong><\/p>\n<p>Dr. Gustavo Bl\u00e1zquez<br \/>\nDr. Javier Cristiano<br \/>\nDra. Ludmila Da Silva Catela<br \/>\nDr. Adri\u00e1n Koberwein<br \/>\nDr. Gabriel Noel<br \/>\nDra. Julieta Quir\u00f3s<br \/>\nMgter. Fabiola Heredia<br \/>\nDra. Natalia Berm\u00fadez<br \/>\nDra. Cecilia Castro<br \/>\nDra. Mar\u00eda Gabriela Lugones.<br \/>\nDra. Graciela Tedesco<br \/>\nDra. Malena Previtali<\/p>\n<hr \/>\n<p><b><em>Aranceles a contar de febrero de 2026<\/em><\/b><\/p>\n<p>El arancelamiento consiste en una matr\u00edcula anual que debe abonarse hasta finalizar la carrera y veinte cuotas mensuales.<\/p>\n<p><b>Matr\u00edcula:<\/b> $65000<\/p>\n<ul>\n<li><b>20 cuotas mensuales<\/b><\/li>\n<li>Valor de la cuota actual: $65000<\/li>\n<li><b>Cursos para alumnxs externxs: $<\/b>75000<\/li>\n<\/ul>\n<hr \/>\n<p>Links relacionados:<\/p>\n<ul>\n<li>Museo de Antropolog\u00eda Facultad de Filosof\u00eda de la Universidad Nacional de C\u00f3rdoba. Link <a href=\"http:\/\/www.museoantropologia.unc.edu.ar\/\">http:\/\/www.museoantropologia.unc.edu.ar\/<\/a><\/li>\n<li>Biblioteca Elma Kohlmeyer de Estrabou. Link <a href=\"http:\/\/www.ffyh.unc.edu.ar\/biblioteca\/\">http:\/\/www.ffyh.unc.edu.ar\/biblioteca\/<\/a><\/li>\n<li>Instituto de Antropolog\u00eda de C\u00f3rdoba (Consejo Nacional de Investigaciones Cient\u00edficas y T\u00e9cnicas \u2013 Universidad Nacional de C\u00f3rdoba): <a href=\"https:\/\/idacor.conicet.gov.ar\/\">https:\/\/idacor.conicet.gov.ar\/<\/a><\/li>\n<li>Centro de Investigaciones Mar\u00eda Saleme de Burnichon \u2013 Facultad de Filosof\u00eda y Humanidades de la Universidad Nacional de C\u00f3rdoba. Link <a href=\"http:\/\/www.ffyh.unc.edu.ar\/ciffyh\/\">http:\/\/www.ffyh.unc.edu.ar\/ciffyh\/<\/a><\/li>\n<li>Departamento de Antropolog\u00eda. Facultad de Filosof\u00eda y Humanidades de la Universidad Nacional de C\u00f3rdoba. Link <a href=\"http:\/\/www.ffyh.unc.edu.ar\/carreras-de-grado\/carrera-de-antropologia\">http:\/\/www.ffyh.unc.edu.ar\/carreras-de-grado\/carrera-de-antropologia<\/a>\u2013 Link <a href=\"http:\/\/blogs.ffyh.unc.edu.ar\/antropologia\/\">http:\/\/blogs.ffyh.unc.edu.ar\/antropologia\/<\/a><\/li>\n<li>Doctorado en Ciencias Antropol\u00f3gicas. Facultad de Filosof\u00eda y Humanidades de la Universidad Nacional de C\u00f3rdoba. Link <a href=\"http:\/\/www.ffyh.unc.edu.ar\/posgrado\/doctorados\/doctorado-en-ciencias-antropologicas\/\">http:\/\/www.ffyh.unc.edu.ar\/posgrado\/doctorados\/doctorado-en-ciencias-antropologicas\/<\/a><\/li>\n<\/ul>\n<p><b>Consultas: <\/b><b>Secretar\u00eda de Posgrado \u2013 <\/b><b>maeantro@ffyh.unc.edu.ar<\/b><b>\u00a0<\/b><\/p>\n","protected":false},"excerpt":{"rendered":"<p>Especializaci\u00f3n en Antropolog\u00eda Social Res. CONEAU Acreditaci\u00f3n y Categorizaci\u00f3n \u00abA\u00bb 1010\/25 | Resoluci\u00f3n Ministerial Validez de T\u00edtulo 1904\/16 |\u00a0Cronograma: seminarios<\/p>\n","protected":false},"author":5,"featured_media":6232,"parent":32,"menu_order":0,"comment_status":"closed","ping_status":"closed","template":"","meta":{"_acf_changed":false,"colormag_page_container_layout":"default_layout","colormag_page_sidebar_layout":"default_layout","footnotes":""},"class_list":["post-3568","page","type-page","status-publish","has-post-thumbnail","hentry"],"acf":[],"jetpack_sharing_enabled":true,"_links":{"self":[{"href":"https:\/\/ffyh.unc.edu.ar\/posgrado\/wp-json\/wp\/v2\/pages\/3568","targetHints":{"allow":["GET"]}}],"collection":[{"href":"https:\/\/ffyh.unc.edu.ar\/posgrado\/wp-json\/wp\/v2\/pages"}],"about":[{"href":"https:\/\/ffyh.unc.edu.ar\/posgrado\/wp-json\/wp\/v2\/types\/page"}],"author":[{"embeddable":true,"href":"https:\/\/ffyh.unc.edu.ar\/posgrado\/wp-json\/wp\/v2\/users\/5"}],"replies":[{"embeddable":true,"href":"https:\/\/ffyh.unc.edu.ar\/posgrado\/wp-json\/wp\/v2\/comments?post=3568"}],"version-history":[{"count":93,"href":"https:\/\/ffyh.unc.edu.ar\/posgrado\/wp-json\/wp\/v2\/pages\/3568\/revisions"}],"predecessor-version":[{"id":12686,"href":"https:\/\/ffyh.unc.edu.ar\/posgrado\/wp-json\/wp\/v2\/pages\/3568\/revisions\/12686"}],"up":[{"embeddable":true,"href":"https:\/\/ffyh.unc.edu.ar\/posgrado\/wp-json\/wp\/v2\/pages\/32"}],"wp:featuredmedia":[{"embeddable":true,"href":"https:\/\/ffyh.unc.edu.ar\/posgrado\/wp-json\/wp\/v2\/media\/6232"}],"wp:attachment":[{"href":"https:\/\/ffyh.unc.edu.ar\/posgrado\/wp-json\/wp\/v2\/media?parent=3568"}],"curies":[{"name":"wp","href":"https:\/\/api.w.org\/{rel}","templated":true}]}}