{"id":39,"date":"2010-11-29T20:09:31","date_gmt":"2010-11-29T20:09:31","guid":{"rendered":"http:\/\/www.ffyh.unc.edu.ar\/posgrado\/"},"modified":"2023-09-01T19:38:16","modified_gmt":"2023-09-01T19:38:16","slug":"sistema-guarani","status":"publish","type":"page","link":"https:\/\/ffyh.unc.edu.ar\/posgrado\/sistema-guarani\/","title":{"rendered":"Sistema Guaran\u00ed"},"content":{"rendered":"<p><a href=\"https:\/\/autogestion.guarani.unc.edu.ar\/\"><img decoding=\"async\" class=\"alignnone wp-image-7384 size-full\" src=\"http:\/\/ffyh.unc.edu.ar\/posgrado\/wp-content\/uploads\/sites\/3\/2020\/05\/logo-guarani-g3.png\" alt=\"\" width=\"341\" height=\"74\" srcset=\"https:\/\/ffyh.unc.edu.ar\/posgrado\/wp-content\/uploads\/sites\/3\/2020\/05\/logo-guarani-g3.png 341w, https:\/\/ffyh.unc.edu.ar\/posgrado\/wp-content\/uploads\/sites\/3\/2020\/05\/logo-guarani-g3-300x65.png 300w\" sizes=\"(max-width: 341px) 100vw, 341px\" \/><\/a><\/p>\n<hr \/>\n<p>Guaran\u00ed es un sistema de gesti\u00f3n de alumnos que registra y administra todas las actividades acad\u00e9micas de la universidad, desde que los alumnos ingresan como aspirantes hasta que obtienen el diploma.<br \/>\nFue concebido para administrar la gesti\u00f3n de alumnos en forma segura, con la finalidad de obtener informaci\u00f3n consistente para los niveles operativos y directivos.<br \/>\nEl sistema brinda servicios para alumnos, docentes, usuarios administrativos y autoridades, ya que pueden explorar los datos y obtener informaci\u00f3n como soporte para toma de decisiones.<\/p>\n<blockquote>\n<h3><strong><span style=\"color: #ffffff\"><br \/>\n<span style=\"color: #000000\">Ingreso a SIU-Guaran\u00ed<\/span><\/span><\/strong><\/h3>\n<\/blockquote>\n<ul>\n<li><strong>Alumnxs regulares: <a href=\"https:\/\/autogestion.guarani.unc.edu.ar\/\">https:\/\/autogestion.guarani.unc.edu.ar\/<\/a><\/strong><\/li>\n<\/ul>\n<p><img fetchpriority=\"high\" decoding=\"async\" class=\"wp-image-7386 alignleft\" style=\"font-weight: bold\" src=\"http:\/\/ffyh.unc.edu.ar\/posgrado\/wp-content\/uploads\/sites\/3\/2020\/05\/Imagen-autogestion-g3.png\" alt=\"\" width=\"213\" height=\"277\" srcset=\"https:\/\/ffyh.unc.edu.ar\/posgrado\/wp-content\/uploads\/sites\/3\/2020\/05\/Imagen-autogestion-g3.png 391w, https:\/\/ffyh.unc.edu.ar\/posgrado\/wp-content\/uploads\/sites\/3\/2020\/05\/Imagen-autogestion-g3-231x300.png 231w\" sizes=\"(max-width: 213px) 100vw, 213px\" \/><\/p>\n<p>&nbsp;<\/p>\n<p>&nbsp;<\/p>\n<p>&nbsp;<\/p>\n<p>&nbsp;<\/p>\n<p>&nbsp;<\/p>\n<p>&nbsp;<\/p>\n<p>&nbsp;<\/p>\n<p>&nbsp;<\/p>\n<ul>\n<li><strong>Primer ingreso o recuperar clave<\/strong>: <a href=\"https:\/\/autogestion.guarani.unc.edu.ar\/acceso\/recuperar\">https:\/\/autogestion.guarani.unc.edu.ar\/acceso\/recuperar<\/a><\/li>\n<\/ul>\n<hr \/>\n<ul>\n<li><strong>Crear usuario en SIU Guaran\u00ed<\/strong><\/li>\n<\/ul>\n<p>Si nunca tuviste usuario en Sistema Guaran\u00ed (ni en pregrado, grado, posgrado de cualquier dependencia de la UNC) deber\u00e1s generar ficha de pre-inscripci\u00f3n y presentarla en la carrera correspondiente:<strong> <a href=\"https:\/\/preinscripcion.guarani.unc.edu.ar\/preinscripcion\/\">https:\/\/preinscripcion.guarani.unc.edu.ar\/preinscripcion\/<\/a><\/strong><\/p>\n<p><img decoding=\"async\" class=\"wp-image-7388 alignleft\" src=\"http:\/\/ffyh.unc.edu.ar\/posgrado\/wp-content\/uploads\/sites\/3\/2020\/05\/Imagen-preinscripci\u00f3n-g3.png\" alt=\"\" width=\"200\" height=\"271\" srcset=\"https:\/\/ffyh.unc.edu.ar\/posgrado\/wp-content\/uploads\/sites\/3\/2020\/05\/Imagen-preinscripci\u00f3n-g3.png 358w, https:\/\/ffyh.unc.edu.ar\/posgrado\/wp-content\/uploads\/sites\/3\/2020\/05\/Imagen-preinscripci\u00f3n-g3-222x300.png 222w\" sizes=\"(max-width: 200px) 100vw, 200px\" \/><\/p>\n<p>&nbsp;<\/p>\n<p>&nbsp;<\/p>\n<p>&nbsp;<\/p>\n<p>&nbsp;<\/p>\n<p>&nbsp;<\/p>\n<p>&nbsp;<\/p>\n<p>&nbsp;<\/p>\n<p>&nbsp;<\/p>\n<p>&nbsp;<\/p>\n<p>&nbsp;<\/p>\n<blockquote>\n<h3><span style=\"color: #ffffff\">Consultas:<\/span><\/h3>\n<\/blockquote>\n<h6><em>Atenci\u00f3n virtual<\/em><\/h6>\n<p><span style=\"color: #000000\">Correo electr\u00f3nico: <a href=\"despacho-posgrado@ffyh.unc.edu.ar\">despacho-posgrado@ffyh.unc.edu.ar\u00a0<\/a><\/span><\/p>\n<p>&nbsp;<\/p>\n","protected":false},"excerpt":{"rendered":"<p>Guaran\u00ed es un sistema de gesti\u00f3n de alumnos que registra y administra todas las actividades acad\u00e9micas de la universidad, desde<\/p>\n","protected":false},"author":4,"featured_media":0,"parent":0,"menu_order":5,"comment_status":"closed","ping_status":"closed","template":"","meta":{"_acf_changed":false,"colormag_page_container_layout":"default_layout","colormag_page_sidebar_layout":"default_layout","footnotes":""},"class_list":["post-39","page","type-page","status-publish","hentry"],"acf":[],"jetpack_sharing_enabled":true,"_links":{"self":[{"href":"https:\/\/ffyh.unc.edu.ar\/posgrado\/wp-json\/wp\/v2\/pages\/39","targetHints":{"allow":["GET"]}}],"collection":[{"href":"https:\/\/ffyh.unc.edu.ar\/posgrado\/wp-json\/wp\/v2\/pages"}],"about":[{"href":"https:\/\/ffyh.unc.edu.ar\/posgrado\/wp-json\/wp\/v2\/types\/page"}],"author":[{"embeddable":true,"href":"https:\/\/ffyh.unc.edu.ar\/posgrado\/wp-json\/wp\/v2\/users\/4"}],"replies":[{"embeddable":true,"href":"https:\/\/ffyh.unc.edu.ar\/posgrado\/wp-json\/wp\/v2\/comments?post=39"}],"version-history":[{"count":56,"href":"https:\/\/ffyh.unc.edu.ar\/posgrado\/wp-json\/wp\/v2\/pages\/39\/revisions"}],"predecessor-version":[{"id":9670,"href":"https:\/\/ffyh.unc.edu.ar\/posgrado\/wp-json\/wp\/v2\/pages\/39\/revisions\/9670"}],"wp:attachment":[{"href":"https:\/\/ffyh.unc.edu.ar\/posgrado\/wp-json\/wp\/v2\/media?parent=39"}],"curies":[{"name":"wp","href":"https:\/\/api.w.org\/{rel}","templated":true}]}}