{"id":43,"date":"2010-11-29T20:11:29","date_gmt":"2010-11-29T20:11:29","guid":{"rendered":"http:\/\/www.ffyh.unc.edu.ar\/posgrado\/"},"modified":"2025-12-05T14:43:21","modified_gmt":"2025-12-05T14:43:21","slug":"doctorado-en-filosofia","status":"publish","type":"page","link":"https:\/\/ffyh.unc.edu.ar\/posgrado\/doctorados\/doctorado-en-filosofia\/","title":{"rendered":"Doctorado en Filosof\u00eda"},"content":{"rendered":"<div><strong><span lang=\"ES\">Cat A.<br \/>\n<\/span><\/strong><\/div>\n<div><strong><span lang=\"ES\">RES CONEAU-2-2017<\/span>\u00a0<\/strong><\/div>\n<div><strong>Resoluci\u00f3n Ministerial\u00a0\u00a02018-1112-APN-ME 2017-2022<\/strong><\/div>\n<div><\/div>\n<p><strong>Res. Ministerial Validaci\u00f3n per\u00edodo 2007-2016: 200\/17\u00a0<\/strong><\/p>\n<p>&nbsp;<\/p>\n<p><strong>OBJETIVOS:<\/strong><\/p>\n<p>-Brindar un \u00e1mbito de formaci\u00f3n intelectual en el m\u00e1s alto nivel acad\u00e9mico para el desarrollo de la investigaci\u00f3n y la transmisi\u00f3n del conocimiento en el campo de la Filosof\u00eda; se articulan con las necesidades educativas en las disciplinas filos\u00f3ficas, al favorecer la generaci\u00f3n de profesionales capacitados para formar docentes en los distintos niveles de ense\u00f1anza, especialmente en los niveles superiores tanto de grado como de postgrado.<br \/>\n-Asimismo , estos objetivos contribuyen a la formaci\u00f3n de los investigadores que demanda la sociedad para, desde una perspectiva filos\u00f3fica, analizar y criticar su propia problem\u00e1tica.<br \/>\n-Constituir un componente fundamental para elevar la calidad de la reflexi\u00f3n, la argumentaci\u00f3n y la deliberaci\u00f3n en \u00e1mbitos acad\u00e9micos y extra acad\u00e9micos, tanto en el campo de la ciencia y la t\u00e9cnica, como en el de la \u00e9tica y el arte.<br \/>\n-Formar egresados al m\u00e1s alto nivel, capaces de participar en la generaci\u00f3n y transmisi\u00f3n del conocimiento, as\u00ed como su transferencia a la sociedad.<br \/>\n-Generar acciones de difusi\u00f3n e intercambio con centros de estudio e investigaci\u00f3n de reconocimiento acad\u00e9mico internacional.<\/p>\n<p><strong>PLAN DE ESTUDIOS<\/strong><\/p>\n<p>Constituye el requisito propio y espec\u00edfico para la obtenci\u00f3n del Doctorado, la redacci\u00f3n por escrito de una Tesis sobre un tema pertinente al \u00e1rea de conocimiento del Doctorado en el cual se inscribe y su posterior defensa y aprobaci\u00f3n seg\u00fan las reglas establecidas en la presente reglamentaci\u00f3n.<br \/>\nEl postulante deber\u00e1 acreditar la comprensi\u00f3n lectora de dos idiomas extranjeros: a determinar por el Comit\u00e9 Acad\u00e9mico de la carrera pertinente para el proyecto de Tesis.<br \/>\nDeber\u00e1 tambi\u00e9n aprobar un curso de Metodolog\u00eda de la Investigaci\u00f3n y por lo menos tres cursos de Postgrado en el \u00e1rea de su especialidad.<br \/>\nEn situaciones extraordinarias en que el postulante al Doctorado justifique una larga trayectoria y conocimiento de su tema de Tesis mediante publicaciones y\/o presentaci\u00f3n de informes de investigaciones realizadas, el Comit\u00e9 Asesor podr\u00e1 exceptuar tanto la realizaci\u00f3n de cursos obligatorios como plazo m\u00ednimo de dos a\u00f1os para la presentaci\u00f3n de la Tesis.<\/p>\n<p><strong>Duraci\u00f3n<\/strong>: M\u00ednimo dos a\u00f1os, m\u00e1ximo cinco.<\/p>\n<p><strong> AUTORIDADES<\/strong><\/p>\n<p><strong>DIRECTOR<\/strong>: Dr. Carlos Balzi<\/p>\n<p><strong>COMIT\u00c9 ACAD\u00c9MICO<\/strong>:<\/p>\n<p>Dra. Paola Gramaglia<br \/>\nDr. Daniel Kalpokas<br \/>\nDra. Guadalupe Reinoso<\/p>\n<p><strong>COMIT\u00c9 ASESOR<\/strong>:<\/p>\n<p>Dr. Daniele Petrella<br \/>\nDra. Mar\u00eda Celeste Galfione<br \/>\nDra. Sandra Visokolskis<br \/>\nDra. Guadalupe Reinoso<\/p>\n<p><strong>Mail de contacto:<\/strong> cbalzi@unc.edu.ar<\/p>\n<p>&nbsp;<\/p>\n<blockquote><p><strong>Informaci\u00f3n General de Carreras de Doctorado<\/strong>: <a href=\"..\/doctorados\/informacion-general\/\" target=\"_self\" rel=\"noopener noreferrer\">hacer click<\/a><\/p><\/blockquote>\n","protected":false},"excerpt":{"rendered":"<p>Cat A. RES CONEAU-2-2017\u00a0 Resoluci\u00f3n Ministerial\u00a0\u00a02018-1112-APN-ME 2017-2022 Res. Ministerial Validaci\u00f3n per\u00edodo 2007-2016: 200\/17\u00a0 &nbsp; OBJETIVOS: -Brindar un \u00e1mbito de formaci\u00f3n<\/p>\n","protected":false},"author":4,"featured_media":0,"parent":27,"menu_order":3,"comment_status":"closed","ping_status":"closed","template":"","meta":{"_acf_changed":false,"colormag_page_container_layout":"default_layout","colormag_page_sidebar_layout":"default_layout","footnotes":""},"class_list":["post-43","page","type-page","status-publish","hentry"],"acf":[],"jetpack_sharing_enabled":true,"_links":{"self":[{"href":"https:\/\/ffyh.unc.edu.ar\/posgrado\/wp-json\/wp\/v2\/pages\/43","targetHints":{"allow":["GET"]}}],"collection":[{"href":"https:\/\/ffyh.unc.edu.ar\/posgrado\/wp-json\/wp\/v2\/pages"}],"about":[{"href":"https:\/\/ffyh.unc.edu.ar\/posgrado\/wp-json\/wp\/v2\/types\/page"}],"author":[{"embeddable":true,"href":"https:\/\/ffyh.unc.edu.ar\/posgrado\/wp-json\/wp\/v2\/users\/4"}],"replies":[{"embeddable":true,"href":"https:\/\/ffyh.unc.edu.ar\/posgrado\/wp-json\/wp\/v2\/comments?post=43"}],"version-history":[{"count":13,"href":"https:\/\/ffyh.unc.edu.ar\/posgrado\/wp-json\/wp\/v2\/pages\/43\/revisions"}],"predecessor-version":[{"id":12532,"href":"https:\/\/ffyh.unc.edu.ar\/posgrado\/wp-json\/wp\/v2\/pages\/43\/revisions\/12532"}],"up":[{"embeddable":true,"href":"https:\/\/ffyh.unc.edu.ar\/posgrado\/wp-json\/wp\/v2\/pages\/27"}],"wp:attachment":[{"href":"https:\/\/ffyh.unc.edu.ar\/posgrado\/wp-json\/wp\/v2\/media?parent=43"}],"curies":[{"name":"wp","href":"https:\/\/api.w.org\/{rel}","templated":true}]}}