{"id":45,"date":"2010-11-29T20:12:32","date_gmt":"2010-11-29T20:12:32","guid":{"rendered":"http:\/\/www.ffyh.unc.edu.ar\/posgrado\/"},"modified":"2026-04-01T14:40:01","modified_gmt":"2026-04-01T14:40:01","slug":"doctorado-en-historia","status":"publish","type":"page","link":"https:\/\/ffyh.unc.edu.ar\/posgrado\/doctorados\/doctorado-en-historia\/","title":{"rendered":"Doctorado en Historia"},"content":{"rendered":"<p><strong>Acreditaci\u00f3n CONEAU 3\/17. Cat. A. Res. Ministerial\u00a0\u00a01391\/18<\/strong><\/p>\n<hr \/>\n<p>&nbsp;<\/p>\n<p><strong>OBJETIVOS:<\/strong><\/p>\n<p>-Estimular y ofrecer continuidad en las investigaciones en el marco de la formaci\u00f3n superior, a los egresados tanto de las licenciaturas cursadas en la U.N.C. como en el marco provincial y regional.<br \/>\n-Contar con investigadores que tengan capacidad para planear de modo aut\u00f3nomo sus investigaciones, as\u00ed como para orientar y asesorar a investigadores en proceso de formaci\u00f3n..<br \/>\n-Elevar el nivel de excelencia de los docentes universitarios. Desde este punto de vista, se destaca la relaci\u00f3n entre los doctorandos y egresados del doctorado con la calidad de la ense\u00f1anza que se imparte en las aulas.<br \/>\n-Promover procesos de transferencia desde el \u00e1mbito del saber acad\u00e9mico al medio cultural, contribuyendo de esta manera al enriquecimiento del acervo historiogr\u00e1fico de C\u00f3rdoba. Esta incidencia social, que trasciende el mero impacto en el interior del \u00e1mbito acad\u00e9mico, es una condici\u00f3n indispensable para abrir campos de reflexi\u00f3n y debate que permita identificar l\u00edneas de continuidad o ruptura entre el pasado y la realidad presente.<\/p>\n<p><strong>PLAN DE ESTUDIOS<\/strong><\/p>\n<p>Constituye el requisito propio y espec\u00edfico para la obtenci\u00f3n del Doctorado, la redacci\u00f3n por escrito de una Tesis sobre un tema pertinente al \u00e1rea de conocimiento del Doctorado en el cual se inscribe y su posterior defensa y aprobaci\u00f3n seg\u00fan las reglas establecidas en la presente reglamentaci\u00f3n.<br \/>\nEl postulante deber\u00e1 acreditar la comprensi\u00f3n lectora de dos idiomas extranjeros: a determinar por el Comit\u00e9 Acad\u00e9mico de la carrera pertinente para el proyecto de Tesis.<br \/>\nDeber\u00e1 tambi\u00e9n aprobar un curso de Metodolog\u00eda de la Investigaci\u00f3n y por lo menos tres cursos de Postgrado en el \u00e1rea de su especialidad.<br \/>\nEn situaciones extraordinarias en que el postulante al Doctorado justifique una larga trayectoria y conocimiento de su tema de Tesis mediante publicaciones y\/o presentaci\u00f3n de informes de investigaciones realizadas, el Comit\u00e9 Asesor podr\u00e1 exceptuar tanto la realizaci\u00f3n de cursos obligatorios como plazo m\u00ednimo de dos a\u00f1os para la presentaci\u00f3n de la Tesis.<\/p>\n<p>Duraci\u00f3n: M\u00ednimo dos a\u00f1os, m\u00e1ximo cinco.<\/p>\n<p><strong>AUTORIDADES<\/strong><\/p>\n<p><strong>DIRECTORA<\/strong>: Dra. Marta Philp<\/p>\n<p><strong>COMIT\u00c9 ACAD\u00c9MICO<\/strong>:<\/p>\n<p>Dra. Carol Solis<br \/>\nMar\u00eda Lorena Capogrossi<br \/>\nCarlos Mignon<br \/>\n\u00c1lvaro Moreno Leoni<\/p>\n<p><strong>COMIT\u00c9 ASESOR<\/strong>:<\/p>\n<p>Dra. Mar\u00eda Victoria M\u00e1rquez<br \/>\nDra. Cecilia Moreyra<br \/>\nDra. Mar\u00eda Laura Ortiz<br \/>\nDra. Andrea Recalde<br \/>\nDr. Franco Reyna<br \/>\nDr. \u00c1lvaro Moreno Leoni (miembro integrante por el comit\u00e9 acad\u00e9mico).<\/p>\n<hr \/>\n<blockquote><p><strong>Informaci\u00f3n General de Carreras de Doctorado<\/strong>: <a href=\"..\/doctorados\/informacion-general\/\" target=\"_self\" rel=\"noopener noreferrer\">hacer click<\/a><\/p><\/blockquote>\n","protected":false},"excerpt":{"rendered":"<p>Acreditaci\u00f3n CONEAU 3\/17. Cat. A. Res. Ministerial\u00a0\u00a01391\/18 &nbsp; OBJETIVOS: -Estimular y ofrecer continuidad en las investigaciones en el marco de<\/p>\n","protected":false},"author":4,"featured_media":0,"parent":27,"menu_order":4,"comment_status":"closed","ping_status":"closed","template":"","meta":{"_acf_changed":false,"saved_in_kubio":true,"colormag_page_container_layout":"default_layout","colormag_page_sidebar_layout":"default_layout","footnotes":""},"class_list":["post-45","page","type-page","status-publish","hentry"],"acf":[],"kubio_ai_page_context":{"short_desc":"","purpose":"general"},"jetpack_sharing_enabled":true,"_links":{"self":[{"href":"https:\/\/ffyh.unc.edu.ar\/posgrado\/wp-json\/wp\/v2\/pages\/45","targetHints":{"allow":["GET"]}}],"collection":[{"href":"https:\/\/ffyh.unc.edu.ar\/posgrado\/wp-json\/wp\/v2\/pages"}],"about":[{"href":"https:\/\/ffyh.unc.edu.ar\/posgrado\/wp-json\/wp\/v2\/types\/page"}],"author":[{"embeddable":true,"href":"https:\/\/ffyh.unc.edu.ar\/posgrado\/wp-json\/wp\/v2\/users\/4"}],"replies":[{"embeddable":true,"href":"https:\/\/ffyh.unc.edu.ar\/posgrado\/wp-json\/wp\/v2\/comments?post=45"}],"version-history":[{"count":21,"href":"https:\/\/ffyh.unc.edu.ar\/posgrado\/wp-json\/wp\/v2\/pages\/45\/revisions"}],"predecessor-version":[{"id":12893,"href":"https:\/\/ffyh.unc.edu.ar\/posgrado\/wp-json\/wp\/v2\/pages\/45\/revisions\/12893"}],"up":[{"embeddable":true,"href":"https:\/\/ffyh.unc.edu.ar\/posgrado\/wp-json\/wp\/v2\/pages\/27"}],"wp:attachment":[{"href":"https:\/\/ffyh.unc.edu.ar\/posgrado\/wp-json\/wp\/v2\/media?parent=45"}],"curies":[{"name":"wp","href":"https:\/\/api.w.org\/{rel}","templated":true}]}}