{"id":47,"date":"2010-11-29T20:13:13","date_gmt":"2010-11-29T20:13:13","guid":{"rendered":"http:\/\/www.ffyh.unc.edu.ar\/posgrado\/"},"modified":"2025-12-05T14:40:41","modified_gmt":"2025-12-05T14:40:41","slug":"doctorado-en-letras","status":"publish","type":"page","link":"https:\/\/ffyh.unc.edu.ar\/posgrado\/doctorados\/doctorado-en-letras\/","title":{"rendered":"Doctorado en Letras"},"content":{"rendered":"<p>Acreditaci\u00f3n CONEAU N\u00ba 447\/17 \u2013 Cat. A \u00a0Res minist 2546\/19<\/p>\n<p>&nbsp;<\/p>\n<p><strong>OBJETIVOS:<\/strong><\/p>\n<p>-Constituirse en un espacio facilitador de la profundizaci\u00f3n y producci\u00f3n de conocimientos originales en las \u00e1reas vinculadas con la carrera de grado (estudios hist\u00f3rico-literarios, literaturas nacionales, literatura comparada, estudios del discurso y lingu\u00edsticos, estudios cl\u00e1sicos).<br \/>\n-Procurar el desarrollo de producciones innovadoras en el \u00e1mbito de las teor\u00edas y las metodolog\u00edas vinculadas con el estudio de los discursos literarios y no literarios.<br \/>\n-Constituir un \u00e1mbito propiciatorio para la apertura a nuevas \u00e1reas de investigaci\u00f3n, con particular \u00e9nfasis en los estudios interdisciplinarios.<br \/>\n-Sistematizar y difundir informaci\u00f3n referida a centros de excelencia en el \u00e1rea y establecer relaciones con ellos.<br \/>\n-Favorecer el desarrollo de proyectos de investigaci\u00f3n que tengan un impacto social<br \/>\n-Formar egresados al m\u00e1s alto nivel, capaces de participar en la generaci\u00f3n y transmisi\u00f3n del conocimiento, as\u00ed como su transferencia a la sociedad.<\/p>\n<p><strong>PLAN DE ESTUDIOS <\/strong><\/p>\n<p>Constituye el requisito propio y espec\u00edfico para la obtenci\u00f3n del Doctorado, la redacci\u00f3n por escrito de una Tesis sobre un tema pertinente al \u00e1rea de conocimiento del Doctorado en el cual se inscribe y su posterior defensa y aprobaci\u00f3n seg\u00fan las reglas establecidas en la presente reglamentaci\u00f3n.<br \/>\nEl postulante deber\u00e1 acreditar la comprensi\u00f3n lectora de dos idiomas extranjeros: a determinar por el Comit\u00e9 Acad\u00e9mico de la carrera pertinente para el proyecto de Tesis.<br \/>\nDeber\u00e1 tambi\u00e9n aprobar un curso de Metodolog\u00eda de la Investigaci\u00f3n y por lo menos tres cursos de Postgrado en el \u00e1rea de su especialidad.<br \/>\nEn situaciones extraordinarias en que el postulante al Doctorado justifique una larga trayectoria y conocimiento de su tema de Tesis mediante publicaciones y\/o presentaci\u00f3n de informes de investigaciones realizadas, el Comit\u00e9 Asesor podr\u00e1 exceptuar tanto la realizaci\u00f3n de cursos obligatorios como plazo m\u00ednimo de dos a\u00f1os para la presentaci\u00f3n de la Tesis.<\/p>\n<p>Duraci\u00f3n: M\u00ednimo dos a\u00f1os, m\u00e1ximo cinco.<\/p>\n<p><span style=\"color: #000000\"><strong>AUTORIDADES\u00a0<\/strong><\/span><\/p>\n<p><span style=\"color: #000000\"><strong>DIRECTOR<\/strong>: Dr. Guillermo De Santis<br \/>\n<\/span><\/p>\n<p><span style=\"color: #000000\"><strong>COMIT\u00c9 ACAD\u00c9MIC<\/strong>O:<\/span><\/p>\n<p><span style=\"color: #000000\">Dra. Mirta Antonelli<br \/>\nDra. Roxana Pati\u00f1o<br \/>\nDra. Cecilia Corona Mart\u00ednez<br \/>\nDra. Gabriela Milone<\/span><\/p>\n<p><span style=\"color: #000000\"><strong>COMIT\u00c9 ASESOR<\/strong>:<\/span><\/p>\n<p><span style=\"color: #000000\">Dra. Julia Burghini<br \/>\nDra. Laura Fobbio<br \/>\nDra. Mar\u00eda Soledad Boero<br \/>\nDra. Sabrina <\/span><span style=\"color: #333300\">Rezzonico<\/span><br \/>\nDra. Gabriela Milone<\/p>\n<p><strong>Informaci\u00f3n General de Carreras de Doctorado<\/strong>: <a href=\"..\/doctorados\/informacion-general\/\" target=\"_self\" rel=\"noopener noreferrer\">hacer click<\/a><\/p>\n","protected":false},"excerpt":{"rendered":"<p>Acreditaci\u00f3n CONEAU N\u00ba 447\/17 \u2013 Cat. A \u00a0Res minist 2546\/19 &nbsp; OBJETIVOS: -Constituirse en un espacio facilitador de la profundizaci\u00f3n<\/p>\n","protected":false},"author":4,"featured_media":0,"parent":27,"menu_order":5,"comment_status":"closed","ping_status":"closed","template":"","meta":{"_acf_changed":false,"saved_in_kubio":false,"colormag_page_container_layout":"default_layout","colormag_page_sidebar_layout":"default_layout","footnotes":""},"class_list":["post-47","page","type-page","status-publish","hentry"],"acf":[],"kubio_ai_page_context":{"short_desc":"","purpose":"general"},"jetpack_sharing_enabled":true,"_links":{"self":[{"href":"https:\/\/ffyh.unc.edu.ar\/posgrado\/wp-json\/wp\/v2\/pages\/47","targetHints":{"allow":["GET"]}}],"collection":[{"href":"https:\/\/ffyh.unc.edu.ar\/posgrado\/wp-json\/wp\/v2\/pages"}],"about":[{"href":"https:\/\/ffyh.unc.edu.ar\/posgrado\/wp-json\/wp\/v2\/types\/page"}],"author":[{"embeddable":true,"href":"https:\/\/ffyh.unc.edu.ar\/posgrado\/wp-json\/wp\/v2\/users\/4"}],"replies":[{"embeddable":true,"href":"https:\/\/ffyh.unc.edu.ar\/posgrado\/wp-json\/wp\/v2\/comments?post=47"}],"version-history":[{"count":18,"href":"https:\/\/ffyh.unc.edu.ar\/posgrado\/wp-json\/wp\/v2\/pages\/47\/revisions"}],"predecessor-version":[{"id":12531,"href":"https:\/\/ffyh.unc.edu.ar\/posgrado\/wp-json\/wp\/v2\/pages\/47\/revisions\/12531"}],"up":[{"embeddable":true,"href":"https:\/\/ffyh.unc.edu.ar\/posgrado\/wp-json\/wp\/v2\/pages\/27"}],"wp:attachment":[{"href":"https:\/\/ffyh.unc.edu.ar\/posgrado\/wp-json\/wp\/v2\/media?parent=47"}],"curies":[{"name":"wp","href":"https:\/\/api.w.org\/{rel}","templated":true}]}}