{"id":5271,"date":"2016-10-05T20:41:40","date_gmt":"2016-10-05T20:41:40","guid":{"rendered":"http:\/\/www.ffyh.unc.edu.ar\/posgrado\/?page_id=5271"},"modified":"2019-09-04T20:42:51","modified_gmt":"2019-09-04T20:42:51","slug":"ubicacion","status":"publish","type":"page","link":"https:\/\/ffyh.unc.edu.ar\/posgrado\/ubicacion\/","title":{"rendered":"Ubicaci\u00f3n"},"content":{"rendered":"<p><b>Direcci\u00f3n Postal:<br \/>\n<\/b>Secretar\u00eda de Posgrado<br \/>\nPabell\u00f3n Residencial, planta baja.<br \/>\nFacultad de Filosof\u00eda y Humanidades<br \/>\nUniversidad Nacional de C\u00f3rdoba<br \/>\nAv. Medina Allende s\/n \u2013\u00a0Ciudad Universitaria<br \/>\nC\u00f3rdoba (CP: 5016)<\/p>\n<p><strong>Google maps: <a href=\"https:\/\/www.google.com.ar\/maps\/place\/Pabell%C3%B3n+Residencial+Decanato+de+la+Facultad+de+Filosofia+y+Huminades\/@-31.4348415,-64.1911819,19z\/data=!4m5!3m4!1s0x0:0x78113f62dd2b5651!8m2!3d-31.434974!4d-64.1911022\" target=\"_blank\" rel=\"noopener noreferrer\">consultar<\/a><\/strong><\/p>\n<p><img fetchpriority=\"high\" decoding=\"async\" class=\"alignnone size-full\" src=\"https:\/\/lh4.googleusercontent.com\/-uwE29lIx1R0\/VCSpNVTZqzI\/AAAAAAAAAlM\/mKtCyWO50ukDQpGX0JGJPzv2eU8W8w8-g\/s408-k-no\/\" alt=\"\" width=\"408\" height=\"306\" \/><\/p>\n","protected":false},"excerpt":{"rendered":"<p>Direcci\u00f3n Postal: Secretar\u00eda de Posgrado Pabell\u00f3n Residencial, planta baja. Facultad de Filosof\u00eda y Humanidades Universidad Nacional de C\u00f3rdoba Av. Medina<\/p>\n","protected":false},"author":5,"featured_media":0,"parent":0,"menu_order":0,"comment_status":"closed","ping_status":"closed","template":"","meta":{"_acf_changed":false,"colormag_page_container_layout":"default_layout","colormag_page_sidebar_layout":"default_layout","footnotes":""},"class_list":["post-5271","page","type-page","status-publish","hentry"],"acf":[],"jetpack_sharing_enabled":true,"_links":{"self":[{"href":"https:\/\/ffyh.unc.edu.ar\/posgrado\/wp-json\/wp\/v2\/pages\/5271","targetHints":{"allow":["GET"]}}],"collection":[{"href":"https:\/\/ffyh.unc.edu.ar\/posgrado\/wp-json\/wp\/v2\/pages"}],"about":[{"href":"https:\/\/ffyh.unc.edu.ar\/posgrado\/wp-json\/wp\/v2\/types\/page"}],"author":[{"embeddable":true,"href":"https:\/\/ffyh.unc.edu.ar\/posgrado\/wp-json\/wp\/v2\/users\/5"}],"replies":[{"embeddable":true,"href":"https:\/\/ffyh.unc.edu.ar\/posgrado\/wp-json\/wp\/v2\/comments?post=5271"}],"version-history":[{"count":5,"href":"https:\/\/ffyh.unc.edu.ar\/posgrado\/wp-json\/wp\/v2\/pages\/5271\/revisions"}],"predecessor-version":[{"id":7111,"href":"https:\/\/ffyh.unc.edu.ar\/posgrado\/wp-json\/wp\/v2\/pages\/5271\/revisions\/7111"}],"wp:attachment":[{"href":"https:\/\/ffyh.unc.edu.ar\/posgrado\/wp-json\/wp\/v2\/media?parent=5271"}],"curies":[{"name":"wp","href":"https:\/\/api.w.org\/{rel}","templated":true}]}}