{"id":5278,"date":"2016-10-11T16:39:44","date_gmt":"2016-10-11T16:39:44","guid":{"rendered":"http:\/\/www.ffyh.unc.edu.ar\/posgrado\/?page_id=5278"},"modified":"2025-11-11T11:46:25","modified_gmt":"2025-11-11T11:46:25","slug":"tramite-titulo","status":"publish","type":"page","link":"https:\/\/ffyh.unc.edu.ar\/posgrado\/tramite-titulo\/","title":{"rendered":"Tr\u00e1mite T\u00edtulo"},"content":{"rendered":"<h1 class=\"post-title entry-title\"><img fetchpriority=\"high\" decoding=\"async\" class=\"alignnone size-full wp-image-7214\" src=\"http:\/\/ffyh.unc.edu.ar\/posgrado\/wp-content\/uploads\/sites\/3\/2019\/11\/foto-colacion-instagram.jpg\" alt=\"\" width=\"1024\" height=\"486\" srcset=\"https:\/\/ffyh.unc.edu.ar\/posgrado\/wp-content\/uploads\/sites\/3\/2019\/11\/foto-colacion-instagram.jpg 1024w, https:\/\/ffyh.unc.edu.ar\/posgrado\/wp-content\/uploads\/sites\/3\/2019\/11\/foto-colacion-instagram-300x142.jpg 300w, https:\/\/ffyh.unc.edu.ar\/posgrado\/wp-content\/uploads\/sites\/3\/2019\/11\/foto-colacion-instagram-768x365.jpg 768w\" sizes=\"(max-width: 1024px) 100vw, 1024px\" \/>Colaci\u00f3n de Posgrado<\/h1>\n<hr \/>\n<div class=\"entry-content clearfix\">\n<p><strong>1\u00aa Colaci\u00f3n de Posgrado 2026<\/strong><\/p>\n<p><strong>Fecha: Viernes <em>26 de junio de 2026<\/em><\/strong><\/p>\n<p><strong>Pabell\u00f3n Argentina \u2013 Ciudad Universitaria<\/strong><\/p>\n<hr \/>\n<p><strong>El tr\u00e1mite se realiza en <a href=\"https:\/\/autogestion.guarani.unc.edu.ar\/\"><span style=\"color: #5f81e8\">Sistema Guaran\u00ed<\/span><\/a>\u00a0desde el <span style=\"color: #800080\">1 de noviembre de 2025<\/span> al <span style=\"color: #800080\">30 de abril de 2026<\/span><\/strong><\/p>\n<p>La Facultad de Filosof\u00eda y Humanidades ha instituido el sistema de\u00a0<strong>Diplomas y Anal\u00edticos Digitales<\/strong>\u00a0a graduados\/as de estudios de pregrado, grado y posgrado, seg\u00fan lo establecido por la\u00a0<a href=\"https:\/\/digesto.unc.edu.ar\/bitstream\/handle\/123456789\/546484\/OHCS-2024-4-UNC-REC.pdf?sequence=1&amp;isAllowed=y\">OHCS-2024-4-UNC-REC<\/a>. y la\u00a0<a href=\"https:\/\/digesto.unc.edu.ar\/bitstream\/handle\/123456789\/548825\/RR-2024-2109-UNC-REC.pdf?sequence=1&amp;isAllowed=y\">RR-2024-2109-UNC-REC.pdf<\/a>\u00a0que aprueban la emisi\u00f3n digital de diplomas y certificados anal\u00edticos en el \u00e1mbito de la UNC y establecen el procedimiento para su implementaci\u00f3n.<\/p>\n<p>Se mantienen los actos de colaci\u00f3n con la entrega de diplomas simb\u00f3licos impresos, los que contendr\u00e1n solo la primera hoja del diploma digital.<\/p>\n<p>Egresadas\/os podr\u00e1n descargar sus Diplomas y Anal\u00edticos desde el sistema Guaran\u00ed\u00a0<strong>cuando el tr\u00e1mite se encuentre finalizado en la DNGU y posteriormente a prestar juramento por sistema.<\/strong><\/p>\n<blockquote><p><strong>Instructivo:<\/strong><\/p><\/blockquote>\n<h3>En SISTEMA GUARAN\u00cd<\/h3>\n<ul>\n<li>Revisar sus datos personales (TR\u00c1MITES \/ MIS DATOS PERSONALES)\n<ul>\n<li><strong>Todos los datos personales deber\u00e1n ser chequeados<\/strong>\u00a0y de encontrar alg\u00fan error, realizar las correcciones correspondientes\u00a0<strong>antes de avanzar con la solicitud.<br \/>\n<img decoding=\"async\" class=\"alignnone wp-image-12460 size-large\" src=\"http:\/\/ffyh.unc.edu.ar\/posgrado\/wp-content\/uploads\/sites\/3\/2025\/11\/Datos-personales-completos-1024x523.png\" alt=\"\" width=\"800\" height=\"409\" srcset=\"https:\/\/ffyh.unc.edu.ar\/posgrado\/wp-content\/uploads\/sites\/3\/2025\/11\/Datos-personales-completos-1024x523.png 1024w, https:\/\/ffyh.unc.edu.ar\/posgrado\/wp-content\/uploads\/sites\/3\/2025\/11\/Datos-personales-completos-300x153.png 300w, https:\/\/ffyh.unc.edu.ar\/posgrado\/wp-content\/uploads\/sites\/3\/2025\/11\/Datos-personales-completos-768x393.png 768w, https:\/\/ffyh.unc.edu.ar\/posgrado\/wp-content\/uploads\/sites\/3\/2025\/11\/Datos-personales-completos.png 1250w\" sizes=\"(max-width: 800px) 100vw, 800px\" \/><br \/>\n<\/strong><\/li>\n<\/ul>\n<\/li>\n<\/ul>\n<p style=\"padding-left: 80px\">\n<ul>\n<li style=\"list-style-type: none\">\n<ul>\n<li>En datos personales se deber\u00e1 completar obligatoriamente el campo \u00abestudios\u00bb indicando el t\u00edtulo de grado con el que se ingres\u00f3 a Posgrado <em>(Por ej: Licenciado en Ciencias de la Educaci\u00f3n &#8211; Universidad Nacional de C\u00f3rdoba)<\/em><\/li>\n<\/ul>\n<\/li>\n<\/ul>\n<p style=\"padding-left: 80px\"><img decoding=\"async\" class=\"alignnone wp-image-12453 size-large\" src=\"http:\/\/ffyh.unc.edu.ar\/posgrado\/wp-content\/uploads\/sites\/3\/2025\/11\/datos-personales-estudio-2-1024x489.png\" alt=\"\" width=\"800\" height=\"382\" srcset=\"https:\/\/ffyh.unc.edu.ar\/posgrado\/wp-content\/uploads\/sites\/3\/2025\/11\/datos-personales-estudio-2-1024x489.png 1024w, https:\/\/ffyh.unc.edu.ar\/posgrado\/wp-content\/uploads\/sites\/3\/2025\/11\/datos-personales-estudio-2-300x143.png 300w, https:\/\/ffyh.unc.edu.ar\/posgrado\/wp-content\/uploads\/sites\/3\/2025\/11\/datos-personales-estudio-2-768x367.png 768w, https:\/\/ffyh.unc.edu.ar\/posgrado\/wp-content\/uploads\/sites\/3\/2025\/11\/datos-personales-estudio-2.png 1290w\" sizes=\"(max-width: 800px) 100vw, 800px\" \/><\/p>\n<ul>\n<li style=\"list-style-type: none\">\n<ul>\n<li><strong>Deber\u00e1 corroborar:<\/strong>\u00a0<em>correo electr\u00f3nico (en caso de tener m\u00e1s de uno consignar el que revise con m\u00e1s frecuencia,\u00a0NO HOTMAIL), apellido(s) y nombre(s) TAL COMO FIGURAN EN EL DNI,\u00a0<strong>respetando may\u00fasculas, min\u00fasculas y tildes<\/strong>, N\u00ba de DNI, nacionalidad, CUIL y tel\u00e9fono de contacto<\/em>. En caso de detectar alg\u00fan dato err\u00f3neo que no pueda ser modificado por Ud. por favor comun\u00edquese a\u00a0<a href=\"mailto:oficialia-posgrado@ffyh.unc.edu.ar\">oficialia-posgrado@ffyh.unc.edu.ar<\/a><\/li>\n<\/ul>\n<\/li>\n<\/ul>\n<ul>\n<li><strong>Inscripci\u00f3n a Colaci\u00f3n<\/strong> (TR\u00c1MITES \/ SOLICITAR CERTIFICACI\u00d3N \/ NUEVA SOLICITUD) All\u00ed completar los datos solicitados correspondientes a <strong>P12-2026-01<\/strong>\u00a0(se refiere a la primera colaci\u00f3n de 2026). Completar y\u00a0<em><strong>guardar o confirmar datos.<\/strong><\/em><\/li>\n<li><img loading=\"lazy\" decoding=\"async\" class=\"alignnone wp-image-12458 size-large\" src=\"http:\/\/ffyh.unc.edu.ar\/posgrado\/wp-content\/uploads\/sites\/3\/2025\/11\/solicitud-certificado-1-1024x481.png\" alt=\"\" width=\"800\" height=\"376\" srcset=\"https:\/\/ffyh.unc.edu.ar\/posgrado\/wp-content\/uploads\/sites\/3\/2025\/11\/solicitud-certificado-1-1024x481.png 1024w, https:\/\/ffyh.unc.edu.ar\/posgrado\/wp-content\/uploads\/sites\/3\/2025\/11\/solicitud-certificado-1-300x141.png 300w, https:\/\/ffyh.unc.edu.ar\/posgrado\/wp-content\/uploads\/sites\/3\/2025\/11\/solicitud-certificado-1-768x361.png 768w, https:\/\/ffyh.unc.edu.ar\/posgrado\/wp-content\/uploads\/sites\/3\/2025\/11\/solicitud-certificado-1.png 1266w\" sizes=\"(max-width: 800px) 100vw, 800px\" \/><\/li>\n<\/ul>\n<ul>\n<li><strong>Para completar la solicitud de la certificaci\u00f3n<\/strong>, seguir los pasos que se indican\u00a0<a href=\"https:\/\/drive.google.com\/file\/d\/1ALUd9JIfBr-u9qcwutn-_9BiJOrPhljN\/view\">aqu\u00ed<\/a>\u00a0y luego\u00a0<strong>avanzar con el resto de los pasos de este instructivo.<\/strong><\/li>\n<\/ul>\n<ul>\n<li>Responder la\u00a0<strong>Encuesta de Reci\u00e9n Graduado (Kolla)<\/strong> en TR\u00c1MITES \/ ENCUESTAS \/ ENCUESTAS PENDIENTES. Guardar o confirmar los datos.<\/li>\n<\/ul>\n<p style=\"padding-left: 40px\"><img loading=\"lazy\" decoding=\"async\" class=\"alignnone wp-image-12455 size-large\" src=\"http:\/\/ffyh.unc.edu.ar\/posgrado\/wp-content\/uploads\/sites\/3\/2025\/11\/encuesta-1024x462.png\" alt=\"\" width=\"800\" height=\"361\" srcset=\"https:\/\/ffyh.unc.edu.ar\/posgrado\/wp-content\/uploads\/sites\/3\/2025\/11\/encuesta-1024x462.png 1024w, https:\/\/ffyh.unc.edu.ar\/posgrado\/wp-content\/uploads\/sites\/3\/2025\/11\/encuesta-300x135.png 300w, https:\/\/ffyh.unc.edu.ar\/posgrado\/wp-content\/uploads\/sites\/3\/2025\/11\/encuesta-768x347.png 768w, https:\/\/ffyh.unc.edu.ar\/posgrado\/wp-content\/uploads\/sites\/3\/2025\/11\/encuesta.png 1247w\" sizes=\"(max-width: 800px) 100vw, 800px\" \/><\/p>\n<ul>\n<li><strong>Descargar cup\u00f3n de pago<\/strong>\u00a0(TR\u00c1MITES \/ REVISI\u00d3N Y CONFIRMACI\u00d3N DE SOLICITUD \/ EMITIR CUP\u00d3N DE PAGO) Deber\u00e1 emitirlo y pagarlo en cualquier sucursal de\u00a0<strong>Rapipago<\/strong>\u00a0(presencialmente o a trav\u00e9s de su p\u00e1gina web). El pago se acreditar\u00e1 entre las 24 a 72 hs h\u00e1biles de realizado.\u00a0<strong>Una vez realizado y acreditado el pago podr\u00e1 avanzar con la REVISI\u00d3N Y CONFIRMACI\u00d3N DE LA SOLICITUD.<\/strong><\/li>\n<li>En caso de presentarse alguna dificultad deber\u00e1 enviar un correo a\u00a0<a href=\"mailto:oficialia@ffyh.unc.edu.ar\">oficialia-posgrado@ffyh.unc.edu.ar<\/a>\u00a0<strong>con una captura de pantalla donde se observe el error.<\/strong><\/li>\n<\/ul>\n<p><strong><span style=\"color: #800080\">El tr\u00e1mite es virtual, no es necesario presentar documentaci\u00f3n impresa<\/span><\/strong><\/p>\n<ul>\n<li>Al finalizar el proceso administrativo cada egresado\/a podr\u00e1 descargar desde Sistema Guaran\u00ed el <strong>Diploma y Certificado Anal\u00edtico digital y legalizado.<\/strong><\/li>\n<\/ul>\n<\/div>\n<div class=\"entry-content clearfix\">\n<hr \/>\n<p><strong><u>Consultas:<\/u><\/strong><br \/>\nInicio y env\u00edo de solicitud de Diploma: <a href=\"mailto:despacho-posgrado@ffyh.unc.edu.ar\">despacho-posgrado@ffyh.unc.edu.ar<\/a><br \/>\nDiploma Digital y Acto de Colaci\u00f3n: <a href=\"mailto:oficialia-posgrado@ffyh.unc.edu.ar\">oficialia-posgrado@ffyh.unc.edu.ar<\/a><\/p>\n<hr \/>\n<p><strong><span style=\"color: #ff0000\">|<\/span> Nota para Docentes con cargo en la Facultad de Filosof\u00eda y Humanidades, UNC<\/strong><\/p>\n<p>El \u00c1rea de Personal y Sueldos de la Facultad de Filosof\u00eda y Humanidades, UNC informa a quienes hayan iniciado el tr\u00e1mite o cuenten con su t\u00edtulo de posgrado (Especializaci\u00f3n, Maestr\u00eda o doctorado) y no hayan realizado las gestiones correspondientes para poder percibir un plus salarial en sus recibos de sueldo, se comuniquen, v\u00eda mail a <a href=\"mailto:personalysueldos@ffyh.unc.edu.ar\">personalysueldos@ffyh.unc.edu.ar<\/a> para recibir informaci\u00f3n sobre la documentaci\u00f3n a presentar. Para quienes iniciaron el tr\u00e1mite de t\u00edtulo deber\u00e1n solicitar una constancia de finalizaci\u00f3n de carrera y t\u00edtulo en tr\u00e1mite a: <a href=\"mailto:despacho-posgrado@ffyh.unc.edu.ar\">despacho-posgrado@ffyh.unc.edu.ar<\/a> y luego enviar al \u00e1rea de personal y sueldos.<\/p>\n<\/div>\n","protected":false},"excerpt":{"rendered":"<p>Colaci\u00f3n de Posgrado 1\u00aa Colaci\u00f3n de Posgrado 2026 Fecha: Viernes 26 de junio de 2026 Pabell\u00f3n Argentina \u2013 Ciudad Universitaria<\/p>\n","protected":false},"author":5,"featured_media":0,"parent":0,"menu_order":4,"comment_status":"closed","ping_status":"closed","template":"","meta":{"_acf_changed":false,"colormag_page_container_layout":"default_layout","colormag_page_sidebar_layout":"default_layout","footnotes":""},"class_list":["post-5278","page","type-page","status-publish","hentry"],"acf":[],"jetpack_sharing_enabled":true,"_links":{"self":[{"href":"https:\/\/ffyh.unc.edu.ar\/posgrado\/wp-json\/wp\/v2\/pages\/5278","targetHints":{"allow":["GET"]}}],"collection":[{"href":"https:\/\/ffyh.unc.edu.ar\/posgrado\/wp-json\/wp\/v2\/pages"}],"about":[{"href":"https:\/\/ffyh.unc.edu.ar\/posgrado\/wp-json\/wp\/v2\/types\/page"}],"author":[{"embeddable":true,"href":"https:\/\/ffyh.unc.edu.ar\/posgrado\/wp-json\/wp\/v2\/users\/5"}],"replies":[{"embeddable":true,"href":"https:\/\/ffyh.unc.edu.ar\/posgrado\/wp-json\/wp\/v2\/comments?post=5278"}],"version-history":[{"count":71,"href":"https:\/\/ffyh.unc.edu.ar\/posgrado\/wp-json\/wp\/v2\/pages\/5278\/revisions"}],"predecessor-version":[{"id":12461,"href":"https:\/\/ffyh.unc.edu.ar\/posgrado\/wp-json\/wp\/v2\/pages\/5278\/revisions\/12461"}],"wp:attachment":[{"href":"https:\/\/ffyh.unc.edu.ar\/posgrado\/wp-json\/wp\/v2\/media?parent=5278"}],"curies":[{"name":"wp","href":"https:\/\/api.w.org\/{rel}","templated":true}]}}