{"id":5571,"date":"2017-04-26T14:51:32","date_gmt":"2017-04-26T14:51:32","guid":{"rendered":"http:\/\/www.ffyh.unc.edu.ar\/posgrado\/?page_id=5571"},"modified":"2026-04-10T13:24:40","modified_gmt":"2026-04-10T13:24:40","slug":"informes-de-avance","status":"publish","type":"page","link":"https:\/\/ffyh.unc.edu.ar\/posgrado\/doctorados\/informes-de-avance\/","title":{"rendered":"Informes de avance"},"content":{"rendered":"<p><span style=\"color: #ffffff\"><strong>A\u00f1o 2026<\/strong><\/span><\/p>\n<hr \/>\n<blockquote>\n<h3><span style=\"color: #ffffff\"><strong>Fecha de presentaci\u00f3n: 1 al 31 de mayo de 2026<\/strong><\/span><\/h3>\n<\/blockquote>\n<ul>\n<li>El env\u00edo del informe de avance anual se realizar\u00e1<strong> exclusivamente por<\/strong> <strong>SIGEVA.\u00a0 <\/strong><\/li>\n<li>La Secretar\u00eda de Posgrado podr\u00e1 solicitar oportunamente la entrega de dicho informe por medio de un documento impreso en fecha a convenir.<\/li>\n<\/ul>\n<hr \/>\n<blockquote>\n<h3><span style=\"color: #ffffff\"><strong style=\"font-family: inherit;font-size: 24px\">Presentaci\u00f3n Digital:<\/strong><\/span><\/h3>\n<\/blockquote>\n<ul>\n<li><strong>En SIGEVA-UNC:\u00a0<\/strong><a href=\"http:\/\/sigeva.unc.edu.ar\" target=\"_blank\" rel=\"noopener noreferrer\"><strong>sigeva.unc.edu.ar<\/strong><br \/>\n<\/a>Estudiante y Director\/Co-Director deber\u00e1n tener usuario SIGEVA UNC.<br \/>\nAl finalizar esta p\u00e1gina encontrar\u00e1 instructivos e indicaciones de utilizaci\u00f3n de SIGEVA-UNC<\/li>\n<\/ul>\n<p>&nbsp;<\/p>\n<ul>\n<li><strong>Archivos Adjuntos solicitados:<\/strong><\/li>\n<\/ul>\n<p>&nbsp;<\/p>\n<p>&nbsp;<\/p>\n<table class=\"display\" style=\"height: 197px\" width=\"597\">\n<thead>\n<tr>\n<th style=\"text-align: center\"><em>Tipos de archivos a adjuntar<\/em><\/th>\n<\/tr>\n<\/thead>\n<tbody>\n<tr class=\"odd\">\n<td>| <strong>Informe de Avance<\/strong>, seg\u00fan lineamientos de presentaci\u00f3n: <a href=\"https:\/\/ffyh.unc.edu.ar\/posgrado\/wp-content\/uploads\/sites\/3\/2020\/05\/LINEAMIENTOS-Informes-de-avance-2020.docx\"><strong>descargar<\/strong><\/a><\/p>\n<p>| Informe de Avance para alumnxs de Doctorado en Ciencias Antropol\u00f3gicas: <strong><a href=\"https:\/\/ffyh.unc.edu.ar\/posgrado\/wp-content\/uploads\/sites\/3\/2021\/04\/LINEAMIENTOS-Informes-de-avance-2021-DCA.docx\">descargar<\/a><\/strong><\/p>\n<p><span style=\"color: #000000\">| <\/span><span style=\"color: #800000\"><span style=\"color: #000000\">Recomendaciones para alumnxs de Doctorado en Filosof\u00eda: <\/span><\/span><em><span style=\"color: #800000\"><a href=\"http:\/\/ffyh.unc.edu.ar\/posgrado\/wp-content\/uploads\/sites\/3\/2024\/05\/Recomendaciones-Informes-anuales-2021-Carrera-de-Filosofia-2024.pdf\"><span style=\"color: #333399\"><strong>ver<\/strong><\/span><\/a><\/span><\/em><\/td>\n<\/tr>\n<tr class=\"even\">\n<td><strong>Certificados de cursos a acreditar realizados en la Facultad de Filosof\u00eda y Humanidades UNC.<\/strong><\/td>\n<\/tr>\n<tr class=\"odd\">\n<td><strong>Certificados y programas de cursos a acreditar realizados en otras Unidades Acad\u00e9micas o Instituciones.<\/strong><\/td>\n<\/tr>\n<tr class=\"even\">\n<td><strong>Comprobante de pago de arancel anual o resoluci\u00f3n\/constancia de eximici\u00f3n de pago.<\/strong><\/td>\n<\/tr>\n<tr class=\"odd\">\n<td><strong>Constancia de alumno regular actualizado<\/strong> &#8211; Sistema Guaran\u00ed <em>(Pesta\u00f1a \u00abTr\u00e1mites\u00bb y luego \u00abSolicitar constancias y certificados\u00bb).<\/em><\/td>\n<\/tr>\n<tr class=\"even\">\n<td><strong>Reporte de materias aprobadas<\/strong> &#8211; Sistema Guaran\u00ed <em>(Pesta\u00f1a \u00abReportes\u00bb y luego \u00abHistoria acad\u00e9mica\u00bb). <\/em><em>&#8211; <\/em>En caso de no tener registro de materias aprobadas adjuntar un archivo word\/pdf con el mensaje \u00abSin historia acad\u00e9mica registrada en Sistema Guaran\u00ed\u00bb.<\/td>\n<\/tr>\n<\/tbody>\n<\/table>\n<p>&nbsp;<\/p>\n<blockquote>\n<h3><span style=\"color: #ffffff\"><strong>Consultas<\/strong><\/span><\/h3>\n<\/blockquote>\n<ul>\n<li>Secretar\u00eda de Doctorado: <a href=\"mailto:doctorar@ffyh.unc.edu.ar\" target=\"_blank\" rel=\"noopener noreferrer\">doctorar@ffyh.unc.edu.ar<\/a><\/li>\n<li>\u00c1rea Contable:\u00a0<a href=\"mailto:robertomassin@ffyh.unc.edu.ar\" target=\"_blank\" rel=\"noopener noreferrer\">robertomassin@ffyh.unc.edu.ar<\/a><\/li>\n<li>Sistema Guaran\u00ed: <a href=\"mailto:despacho-posgrado@ffyh.unc.edu.ar\">despacho-posgrado@ffyh.unc.edu.ar<\/a><\/li>\n<\/ul>\n<hr \/>\n<blockquote>\n<h3 style=\"text-align: left\"><span style=\"color: #ffffff\"><strong>SIGEVA-UNC<\/strong><\/span><\/h3>\n<\/blockquote>\n<ul>\n<li><strong>Instructivo &#8211; Manual de Usuario:<\/strong><a href=\"http:\/\/convocatorias.conicet.gov.ar\/wp-content\/uploads\/sites\/3\/Manual-Banco-de-Datos-CyT_v2.pdf\" target=\"_blank\" rel=\"noopener noreferrer\"><strong> descargar<\/strong><\/a><\/li>\n<li>Les postulantes, al iniciar sesi\u00f3n en SIGEVA-UNC, tendr\u00e1n disponibles dos \u201croles\u201d:<\/li>\n<\/ul>\n<table border=\"0\" width=\"700\" align=\"center\" bgcolor=\"#AFD0D7\">\n<tbody>\n<tr bgcolor=\"FFFFFF\">\n<td><a href=\"http:\/\/sigeva.unc.edu.ar\/auth\/servlet\/auth.conicet.MenuDriver?p1=4\">Usuarie banco de datos de actividades de CyT<\/a>: se registran datos personales y antecedentes acad\u00e9micos.<\/td>\n<\/tr>\n<\/tbody>\n<\/table>\n<table border=\"0\" width=\"700\" align=\"center\" bgcolor=\"#AFD0D7\">\n<tbody>\n<tr bgcolor=\"FFFFFF\">\n<td><\/td>\n<td><a href=\"http:\/\/sigeva.unc.edu.ar\/auth\/servlet\/auth.conicet.MenuDriver?p1=5\">Usuarie presentaci\u00f3n\/solicitud<\/a>: para realizar el Informe de Avance de Doctorado (ver la siguiente imagen).<\/td>\n<\/tr>\n<\/tbody>\n<\/table>\n<p>&nbsp;<\/p>\n<p><img fetchpriority=\"high\" decoding=\"async\" class=\"wp-image-7898 aligncenter\" src=\"http:\/\/ffyh.unc.edu.ar\/posgrado\/wp-content\/uploads\/sites\/3\/2021\/05\/convocatorias-vigentes-sigeva.png\" alt=\"\" width=\"749\" height=\"353\" srcset=\"https:\/\/ffyh.unc.edu.ar\/posgrado\/wp-content\/uploads\/sites\/3\/2021\/05\/convocatorias-vigentes-sigeva.png 1093w, https:\/\/ffyh.unc.edu.ar\/posgrado\/wp-content\/uploads\/sites\/3\/2021\/05\/convocatorias-vigentes-sigeva-300x142.png 300w, https:\/\/ffyh.unc.edu.ar\/posgrado\/wp-content\/uploads\/sites\/3\/2021\/05\/convocatorias-vigentes-sigeva-1024x483.png 1024w, https:\/\/ffyh.unc.edu.ar\/posgrado\/wp-content\/uploads\/sites\/3\/2021\/05\/convocatorias-vigentes-sigeva-768x363.png 768w\" sizes=\"(max-width: 749px) 100vw, 749px\" \/><\/p>\n<ul>\n<li>El Director y Co\/Director deber\u00e1n vincularse al Informe de Avance de acuerdo al siguiente instructivo: <a href=\"http:\/\/ffyh.unc.edu.ar\/posgrado\/wp-content\/uploads\/sites\/3\/2011\/03\/Instructivo-carga-director-beca-SIGEVA.pdf\" target=\"_blank\" rel=\"noopener noreferrer\">descargar<\/a><\/li>\n<li>Al completar el Informe de Avance se solicitar\u00e1 consignar un Lugar de Trabajo propuesto. Para dicho \u00edtem se deber\u00e1 seleccionar la siguiente opci\u00f3n: \u201c<i><b>Universidad Nacional de C\u00f3rdoba-Facultad de Filosof\u00eda y Humanidades\u201d <\/b><\/i>incorporando la informaci\u00f3n que se detalla a continuaci\u00f3n<em>:<\/em><\/li>\n<\/ul>\n<p><a href=\"http:\/\/ffyh.unc.edu.ar\/posgrado\/wp-content\/uploads\/sites\/3\/2011\/03\/Lugar-de-Trabajo.jpg\">\u00a0<img decoding=\"async\" class=\"aligncenter size-full wp-image-5451\" src=\"http:\/\/ffyh.unc.edu.ar\/posgrado\/wp-content\/uploads\/sites\/3\/2011\/03\/Lugar-de-Trabajo.jpg\" alt=\"Lugar de Trabajo\" width=\"750\" height=\"305\" srcset=\"https:\/\/ffyh.unc.edu.ar\/posgrado\/wp-content\/uploads\/sites\/3\/2011\/03\/Lugar-de-Trabajo.jpg 750w, https:\/\/ffyh.unc.edu.ar\/posgrado\/wp-content\/uploads\/sites\/3\/2011\/03\/Lugar-de-Trabajo-300x122.jpg 300w\" sizes=\"(max-width: 750px) 100vw, 750px\" \/><\/a>En el campo \u00abautoridad del lugar de trabajo\u00bb deber\u00e1n consignar la siguiente informaci\u00f3n:<br \/>\nApellido\/s: CERD\u00c1<br \/>\nNombre\/s: CELESTE<br \/>\nCargo que desempe\u00f1a: SECRETARIA<br \/>\nTel\u00e9fono: 5353610 int 50025<\/p>\n<hr \/>\n<blockquote><p><span style=\"color: #ffffff\"><strong>IMPORTAR DATOS DESDE CVAR O SIGEVA CONICET<\/strong><\/span><\/p><\/blockquote>\n<p>Los postulantes que tengan CV cargado en CVAR o CONICET podr\u00e1n importar sus datos a SIGEVA-UNC, seg\u00fan el siguiente instructivo: <a href=\"https:\/\/drive.google.com\/file\/d\/0B7UfXNY2zqoDNkJjYzU4cXZEY2c\/view?usp=sharing\" target=\"_blank\" rel=\"noopener noreferrer\">descargar<\/a><\/p>\n<p>&nbsp;<\/p>\n","protected":false},"excerpt":{"rendered":"<p>A\u00f1o 2026 Fecha de presentaci\u00f3n: 1 al 31 de mayo de 2026 El env\u00edo del informe de avance anual se<\/p>\n","protected":false},"author":5,"featured_media":0,"parent":27,"menu_order":2,"comment_status":"closed","ping_status":"closed","template":"","meta":{"_acf_changed":false,"colormag_page_container_layout":"default_layout","colormag_page_sidebar_layout":"default_layout","footnotes":""},"class_list":["post-5571","page","type-page","status-publish","hentry"],"acf":[],"jetpack_sharing_enabled":true,"_links":{"self":[{"href":"https:\/\/ffyh.unc.edu.ar\/posgrado\/wp-json\/wp\/v2\/pages\/5571","targetHints":{"allow":["GET"]}}],"collection":[{"href":"https:\/\/ffyh.unc.edu.ar\/posgrado\/wp-json\/wp\/v2\/pages"}],"about":[{"href":"https:\/\/ffyh.unc.edu.ar\/posgrado\/wp-json\/wp\/v2\/types\/page"}],"author":[{"embeddable":true,"href":"https:\/\/ffyh.unc.edu.ar\/posgrado\/wp-json\/wp\/v2\/users\/5"}],"replies":[{"embeddable":true,"href":"https:\/\/ffyh.unc.edu.ar\/posgrado\/wp-json\/wp\/v2\/comments?post=5571"}],"version-history":[{"count":52,"href":"https:\/\/ffyh.unc.edu.ar\/posgrado\/wp-json\/wp\/v2\/pages\/5571\/revisions"}],"predecessor-version":[{"id":12969,"href":"https:\/\/ffyh.unc.edu.ar\/posgrado\/wp-json\/wp\/v2\/pages\/5571\/revisions\/12969"}],"up":[{"embeddable":true,"href":"https:\/\/ffyh.unc.edu.ar\/posgrado\/wp-json\/wp\/v2\/pages\/27"}],"wp:attachment":[{"href":"https:\/\/ffyh.unc.edu.ar\/posgrado\/wp-json\/wp\/v2\/media?parent=5571"}],"curies":[{"name":"wp","href":"https:\/\/api.w.org\/{rel}","templated":true}]}}