{"id":5582,"date":"2017-04-27T17:19:19","date_gmt":"2017-04-27T17:19:19","guid":{"rendered":"http:\/\/www.ffyh.unc.edu.ar\/posgrado\/?page_id=5582"},"modified":"2025-12-12T15:54:50","modified_gmt":"2025-12-12T15:54:50","slug":"inscripciondoctorado","status":"publish","type":"page","link":"https:\/\/ffyh.unc.edu.ar\/posgrado\/doctorados\/inscripciondoctorado\/","title":{"rendered":"Inscripci\u00f3n Doctorado"},"content":{"rendered":"<h4><\/h4>\n<hr \/>\n<h5><span style=\"font-family: arial, sans-serif\"><span style=\"color: #000000\"><span style=\"color: #ff0000\">|<\/span> Orientaciones administrativas: <\/span><a href=\"http:\/\/ffyh.unc.edu.ar\/posgrado\/wp-content\/uploads\/sites\/3\/2023\/05\/Jornada-bienvenida-Doctorado-2022.pptx.pdf\"><span style=\"color: #800080\">consultar<\/span><\/a><\/span><\/h5>\n<hr \/>\n<blockquote>\n<h4><span style=\"color: #cc99ff\"><strong>Convocatoria anual<\/strong><\/span><\/h4>\n<\/blockquote>\n<h5><strong><span style=\"color: #000000\">\u00a0Inscripci\u00f3n 2026<\/span><\/strong><\/h5>\n<h6><strong><span style=\"color: #000080\"><span style=\"color: #ff0000\">ETAPA I:<\/span> Inscripci\u00f3n digital SIGEVA: 1<\/span><span style=\"color: #000080\"><span style=\"color: #000000\"> al 29 junio<br \/>\n<\/span><\/span><\/strong><\/h6>\n<h6><strong><span style=\"color: #000080\"><span style=\"color: #ff0000\">ETAPA II:<\/span> Env\u00edo digital documentaci\u00f3n por Mesa de Entrada FFYH:\u00a0 <\/span><\/strong><strong>1 al 29 junio <span style=\"color: #000080\"><span style=\"color: #000000\">al correo <a href=\"mailto:mesadeentradas@ffyh.unc.edu.ar\">mesadeentradas@ffyh.unc.edu.ar<\/a><\/span><\/span><\/strong><\/h6>\n<p>A continuaci\u00f3n se brindan precisiones de ambas etapas.<\/p>\n<blockquote>\n<h4><span style=\"color: #ffffff\"><strong>Carreras:<\/strong><\/span><\/h4>\n<\/blockquote>\n<ul>\n<li>\n<h6><strong><span style=\"color: #993300\">Doctorado en Ciencias Antropol\u00f3gicas:<\/span> <a href=\"http:\/\/www.ffyh.unc.edu.ar\/posgrado\/doctorados\/doctorado-en-ciencias-antropologicas\/\" target=\"_blank\" rel=\"noopener noreferrer\">detalles de la carrera<\/a>\u00a0<\/strong><\/h6>\n<\/li>\n<li>\n<h6><strong><span style=\"color: #993300\">Doctorado en Ciencias de la Educaci\u00f3n:<\/span>\u00a0<a href=\"http:\/\/www.ffyh.unc.edu.ar\/posgrado\/doctorados\/doctorado-en-ciencias-de-la-educacion\/\" target=\"_blank\" rel=\"noopener noreferrer\">detalles de la carrera<\/a><\/strong><\/h6>\n<\/li>\n<li>\n<h6><strong><span style=\"color: #993300\">Doctorado en Filosof\u00eda:<\/span>\u00a0<a href=\"http:\/\/www.ffyh.unc.edu.ar\/posgrado\/doctorados\/doctorado-en-filosofia\/\" target=\"_blank\" rel=\"noopener noreferrer\">detalles de la carrera<\/a><\/strong><\/h6>\n<\/li>\n<li>\n<h6><strong><span style=\"color: #993300\">Doctorado en Historia:<\/span>\u00a0<a href=\"http:\/\/www.ffyh.unc.edu.ar\/posgrado\/doctorados\/doctorado-en-historia\/\" target=\"_blank\" rel=\"noopener noreferrer\">detalles de la carrera<\/a><\/strong><\/h6>\n<\/li>\n<li>\n<h6><strong><span style=\"color: #993300\">Doctorado en Letras:<\/span>\u00a0<a href=\"http:\/\/www.ffyh.unc.edu.ar\/posgrado\/doctorados\/doctorado-en-letras\/\" target=\"_blank\" rel=\"noopener noreferrer\">detalles de la carrera<\/a><\/strong><\/h6>\n<\/li>\n<\/ul>\n<p>&nbsp;<\/p>\n<blockquote>\n<h4><span style=\"color: #ffffff\"><strong>Antes de iniciar, tener en cuenta:<\/strong><\/span><\/h4>\n<\/blockquote>\n<ul>\n<li>\n<h6><strong>Reglamento:<\/strong> <a href=\"http:\/\/ffyh.unc.edu.ar\/posgrado\/wp-content\/uploads\/sites\/3\/2023\/10\/1612-23-Reglamento-Doctorados.pdf\"><strong>descargar<\/strong><\/a><\/h6>\n<\/li>\n<li>\n<h6><strong>Informaci\u00f3n general: <a href=\"https:\/\/ffyh.unc.edu.ar\/posgrado\/doctorados\/informacion-general\/\" target=\"_blank\" rel=\"noopener noreferrer\">consultar<\/a><\/strong><\/h6>\n<\/li>\n<li>\n<h6><strong>Alumnos extranjeros: <a href=\"https:\/\/ffyh.unc.edu.ar\/posgrado\/alumnos-extranjeros\/extranjeros\/\" target=\"_blank\" rel=\"noopener noreferrer\">consultar<\/a><\/strong><\/h6>\n<\/li>\n<\/ul>\n<blockquote>\n<h4><span style=\"color: #ffffff\"><strong>ETAPA I:\u00a0 INSCRIPCI\u00d3N SIGEVA<\/strong><\/span><\/h4>\n<\/blockquote>\n<table width=\"570\">\n<tbody>\n<tr>\n<td width=\"299\">\n<h3><span style=\"color: #000080\"><b>Versi\u00f3n digital: 1<\/b><\/span><strong><span style=\"color: #000080\"><span style=\"color: #000000\"> al 29 de junio de 2026<\/span><\/span><\/strong><\/h3>\n<\/td>\n<\/tr>\n<tr>\n<td width=\"299\"><strong><span style=\"color: #000000\">Ingresar a Sigeva<\/span> <\/strong>(<strong><a href=\"http:\/\/sigeva.unc.edu.ar\/\" target=\"_blank\" rel=\"noopener noreferrer\">sigeva.unc.edu.ar)<\/a> y completar los siguientes formularios:<\/strong><\/td>\n<\/tr>\n<tr>\n<td width=\"299\">\n<ul>\n<li>Banco de Datos (en el que se cargan los datos del curr\u00edculum vitae, ingresando en el rol \u00abUsuario banco de datos de actividades de CyT).<\/li>\n<li>Solicitud de Inscripci\u00f3n Doctorado (ingresando al rol \u00abUsuario presentaci\u00f3n\/solicitud\u00bb).<\/li>\n<\/ul>\n<\/td>\n<\/tr>\n<tr>\n<td width=\"299\"><strong>Director y Codirector (si corresponde) debe\/n ingresar a\u00a0Sigeva (<a href=\"http:\/\/sigeva.unc.edu.ar\/\" target=\"_blank\" rel=\"noopener noreferrer\">sigeva.unc.edu.ar)<\/a>\u00a0para:<\/strong><\/td>\n<\/tr>\n<tr>\n<td width=\"299\">\n<ul>\n<li>Completar el formulario Banco de Datos (en el que se cargan los datos del curr\u00edculum vitae, ingresando en el rol \u00abUsuario banco de datos de actividades de CyT\u00bb)<\/li>\n<li>Entrar a la solapa \u00abTr\u00e1mite\u00bb que se encuentra en el rol \u00abUsuario banco de datos de actividades de CyT\u00bb y deber\u00e1n ingresar el c\u00f3digo de tr\u00e1mite de la beca (dato provisto por el postulante) en el espacio asignado, seg\u00fan las siguientes instrucciones:\u00a0<a href=\"http:\/\/ffyh.unc.edu.ar\/posgrado\/wp-content\/uploads\/sites\/3\/2011\/03\/Instructivo-carga-director-beca-SIGEVA.pdf\" target=\"_blank\" rel=\"noopener noreferrer\">descargar<\/a><\/li>\n<\/ul>\n<p><em><strong><span style=\"color: #800080\">Aclaraciones importantes:\u00a0<\/span><br \/>\n<\/strong><span style=\"color: #000000\"><span dir=\"ltr\" role=\"presentation\">El\/la Director\/a y Co-director\/a de la tesis deber\u00e1n poseer t\u00edtulo de Doctor\/a en <\/span><span dir=\"ltr\" role=\"presentation\">el \u00e1rea y deber\u00e1n contar con antecedentes acad\u00e9micos, de investigaci\u00f3n y de formaci\u00f3n en el <\/span><span dir=\"ltr\" role=\"presentation\">\u00e1rea del Doctorado. El\/la Director\/a o el\/la Co-director\/a deber\u00e1 ser o haber sido profesor\/a <\/span><span dir=\"ltr\" role=\"presentation\">regular (titular, asociado\/a o adjunto\/a) o auxiliar (asistente) concursado\/a de alguna universidad <\/span><span dir=\"ltr\" role=\"presentation\">nacional o extranjera. Al menos uno\/a de los\/as dos, deber\u00e1 ser o haber sido profesor\/a regular o <\/span><span dir=\"ltr\" role=\"presentation\">auxiliar concursado\/a de la UNC<\/span>. (Art. 22 HCS N\u00b0 1612\/2023 y HCD-FFYH Res. N\u00ba 330\/2023).<\/span><br \/>\n<\/em><\/p>\n<p><span style=\"color: #000000\"><em>Es indispensable que la informaci\u00f3n curricular del postulante, Director y Codirector est\u00e9 actualizada en SIGEVA ya que la evaluaci\u00f3n se realizar\u00e1 exclusivamente sobre la base de la informaci\u00f3n suministrada en ese sistema.<\/em><\/span><\/td>\n<\/tr>\n<tr>\n<td width=\"299\">\n<h6><span style=\"color: #000000\"><strong>Documentaci\u00f3n obligatoria que se deber\u00e1 adjuntar en Sigeva:<\/strong><\/span><\/h6>\n<ul>\n<li><strong><strong>Proyecto (no m\u00e1s de 10 p\u00e1ginas)<\/strong><\/strong><\/li>\n<\/ul>\n<p>&nbsp;<\/p>\n<ul>\n<li><strong>Comprobante Pre inscripci\u00f3n Guaran\u00ed<\/strong><br \/>\n-Inscriptos con Sistema Guaran\u00ed: <a href=\"https:\/\/autogestion.guarani.unc.edu.ar\/\">https:\/\/autogestion.guarani.unc.edu.ar\/<\/a> (pesta\u00f1a \u00abtramites\u00bb y luego \u00abpreinscripci\u00f3n a propuesta\u00bb). Al finalizar la pre-inscripci\u00f3n realizar una captura de pantalla, la cual deber\u00e1 ser adjuntada en Sigeva.<br \/>\n-Inscriptos sin Sistema Guaran\u00ed: <a href=\"https:\/\/preinscripcion.guarani.unc.edu.ar\/preinscripcion\/\" target=\"_blank\" rel=\"noopener noreferrer\">https:\/\/preinscripcion.guarani.unc.edu.ar\/preinscripcion\/<\/a><\/li>\n<\/ul>\n<p>&nbsp;<\/p>\n<ul>\n<li><strong>Comprobante de pago de matr\u00edcula al Doctorado<br \/>\n<\/strong>Generar cup\u00f3n de pago: <a href=\"https:\/\/preinscripcion.sanaviron.unc.edu.ar\/preins_con_ws\/login_documento-rss.php?from=\/preins_con_ws\/cursos-G6523979-25-50-100-inscripcion-doctorado-2025.html&amp;reason=&amp;tipo_doc=&amp;nro_doc=&amp;actividad_id=G6523979-25-50-100-inscripcion-doctorado\"><strong>ingresar<\/strong><\/a>\u00a0 \u00a0(<i><a href=\"http:\/\/ffyh.unc.edu.ar\/posgrado\/wp-content\/uploads\/sites\/3\/2024\/06\/INSTRUCTIVO-PARA-INSCRIPCION-Y-PAGO.pdf\">ver instructivo<\/a>)<\/i><br \/>\nSolicitud de descuentos: En el caso de solicitar descuento, seg\u00fan Resoluci\u00f3n HCD-FFYH N\u00ba 2\/2018 (<a href=\"http:\/\/ffyh.unc.edu.ar\/posgrado\/wp-content\/uploads\/sites\/3\/2018\/03\/RES_2_2018.pdf\" target=\"_blank\" rel=\"noopener noreferrer\">ver<\/a>) se deber\u00e1 realizar un pedido online: <a href=\"https:\/\/ffyh.unc.edu.ar\/posgrado\/pago-de-aranceles-y-cuotas\/\">ingresar<\/a>.<\/li>\n<\/ul>\n<p>&nbsp;<\/p>\n<ul>\n<li><strong>Copia de t\u00edtulo y anal\u00edtico de grado<br \/>\n<\/strong>En caso de no contar con el mismo podr\u00e1n presentar certificado anal\u00edtico. Luego ser\u00e1 solicitado oportunamente. <span style=\"color: #000000\"><em>Para alumnos extranjeros:<\/em><\/span> Diploma de la carrera de grado y Certificado Anal\u00edtico de materias aprobadas. Deben presentar el original y copia autenticados por la universidad que los emiti\u00f3 y legalizados por el Ministerio de Educaci\u00f3n, Relaciones Exteriores del pa\u00eds de origen y Embajada o Consulado Argentino en dicho pa\u00eds, o bien en su reemplazo la Apostilla de la Haya. Si los certificados no est\u00e1n en castellano deben ser traducidos al espa\u00f1ol por el Colegio de Traductores P\u00fablicos de la Provincia de C\u00f3rdoba.<strong><br \/>\n<\/strong><\/li>\n<\/ul>\n<p>&nbsp;<\/p>\n<ul>\n<li><strong>Copia de DNI &#8211; CI &#8211; Pasaporte<\/strong><\/li>\n<\/ul>\n<\/td>\n<\/tr>\n<tr>\n<td width=\"299\">\n<ul>\n<li><strong>Otros documentos (opcional): <\/strong>ver art. 15 del <a href=\"https:\/\/ffyh.unc.edu.ar\/posgrado\/wp-content\/uploads\/sites\/3\/2023\/10\/1612-23-Reglamento-Doctorados.pdf\">Reglamento de Doctorado.<\/a><\/li>\n<\/ul>\n<\/td>\n<\/tr>\n<\/tbody>\n<\/table>\n<blockquote>\n<h4><span style=\"color: #ffffff\"><strong>ETAPA II &#8211; PRESENTACI\u00d3N DIGITAL EN MESA DE ENTRADA<\/strong><\/span><\/h4>\n<\/blockquote>\n<table width=\"570\">\n<tbody>\n<tr>\n<td width=\"299\">\n<h3 style=\"text-align: left\"><span style=\"color: #000080\"><b>Fecha: 1<\/b><\/span><strong><span style=\"color: #000080\"><span style=\"color: #000000\"> al 29 de junio de 2026<\/span><\/span><\/strong><\/h3>\n<p><span style=\"color: #000000\"><strong>Enviar la siguiente documentaci\u00f3n en formato PDF (No Word, ni jpg, ni ning\u00fan otro formato) por correo electr\u00f3nico a Mesa de Entrada<\/strong><\/span> Facultad de Filosof\u00eda y Humanidades: <a href=\"mailto:mesadeentradas@ffyh.unc.edu.ar\">mesadeentradas@ffyh.unc.edu.ar<\/a><\/td>\n<\/tr>\n<tr>\n<td width=\"299\"><span style=\"color: #000000\"><strong>1. Formulario Sigeva<\/strong> <\/span>(<strong><a href=\"http:\/\/sigeva.unc.edu.ar\/\" target=\"_blank\" rel=\"noopener noreferrer\">sigeva.unc.edu.ar<\/a>)\u00a0<\/strong>firmado por postulante, Director y Co-Director si posee<\/td>\n<\/tr>\n<tr>\n<td width=\"299\"><strong><span style=\"color: #000000\">2. Proyecto<\/span> (no m\u00e1s de 10 p\u00e1ginas)<\/strong><\/td>\n<\/tr>\n<tr>\n<td width=\"299\"><span style=\"color: #000000\"><strong>3. Copia fiel de T\u00edtulo Acad\u00e9mico<br \/>\n<\/strong><\/span>Quien tenga el t\u00edtulo en tr\u00e1mite podr\u00e1 presentar certificado anal\u00edtico. Luego se solicitar\u00e1 oportunamente la copia del diploma.<\/td>\n<\/tr>\n<tr>\n<td width=\"299\"><span style=\"color: #000000\"><strong>4. Ficha de pre-inscripci\u00f3n a Sistema Guaran\u00ed<\/strong><\/span><\/td>\n<\/tr>\n<tr>\n<td width=\"299\"><span style=\"font-weight: 400\"><span style=\"color: #000000\"><strong>5. Fotocopia de DNI<br \/>\n<\/strong><\/span><\/span><span style=\"color: #000000\"><em>Para alumnos extranjeros sin DNI Argentino:\u00a0<\/em><\/span>Copia del pasaporte vigente \u00f3 c\u00e9dula de identidad del pa\u00eds de origen.<\/p>\n<hr \/>\n<p><span style=\"color: #000000\"><strong>6. Comprobante de pago matr\u00edcula.<\/strong><\/span><\/td>\n<\/tr>\n<tr>\n<td width=\"299\"><span style=\"font-weight: 400\"><span style=\"color: #000000\"><strong>7. Certificado de Espa\u00f1ol como Lengua Extranjera (CELU)<\/strong>:<\/span> solo p<\/span><span style=\"font-weight: 400\">ara ciudadanos extranjeros no hispanoparlantes.<br \/>\n\u00bfQu\u00e9 es el CELU? <a href=\"https:\/\/drive.google.com\/file\/d\/0B7UfXNY2zqoDaUhiaWUtb01rdVJ5eThDcEhDdjNURm1ERHA4\/view?usp=sharing\" target=\"_blank\" rel=\"noopener noreferrer\">ver<\/a><br \/>\nSolicitar en Facultad de Lenguas, UNC [+ 54 (0351) 433-1073 \/ 75 int 31<br \/>\n<a href=\"mailto:unc.celu@celu.edu.ar\">unc.celu@celu.edu.ar<\/a>\/\u00a0<a href=\"mailto:unc.celu@gmail.com\">unc.celu@gmail.com<\/a>\u00a0\/\u00a0<a href=\"http:\/\/www.celu.edu.ar\/es\">http:\/\/www.celu.edu.ar\/es<\/a>\u00a0]<\/span><\/p>\n<hr \/>\n<p><span style=\"font-weight: 400\"><strong><span style=\"color: #000000\">8. Solo para alumnos extranjeros:\u00a0<\/span><\/strong> Si no est\u00e1n residiendo en el pa\u00eds, es decir solo viajan a realizar los cursos, deben dejar constancia de esta situaci\u00f3n mediante una nota en la Secretar\u00eda de Posgrado.<\/span><\/td>\n<\/tr>\n<\/tbody>\n<\/table>\n<hr \/>\n<h3><span style=\"color: #800080\"><strong>Aranceles<\/strong><\/span><\/h3>\n<p align=\"justify\"><strong>Cuadro de aranceles y eximiciones a contar de febrero de 2026<\/strong><\/p>\n<table width=\"617\" cellspacing=\"0\" cellpadding=\"7\">\n<tbody>\n<tr valign=\"top\">\n<td width=\"134\"><\/td>\n<td width=\"97\">\n<p align=\"justify\"><strong><span lang=\"es-ES\">Inscripci\u00f3n<\/span><\/strong><\/p>\n<\/td>\n<td width=\"118\">\n<p align=\"justify\"><strong><span lang=\"es-ES\">Arancel Anual<\/span><\/strong><\/p>\n<\/td>\n<td width=\"90\">\n<p align=\"justify\"><strong><span lang=\"es-ES\">Cursos de posgrado no estructurados<\/span><\/strong><\/p>\n<\/td>\n<td width=\"106\">\n<p align=\"justify\"><strong><span lang=\"es-ES\">Cursos de doctorado<\/span><\/strong><\/p>\n<\/td>\n<\/tr>\n<tr valign=\"top\">\n<td width=\"134\"><\/td>\n<td width=\"97\">\n<p align=\"justify\"><span lang=\"es-ES\">75.000<\/span><\/p>\n<\/td>\n<td width=\"118\">\n<p align=\"justify\"><span lang=\"es-ES\">150.000<\/span><\/p>\n<\/td>\n<td width=\"90\">\n<p align=\"justify\"><span lang=\"es-ES\">50.000<\/span><\/p>\n<\/td>\n<td width=\"106\">\n<p align=\"justify\"><span lang=\"es-ES\">85.000<\/span><\/p>\n<\/td>\n<\/tr>\n<tr>\n<td colspan=\"5\" valign=\"top\" width=\"601\">\n<p align=\"justify\"><span lang=\"es-ES\">Docentes y no docentes UNC (Reducci\u00f3n del 100%)<\/span><\/p>\n<\/td>\n<\/tr>\n<tr>\n<td colspan=\"5\" valign=\"top\" width=\"601\">\n<p align=\"justify\"><span lang=\"es-ES\">Adscriptos FFyH (<\/span><span lang=\"es-ES\">Reducci\u00f3n 100%)<\/span><\/p>\n<\/td>\n<\/tr>\n<tr valign=\"top\">\n<td width=\"134\">\n<p align=\"justify\"><a name=\"_heading=h.evr0jdxd8pq1\"><\/a><span lang=\"es-ES\">Egresados FFyH <\/span><span lang=\"es-ES\">(Reducci\u00f3n 50%)<\/span><\/p>\n<\/td>\n<td width=\"97\">\n<p align=\"justify\"><span lang=\"es-ES\">37.500<\/span><\/p>\n<\/td>\n<td width=\"118\">\n<p align=\"justify\"><span lang=\"es-ES\">75.000<\/span><\/p>\n<\/td>\n<td width=\"90\">\n<p align=\"justify\"><span lang=\"es-ES\">25.000<\/span><\/p>\n<\/td>\n<td width=\"106\">\n<p align=\"justify\"><span lang=\"es-ES\">42.500<\/span><\/p>\n<\/td>\n<\/tr>\n<tr valign=\"top\">\n<td width=\"134\">\n<p align=\"justify\"><span lang=\"es-ES\">Adscriptos y egresados UNC<\/span><span lang=\"es-ES\"> (Reducci\u00f3n 20%)<\/span><\/p>\n<\/td>\n<td width=\"97\">\n<p align=\"justify\"><span lang=\"es-ES\">60.000<\/span><\/p>\n<\/td>\n<td width=\"118\">\n<p align=\"justify\"><span lang=\"es-ES\">120.000<\/span><\/p>\n<\/td>\n<td width=\"90\">\n<p align=\"justify\"><span lang=\"es-ES\">40.000<\/span><\/p>\n<\/td>\n<td width=\"106\">\n<p align=\"justify\"><span lang=\"es-ES\">68.000<\/span><\/p>\n<\/td>\n<\/tr>\n<tr valign=\"top\">\n<td width=\"134\">\n<p align=\"justify\"><span lang=\"es-ES\">Egresados docentes y adscriptos UNC (no inscriptos en doctorado). Reducci\u00f3n del 10%<\/span><\/p>\n<\/td>\n<td width=\"97\">\n<p align=\"justify\"><span lang=\"es-ES\">68.000<\/span><\/p>\n<\/td>\n<td width=\"118\">\n<p align=\"justify\"><span lang=\"es-ES\">135.000<\/span><\/p>\n<\/td>\n<td width=\"90\">\n<p align=\"justify\"><span lang=\"es-ES\">45.000<\/span><\/p>\n<\/td>\n<td width=\"106\">\n<p align=\"justify\"><span lang=\"es-ES\">75.000<\/span><\/p>\n<\/td>\n<\/tr>\n<tr>\n<td colspan=\"5\" valign=\"top\" width=\"601\">\n<p align=\"justify\"><span lang=\"es-ES\">No docentes FFYH no inscriptos en carrera de doctorado (categor\u00eda 6 y 7) reducci\u00f3n 100%<\/span><\/p>\n<\/td>\n<\/tr>\n<tr valign=\"top\">\n<td width=\"134\">\n<p align=\"justify\"><span lang=\"es-ES\">No docentes FFYH (categor\u00edas restantes) reducci\u00f3n 50%<\/span><\/p>\n<p align=\"justify\"><span lang=\"es-ES\">Cursos no estructurados<\/span><\/p>\n<\/td>\n<td width=\"97\">\n<p align=\"justify\"><span lang=\"es-ES\">37.500<\/span><\/p>\n<\/td>\n<td width=\"118\">\n<p align=\"justify\"><span lang=\"es-ES\">75.000<\/span><\/p>\n<\/td>\n<td width=\"90\">\n<p align=\"justify\"><span lang=\"es-ES\">25.000<\/span><\/p>\n<\/td>\n<td width=\"106\">\n<p align=\"justify\"><span lang=\"es-ES\">42.500<\/span><\/p>\n<\/td>\n<\/tr>\n<tr>\n<td colspan=\"5\" valign=\"top\" width=\"601\">\n<p align=\"justify\"><span lang=\"es-ES\">Becarios Secyt UNC <\/span><span lang=\"es-ES\">(reducci\u00f3n 100%)<\/span><\/p>\n<\/td>\n<\/tr>\n<tr valign=\"top\">\n<td width=\"134\">\n<p align=\"justify\"><span lang=\"es-ES\">Becarios Conicet (<\/span><span lang=\"es-ES\">reducci\u00f3n 50%)<\/span><\/p>\n<\/td>\n<td width=\"97\">\n<p align=\"justify\"><span lang=\"es-ES\">37.500<\/span><\/p>\n<\/td>\n<td width=\"118\">\n<p align=\"justify\"><span lang=\"es-ES\">75.000<\/span><\/p>\n<\/td>\n<td width=\"90\">\n<p align=\"justify\"><span lang=\"es-ES\">25.000<\/span><\/p>\n<\/td>\n<td width=\"106\">\n<p align=\"justify\"><span lang=\"es-ES\">42.500<\/span><\/p>\n<\/td>\n<\/tr>\n<\/tbody>\n<\/table>\n<p><strong>* En caso de no contar con la reducci\u00f3n, deber\u00e1 hacer tr\u00e1mite: <\/strong><a href=\"https:\/\/docs.google.com\/forms\/d\/e\/1FAIpQLSeS-h8q01okJNNR8SGGTXfk248h5N5vaxjbLUpZGajjiD_7iw\/viewform\"><strong>ingresar<\/strong><\/a><\/p>\n<p><strong><em>La aplicaci\u00f3n de reducciones deber\u00e1 tramitarse en el siguiente link: <a href=\"https:\/\/blogs.ffyh.unc.edu.ar\/operativaymesadeentradas\/tramites-on-line\/descuento-eximicion-aranceles-y-cursos-de-doctorado\/\">formulario virtual<\/a> con comprobantes correspondientes:<\/em><\/strong><\/p>\n<div>\n<ul>\n<li><em>Para Docentes y No Docentes UNC: presentar Resoluci\u00f3n de designaci\u00f3n<\/em><\/li>\n<li><em>Adscriptos FFYH: presentar Resoluci\u00f3n de designaci\u00f3n y al finalizar la adscripci\u00f3n, presentar resoluci\u00f3n de aprobaci\u00f3n.<\/em><\/li>\n<li><em>Egresados FFyH: copia de t\u00edtulo o constancia de t\u00edtulo en tr\u00e1mite.<\/em><\/li>\n<li><em>Adscriptos UNC:\u00a0presentar Resoluci\u00f3n de designaci\u00f3n y al finalizar la adscripci\u00f3n, presentar resoluci\u00f3n de aprobaci\u00f3n.<\/em><\/li>\n<li><em>Egresado UNC:\u00a0copia de t\u00edtulo o constancia de t\u00edtulo en tr\u00e1mite.<\/em><\/li>\n<\/ul>\n<\/div>\n<p>&nbsp;<\/p>\n<hr \/>\n<blockquote>\n<h4><span style=\"color: #ffffff\"><strong>\u00bfC\u00f3mo realizar la postulaci\u00f3n en SIGEVA-UNC?<\/strong><\/span><\/h4>\n<\/blockquote>\n<p><strong>1.<\/strong> Los interesados\u00a0deben\u00a0generar usuario o ingresar a SIGEVA-UNC: <a href=\"http:\/\/sigeva.unc.edu.ar\/\" target=\"_blank\" rel=\"noopener noreferrer\"><strong>sigeva.unc.edu.ar<\/strong><\/a>\u00a0a los fines de registrar sus Datos Personales y postularse a la carrera elegida. <strong>Instructivo SIGEVA-UNC:<\/strong><a href=\"http:\/\/convocatorias.conicet.gov.ar\/wp-content\/uploads\/sites\/3\/Manual-Banco-de-Datos-CyT_v2.pdf\" target=\"_blank\" rel=\"noopener noreferrer\"><strong> descargar<\/strong><br \/>\n<\/a><br \/>\n<strong> 2.<\/strong> Al iniciar sesi\u00f3n en SIGEVA-UNC, tendr\u00e1n disponibles dos \u201croles\u201d:<\/p>\n<table style=\"height: 23px\" border=\"0\" width=\"521\" align=\"center\" bgcolor=\"#AFD0D7\">\n<tbody>\n<tr bgcolor=\"FFFFFF\">\n<td><a href=\"http:\/\/sigeva.unc.edu.ar\/auth\/servlet\/auth.conicet.MenuDriver?p1=4\">Usuario banco de datos de actividades de CyT:<\/a>\u00a0el postulante deber\u00e1 registrar datos personales y antecedentes acad\u00e9micos.<\/td>\n<\/tr>\n<\/tbody>\n<\/table>\n<table style=\"height: 20px\" border=\"0\" width=\"532\" align=\"center\" bgcolor=\"#AFD0D7\">\n<tbody>\n<tr bgcolor=\"FFFFFF\">\n<td><\/td>\n<td><a href=\"http:\/\/sigeva.unc.edu.ar\/auth\/servlet\/auth.conicet.MenuDriver?p1=5\">Usuario presentaci\u00f3n\/solicitud<\/a>:\u00a0se postula a la inscripci\u00f3n de\u00a0carreras de Doctorado, tal como se muestra en la siguiente imagen:<\/td>\n<\/tr>\n<\/tbody>\n<\/table>\n<p><a href=\"http:\/\/ffyh.unc.edu.ar\/posgrado\/wp-content\/uploads\/sites\/3\/2011\/03\/Convocatoria.jpg\"><img fetchpriority=\"high\" decoding=\"async\" class=\"aligncenter size-full wp-image-5453\" src=\"http:\/\/ffyh.unc.edu.ar\/posgrado\/wp-content\/uploads\/sites\/3\/2011\/03\/Convocatoria.jpg\" alt=\"Convocatoria\" width=\"1000\" height=\"569\" srcset=\"https:\/\/ffyh.unc.edu.ar\/posgrado\/wp-content\/uploads\/sites\/3\/2011\/03\/Convocatoria.jpg 1000w, https:\/\/ffyh.unc.edu.ar\/posgrado\/wp-content\/uploads\/sites\/3\/2011\/03\/Convocatoria-300x171.jpg 300w, https:\/\/ffyh.unc.edu.ar\/posgrado\/wp-content\/uploads\/sites\/3\/2011\/03\/Convocatoria-768x437.jpg 768w\" sizes=\"(max-width: 1000px) 100vw, 1000px\" \/><\/a><\/p>\n<p><strong>3<\/strong>. Luego de postularse a la carrera de doctorado, se deber\u00e1 completar todas las pesta\u00f1as solicitadas<\/p>\n<p><strong>4.<\/strong> Director y Co-Director (si posee) deben tener usuario en SIGEVA-UNC. En el siguiente instructivo se explica el procedimiento de vinculaci\u00f3n: <a href=\"http:\/\/ffyh.unc.edu.ar\/posgrado\/wp-content\/uploads\/sites\/3\/2011\/03\/Instructivo-carga-director-beca-SIGEVA.pdf\" target=\"_blank\" rel=\"noopener noreferrer\">descargar<\/a><\/p>\n<p><strong>5.<\/strong> Los postulantes que tengan CV cargado en CVAR o CONICET podr\u00e1n importar sus datos a SIGEVA-UNC, seg\u00fan el siguiente instructivo: <a href=\"https:\/\/drive.google.com\/file\/d\/0B7UfXNY2zqoDNkJjYzU4cXZEY2c\/view?usp=sharing\" target=\"_blank\" rel=\"noopener noreferrer\">descargar<\/a><\/p>\n<p>&nbsp;<\/p>\n<blockquote>\n<h4><strong>Aclaraci\u00f3n sobre el \u00edtem \u00abLugar de Trabajo\u00bb:<\/strong><\/h4>\n<\/blockquote>\n<p>En el \u00edtem SOLICITUD- <u>Lugar de Trabajo Propuesto<\/u> debe decir \u201c<i><b>Universidad Nacional de C\u00f3rdoba-Facultad de Filosof\u00eda y Humanidades\u201d <\/b><\/i>incorporando la informaci\u00f3n que se detalla a continuaci\u00f3n<em>:<\/em><\/p>\n<p><a href=\"http:\/\/ffyh.unc.edu.ar\/posgrado\/wp-content\/uploads\/sites\/3\/2011\/03\/Lugar-de-Trabajo.jpg\"><img decoding=\"async\" class=\"aligncenter size-full wp-image-5451\" src=\"http:\/\/ffyh.unc.edu.ar\/posgrado\/wp-content\/uploads\/sites\/3\/2011\/03\/Lugar-de-Trabajo.jpg\" alt=\"Lugar de Trabajo\" width=\"750\" height=\"305\" srcset=\"https:\/\/ffyh.unc.edu.ar\/posgrado\/wp-content\/uploads\/sites\/3\/2011\/03\/Lugar-de-Trabajo.jpg 750w, https:\/\/ffyh.unc.edu.ar\/posgrado\/wp-content\/uploads\/sites\/3\/2011\/03\/Lugar-de-Trabajo-300x122.jpg 300w\" sizes=\"(max-width: 750px) 100vw, 750px\" \/><\/a><strong>En el campo \u00abConformidad de la m\u00e1xima autoridad del lugar de trabajo\u00bb deber\u00e1n consignar los siguientes datos:<\/strong><\/p>\n<ul>\n<li><em>Apellido: Castro<\/em><br \/>\n<em>Nombre\/s: Alejandra<\/em><br \/>\n<em>Cargo que desempe\u00f1a: Decana<\/em><br \/>\n<em>Tel\u00e9fono: 03515353610<\/em><br \/>\n<em>E-mail: postfilo@ffyh.unc.edu.ar<\/em><\/li>\n<\/ul>\n<p>&nbsp;<\/p>\n<blockquote><p><strong>Al imprimir el formulario Sigeva no ser\u00e1 necesario firmar el campo \u201clugar de trabajo\u201d<\/strong><\/p><\/blockquote>\n<p>&nbsp;<\/p>\n<blockquote>\n<h5><span style=\"color: #ffffff\"><strong>Consultas:<\/strong><\/span><\/h5>\n<\/blockquote>\n<p>-Secretar\u00eda de Doctorado: <a href=\"mailto:doctorar@ffyh.unc.edu.ar\" target=\"_blank\" rel=\"noopener noreferrer\">doctorar@ffyh.unc.edu.ar<\/a><a href=\"mailto:doctorar@ffyh.unc.edu.ar\" target=\"_blank\" rel=\"noopener noreferrer\"><br \/>\n<\/a>-\u00c1rea Contable:\u00a0<a href=\"mailto:robertomassin@ffyh.unc.edu.ar\" target=\"_blank\" rel=\"noopener noreferrer\">robertomassin@ffyh.unc.edu.ar<\/a><br \/>\n&#8211; Sistema Guaran\u00ed: <a href=\"mailto:despacho-posgrado@ffyh.unc.edu.ar\">despacho-posgrado@ffyh.unc.edu.ar<\/a><\/p>\n","protected":false},"excerpt":{"rendered":"<p>| Orientaciones administrativas: consultar Convocatoria anual \u00a0Inscripci\u00f3n 2026 ETAPA I: Inscripci\u00f3n digital SIGEVA: 1 al 29 junio ETAPA II: Env\u00edo<\/p>\n","protected":false},"author":5,"featured_media":0,"parent":27,"menu_order":0,"comment_status":"closed","ping_status":"closed","template":"","meta":{"_acf_changed":false,"colormag_page_container_layout":"default_layout","colormag_page_sidebar_layout":"default_layout","footnotes":""},"class_list":["post-5582","page","type-page","status-publish","hentry"],"acf":[],"jetpack_sharing_enabled":true,"_links":{"self":[{"href":"https:\/\/ffyh.unc.edu.ar\/posgrado\/wp-json\/wp\/v2\/pages\/5582","targetHints":{"allow":["GET"]}}],"collection":[{"href":"https:\/\/ffyh.unc.edu.ar\/posgrado\/wp-json\/wp\/v2\/pages"}],"about":[{"href":"https:\/\/ffyh.unc.edu.ar\/posgrado\/wp-json\/wp\/v2\/types\/page"}],"author":[{"embeddable":true,"href":"https:\/\/ffyh.unc.edu.ar\/posgrado\/wp-json\/wp\/v2\/users\/5"}],"replies":[{"embeddable":true,"href":"https:\/\/ffyh.unc.edu.ar\/posgrado\/wp-json\/wp\/v2\/comments?post=5582"}],"version-history":[{"count":138,"href":"https:\/\/ffyh.unc.edu.ar\/posgrado\/wp-json\/wp\/v2\/pages\/5582\/revisions"}],"predecessor-version":[{"id":12598,"href":"https:\/\/ffyh.unc.edu.ar\/posgrado\/wp-json\/wp\/v2\/pages\/5582\/revisions\/12598"}],"up":[{"embeddable":true,"href":"https:\/\/ffyh.unc.edu.ar\/posgrado\/wp-json\/wp\/v2\/pages\/27"}],"wp:attachment":[{"href":"https:\/\/ffyh.unc.edu.ar\/posgrado\/wp-json\/wp\/v2\/media?parent=5582"}],"curies":[{"name":"wp","href":"https:\/\/api.w.org\/{rel}","templated":true}]}}