{"id":5590,"date":"2017-04-27T17:31:03","date_gmt":"2017-04-27T17:31:03","guid":{"rendered":"http:\/\/www.ffyh.unc.edu.ar\/posgrado\/?page_id=5590"},"modified":"2024-12-16T14:45:42","modified_gmt":"2024-12-16T14:45:42","slug":"presentacion-de-tesis","status":"publish","type":"page","link":"https:\/\/ffyh.unc.edu.ar\/posgrado\/doctorados\/presentacion-de-tesis\/","title":{"rendered":"Presentaci\u00f3n de Tesis"},"content":{"rendered":"<hr \/>\n<p>* <em>Informaci\u00f3n relevante para postulantes a becas posdoctorales:<\/em><\/p>\n<p><em>Quienes tengan previsto postularse a convocatorias de becas posdoctorales deber\u00e1n ingresar su tesis por mesa de entradas ( mesadeentradas@ffyh.unc.edu.ar ) de la FFyH como m\u00ednimo 90 d\u00edas h\u00e1biles antes de la fecha de cierre de la convocatoria establecida por CONICET, de acuerdo a los plazos reglamentarios para el procedimiento acad\u00e9mico y administrativo.<\/em><\/p>\n<hr \/>\n<p><strong>ETAPA I: <\/strong><span style=\"font-weight: 400\"><strong>Solicitud de autorizaci\u00f3n para presentar la tesis<\/strong>: <a href=\"https:\/\/ffyh.unc.edu.ar\/posgrado\/wp-content\/uploads\/sites\/3\/2022\/02\/Nota-modelo-autorizacion-presentacion-tesis-4.docx\">descargar nota modelo<\/a><\/span><\/p>\n<p><span style=\"font-weight: 400\">Iniciar expediente enviando el documento firmado junto al reporte de materias aprobadas emitido por Sistema Guaran\u00ed (<em>Pesta\u00f1a \u00abReportes\u00bb y luego \u00abHistoria acad\u00e9mica\u00bb) <\/em>a <a href=\"mailto:mesadeentradas@ffyh.unc.edu.ar\">mesadeentradas@ffyh.unc.edu.ar<\/a><\/span><\/p>\n<hr \/>\n<p><strong>ETAPA II: Tr\u00e1mite de presentaci\u00f3n de tesis.<\/strong><\/p>\n<p><span style=\"font-weight: 400\">Una vez que la\/el alumna\/o cuenta con la autorizaci\u00f3n para presentar la tesis, se inicia el tr\u00e1mite de manera virtual por Mesa de Entradas de la Facultad al siguiente correo <\/span><a href=\"mailto:mesadeentradas@ffyh.unc.edu.ar\"><span style=\"font-weight: 400\">mesadeentradas@ffyh.unc.edu.ar<\/span><\/a> <span style=\"font-weight: 400\">adjuntando la documentaci\u00f3n que se detalla a continuaci\u00f3n:<\/span><\/p>\n<p><span style=\"font-weight: 400\">1- Nota de elevaci\u00f3n de la Tesis con firma<\/span><span style=\"font-weight: 400\">.<br \/>\n<\/span><span style=\"font-weight: 400\">2- Nota aval de Director con firma, correo electr\u00f3nico y n\u00famero de DNI, o pasaporte, o documento de identidad.<br \/>\n<\/span><span style=\"font-weight: 400\">3- Nota aval del Co-Director con firma, correo electr\u00f3nico y n\u00famero de DNI, o pasaporte, o documento de identidad.<br \/>\n<\/span><span style=\"font-weight: 400\">4- Libre deuda. S<\/span><span style=\"font-weight: 400\">olicitar a <a href=\"mailto:robertomassin@ffyh.unc.edu.ar\">robertomassin@ffyh.unc.edu.ar\u00a0<\/a><br \/>\n<\/span><span style=\"font-weight: 400\">5- Constancia de alumno regular actualizado (Sistema Guaran\u00ed)<\/span><span style=\"font-weight: 400\">.<br \/>\n<\/span><span style=\"font-weight: 400\">6- Autorizaci\u00f3n del Comit\u00e9 Asesor para la presentaci\u00f3n de la Tesis (solicitar previo a la presentaci\u00f3n de la tesis)<br \/>\n<\/span><span style=\"font-weight: 400\">7- Tesis Doctoral formato PDF de acuerdo al formato establecido en el siguiente instructivo: <a href=\"https:\/\/ffyh.unc.edu.ar\/posgrado\/wp-content\/uploads\/sites\/3\/2021\/12\/Protocolo-Tesis-y-TF-de-Posgrado-FFyH-RDU-2021-1.doc\">descargar<\/a> (Se sugiere que la extensi\u00f3n no exceda las 400 p\u00e1ginas).<br \/>\n<\/span><span style=\"font-weight: 400\">8- Nota de compromiso del tratamiento de datos sensibles y derechos de autor: <a href=\"https:\/\/ffyh.unc.edu.ar\/posgrado\/wp-content\/uploads\/sites\/3\/2021\/12\/Nota-modelo-presentacion-tesis-rdu-compromiso-datos-sensibles.docx\">descargar<\/a><br \/>\n<\/span><span style=\"font-weight: 400\">9- Formulario de carga: <a href=\"https:\/\/ffyh.unc.edu.ar\/posgrado\/wp-content\/uploads\/sites\/3\/2022\/03\/FORMULARIO-DE-CARGA.docx\">descargar<\/a><br \/>\n10- Pedido de embargo (opcional): En caso de requerirlo, solicitud especificando el per\u00edodo de embargo durante el cual el material no puede estar disponible de manera abierta (de 6 meses a 2 a\u00f1os).<br \/>\n11- Adjuntar nota de cambio de t\u00edtulo de proyecto (si lo hubiera).<br \/>\n<\/span><\/p>\n<p><span style=\"color: #993366\"><strong>Importante:<\/strong><\/span> A partir de 2022,\u00a0 tesis y trabajos finales de posgrado deber\u00e1n estar disponibles en el Repositorio Institucional de la Universidad Nacional de C\u00f3rdoba. Lxs estudiantes deber\u00e1n adecuar sus presentaciones de acuerdo al siguiente instructivo:<a href=\"https:\/\/ffyh.unc.edu.ar\/posgrado\/wp-content\/uploads\/sites\/3\/2023\/04\/Protocolo-Tesis-y-TF-de-Posgrado-FFyH-RDU-2021-1-1.doc\"> ingresar<\/a> &#8211; Consultas RDU: <a href=\"mailto:rdu@ffyh.unc.edu.ar\">rdu@ffyh.unc.edu.ar<\/a><\/p>\n<p><span style=\"font-weight: 400\">La versi\u00f3n impresa ser\u00e1 solicitada cuando est\u00e9n dadas las condiciones para su recepci\u00f3n.<\/span><\/p>\n<hr \/>\n<p><strong>Defensas de Tesis de Carreras de Doctorado: <a href=\"http:\/\/www.ffyh.unc.edu.ar\/posgrado\/tag\/defensa-de-tesis-doctoral\/\">consultar<\/a><\/strong><\/p>\n","protected":false},"excerpt":{"rendered":"<p>* Informaci\u00f3n relevante para postulantes a becas posdoctorales: Quienes tengan previsto postularse a convocatorias de becas posdoctorales deber\u00e1n ingresar su<\/p>\n","protected":false},"author":5,"featured_media":0,"parent":27,"menu_order":0,"comment_status":"closed","ping_status":"closed","template":"","meta":{"_acf_changed":false,"saved_in_kubio":false,"colormag_page_container_layout":"default_layout","colormag_page_sidebar_layout":"default_layout","footnotes":""},"class_list":["post-5590","page","type-page","status-publish","hentry"],"acf":[],"kubio_ai_page_context":{"short_desc":"","purpose":"general"},"jetpack_sharing_enabled":true,"_links":{"self":[{"href":"https:\/\/ffyh.unc.edu.ar\/posgrado\/wp-json\/wp\/v2\/pages\/5590","targetHints":{"allow":["GET"]}}],"collection":[{"href":"https:\/\/ffyh.unc.edu.ar\/posgrado\/wp-json\/wp\/v2\/pages"}],"about":[{"href":"https:\/\/ffyh.unc.edu.ar\/posgrado\/wp-json\/wp\/v2\/types\/page"}],"author":[{"embeddable":true,"href":"https:\/\/ffyh.unc.edu.ar\/posgrado\/wp-json\/wp\/v2\/users\/5"}],"replies":[{"embeddable":true,"href":"https:\/\/ffyh.unc.edu.ar\/posgrado\/wp-json\/wp\/v2\/comments?post=5590"}],"version-history":[{"count":37,"href":"https:\/\/ffyh.unc.edu.ar\/posgrado\/wp-json\/wp\/v2\/pages\/5590\/revisions"}],"predecessor-version":[{"id":11248,"href":"https:\/\/ffyh.unc.edu.ar\/posgrado\/wp-json\/wp\/v2\/pages\/5590\/revisions\/11248"}],"up":[{"embeddable":true,"href":"https:\/\/ffyh.unc.edu.ar\/posgrado\/wp-json\/wp\/v2\/pages\/27"}],"wp:attachment":[{"href":"https:\/\/ffyh.unc.edu.ar\/posgrado\/wp-json\/wp\/v2\/media?parent=5590"}],"curies":[{"name":"wp","href":"https:\/\/api.w.org\/{rel}","templated":true}]}}