{"id":61,"date":"2010-11-30T19:58:53","date_gmt":"2010-11-30T19:58:53","guid":{"rendered":"http:\/\/www.ffyh.unc.edu.ar\/posgrado\/"},"modified":"2026-02-02T14:54:16","modified_gmt":"2026-02-02T14:54:16","slug":"maestria-en-antropologia","status":"publish","type":"page","link":"https:\/\/ffyh.unc.edu.ar\/posgrado\/maestrias\/maestria-en-antropologia\/","title":{"rendered":"Maestr\u00eda en Antropolog\u00eda"},"content":{"rendered":"<h1>Maestr\u00eda en Antropolog\u00eda<\/h1>\n<p><i>Res. CONEAU n\u00ba <\/i><a href=\"http:\/\/ffyh.unc.edu.ar\/posgrado\/wp-content\/uploads\/sites\/3\/2021\/12\/Res443-10C3964.pdf\"><i>443\/10<\/i><\/a><i> \u2013 Res. Ministerial N\u00ba <\/i><a href=\"http:\/\/ffyh.unc.edu.ar\/posgrado\/wp-content\/uploads\/sites\/3\/2021\/12\/RES-1494-18-MAG-EN-ANTROPOLOGIA.pdf\"><i>1494\/18<\/i><\/a><i> \u2013 Carrera acreditada A por Res. CONEAU N\u00b0<\/i><a href=\"http:\/\/ffyh.unc.edu.ar\/posgrado\/wp-content\/uploads\/sites\/3\/2021\/12\/RS-2019-92265494-APN-CONEAU-MECCYT.pdf\"><i>463\/19<\/i><\/a><i><\/i><\/p>\n<hr \/>\n<p>&nbsp;<\/p>\n<p>La Maestr\u00eda en Antropolog\u00eda fue creada en el a\u00f1o 2000 en la Universidad Nacional de C\u00f3rdoba por Resoluci\u00f3n HCS N\u00ba 238. Tiene como meta promover la formaci\u00f3n de calidad en Antropolog\u00eda capacitando a docentes, investigadores y profesionales. Esta formaci\u00f3n posibilita el desempe\u00f1o de profesionales capacitados en investigaci\u00f3n y docencia, como as\u00ed tambi\u00e9n en \u00e1mbitos de la gesti\u00f3n p\u00fablica y privada, y diversas organizaciones sociales.<\/p>\n<p>Apunta a proporcionar una formaci\u00f3n superior en Antropolog\u00eda, profundizando en el desarrollo te\u00f3rico, metodol\u00f3gico y profesional acorde con el estado de conocimiento actual en el campo, promoviendo abordajes interdisciplinarios y fomentando la diversidad de enfoques a partir de la experiencia previa de grado de los estudiantes. En el caso de ser necesario para la formaci\u00f3n, los estudiantes pueden aspirar a una titulaci\u00f3n intermedia realizando el trabajo final correspondiente a la carrera de Especializaci\u00f3n en Antropolog\u00eda Social (<a href=\"http:\/\/www.ffyh.unc.edu.ar\/posgrado\/especializaciones\/especializacion-en-antropologia-social\/\">http:\/\/www.ffyh.unc.edu.ar\/posgrado\/especializaciones\/especializacion-en-antropologia-social\/<\/a>)<\/p>\n<p>La maestr\u00eda est\u00e1 dirigida a egresados de carreras universitarias en general, que aspiren a incorporar conocimientos en Antropolog\u00eda.<\/p>\n<p>El t\u00edtulo acad\u00e9mico a otorgar es del <i>Mag\u00edster en Antropolog\u00eda<\/i> y la carrera se organiza en materias cuatrimestrales obligatorias y seminarios optativos, la realizaci\u00f3n de trabajo de campo etnogr\u00e1fico y el desarrollo de un trabajo final de tesis.<\/p>\n<p>La modalidad de asistencia a los cursos te\u00f3rico-pr\u00e1cticos y seminarios es \u00fanicamente presencial. La curr\u00edcula propone la realizaci\u00f3n de ocho cursos obligatorios (dos por semestre) y cuatro seminarios optativos. Los seminarios permiten al alumno orientar su formaci\u00f3n e investigaci\u00f3n hacia intereses, experiencias previas y aptitudes personales, optimizando de este modo sus propios recursos intelectuales.<\/p>\n<p>Posteriormente se prev\u00e9 el acompa\u00f1amiento en horas de tutor\u00eda para la realizaci\u00f3n del trabajo de campo que desembocar\u00e1 en la presentaci\u00f3n de una tesis para la obtenci\u00f3n del t\u00edtulo.<\/p>\n<p><b>Condiciones de admisi\u00f3n e inscripci\u00f3n<\/b><\/p>\n<p><strong>Apertura de nueva cohorte:<\/strong> del 5 de agosto al 20 de septiembre de 2024.<\/p>\n<p>-Inicio de Clases marzo\/abril de 2025-<\/p>\n<p>Sobre el pago de la matr\u00edcula y las cuotas: una vez inscriptxs se les enviar\u00e1 informaci\u00f3n sobre el pago de la matr\u00edcula y los procedimientos para abonar las cuotas por sistema Sanaviron.<\/p>\n<p>______________<\/p>\n<p>Plan de Estudio<\/p>\n<table>\n<tbody>\n<tr>\n<td>A\u00f1o<\/td>\n<td>ASIGNATURA\/ACTIVIDAD ACAD\u00c9MICA<\/td>\n<\/tr>\n<tr>\n<td>1<\/td>\n<td>Teor\u00eda Antropolog\u00eda<\/td>\n<\/tr>\n<tr>\n<td><\/td>\n<td>Antropolog\u00eda Econ\u00f3mica<\/td>\n<\/tr>\n<tr>\n<td><\/td>\n<td>Teor\u00eda Social Contempor\u00e1nea<\/td>\n<\/tr>\n<tr>\n<td><\/td>\n<td>Antropolog\u00eda y Etnograf\u00eda de las Relaciones Inter\u00e9tnicas<\/td>\n<\/tr>\n<tr>\n<td><\/td>\n<td>Seminario optativo I y II<\/td>\n<\/tr>\n<tr>\n<td>2<\/td>\n<td>Problem\u00e1tica Metodol\u00f3gica de la Investigaci\u00f3n Sociocultural I<\/td>\n<\/tr>\n<tr>\n<td><\/td>\n<td>Antropolog\u00eda de los Procesos Culturales Contempor\u00e1neos<\/td>\n<\/tr>\n<tr>\n<td><\/td>\n<td>Problem\u00e1tica Metodol\u00f3gica de la Investigaci\u00f3n Sociocultural II<\/td>\n<\/tr>\n<tr>\n<td><\/td>\n<td>Debates actuales en la Antropolog\u00eda<\/td>\n<\/tr>\n<tr>\n<td><\/td>\n<td>Seminario Optativo III y IV<\/td>\n<\/tr>\n<tr>\n<td>3<\/td>\n<td>Examen de lecto comprensi\u00f3n de idioma extranjero<\/td>\n<\/tr>\n<tr>\n<td><\/td>\n<td>Trabajo de campo etnogr\u00e1fico (Tutor\u00edas)<\/td>\n<\/tr>\n<tr>\n<td><\/td>\n<td>Presentaci\u00f3n de tesis<\/td>\n<\/tr>\n<\/tbody>\n<\/table>\n<p>Modalidad y horarios de cursado<\/p>\n<p>La carrera es de modalidad presencial tal como lo establece el reglamento disponible en esta p\u00e1gina web y por disposici\u00f3n de CONEAU, con la posibilidad de que algunos cursos se dicten con un 30% de actividades no presenciales. Esta decisi\u00f3n la toman lxs docentes de cada espacio curricular, en el caso de los cursos obligatorios y de optar por el 30%, de 9 encuentros 6 ser\u00e1n presenciales y de asistencia obligatoria para cumplir con el 80% reglamentario de asistencia. Generalmente se dictan 3 o 4 materias obligatorias y 1 o 2 seminarios optativos por cuatrimestre. Las materias constan de 9 clases, divididas en 3 m\u00f3dulos que se dictan en semanas, generalmente no correlativas, los d\u00edas mi\u00e9rcoles, jueves y viernes de 18 a 21 hs. Los seminarios optativos tem\u00e1ticos se dictan, generalmente 5 d\u00edas consecutivos, en la misma franja horaria. Los seminarios-talleres se dictan en d\u00edas no correlativos.<\/p>\n<p>Los seminarios electivos profundizan tem\u00e1ticas m\u00e1s acotadas o campos subdisciplinares particulares que por su especificidad no tienen cabida en las materias obligatorias. Dado que se trata de espacios curriculares con tem\u00e1ticas espec\u00edficas, la oferta de los mismos var\u00eda anualmente. Esta din\u00e1mica de renovaci\u00f3n continua permite incorporar problem\u00e1ticas nuevas y ampliar el cuerpo docente al mismo tiempo que facilita a los estudiantes perfilar su trayectoria de acuerdo a sus intereses y necesidades. Algunos cursos son compartidos con la carrera de Maestr\u00eda en Antropolog\u00eda (<a href=\"https:\/\/ffyh.unc.edu.ar\/posgrado\/maestrias\/maestria-en-antropologia\/\">ingresar<\/a>), pudiendo constituir una instancia de formaci\u00f3n complementaria para aquellas personas que quieran dar continuidad a los estudios en este campo disciplinar.<\/p>\n<p><a href=\"https:\/\/docs.google.com\/document\/d\/1BX4tMxPmtkEHR9Q2M3fmHuau9hVBrldQTk2Y2RcbqLQ\/edit?usp=sharing\">Cursos electivos dictados entre los a\u00f1os 2000-2025<\/a>.<\/p>\n<div>\n<div>\n<div class=\"gmail_signature\" dir=\"ltr\" data-smartmail=\"gmail_signature\">\n<div dir=\"ltr\">\n<div dir=\"ltr\">\n<div dir=\"ltr\">\n<div dir=\"ltr\">\n<div dir=\"ltr\">\n<div dir=\"ltr\">\n<div dir=\"ltr\">\n<div dir=\"ltr\">\n<div>Acceso a <a href=\"http:\/\/ffyh.unc.edu.ar\/posgrado\/wp-content\/uploads\/sites\/3\/2024\/08\/Reglamento-Antropologia-1701-2018.pdf\">Reglamento<\/a> Acceso a <a href=\"http:\/\/ffyh.unc.edu.ar\/posgrado\/wp-content\/uploads\/sites\/3\/2024\/08\/PLAN-DE-ESTUDIOS-MAESTRIiA-EN-ANTROPOLOGIiA-CAP-2018.pdf\">Plan de estudios<\/a><\/div>\n<\/div>\n<\/div>\n<\/div>\n<\/div>\n<\/div>\n<\/div>\n<\/div>\n<\/div>\n<\/div>\n<\/div>\n<\/div>\n<p>&nbsp;<\/p>\n<hr \/>\n<p><strong>Equipo docente\u00a0<\/strong><\/p>\n<p><strong>Directora<\/strong>: Dra. Carolina \u00c1lvarez \u00c1vila<\/p>\n<p><strong>Secretaria T\u00e9cnica<\/strong>: Lic. Milagros Flores<\/p>\n<p>&nbsp;<\/p>\n<p><strong>Comit\u00e9 Acad\u00e9mico<\/strong><\/p>\n<p>Dra. Malena Previtali<br \/>\nDr. Nicol\u00e1s Cabrera<br \/>\nDra. Marina Liberatori<br \/>\nDra. Lucia R\u00edos<\/p>\n<p>&nbsp;<\/p>\n<p><strong>Docentes estables<\/strong><\/p>\n<p>Dra. Carolina \u00c1lvarez \u00c1vila<br \/>\nDra Natalia Berm\u00fadez<br \/>\nDr. Gustavo Bl\u00e1zquez<br \/>\nDr. Javier Cristiano<br \/>\nDra. Ludmila Da Silva Catela<br \/>\nDr. Adri\u00e1n Koberwein<br \/>\nDra. Mar\u00eda Gabriela Lugones<br \/>\nDr. Gabriel Noel<br \/>\nDra. Julieta Quir\u00f3s<br \/>\nDra. Cecilia Castro<br \/>\nMgter. Fabiola Heredia<br \/>\nDra. Graciela Tedesco<br \/>\nDra. Malena Previtali<\/p>\n<p>Docentes y cursos dictados entre los a\u00f1os 2000-2023 <a href=\"http:\/\/ffyh.unc.edu.ar\/posgrado\/wp-content\/uploads\/sites\/3\/2024\/02\/2000-a-2023-Docentes-y-cursos-dictados-entre-los-anos-.pdf\">VER<\/a><\/p>\n<hr \/>\n<p>&nbsp;<\/p>\n<p><em><b>Aranceles a contar de febrero de 2026:<\/b><\/em><\/p>\n<ul>\n<li>Matr\u00edcula: $65000<\/li>\n<li>26 cuotas mensuales:<br \/>\nValor de la cuota: $65000<\/li>\n<li>Cursos para estudiantes externxs<b>: <\/b>$75000<\/li>\n<\/ul>\n<hr \/>\n<p>Links relacionados:<\/p>\n<ul>\n<li>Museo de Antropolog\u00eda Facultad de Filosof\u00eda de la Universidad Nacional de C\u00f3rdoba. Link <a href=\"http:\/\/www.museoantropologia.unc.edu.ar\/\">http:\/\/www.museoantropologia.unc.edu.ar\/<\/a><\/li>\n<li>Biblioteca Elma Kohlmeyer de Estrabou. Link <a href=\"http:\/\/www.ffyh.unc.edu.ar\/biblioteca\/\">http:\/\/www.ffyh.unc.edu.ar\/biblioteca\/<\/a><\/li>\n<li>Instituto de Antropolog\u00eda de C\u00f3rdoba (Consejo Nacional de Investigaciones Cient\u00edficas y T\u00e9cnicas \u2013 Universidad Nacional de C\u00f3rdoba): <a href=\"https:\/\/idacor.conicet.gov.ar\/\">https:\/\/idacor.conicet.gov.ar\/<\/a><\/li>\n<li>Centro de Investigaciones Mar\u00eda Saleme de Burnichon \u2013 Facultad de Filosof\u00eda y Humanidades de la Universidad Nacional de C\u00f3rdoba. Link <a href=\"http:\/\/www.ffyh.unc.edu.ar\/ciffyh\/\">http:\/\/www.ffyh.unc.edu.ar\/ciffyh\/<\/a><\/li>\n<li>Departamento de Antropolog\u00eda. Facultad de Filosof\u00eda y Humanidades de la Universidad Nacional de C\u00f3rdoba. Link <a href=\"http:\/\/www.ffyh.unc.edu.ar\/carreras-de-grado\/carrera-de-antropologia\">http:\/\/www.ffyh.unc.edu.ar\/carreras-de-grado\/carrera-de-antropologia<\/a> \u2013 Link <a href=\"http:\/\/blogs.ffyh.unc.edu.ar\/antropologia\/\">http:\/\/blogs.ffyh.unc.edu.ar\/antropologia\/<\/a><\/li>\n<li>Doctorado en Ciencias Antropol\u00f3gicas. Facultad de Filosof\u00eda y Humanidades de la Universidad Nacional de C\u00f3rdoba. Link <a href=\"http:\/\/www.ffyh.unc.edu.ar\/posgrado\/doctorados\/doctorado-en-ciencias-antropologicas\/\">http:\/\/www.ffyh.unc.edu.ar\/posgrado\/doctorados\/doctorado-en-ciencias-antropologicas\/<\/a><br \/>\n<hr \/>\n<p>Consultas: Secretar\u00eda de Posgrado \u2013 maeantro@ffyh.unc.edu.ar<\/li>\n<\/ul>\n","protected":false},"excerpt":{"rendered":"<p>Maestr\u00eda en Antropolog\u00eda Res. CONEAU n\u00ba 443\/10 \u2013 Res. Ministerial N\u00ba 1494\/18 \u2013 Carrera acreditada A por Res. CONEAU N\u00b0463\/19<\/p>\n","protected":false},"author":4,"featured_media":6196,"parent":30,"menu_order":0,"comment_status":"closed","ping_status":"closed","template":"","meta":{"_acf_changed":false,"colormag_page_container_layout":"default_layout","colormag_page_sidebar_layout":"default_layout","footnotes":""},"class_list":["post-61","page","type-page","status-publish","has-post-thumbnail","hentry"],"acf":[],"jetpack_sharing_enabled":true,"_links":{"self":[{"href":"https:\/\/ffyh.unc.edu.ar\/posgrado\/wp-json\/wp\/v2\/pages\/61","targetHints":{"allow":["GET"]}}],"collection":[{"href":"https:\/\/ffyh.unc.edu.ar\/posgrado\/wp-json\/wp\/v2\/pages"}],"about":[{"href":"https:\/\/ffyh.unc.edu.ar\/posgrado\/wp-json\/wp\/v2\/types\/page"}],"author":[{"embeddable":true,"href":"https:\/\/ffyh.unc.edu.ar\/posgrado\/wp-json\/wp\/v2\/users\/4"}],"replies":[{"embeddable":true,"href":"https:\/\/ffyh.unc.edu.ar\/posgrado\/wp-json\/wp\/v2\/comments?post=61"}],"version-history":[{"count":109,"href":"https:\/\/ffyh.unc.edu.ar\/posgrado\/wp-json\/wp\/v2\/pages\/61\/revisions"}],"predecessor-version":[{"id":12682,"href":"https:\/\/ffyh.unc.edu.ar\/posgrado\/wp-json\/wp\/v2\/pages\/61\/revisions\/12682"}],"up":[{"embeddable":true,"href":"https:\/\/ffyh.unc.edu.ar\/posgrado\/wp-json\/wp\/v2\/pages\/30"}],"wp:featuredmedia":[{"embeddable":true,"href":"https:\/\/ffyh.unc.edu.ar\/posgrado\/wp-json\/wp\/v2\/media\/6196"}],"wp:attachment":[{"href":"https:\/\/ffyh.unc.edu.ar\/posgrado\/wp-json\/wp\/v2\/media?parent=61"}],"curies":[{"name":"wp","href":"https:\/\/api.w.org\/{rel}","templated":true}]}}