{"id":6284,"date":"2018-06-04T13:28:52","date_gmt":"2018-06-04T13:28:52","guid":{"rendered":"http:\/\/ffyh.unc.edu.ar\/posgrado\/?page_id=6284"},"modified":"2025-08-04T16:29:43","modified_gmt":"2025-08-04T16:29:43","slug":"trabajo-final","status":"publish","type":"page","link":"https:\/\/ffyh.unc.edu.ar\/posgrado\/especializaciones\/especializacion-en-asesoramiento-y-gestion-pedagogica\/trabajo-final\/","title":{"rendered":"Trabajo Final"},"content":{"rendered":"<h2><img decoding=\"async\" class=\"alignnone wp-image-6237\" src=\"http:\/\/ffyh.unc.edu.ar\/posgrado\/wp-content\/uploads\/sites\/3\/2018\/04\/Asesoramiento-y-Gesti\u00f3n.jpg\" alt=\"\" width=\"158\" height=\"85\" srcset=\"https:\/\/ffyh.unc.edu.ar\/posgrado\/wp-content\/uploads\/sites\/3\/2018\/04\/Asesoramiento-y-Gesti\u00f3n.jpg 820w, https:\/\/ffyh.unc.edu.ar\/posgrado\/wp-content\/uploads\/sites\/3\/2018\/04\/Asesoramiento-y-Gesti\u00f3n-300x162.jpg 300w, https:\/\/ffyh.unc.edu.ar\/posgrado\/wp-content\/uploads\/sites\/3\/2018\/04\/Asesoramiento-y-Gesti\u00f3n-768x414.jpg 768w, https:\/\/ffyh.unc.edu.ar\/posgrado\/wp-content\/uploads\/sites\/3\/2018\/04\/Asesoramiento-y-Gesti\u00f3n-750x400.jpg 750w\" sizes=\"(max-width: 158px) 100vw, 158px\" \/>\u00a0| Trabajo Final<\/h2>\n<p><b>Requisitos presentaci\u00f3n Trabajo Final<\/b><\/p>\n<p><strong>PROYECTO DE TRABAJO FINAL DE ESPECIALIZACI\u00d3N<\/strong><\/p>\n<p>El Proyecto de Trabajo Final de Especializaci\u00f3n se formalizar\u00e1 con una apertura de expediente institucional en mesa de entradas. Para ello es necesario enviar la documentaci\u00f3n que detallamos debajo a la direcci\u00f3n: mesadeentradas@ffyh.unc.edu.ar<\/p>\n<p>\u25a0 Nota de pedido dirigida a la Directora de la Carrera: Mgter. Patricia<br \/>\nMercado<br \/>\n\u25a0 Proyecto de TF. Orientaciones para elaboraci\u00f3n (<a href=\"https:\/\/docs.google.com\/document\/d\/1o3oHbAvKn1P7xAu7CH2cBl48RmzBehNfY9WaZGtC7Z4\/edit?usp=sharing&amp;urp=gmail_link\">aqu\u00ed<\/a>)<br \/>\n\u25a0 Reporte Historia Acad\u00e9mica descargado de SIU GUARAN\u00cd<br \/>\n\u25a0 Constancia libre deuda de la carrera. Esta documentaci\u00f3n debe ser pedida al encargado del \u00e1rea econ\u00f3mica Roberto Massin a la direcci\u00f3n: robertomassin@ffyh.unc.edu.ar<br \/>\n\u25a0 C.V. de Director\/a<br \/>\n\u25a0 Nota de aval del\/a Director\/a con su firma escaneada.<br \/>\n\u25a0 Nota de aval de la instituci\u00f3n donde realizar\u00e1 la pasant\u00eda.<\/p>\n<p>Per\u00edodo de Entrega: Desde el 5 de febrero al 30 de noviembre, salvo per\u00edodos de receso vacacional.<\/p>\n<p><strong>PRESENTACI\u00d3N TRABAJO FINAL DE ESPECIALIZACI\u00d3N<\/strong><\/p>\n<p>La entrega del Trabajo Final de Especializaci\u00f3n se formalizar\u00e1 con una apertura de expediente institucional en mesa de entradas. Para ello es necesario enviar la documentaci\u00f3n que detallamos debajo a la direcci\u00f3n: mesadeentradas@ffyh.unc.edu.ar<\/p>\n<p>-Nota de pedido dirigida a las autoridades de la Carrera: Mgter. Patricia Mercado y Mgter. Silvia Kravetz.<br \/>\n&#8211; Nota de compromiso para RDU (<a href=\"https:\/\/docs.google.com\/document\/d\/1Zozb7GSJQ9sYtDoRJGYjp1jUZBZ3mA-P\/edit?usp=sharing&amp;ouid=115614433231028153700&amp;rtpof=true&amp;sd=true&amp;urp=gmail_link\">aqu\u00ed<\/a>)<br \/>\n&#8211; Formulario de carga RDU (<a href=\"https:\/\/docs.google.com\/document\/d\/1o5KR2RFaTJeprbPj8nMTbsTOdkXr69T-\/edit?tab=t.0\">aqu\u00ed<\/a>)<br \/>\n-Trabajo Final de Especializaci\u00f3n en versi\u00f3n PDF (si tuviera anexos le pedimos que los adjunten en un mismo archivo). Documento con orientaciones para la elaboraci\u00f3n <a href=\"https:\/\/docs.google.com\/document\/d\/1o3oHbAvKn1P7xAu7CH2cBl48RmzBehNfY9WaZGtC7Z4\/edit?urp=gmail_link\">clic aqu\u00ed<\/a>.<br \/>\n-Certificado anal\u00edtico. Solicitar a Despacho de Alumnos a trav\u00e9s del siguiente <a href=\"https:\/\/docs.google.com\/forms\/d\/e\/1FAIpQLSfCNf2I_skZd2H_xboxEJ7dMI29qFr5ih1TBHZINWJVLVjh3Q\/viewform\">formulario<\/a>.<br \/>\n-Constancia libre deuda de la carrera. Esta documentaci\u00f3n debe ser pedida al encargado del \u00e1rea econ\u00f3mica Roberto Mass\u00edn a la direcci\u00f3n: robertomassin@ffyh.unc.edu.ar<br \/>\n-Nota de aval del\/a Director\/a con su firma escaneada.<\/p>\n<p><strong>Per\u00edodo de Entrega: Desde el 5 de febrero al 30 de noviembre, salvo per\u00edodos de receso vacacional.<\/strong><\/p>\n","protected":false},"excerpt":{"rendered":"<p>\u00a0| Trabajo Final Requisitos presentaci\u00f3n Trabajo Final PROYECTO DE TRABAJO FINAL DE ESPECIALIZACI\u00d3N El Proyecto de Trabajo Final de Especializaci\u00f3n<\/p>\n","protected":false},"author":5,"featured_media":6237,"parent":65,"menu_order":2,"comment_status":"closed","ping_status":"closed","template":"","meta":{"_acf_changed":false,"colormag_page_container_layout":"default_layout","colormag_page_sidebar_layout":"default_layout","footnotes":""},"class_list":["post-6284","page","type-page","status-publish","has-post-thumbnail","hentry"],"acf":[],"jetpack_sharing_enabled":true,"_links":{"self":[{"href":"https:\/\/ffyh.unc.edu.ar\/posgrado\/wp-json\/wp\/v2\/pages\/6284","targetHints":{"allow":["GET"]}}],"collection":[{"href":"https:\/\/ffyh.unc.edu.ar\/posgrado\/wp-json\/wp\/v2\/pages"}],"about":[{"href":"https:\/\/ffyh.unc.edu.ar\/posgrado\/wp-json\/wp\/v2\/types\/page"}],"author":[{"embeddable":true,"href":"https:\/\/ffyh.unc.edu.ar\/posgrado\/wp-json\/wp\/v2\/users\/5"}],"replies":[{"embeddable":true,"href":"https:\/\/ffyh.unc.edu.ar\/posgrado\/wp-json\/wp\/v2\/comments?post=6284"}],"version-history":[{"count":12,"href":"https:\/\/ffyh.unc.edu.ar\/posgrado\/wp-json\/wp\/v2\/pages\/6284\/revisions"}],"predecessor-version":[{"id":12056,"href":"https:\/\/ffyh.unc.edu.ar\/posgrado\/wp-json\/wp\/v2\/pages\/6284\/revisions\/12056"}],"up":[{"embeddable":true,"href":"https:\/\/ffyh.unc.edu.ar\/posgrado\/wp-json\/wp\/v2\/pages\/65"}],"wp:featuredmedia":[{"embeddable":true,"href":"https:\/\/ffyh.unc.edu.ar\/posgrado\/wp-json\/wp\/v2\/media\/6237"}],"wp:attachment":[{"href":"https:\/\/ffyh.unc.edu.ar\/posgrado\/wp-json\/wp\/v2\/media?parent=6284"}],"curies":[{"name":"wp","href":"https:\/\/api.w.org\/{rel}","templated":true}]}}