{"id":6290,"date":"2018-06-04T13:41:33","date_gmt":"2018-06-04T13:41:33","guid":{"rendered":"http:\/\/ffyh.unc.edu.ar\/posgrado\/?page_id=6290"},"modified":"2024-12-06T18:19:09","modified_gmt":"2024-12-06T18:19:09","slug":"presentacion-tesis","status":"publish","type":"page","link":"https:\/\/ffyh.unc.edu.ar\/posgrado\/presentacion-tesis\/","title":{"rendered":"Presentaci\u00f3n Tesis"},"content":{"rendered":"<h1 class=\"post-title entry-title\"><img decoding=\"async\" class=\"alignnone wp-image-6235\" src=\"http:\/\/ffyh.unc.edu.ar\/posgrado\/wp-content\/uploads\/sites\/3\/2018\/04\/Ma-Pedagog\u00eda.jpg\" alt=\"\" width=\"171\" height=\"92\" srcset=\"https:\/\/ffyh.unc.edu.ar\/posgrado\/wp-content\/uploads\/sites\/3\/2018\/04\/Ma-Pedagog\u00eda.jpg 820w, https:\/\/ffyh.unc.edu.ar\/posgrado\/wp-content\/uploads\/sites\/3\/2018\/04\/Ma-Pedagog\u00eda-300x162.jpg 300w, https:\/\/ffyh.unc.edu.ar\/posgrado\/wp-content\/uploads\/sites\/3\/2018\/04\/Ma-Pedagog\u00eda-768x414.jpg 768w, https:\/\/ffyh.unc.edu.ar\/posgrado\/wp-content\/uploads\/sites\/3\/2018\/04\/Ma-Pedagog\u00eda-750x400.jpg 750w\" sizes=\"(max-width: 171px) 100vw, 171px\" \/>\u00a0| Presentaci\u00f3n Tesis<\/h1>\n<div class=\"entry-content clearfix\">\n<p><b>Requisitos presentaci\u00f3n Tesis de Maestr\u00eda:<\/b> <a href=\"http:\/\/ffyh.unc.edu.ar\/posgrado\/wp-content\/uploads\/sites\/3\/2024\/03\/Proyectos-y-tesis-Maestria-en-Pedagogia.pdf\"><strong>consultar<\/strong><\/a><\/p>\n<\/div>\n","protected":false},"excerpt":{"rendered":"<p>\u00a0| Presentaci\u00f3n Tesis Requisitos presentaci\u00f3n Tesis de Maestr\u00eda: consultar<\/p>\n","protected":false},"author":5,"featured_media":0,"parent":0,"menu_order":0,"comment_status":"closed","ping_status":"closed","template":"","meta":{"_acf_changed":false,"colormag_page_container_layout":"default_layout","colormag_page_sidebar_layout":"default_layout","footnotes":""},"class_list":["post-6290","page","type-page","status-publish","hentry"],"acf":[],"jetpack_sharing_enabled":true,"_links":{"self":[{"href":"https:\/\/ffyh.unc.edu.ar\/posgrado\/wp-json\/wp\/v2\/pages\/6290","targetHints":{"allow":["GET"]}}],"collection":[{"href":"https:\/\/ffyh.unc.edu.ar\/posgrado\/wp-json\/wp\/v2\/pages"}],"about":[{"href":"https:\/\/ffyh.unc.edu.ar\/posgrado\/wp-json\/wp\/v2\/types\/page"}],"author":[{"embeddable":true,"href":"https:\/\/ffyh.unc.edu.ar\/posgrado\/wp-json\/wp\/v2\/users\/5"}],"replies":[{"embeddable":true,"href":"https:\/\/ffyh.unc.edu.ar\/posgrado\/wp-json\/wp\/v2\/comments?post=6290"}],"version-history":[{"count":7,"href":"https:\/\/ffyh.unc.edu.ar\/posgrado\/wp-json\/wp\/v2\/pages\/6290\/revisions"}],"predecessor-version":[{"id":11201,"href":"https:\/\/ffyh.unc.edu.ar\/posgrado\/wp-json\/wp\/v2\/pages\/6290\/revisions\/11201"}],"wp:attachment":[{"href":"https:\/\/ffyh.unc.edu.ar\/posgrado\/wp-json\/wp\/v2\/media?parent=6290"}],"curies":[{"name":"wp","href":"https:\/\/api.w.org\/{rel}","templated":true}]}}