{"id":6590,"date":"2018-11-15T18:14:19","date_gmt":"2018-11-15T18:14:19","guid":{"rendered":"http:\/\/ffyh.unc.edu.ar\/posgrado\/?page_id=6590"},"modified":"2026-03-17T19:06:02","modified_gmt":"2026-03-17T19:06:02","slug":"pago-de-aranceles-y-cuotas","status":"publish","type":"page","link":"https:\/\/ffyh.unc.edu.ar\/posgrado\/pago-de-aranceles-y-cuotas\/","title":{"rendered":"Pago de aranceles y cuotas"},"content":{"rendered":"<h4><\/h4>\n<h4>&gt;Pago de aranceles Carreras de Doctorado y Cursos de Posgrado:<\/h4>\n<p><strong>Aranceles Doctorado:<\/strong><\/p>\n<p align=\"justify\"><strong>\u00a0Cuadro de aranceles y eximiciones a contar de febrero de 2026<\/strong><\/p>\n<table width=\"617\" cellspacing=\"0\" cellpadding=\"7\">\n<tbody>\n<tr valign=\"top\">\n<td width=\"134\"><\/td>\n<td width=\"97\">\n<p align=\"justify\"><strong><span lang=\"es-ES\">Inscripci\u00f3n<\/span><\/strong><\/p>\n<\/td>\n<td width=\"118\">\n<p align=\"justify\"><strong><span lang=\"es-ES\">Arancel Anual<\/span><\/strong><\/p>\n<\/td>\n<td width=\"90\">\n<p align=\"justify\"><strong><span lang=\"es-ES\">Cursos de posgrado no estructurados<\/span><\/strong><\/p>\n<\/td>\n<td width=\"106\">\n<p align=\"justify\"><strong><span lang=\"es-ES\">Cursos de doctorado<\/span><\/strong><\/p>\n<\/td>\n<\/tr>\n<tr valign=\"top\">\n<td width=\"134\"><\/td>\n<td width=\"97\">\n<p align=\"justify\"><span lang=\"es-ES\">75.000<\/span><\/p>\n<\/td>\n<td width=\"118\">\n<p align=\"justify\"><span lang=\"es-ES\">150.000<\/span><\/p>\n<\/td>\n<td width=\"90\">\n<p align=\"justify\"><span lang=\"es-ES\">50.000<\/span><\/p>\n<\/td>\n<td width=\"106\">\n<p align=\"justify\"><span lang=\"es-ES\">85.000<\/span><\/p>\n<\/td>\n<\/tr>\n<tr>\n<td colspan=\"5\" valign=\"top\" width=\"601\">\n<p style=\"text-align: left\" align=\"justify\"><span lang=\"es-ES\">Docentes y no docentes UNC (Reducci\u00f3n del 100%)<\/span><\/p>\n<\/td>\n<\/tr>\n<tr>\n<td colspan=\"5\" valign=\"top\" width=\"601\">\n<p style=\"text-align: left\" align=\"justify\"><span lang=\"es-ES\">Adscriptos FFyH (<\/span><span lang=\"es-ES\">Reducci\u00f3n 100%)<\/span><\/p>\n<\/td>\n<\/tr>\n<tr valign=\"top\">\n<td width=\"134\">\n<p align=\"justify\"><a name=\"_heading=h.evr0jdxd8pq1\"><\/a><span lang=\"es-ES\">Egresados FFyH <\/span><span lang=\"es-ES\">(Reducci\u00f3n 50%)<\/span><\/p>\n<\/td>\n<td width=\"97\">\n<p align=\"justify\"><span lang=\"es-ES\">37.500<\/span><\/p>\n<\/td>\n<td width=\"118\">\n<p align=\"justify\"><span lang=\"es-ES\">75.000<\/span><\/p>\n<\/td>\n<td width=\"90\">\n<p align=\"justify\"><span lang=\"es-ES\">25.000<\/span><\/p>\n<\/td>\n<td width=\"106\">\n<p align=\"justify\"><span lang=\"es-ES\">42.500<\/span><\/p>\n<\/td>\n<\/tr>\n<tr valign=\"top\">\n<td width=\"134\">\n<p align=\"justify\"><span lang=\"es-ES\">Adscriptos y egresados UNC<\/span><span lang=\"es-ES\"> (Reducci\u00f3n 20%)<\/span><\/p>\n<\/td>\n<td width=\"97\">\n<p align=\"justify\"><span lang=\"es-ES\">60.000<\/span><\/p>\n<\/td>\n<td width=\"118\">\n<p align=\"justify\"><span lang=\"es-ES\">120.000<\/span><\/p>\n<\/td>\n<td width=\"90\">\n<p align=\"justify\"><span lang=\"es-ES\">40.000<\/span><\/p>\n<\/td>\n<td width=\"106\">\n<p align=\"justify\"><span lang=\"es-ES\">68.000<\/span><\/p>\n<\/td>\n<\/tr>\n<tr valign=\"top\">\n<td width=\"134\">\n<p align=\"justify\"><span lang=\"es-ES\">Egresados docentes y adscriptos UNC (no inscriptos en doctorado). Reducci\u00f3n del 10%<\/span><\/p>\n<\/td>\n<td width=\"97\">\n<p align=\"justify\"><span lang=\"es-ES\">68.000<\/span><\/p>\n<\/td>\n<td width=\"118\">\n<p align=\"justify\"><span lang=\"es-ES\">135.000<\/span><\/p>\n<\/td>\n<td width=\"90\">\n<p align=\"justify\"><span lang=\"es-ES\">45.000<\/span><\/p>\n<\/td>\n<td width=\"106\">\n<p align=\"justify\"><span lang=\"es-ES\">75.000<\/span><\/p>\n<\/td>\n<\/tr>\n<tr>\n<td colspan=\"5\" valign=\"top\" width=\"601\">\n<p style=\"text-align: left\" align=\"justify\"><span lang=\"es-ES\">No docentes FFYH no inscriptos en carrera de doctorado (categor\u00eda 6 y 7) reducci\u00f3n 100%<\/span><\/p>\n<\/td>\n<\/tr>\n<tr valign=\"top\">\n<td width=\"134\">\n<p align=\"justify\"><span lang=\"es-ES\">No docentes FFYH (categor\u00edas restantes) reducci\u00f3n 50%<\/span><\/p>\n<p align=\"justify\"><span lang=\"es-ES\">Cursos no estructurados<\/span><\/p>\n<\/td>\n<td width=\"97\">\n<p align=\"justify\"><span lang=\"es-ES\">37.500<\/span><\/p>\n<\/td>\n<td width=\"118\">\n<p align=\"justify\"><span lang=\"es-ES\">75.000<\/span><\/p>\n<\/td>\n<td width=\"90\">\n<p align=\"justify\"><span lang=\"es-ES\">25.000<\/span><\/p>\n<\/td>\n<td width=\"106\">\n<p align=\"justify\"><span lang=\"es-ES\">42.500<\/span><\/p>\n<\/td>\n<\/tr>\n<tr>\n<td colspan=\"5\" valign=\"top\" width=\"601\">\n<p style=\"text-align: left\" align=\"justify\"><span lang=\"es-ES\">Becarios Secyt UNC <\/span><span lang=\"es-ES\">(reducci\u00f3n 100%)<\/span><\/p>\n<\/td>\n<\/tr>\n<tr valign=\"top\">\n<td width=\"134\">\n<p align=\"justify\"><span lang=\"es-ES\">Becarios Conicet (<\/span><span lang=\"es-ES\">reducci\u00f3n 50%)<\/span><\/p>\n<\/td>\n<td width=\"97\">\n<p align=\"justify\"><span lang=\"es-ES\">37.500<\/span><\/p>\n<\/td>\n<td width=\"118\">\n<p align=\"justify\"><span lang=\"es-ES\">75.000<\/span><\/p>\n<\/td>\n<td width=\"90\">\n<p align=\"justify\"><span lang=\"es-ES\">25.000<\/span><\/p>\n<\/td>\n<td width=\"106\">\n<p align=\"justify\"><span lang=\"es-ES\">42.500<\/span><\/p>\n<\/td>\n<\/tr>\n<\/tbody>\n<\/table>\n<hr \/>\n<p>La FFyH ofrece aranceles diferenciados para egresados,\u00a0 adscriptos, docentes y no-docentes de la Facultad y la UNC, respectivamente, seg\u00fan est\u00e9n inscriptos o no en una carrera de doctorado de la Facultad. Los criterios de aplicaci\u00f3n est\u00e1n establecidos en la <a href=\"https:\/\/drive.google.com\/file\/d\/0B7UfXNY2zqoDVHhFdTc0bEd3a3lDZXM3NWpSYWVndDk5OEo4\/view?usp=sharing\" target=\"_blank\" rel=\"noopener noreferrer\">Res. HCD 02\/18<\/a> y consideran los costos de matr\u00edcula, cuotas anuales y cursos de doctorado y posgrado no estructurados dictados en \u00e9sta Facultad.<br \/>\nLos docentes y no-docentes de la UNC inscriptos en una carrera de doctorado tienen los costos de matr\u00edcula, cuotas anuales y cursos de doctorado y posgrado no estructurados cubiertos por la las <a href=\"https:\/\/drive.google.com\/file\/d\/0B7UfXNY2zqoDWkZ1VXR2dG5yNGVfMXNDTEhqUlF5bjRTUmp3\/view?usp=sharing\" target=\"_blank\" rel=\"noopener noreferrer\">Ord. HCS 02\/09<\/a> y <a href=\"https:\/\/drive.google.com\/file\/d\/0B7UfXNY2zqoDY0tleVN4b1gwZmtEMjMySlJ2TW1PQjkyVkJR\/view?usp=sharing\" target=\"_blank\" rel=\"noopener noreferrer\">10\/10<\/a>, respectivamente.<\/p>\n<p><strong>* <em>Formulario de solicitud de reducciones de aranceles Carreras de Doctorado<\/em>: <\/strong><a href=\"https:\/\/docs.google.com\/forms\/d\/e\/1FAIpQLSeS-h8q01okJNNR8SGGTXfk248h5N5vaxjbLUpZGajjiD_7iw\/viewform\"><strong>ingresar<\/strong><\/a><\/p>\n<hr \/>\n<p><em><strong>Arancel cursos de posgrado\/doctorado a contar de febrero de 2026<\/strong><strong>:<br \/>\n<\/strong>(no incluye cursos\/seminarios organizados por carreras de Especializaci\u00f3n y Maestr\u00eda)<\/em><\/p>\n<ul>\n<li><em>Cursos de Posgrado : $50000<\/em><\/li>\n<li><em>Cursos de Doctorado: $85000<\/em><\/li>\n<\/ul>\n<ul>\n<li><strong><em>Formulario de solicitud de reducciones de aranceles cursos de posgrado (sujeto a <a href=\"https:\/\/drive.google.com\/file\/d\/0B7UfXNY2zqoDVHhFdTc0bEd3a3lDZXM3NWpSYWVndDk5OEo4\/view?usp=sharing\" target=\"_blank\" rel=\"noopener noreferrer\">Res. HCD 02\/18<\/a>):\u00a0 <a href=\"https:\/\/docs.google.com\/forms\/d\/e\/1FAIpQLScUZcERHljZy4MW9eGUD-xfqpgkoO_qhmH2lIOpooNFgV3DZA\/viewform\">ingresar<\/a><br \/>\n<\/em><\/strong>(<em>El tr\u00e1mite es on-line<\/em>)<\/li>\n<\/ul>\n<hr \/>\n<p><strong>NOTA:<\/strong> Los aranceles diferenciados no aplican a cursos\u00a0 y\/o carreras de Especializaci\u00f3n o Maestr\u00eda<\/p>\n<hr \/>\n<h4>&gt;Pago de aranceles Maestr\u00edas y Especializaciones: consultar en cada carrera<\/h4>\n<p>Formulario solicitud reconocimiento de pagos Maestr\u00eda y Especializaciones: <a href=\"https:\/\/docs.google.com\/forms\/d\/e\/1FAIpQLSdrK43khsLSjoLm_ldobk5OqUA46wCNtWsVbRGC1IBIorncng\/viewform\">ingresar<\/a><\/p>\n<hr \/>\n<h4><strong>&gt;Formas de pago:<\/strong><\/h4>\n<div>\n<ul>\n<li>Sanaviron Quilmes (se ingresa por Sistema Guaran\u00ed): <a href=\"http:\/\/ffyh.unc.edu.ar\/posgrado\/wp-content\/uploads\/sites\/3\/2026\/03\/Instructivo-Pagos-Posgrados-Portal-Pagos-SQ-4-1-1-1-1.pdf\">ver instructivo<\/a><\/li>\n<li>Por consultas y\/o inconvenientes en el pago: enviar correo electr\u00f3nico con los datos personales y de la carrera a <a href=\"mailto:robertomassin@ffyh.unc.edu.ar\">robertomassin@ffyh.unc.edu.ar<\/a><\/li>\n<\/ul>\n<\/div>\n<div>\n<hr \/>\n<h4><strong>&gt;Pedidos de eximici\u00f3n y descuentos:<\/strong><\/h4>\n<p><strong>La aplicaci\u00f3n de reducciones de aranceles (<a href=\"https:\/\/drive.google.com\/file\/d\/0B7UfXNY2zqoDVHhFdTc0bEd3a3lDZXM3NWpSYWVndDk5OEo4\/view?usp=sharing\">Res. HCD 02\/18<\/a>) deber\u00e1 tramitarse on line.<\/strong><\/p>\n<p>Comprobantes solicitados:<\/p>\n<ul>\n<li><em>Para Docentes y No Docentes UNC: adjuntar Resoluci\u00f3n de designaci\u00f3n<\/em><\/li>\n<li><em>Adscriptes FFYH: adjuntar Resoluci\u00f3n de designaci\u00f3n y al finalizar la adscripci\u00f3n, presentar resoluci\u00f3n de aprobaci\u00f3n.<\/em><\/li>\n<li><em>Egresades FFyH: adjuntar copia de t\u00edtulo o constancia de t\u00edtulo en tr\u00e1mite.<\/em><\/li>\n<li><em>Adscriptes UNC: adjuntar Resoluci\u00f3n de designaci\u00f3n y al finalizar la adscripci\u00f3n, presentar resoluci\u00f3n de aprobaci\u00f3n.<\/em><\/li>\n<li><em>Egresade UNC: adjuntar copia de t\u00edtulo o constancia de t\u00edtulo en tr\u00e1mite.<\/em><\/li>\n<li>Becaries: adjuntar resoluci\u00f3n de otorgamiento<\/li>\n<\/ul>\n<\/div>\n<div>\n<hr \/>\n<h4>&gt;Consultas:<\/h4>\n<p>Correo electr\u00f3nico: <a href=\"https:\/\/ffyh.unc.edu.ar\/posgrado\/alumnos-extranjeros\/area-economica-financiera\/robertomassin@ffyh.unc.edu.ar\" target=\"_blank\" rel=\"noopener noreferrer\">robertomassin@ffyh.unc.edu.ar<\/a><br \/>\nTel\u00e9fono: 351-5353610 Int: 50222<\/p>\n<\/div>\n","protected":false},"excerpt":{"rendered":"<p>&gt;Pago de aranceles Carreras de Doctorado y Cursos de Posgrado: Aranceles Doctorado: \u00a0Cuadro de aranceles y eximiciones a contar de<\/p>\n","protected":false},"author":5,"featured_media":0,"parent":0,"menu_order":7,"comment_status":"closed","ping_status":"closed","template":"","meta":{"_acf_changed":false,"saved_in_kubio":false,"colormag_page_container_layout":"default_layout","colormag_page_sidebar_layout":"default_layout","footnotes":""},"class_list":["post-6590","page","type-page","status-publish","hentry"],"acf":[],"kubio_ai_page_context":{"short_desc":"","purpose":"general"},"jetpack_sharing_enabled":true,"_links":{"self":[{"href":"https:\/\/ffyh.unc.edu.ar\/posgrado\/wp-json\/wp\/v2\/pages\/6590","targetHints":{"allow":["GET"]}}],"collection":[{"href":"https:\/\/ffyh.unc.edu.ar\/posgrado\/wp-json\/wp\/v2\/pages"}],"about":[{"href":"https:\/\/ffyh.unc.edu.ar\/posgrado\/wp-json\/wp\/v2\/types\/page"}],"author":[{"embeddable":true,"href":"https:\/\/ffyh.unc.edu.ar\/posgrado\/wp-json\/wp\/v2\/users\/5"}],"replies":[{"embeddable":true,"href":"https:\/\/ffyh.unc.edu.ar\/posgrado\/wp-json\/wp\/v2\/comments?post=6590"}],"version-history":[{"count":63,"href":"https:\/\/ffyh.unc.edu.ar\/posgrado\/wp-json\/wp\/v2\/pages\/6590\/revisions"}],"predecessor-version":[{"id":12838,"href":"https:\/\/ffyh.unc.edu.ar\/posgrado\/wp-json\/wp\/v2\/pages\/6590\/revisions\/12838"}],"wp:attachment":[{"href":"https:\/\/ffyh.unc.edu.ar\/posgrado\/wp-json\/wp\/v2\/media?parent=6590"}],"curies":[{"name":"wp","href":"https:\/\/api.w.org\/{rel}","templated":true}]}}