{"id":67,"date":"2010-11-30T20:02:03","date_gmt":"2010-11-30T20:02:03","guid":{"rendered":"http:\/\/www.ffyh.unc.edu.ar\/posgrado\/"},"modified":"2026-03-27T15:52:15","modified_gmt":"2026-03-27T15:52:15","slug":"especializacion-en-la-didactica-de-la-lengua-y-la-literatura","status":"publish","type":"page","link":"https:\/\/ffyh.unc.edu.ar\/posgrado\/especializaciones\/especializacion-en-la-didactica-de-la-lengua-y-la-literatura\/","title":{"rendered":"Especializaci\u00f3n en Did\u00e1ctica de la Lengua y la Literatura"},"content":{"rendered":"<p><img fetchpriority=\"high\" decoding=\"async\" class=\"alignnone size-full wp-image-7782\" src=\"http:\/\/ffyh.unc.edu.ar\/posgrado\/wp-content\/uploads\/sites\/3\/2021\/03\/placas-psgrado-02-scaled.jpg\" alt=\"\" width=\"2560\" height=\"1380\" srcset=\"https:\/\/ffyh.unc.edu.ar\/posgrado\/wp-content\/uploads\/sites\/3\/2021\/03\/placas-psgrado-02-scaled.jpg 2560w, https:\/\/ffyh.unc.edu.ar\/posgrado\/wp-content\/uploads\/sites\/3\/2021\/03\/placas-psgrado-02-300x162.jpg 300w, https:\/\/ffyh.unc.edu.ar\/posgrado\/wp-content\/uploads\/sites\/3\/2021\/03\/placas-psgrado-02-1024x552.jpg 1024w, https:\/\/ffyh.unc.edu.ar\/posgrado\/wp-content\/uploads\/sites\/3\/2021\/03\/placas-psgrado-02-768x414.jpg 768w, https:\/\/ffyh.unc.edu.ar\/posgrado\/wp-content\/uploads\/sites\/3\/2021\/03\/placas-psgrado-02-1536x828.jpg 1536w, https:\/\/ffyh.unc.edu.ar\/posgrado\/wp-content\/uploads\/sites\/3\/2021\/03\/placas-psgrado-02-2048x1104.jpg 2048w\" sizes=\"(max-width: 2560px) 100vw, 2560px\" \/><\/p>\n<p><b>Acreditaci\u00f3n CONEAU 48\/2023<\/b><\/p>\n<p><b>Resoluci\u00f3n Ministerial <\/b><b>516\/2023<\/b><\/p>\n<hr \/>\n<p>La carrera de Especializaci\u00f3n en Did\u00e1ctica de la Lengua y la Literatura renueva el compromiso de la UNC de contribuir con la formaci\u00f3n especializada en las teor\u00edas y pr\u00e1cticas de intervenci\u00f3n en los dominios de la lengua y la literatura. En esta direcci\u00f3n, se hace eco de una demanda social por la democratizaci\u00f3n de los saberes desde uno de los contextos de producci\u00f3n y distribuci\u00f3n m\u00e1s calificados: la educaci\u00f3n superior.<\/p>\n<p>La Especializaci\u00f3n ofrece la posibilidad de articular los avances en la producci\u00f3n de conocimientos, las conceptualizaciones acerca de la ense\u00f1anza y del aprendizaje de la Lengua y de la Literatura, y la revisi\u00f3n cr\u00edtica de las pr\u00e1cticas educativas, a la luz de los aportes de los especialistas, en un marco de reflexiones compartidas.<\/p>\n<p>Las tem\u00e1ticas ser\u00e1n abordadas teniendo en cuenta dimensiones de an\u00e1lisis que posibiliten la comprensi\u00f3n de los problemas educativos actuales. En este marco, la propuesta curricular contempla la articulaci\u00f3n entre contenidos de las disciplinas espec\u00edficas y de otros campos de conocimiento relacionados con la did\u00e1ctica, antropolog\u00eda, socioling\u00fc\u00edstica y otros.<\/p>\n<hr \/>\n<p><strong>Cronograma de cursada 2026\/2027<\/strong>: <a href=\"https:\/\/docs.google.com\/spreadsheets\/d\/1V7oPki5v_e0TVRO0uK6zDXwZv9FBglAAAXXJkeamoe0\/edit?gid=0#gid=0\">consultar<\/a>.<\/p>\n<p><strong>Cuerpo directivo:<\/strong><\/p>\n<p>Directora: Mgter. Nora Alterman<\/p>\n<p>Co-Directora: Dra. Florencia Ortiz<\/p>\n<p><strong>Comit\u00e9 Acad\u00e9mico: <\/strong><\/p>\n<p>&#8211; Dra. Mar\u00eda Gabriela Boldini<br \/>\n&#8211; Dra. Laura Rafaela Garc\u00eda<br \/>\n&#8211; Mgter. Mar\u00eda Eugenia Danieli<br \/>\n&#8211; Esp. Gustavo Gimenez<br \/>\n&#8211; Dra. Alicia Vaggione<\/p>\n<p><strong>Tutora<\/strong>:<\/p>\n<p>Esp. Mariana S. Mitelman<\/p>\n<hr \/>\n<p><strong>Destinatarios:<\/strong><\/p>\n<p>* Egresados con t\u00edtulo de Profesor o Licenciado de las Carreras de Letras, Ciencias de la Informaci\u00f3n o equivalentes de Universidades del pa\u00eds o del extranjero.<\/p>\n<p>* Egresados con t\u00edtulo de Profesor de Lengua y\/o Literatura de carreras de <strong>cuatro a\u00f1os<\/strong> de duraci\u00f3n de Institutos de Formaci\u00f3n Docente.<\/p>\n<hr \/>\n<p><strong>T\u00edtulo: \u201cEspecialista en Did\u00e1ctica de la Lengua y la Literatura\u201d<\/strong><\/p>\n<p><strong>\u00a0<\/strong><strong>Objetivos:<\/strong><\/p>\n<ul>\n<li>Comprender la inscripci\u00f3n sociocultural de los saberes de la Lengua y la Literatura en cuanto pr\u00e1cticas sociales, diversas y complejas, que inciden en la constituci\u00f3n de identidades socioculturales, la inclusi\u00f3n educativa y la democratizaci\u00f3n de los conocimientos.<\/li>\n<li>Profundizar el estudio de las disciplinas lengua, literatura y su did\u00e1ctica, abordando tem\u00e1ticas y l\u00edneas de investigaci\u00f3n que den cuenta de la producci\u00f3n en el \u00e1rea y los renovados aportes interdisciplinarios.<\/li>\n<li>Analizar los problemas relativos a los procesos de ense\u00f1anza y de aprendizaje de la Lengua y la Literatura tendientes a diversificar enfoques y perspectivas sobre el objeto de ense\u00f1anza, los sujetos intervinientes y las opciones metodol\u00f3gicas.<\/li>\n<li>Promover la formaci\u00f3n de profesionales con definidas capacidades para la intervenci\u00f3n en proyectos pol\u00edticos-pedag\u00f3gicos institucionales y tareas de dise\u00f1o y asesoramiento en el campo educativo.<\/li>\n<\/ul>\n<p>&nbsp;<\/p>\n<p><strong>Perfil del Egresado\/a<\/strong><\/p>\n<p>El proyecto se propone la formaci\u00f3n de profesionales conscientes de la responsabilidad \u00e9tico-profesional en el proceso de transmisi\u00f3n, reconstrucci\u00f3n y producci\u00f3n del conocimiento, capacitados te\u00f3rica y metodol\u00f3gicamente para:<\/p>\n<ul>\n<li>Identificar las posiciones dominantes en el campo de la Did\u00e1ctica de la Lengua y la Literatura, interpretando los debates que se generan por los avances y desarrollos actuales de las disciplinas involucradas.<\/li>\n<li>Analizar cr\u00edticamente propuestas pol\u00edtico-pedag\u00f3gicas y elaborar proyectos y materiales did\u00e1cticos que tiendan a mejorar las estrategias metodol\u00f3gicas y las pr\u00e1cticas de ense\u00f1anza.<\/li>\n<li>Producir dispositivos innovadores para la ense\u00f1anza de la Lengua y la Literatura que aporten elementos para las tareas de planificaci\u00f3n curricular, gesti\u00f3n institucional y producci\u00f3n de material did\u00e1ctico para la ense\u00f1anza.<\/li>\n<\/ul>\n<p><strong>\u00a0<\/strong><\/p>\n<p><strong>Duraci\u00f3n de 2 a\u00f1os:<\/strong>\u00a0un a\u00f1o y medio de cursado y un semestre m\u00e1s para la realizaci\u00f3n y presentaci\u00f3n del Trabajo Final (TF).<\/p>\n<p><strong>Modalidad<\/strong>: Presencial sincr\u00f3nica (clases h\u00edbridas)<\/p>\n<hr \/>\n<p><strong><em>Aranceles a contar de febrero de 2026<\/em><em>:<\/em><\/strong><\/p>\n<ul>\n<li><strong>Matr\u00edcula:<\/strong>$65000<\/li>\n<li><strong>18 cuotas mensuales<\/strong><\/li>\n<li>Valor de la cuota: $65000<\/li>\n<li><strong>Cursos para alumnxs externxs:<\/strong>$75000<\/li>\n<\/ul>\n<hr \/>\n<p>Ver el\u00a0<a href=\"http:\/\/ffyh.unc.edu.ar\/posgrado\/wp-content\/uploads\/sites\/3\/2023\/05\/Reglamento-Esp.-en-Didactica-de-la-Lengua-y-la-Literatura.pdf\">Reglamento<\/a><\/p>\n<p>Ver\u00a0<a href=\"https:\/\/drive.google.com\/file\/d\/1hzFx1qPkRBEA1dtZPxu2tYVSZ7AxXU1r\/view?usp=sharing\">Plan de Estudios<\/a><\/p>\n<hr \/>\n<p>Nueva Cohorte: consultar en \u00a0<a href=\"mailto:esplite@ffyh.unc.edu.ar\">esplite@ffyh.unc.edu.ar<\/a><\/p>\n<hr \/>\n<p><strong>Consultas:<\/strong><\/p>\n<p>Lic. Milagros Flores<\/p>\n<p>Lic. Tal\u00eda Robino<\/p>\n<p>Correo electr\u00f3nico:\u00a0<a href=\"https:\/\/ffyh.unc.edu.ar\/posgrado\/especializaciones\/especializacion-en-la-didactica-de-la-lengua-y-la-literatura\/esplite@ffyh.unc.edu.ar\">esplite@ffyh.unc.edu.ar<\/a><\/p>\n","protected":false},"excerpt":{"rendered":"<p>Acreditaci\u00f3n CONEAU 48\/2023 Resoluci\u00f3n Ministerial 516\/2023 La carrera de Especializaci\u00f3n en Did\u00e1ctica de la Lengua y la Literatura renueva el<\/p>\n","protected":false},"author":4,"featured_media":0,"parent":32,"menu_order":3,"comment_status":"closed","ping_status":"closed","template":"","meta":{"_acf_changed":false,"colormag_page_container_layout":"default_layout","colormag_page_sidebar_layout":"default_layout","footnotes":""},"class_list":["post-67","page","type-page","status-publish","hentry"],"acf":[],"jetpack_sharing_enabled":true,"_links":{"self":[{"href":"https:\/\/ffyh.unc.edu.ar\/posgrado\/wp-json\/wp\/v2\/pages\/67","targetHints":{"allow":["GET"]}}],"collection":[{"href":"https:\/\/ffyh.unc.edu.ar\/posgrado\/wp-json\/wp\/v2\/pages"}],"about":[{"href":"https:\/\/ffyh.unc.edu.ar\/posgrado\/wp-json\/wp\/v2\/types\/page"}],"author":[{"embeddable":true,"href":"https:\/\/ffyh.unc.edu.ar\/posgrado\/wp-json\/wp\/v2\/users\/4"}],"replies":[{"embeddable":true,"href":"https:\/\/ffyh.unc.edu.ar\/posgrado\/wp-json\/wp\/v2\/comments?post=67"}],"version-history":[{"count":62,"href":"https:\/\/ffyh.unc.edu.ar\/posgrado\/wp-json\/wp\/v2\/pages\/67\/revisions"}],"predecessor-version":[{"id":12870,"href":"https:\/\/ffyh.unc.edu.ar\/posgrado\/wp-json\/wp\/v2\/pages\/67\/revisions\/12870"}],"up":[{"embeddable":true,"href":"https:\/\/ffyh.unc.edu.ar\/posgrado\/wp-json\/wp\/v2\/pages\/32"}],"wp:attachment":[{"href":"https:\/\/ffyh.unc.edu.ar\/posgrado\/wp-json\/wp\/v2\/media?parent=67"}],"curies":[{"name":"wp","href":"https:\/\/api.w.org\/{rel}","templated":true}]}}