{"id":6883,"date":"2019-06-27T20:06:52","date_gmt":"2019-06-27T20:06:52","guid":{"rendered":"http:\/\/ffyh.unc.edu.ar\/posgrado\/?page_id=6883"},"modified":"2025-12-26T17:14:02","modified_gmt":"2025-12-26T17:14:02","slug":"comprension-lectora-de-lengua-extranjera","status":"publish","type":"page","link":"https:\/\/ffyh.unc.edu.ar\/posgrado\/comprension-lectora-de-lengua-extranjera\/","title":{"rendered":"Comprensi\u00f3n lectora de lenguas extranjeras"},"content":{"rendered":"<p>Algunas carreras requieren de la comprensi\u00f3n lectora de una o m\u00e1s lenguas extranjeras. Tal es el caso de doctorados (RHCS\u00a0 N\u00ba 1612\/2023), Maestr\u00eda en Pedagog\u00eda (RHCS 776\/2022), Maestr\u00eda en Antropolog\u00eda (RHCS 1701\/2018) y Maestr\u00eda en Did\u00e1ctica de la Lengua y la Literatura (RHCS 1142\/2016).<\/p>\n<hr \/>\n<p style=\"text-align: center\"><strong><em>Los ex\u00e1menes de lectocomprensi\u00f3n nivel posgrado administrados por DIFA ser\u00e1n validados para las carreras mencionadas. Informaci\u00f3n. Acceder a la <a href=\"https:\/\/www.unc.edu.ar\/acad%C3%A9micas\/difa-en-posgrado\">informaci\u00f3n aqu\u00ed<\/a>.<\/em><\/strong><\/p>\n<p style=\"text-align: center\"><em>Revisa el calendario en <a href=\"http:\/\/ffyh.unc.edu.ar\/posgrado\/wp-content\/uploads\/sites\/3\/2025\/12\/DIFA-CALENDARIO-2026_page-0001.jpg\">este enlace<\/a>.<\/em><\/p>\n<hr \/>\n<p>Las caracter\u00edsticas de las pruebas est\u00e1n especificadas en la Res. HCD 288\/19: \u00a0<a href=\"https:\/\/drive.google.com\/file\/d\/0B7UfXNY2zqoDWFQ2aktXVmRkNEdwN3N3RmtXZHJmc2NOVG93\/view?usp=sharing\">consultar<\/a><\/p>\n<div>\n<hr \/>\n<p><strong>&gt;&gt;S\u00f3lo para carreras de Doctorado FFYH:<\/strong><\/p>\n<\/div>\n<div>Art\u00edculo 19\u00b0. Para la obtenci\u00f3n del t\u00edtulo de Doctor ser\u00e1 necesario:<br \/>\na) Que el doctorando acredite la comprensi\u00f3n lectora de dos lenguas extranjeras a trav\u00e9s de algunos de los siguientes medios:<\/div>\n<div>i) Una evaluaci\u00f3n escrita, la que deber\u00e1 ser rendida durante los dos primeros a\u00f1os del cursado de la Carrera. Los idiomas ser\u00e1n indicados por el Comit\u00e9 Acad\u00e9mico, seg\u00fan consta en el art\u00edculo 17\u00b0. Los idiomas admitidos para acreditar comprensi\u00f3n lectora ser\u00e1n ingl\u00e9s, franc\u00e9s, italiano, alem\u00e1n o portugu\u00e9s.<br \/>\nii) Una solicitud de reconocimiento de ex\u00e1menes de lengua extranjera de nivel internacional o que hayan sido evaluados en el marco de otras carreras de posgrado, siempre que dichos ex\u00e1menes no superen los 5 (cinco) a\u00f1os de antig\u00fcedad al momento de su presentaci\u00f3n. Dicha solicitud, con las certificaciones correspondientes, deber\u00e1 hacerse ante el Comit\u00e9 Acad\u00e9mico de la carrera, quien evaluar\u00e1 su pertinencia.<br \/>\niii) Se podr\u00e1 exceptuar de dichas pruebas a quienes posean t\u00edtulo de grado en el idioma correspondiente, expedido por universidad acreditada. Las pruebas de suficiencia de idioma extranjero de nivel de grado no ser\u00e1n consideradas v\u00e1lidas.<\/div>\n","protected":false},"excerpt":{"rendered":"<p>Algunas carreras requieren de la comprensi\u00f3n lectora de una o m\u00e1s lenguas extranjeras. Tal es el caso de doctorados (RHCS\u00a0<\/p>\n","protected":false},"author":5,"featured_media":0,"parent":0,"menu_order":0,"comment_status":"closed","ping_status":"closed","template":"","meta":{"_acf_changed":false,"saved_in_kubio":false,"colormag_page_container_layout":"default_layout","colormag_page_sidebar_layout":"default_layout","footnotes":""},"class_list":["post-6883","page","type-page","status-publish","hentry"],"acf":[],"kubio_ai_page_context":{"short_desc":"","purpose":"general"},"jetpack_sharing_enabled":true,"_links":{"self":[{"href":"https:\/\/ffyh.unc.edu.ar\/posgrado\/wp-json\/wp\/v2\/pages\/6883","targetHints":{"allow":["GET"]}}],"collection":[{"href":"https:\/\/ffyh.unc.edu.ar\/posgrado\/wp-json\/wp\/v2\/pages"}],"about":[{"href":"https:\/\/ffyh.unc.edu.ar\/posgrado\/wp-json\/wp\/v2\/types\/page"}],"author":[{"embeddable":true,"href":"https:\/\/ffyh.unc.edu.ar\/posgrado\/wp-json\/wp\/v2\/users\/5"}],"replies":[{"embeddable":true,"href":"https:\/\/ffyh.unc.edu.ar\/posgrado\/wp-json\/wp\/v2\/comments?post=6883"}],"version-history":[{"count":15,"href":"https:\/\/ffyh.unc.edu.ar\/posgrado\/wp-json\/wp\/v2\/pages\/6883\/revisions"}],"predecessor-version":[{"id":12672,"href":"https:\/\/ffyh.unc.edu.ar\/posgrado\/wp-json\/wp\/v2\/pages\/6883\/revisions\/12672"}],"wp:attachment":[{"href":"https:\/\/ffyh.unc.edu.ar\/posgrado\/wp-json\/wp\/v2\/media?parent=6883"}],"curies":[{"name":"wp","href":"https:\/\/api.w.org\/{rel}","templated":true}]}}