{"id":7646,"date":"2021-02-08T13:26:45","date_gmt":"2021-02-08T13:26:45","guid":{"rendered":"http:\/\/ffyh.unc.edu.ar\/posgrado\/?page_id=7646"},"modified":"2022-08-01T12:36:59","modified_gmt":"2022-08-01T12:36:59","slug":"carreras","status":"publish","type":"page","link":"https:\/\/ffyh.unc.edu.ar\/posgrado\/doctorados\/carreras\/","title":{"rendered":"Carreras"},"content":{"rendered":"<p>&#8211; <a href=\"https:\/\/ffyh.unc.edu.ar\/posgrado\/doctorados\/doctorado-en-ciencias-antropologicas\/\">Doctorado en Ciencias Antropol\u00f3gicas<\/a><br \/>\n&#8211; <a href=\"https:\/\/ffyh.unc.edu.ar\/posgrado\/doctorados\/doctorado-en-ciencias-de-la-educacion\/\">Doctorado en Ciencias de la Educaci\u00f3n<\/a><br \/>\n&#8211; <a href=\"https:\/\/ffyh.unc.edu.ar\/posgrado\/doctorados\/doctorado-en-filosofia\/\">Doctorado en Filosof\u00eda<\/a><br \/>\n&#8211; <a href=\"https:\/\/ffyh.unc.edu.ar\/posgrado\/doctorados\/doctorado-en-historia\/\">Doctorado en Historia<\/a><br \/>\n&#8211; <a href=\"https:\/\/ffyh.unc.edu.ar\/posgrado\/doctorados\/doctorado-en-letras\/\">Doctorado en Letras<\/a><\/p>\n","protected":false},"excerpt":{"rendered":"<p>&#8211; Doctorado en Ciencias Antropol\u00f3gicas &#8211; Doctorado en Ciencias de la Educaci\u00f3n &#8211; Doctorado en Filosof\u00eda &#8211; Doctorado en Historia<\/p>\n","protected":false},"author":5,"featured_media":0,"parent":27,"menu_order":0,"comment_status":"closed","ping_status":"closed","template":"","meta":{"_acf_changed":false,"saved_in_kubio":false,"colormag_page_container_layout":"default_layout","colormag_page_sidebar_layout":"default_layout","footnotes":""},"class_list":["post-7646","page","type-page","status-publish","hentry"],"acf":[],"kubio_ai_page_context":{"short_desc":"","purpose":"general"},"jetpack_sharing_enabled":true,"_links":{"self":[{"href":"https:\/\/ffyh.unc.edu.ar\/posgrado\/wp-json\/wp\/v2\/pages\/7646","targetHints":{"allow":["GET"]}}],"collection":[{"href":"https:\/\/ffyh.unc.edu.ar\/posgrado\/wp-json\/wp\/v2\/pages"}],"about":[{"href":"https:\/\/ffyh.unc.edu.ar\/posgrado\/wp-json\/wp\/v2\/types\/page"}],"author":[{"embeddable":true,"href":"https:\/\/ffyh.unc.edu.ar\/posgrado\/wp-json\/wp\/v2\/users\/5"}],"replies":[{"embeddable":true,"href":"https:\/\/ffyh.unc.edu.ar\/posgrado\/wp-json\/wp\/v2\/comments?post=7646"}],"version-history":[{"count":3,"href":"https:\/\/ffyh.unc.edu.ar\/posgrado\/wp-json\/wp\/v2\/pages\/7646\/revisions"}],"predecessor-version":[{"id":8605,"href":"https:\/\/ffyh.unc.edu.ar\/posgrado\/wp-json\/wp\/v2\/pages\/7646\/revisions\/8605"}],"up":[{"embeddable":true,"href":"https:\/\/ffyh.unc.edu.ar\/posgrado\/wp-json\/wp\/v2\/pages\/27"}],"wp:attachment":[{"href":"https:\/\/ffyh.unc.edu.ar\/posgrado\/wp-json\/wp\/v2\/media?parent=7646"}],"curies":[{"name":"wp","href":"https:\/\/api.w.org\/{rel}","templated":true}]}}